{"id":83,"date":"2021-10-19T08:30:31","date_gmt":"2021-10-19T05:30:31","guid":{"rendered":"https:\/\/netsysacad.ro?page_id=83"},"modified":"2025-07-04T13:28:13","modified_gmt":"2025-07-04T10:28:13","slug":"sectii","status":"publish","type":"page","link":"https:\/\/muzeusm.ro\/hu\/sectii\/","title":{"rendered":"Oszt\u00e1lyok"},"content":{"rendered":"\n<div class=\"wp-block-group alignfull has-text-color has-background\" style=\"color:#000000;background-color:#ffffff\"><div class=\"wp-block-group__inner-container is-layout-flow wp-block-group-is-layout-flow\">\n<div class=\"wp-block-columns alignwide is-layout-flex wp-container-core-columns-is-layout-28f84493 wp-block-columns-is-layout-flex\">\n<div class=\"wp-block-column is-layout-flow wp-block-column-is-layout-flow\"><div class=\"wp-block-image margin-bottom-half is-style-default\">\n<figure class=\"aligncenter size-large has-lightbox\"><a href=\"https:\/\/muzeusm.ro\/directiune\/\"><img loading=\"lazy\" decoding=\"async\" width=\"317\" height=\"224\" data-attachment-id=\"761\" data-permalink=\"https:\/\/muzeusm.ro\/hu\/sectii\/desen-muzeu-01-1\/\" data-orig-file=\"https:\/\/muzeusm.ro\/wp-content\/uploads\/2023\/03\/desen-muzeu-01-1.png\" data-orig-size=\"317,224\" data-comments-opened=\"1\" data-image-meta=\"{&quot;aperture&quot;:&quot;0&quot;,&quot;credit&quot;:&quot;&quot;,&quot;camera&quot;:&quot;&quot;,&quot;caption&quot;:&quot;&quot;,&quot;created_timestamp&quot;:&quot;0&quot;,&quot;copyright&quot;:&quot;&quot;,&quot;focal_length&quot;:&quot;0&quot;,&quot;iso&quot;:&quot;0&quot;,&quot;shutter_speed&quot;:&quot;0&quot;,&quot;title&quot;:&quot;&quot;,&quot;orientation&quot;:&quot;0&quot;}\" data-image-title=\"desen-muzeu-01-1\" data-image-description=\"\" data-image-caption=\"\" data-medium-file=\"https:\/\/muzeusm.ro\/wp-content\/uploads\/2023\/03\/desen-muzeu-01-1.png\" data-large-file=\"https:\/\/muzeusm.ro\/wp-content\/uploads\/2023\/03\/desen-muzeu-01-1.png\" src=\"https:\/\/muzeusm.ro\/wp-content\/uploads\/2023\/03\/desen-muzeu-01-1.png?w=317\" alt=\"\" class=\"wp-image-761\"\/><\/a><\/figure>\n<\/div>\n\n\n<p class=\"has-text-align-center margin-top-half\">Igazgat\u00f3s\u00e1g<\/p>\n<\/div>\n\n\n\n<div class=\"wp-block-column is-layout-flow wp-block-column-is-layout-flow\"><div class=\"wp-block-image margin-bottom-half is-style-default\">\n<figure class=\"aligncenter size-large is-resized has-lightbox\"><a href=\"https:\/\/muzeusm.ro\/cercetare-arheologie\/\"><img loading=\"lazy\" decoding=\"async\" width=\"1024\" height=\"682\" data-attachment-id=\"15460\" data-permalink=\"https:\/\/muzeusm.ro\/hu\/sectii\/whatsapp-image-2024-10-22-at-09-21-24-1\/\" data-orig-file=\"https:\/\/muzeusm.ro\/wp-content\/uploads\/2024\/10\/WhatsApp-Image-2024-10-22-at-09.21.24-1.jpeg\" data-orig-size=\"1600,1066\" data-comments-opened=\"1\" data-image-meta=\"{&quot;aperture&quot;:&quot;0&quot;,&quot;credit&quot;:&quot;&quot;,&quot;camera&quot;:&quot;&quot;,&quot;caption&quot;:&quot;&quot;,&quot;created_timestamp&quot;:&quot;0&quot;,&quot;copyright&quot;:&quot;&quot;,&quot;focal_length&quot;:&quot;0&quot;,&quot;iso&quot;:&quot;0&quot;,&quot;shutter_speed&quot;:&quot;0&quot;,&quot;title&quot;:&quot;&quot;,&quot;orientation&quot;:&quot;0&quot;}\" data-image-title=\"WhatsApp Image 2024-10-22 at 09.21.24 (1)\" data-image-description=\"\" data-image-caption=\"\" data-medium-file=\"https:\/\/muzeusm.ro\/wp-content\/uploads\/2024\/10\/WhatsApp-Image-2024-10-22-at-09.21.24-1-300x200.jpeg\" data-large-file=\"https:\/\/muzeusm.ro\/wp-content\/uploads\/2024\/10\/WhatsApp-Image-2024-10-22-at-09.21.24-1-1024x682.jpeg\" src=\"https:\/\/muzeusm.ro\/wp-content\/uploads\/2024\/10\/WhatsApp-Image-2024-10-22-at-09.21.24-1-1024x682.jpeg\" alt=\"\" class=\"wp-image-15460\" style=\"width:337px;height:224px\" srcset=\"https:\/\/muzeusm.ro\/wp-content\/uploads\/2024\/10\/WhatsApp-Image-2024-10-22-at-09.21.24-1-1024x682.jpeg 1024w, https:\/\/muzeusm.ro\/wp-content\/uploads\/2024\/10\/WhatsApp-Image-2024-10-22-at-09.21.24-1-300x200.jpeg 300w, https:\/\/muzeusm.ro\/wp-content\/uploads\/2024\/10\/WhatsApp-Image-2024-10-22-at-09.21.24-1-768x512.jpeg 768w, https:\/\/muzeusm.ro\/wp-content\/uploads\/2024\/10\/WhatsApp-Image-2024-10-22-at-09.21.24-1-1536x1023.jpeg 1536w, https:\/\/muzeusm.ro\/wp-content\/uploads\/2024\/10\/WhatsApp-Image-2024-10-22-at-09.21.24-1-1568x1045.jpeg 1568w, https:\/\/muzeusm.ro\/wp-content\/uploads\/2024\/10\/WhatsApp-Image-2024-10-22-at-09.21.24-1.jpeg 1600w\" sizes=\"auto, (max-width: 1024px) 100vw, 1024px\" \/><\/a><\/figure>\n<\/div>\n\n\n<p class=\"has-text-align-center margin-top-half\">Kultur\u00e1lis \u00f6r\u00f6ks\u00e9g kutat\u00e1sa oszt\u00e1ly<\/p>\n<\/div>\n\n\n\n<div class=\"wp-block-column is-layout-flow wp-block-column-is-layout-flow\"><div class=\"wp-block-image margin-bottom-half is-style-default\">\n<figure class=\"aligncenter size-medium is-resized has-lightbox\"><a href=\"https:\/\/muzeusm.ro\/sectii\/serviciul-financiar-contabil\/\"><img loading=\"lazy\" decoding=\"async\" width=\"300\" height=\"297\" data-attachment-id=\"13878\" data-permalink=\"https:\/\/muzeusm.ro\/hu\/sectii\/33251mo\/\" data-orig-file=\"https:\/\/muzeusm.ro\/wp-content\/uploads\/2024\/04\/33251Mo-scaled.jpg\" data-orig-size=\"2560,2530\" data-comments-opened=\"1\" data-image-meta=\"{&quot;aperture&quot;:&quot;3&quot;,&quot;credit&quot;:&quot;&quot;,&quot;camera&quot;:&quot;COOLPIX B500&quot;,&quot;caption&quot;:&quot;&quot;,&quot;created_timestamp&quot;:&quot;1589802028&quot;,&quot;copyright&quot;:&quot;&quot;,&quot;focal_length&quot;:&quot;4&quot;,&quot;iso&quot;:&quot;400&quot;,&quot;shutter_speed&quot;:&quot;0.125&quot;,&quot;title&quot;:&quot;&quot;,&quot;orientation&quot;:&quot;0&quot;}\" data-image-title=\"33251Mo\" data-image-description=\"\" data-image-caption=\"\" data-medium-file=\"https:\/\/muzeusm.ro\/wp-content\/uploads\/2024\/04\/33251Mo-300x297.jpg\" data-large-file=\"https:\/\/muzeusm.ro\/wp-content\/uploads\/2024\/04\/33251Mo-1024x1012.jpg\" src=\"https:\/\/muzeusm.ro\/wp-content\/uploads\/2024\/04\/33251Mo-300x297.jpg\" alt=\"\" class=\"wp-image-13878\" style=\"width:227px;height:auto\" srcset=\"https:\/\/muzeusm.ro\/wp-content\/uploads\/2024\/04\/33251Mo-300x297.jpg 300w, https:\/\/muzeusm.ro\/wp-content\/uploads\/2024\/04\/33251Mo-1024x1012.jpg 1024w, https:\/\/muzeusm.ro\/wp-content\/uploads\/2024\/04\/33251Mo-150x150.jpg 150w, https:\/\/muzeusm.ro\/wp-content\/uploads\/2024\/04\/33251Mo-768x759.jpg 768w, https:\/\/muzeusm.ro\/wp-content\/uploads\/2024\/04\/33251Mo-1536x1518.jpg 1536w, https:\/\/muzeusm.ro\/wp-content\/uploads\/2024\/04\/33251Mo-2048x2024.jpg 2048w, https:\/\/muzeusm.ro\/wp-content\/uploads\/2024\/04\/33251Mo-1568x1550.jpg 1568w\" sizes=\"auto, (max-width: 300px) 100vw, 300px\" \/><\/a><\/figure>\n<\/div>\n\n\n<p class=\"has-text-align-center margin-top-half\">P\u00e9nz\u00fcgy \u00e9s k\u00f6nyvel\u0151s\u00e9g<\/p>\n<\/div>\n<\/div>\n\n\n\n<div class=\"wp-block-group alignfull has-text-color has-background\" style=\"color:#000000;background-color:#ffffff\"><div class=\"wp-block-group__inner-container is-layout-flow wp-block-group-is-layout-flow\">\n<div class=\"wp-block-columns alignwide is-layout-flex wp-container-core-columns-is-layout-28f84493 wp-block-columns-is-layout-flex\">\n<div class=\"wp-block-column is-layout-flow wp-block-column-is-layout-flow\">\n<figure class=\"wp-block-image size-large margin-bottom-half is-style-default has-lightbox\"><a href=\"https:\/\/muzeusm.ro\/etnografie\/\"><img loading=\"lazy\" decoding=\"async\" width=\"1600\" height=\"1066\" data-attachment-id=\"53\" data-permalink=\"https:\/\/muzeusm.ro\/hu\/?attachment_id=53\" data-orig-file=\"https:\/\/muzeusm.ro\/wp-content\/uploads\/2021\/10\/whatsapp-image-2021-07-07-at-11.45.04.jpeg\" data-orig-size=\"1600,1066\" data-comments-opened=\"1\" data-image-meta=\"{&quot;aperture&quot;:&quot;0&quot;,&quot;credit&quot;:&quot;&quot;,&quot;camera&quot;:&quot;&quot;,&quot;caption&quot;:&quot;&quot;,&quot;created_timestamp&quot;:&quot;0&quot;,&quot;copyright&quot;:&quot;&quot;,&quot;focal_length&quot;:&quot;0&quot;,&quot;iso&quot;:&quot;0&quot;,&quot;shutter_speed&quot;:&quot;0&quot;,&quot;title&quot;:&quot;&quot;,&quot;orientation&quot;:&quot;0&quot;}\" data-image-title=\"WhatsApp Image 2021-07-07 at 11.45.04\" data-image-description=\"\" data-image-caption=\"\" data-medium-file=\"https:\/\/muzeusm.ro\/wp-content\/uploads\/2021\/10\/whatsapp-image-2021-07-07-at-11.45.04.jpeg\" data-large-file=\"https:\/\/muzeusm.ro\/wp-content\/uploads\/2021\/10\/whatsapp-image-2021-07-07-at-11.45.04.jpeg\" src=\"https:\/\/muzeusm.ro\/wp-content\/uploads\/2021\/10\/whatsapp-image-2021-07-07-at-11.45.04.jpeg?w=750\" alt=\"\" class=\"wp-image-53\"\/><\/a><\/figure>\n\n\n\n<p class=\"has-text-align-center margin-top-half\">A kultur\u00e1lis \u00f6r\u00f6ks\u00e9g nyilv\u00e1ntart\u00e1sa, konzerv\u00e1l\u00e1sa \u00e9s restaur\u00e1l\u00e1sa oszt\u00e1ly<\/p>\n<\/div>\n\n\n\n<div class=\"wp-block-column is-layout-flow wp-block-column-is-layout-flow\">\n<figure class=\"wp-block-image size-full is-resized margin-bottom-half is-style-default has-lightbox\"><a href=\"https:\/\/muzeusm.ro\/hu\/sectii\/serviciul-muzee-carei-tasnad\/\"><img loading=\"lazy\" decoding=\"async\" width=\"2560\" height=\"1735\" data-attachment-id=\"15463\" data-permalink=\"https:\/\/muzeusm.ro\/hu\/sectii\/castel-iarna\/\" data-orig-file=\"https:\/\/muzeusm.ro\/wp-content\/uploads\/2024\/10\/castel-iarna-scaled.jpg\" data-orig-size=\"2560,1735\" data-comments-opened=\"1\" data-image-meta=\"{&quot;aperture&quot;:&quot;9&quot;,&quot;credit&quot;:&quot;&quot;,&quot;camera&quot;:&quot;NIKON D610&quot;,&quot;caption&quot;:&quot;&quot;,&quot;created_timestamp&quot;:&quot;1548417100&quot;,&quot;copyright&quot;:&quot;&quot;,&quot;focal_length&quot;:&quot;24&quot;,&quot;iso&quot;:&quot;100&quot;,&quot;shutter_speed&quot;:&quot;0.00625&quot;,&quot;title&quot;:&quot;&quot;,&quot;orientation&quot;:&quot;1&quot;}\" data-image-title=\"castel iarna\" data-image-description=\"\" data-image-caption=\"\" data-medium-file=\"https:\/\/muzeusm.ro\/wp-content\/uploads\/2024\/10\/castel-iarna-300x203.jpg\" data-large-file=\"https:\/\/muzeusm.ro\/wp-content\/uploads\/2024\/10\/castel-iarna-1024x694.jpg\" src=\"https:\/\/muzeusm.ro\/wp-content\/uploads\/2024\/10\/castel-iarna-scaled.jpg\" alt=\"\" class=\"wp-image-15463\" style=\"width:325px;height:216px\" srcset=\"https:\/\/muzeusm.ro\/wp-content\/uploads\/2024\/10\/castel-iarna-scaled.jpg 2560w, https:\/\/muzeusm.ro\/wp-content\/uploads\/2024\/10\/castel-iarna-300x203.jpg 300w, https:\/\/muzeusm.ro\/wp-content\/uploads\/2024\/10\/castel-iarna-1024x694.jpg 1024w, https:\/\/muzeusm.ro\/wp-content\/uploads\/2024\/10\/castel-iarna-768x521.jpg 768w, https:\/\/muzeusm.ro\/wp-content\/uploads\/2024\/10\/castel-iarna-1536x1041.jpg 1536w, https:\/\/muzeusm.ro\/wp-content\/uploads\/2024\/10\/castel-iarna-2048x1388.jpg 2048w, https:\/\/muzeusm.ro\/wp-content\/uploads\/2024\/10\/castel-iarna-1568x1063.jpg 1568w\" sizes=\"auto, (max-width: 2560px) 100vw, 2560px\" \/><\/a><\/figure>\n\n\n\n<p class=\"has-text-align-center margin-top-half\">Nagyk\u00e1roly-Tasn\u00e1d M\u00fazeumok<\/p>\n<\/div>\n\n\n\n<div class=\"wp-block-column is-layout-flow wp-block-column-is-layout-flow\">\n<figure class=\"wp-block-image size-large is-resized margin-bottom-half is-style-default has-lightbox\"><a href=\"https:\/\/muzeusm.ro\/istorie\/\"><img loading=\"lazy\" decoding=\"async\" width=\"1880\" height=\"1216\" data-attachment-id=\"135\" data-permalink=\"https:\/\/muzeusm.ro\/hu\/sectii\/pexels-photo-1172018\/\" data-orig-file=\"https:\/\/muzeusm.ro\/wp-content\/uploads\/2021\/10\/pexels-photo-1172018.jpeg\" data-orig-size=\"1880,1216\" data-comments-opened=\"1\" data-image-meta=\"{&quot;aperture&quot;:&quot;0&quot;,&quot;credit&quot;:&quot;&quot;,&quot;camera&quot;:&quot;&quot;,&quot;caption&quot;:&quot;&quot;,&quot;created_timestamp&quot;:&quot;0&quot;,&quot;copyright&quot;:&quot;&quot;,&quot;focal_length&quot;:&quot;0&quot;,&quot;iso&quot;:&quot;0&quot;,&quot;shutter_speed&quot;:&quot;0&quot;,&quot;title&quot;:&quot;&quot;,&quot;orientation&quot;:&quot;0&quot;}\" data-image-title=\"pexels-photo-1172018.jpeg\" data-image-description=\"\" data-image-caption=\"&lt;p&gt;Fotografie de Suzy Hazelwood pe &lt;a href=&quot;https:\/\/www.pexels.com\/ro-ro\/fotografie\/literatura-vintage-poezie-carte-deschisa-1172018\/&quot; rel=&quot;nofollow&quot;&gt;Pexels.com&lt;\/a&gt;&lt;\/p&gt;\n\" data-medium-file=\"https:\/\/muzeusm.ro\/wp-content\/uploads\/2021\/10\/pexels-photo-1172018.jpeg\" data-large-file=\"https:\/\/muzeusm.ro\/wp-content\/uploads\/2021\/10\/pexels-photo-1172018.jpeg\" src=\"https:\/\/muzeusm.ro\/wp-content\/uploads\/2021\/10\/pexels-photo-1172018.jpeg?w=1024\" alt=\"\" class=\"wp-image-135\" style=\"width:332px;height:215px\"\/><\/a><\/figure>\n\n\n\n<p class=\"has-text-align-center margin-top-half\">A kultur\u00e1lis \u00f6r\u00f6ks\u00e9g n\u00e9pszer\u0171s\u00edt\u00e9se \u00e9s m\u00fazeumpedag\u00f3gia oszt\u00e1ly<\/p>\n<\/div>\n<\/div>\n<\/div><\/div>\n<\/div><\/div>\n\n\n\n<div class=\"wp-block-group alignfull has-background\" style=\"background-color:#91918dc4\"><div class=\"wp-block-group__inner-container is-layout-constrained wp-block-group-is-layout-constrained\">\n<div class=\"wp-block-columns alignwide is-layout-flex wp-container-core-columns-is-layout-28f84493 wp-block-columns-is-layout-flex\">\n<div class=\"wp-block-column is-vertically-aligned-top is-layout-flow wp-block-column-is-layout-flow\">\n<h4 class=\"wp-block-heading\">Szatm\u00e1r Megyei M\u00fazeum<\/h4>\n\n\n\n<p class=\"has-text-align-left\"><a href=\"https:\/\/www.facebook.com\/Muzeul-Judetean-Satu-Mare-1050838434978303\">Facebook<\/a><\/p>\n\n\n\n<p><a href=\"https:\/\/www.instagram.com\/mjsatumare\/\">Instagram<\/a><\/p>\n<\/div>\n\n\n\n<div class=\"wp-block-column is-vertically-aligned-top is-layout-flow wp-block-column-is-layout-flow\">\n<h4 class=\"wp-block-heading\">El\u00e9rhet\u0151s\u00e9g<\/h4>\n\n\n\n<ul class=\"wp-block-list\">\n<li>muzeusm@gmail.com<\/li>\n\n\n\n<li><strong>0261735116<\/strong><\/li>\n\n\n\n<li>Csoportos l\u00e1togat\u00e1sok \u00e9s t\u00e1rlatvezet\u00e9sek: +40735513342<\/li>\n<\/ul>\n<\/div>\n\n\n\n<div class=\"wp-block-column is-vertically-aligned-top is-layout-flow wp-block-column-is-layout-flow\">\n<h4 class=\"wp-block-heading\">C\u00edm<\/h4>\n\n\n\n<p>Vasile Lucaciu sug\u00e1r\u00fat, 21 sz\u00e1m  <br>Szatm\u00e1rn\u00e9meti<br>Rom\u00e1nia<\/p>\n<\/div>\n<\/div>\n<\/div><\/div>\n","protected":false},"excerpt":{"rendered":"<p>Igazgat\u00f3s\u00e1g Kultur\u00e1lis \u00f6r\u00f6ks\u00e9g kutat\u00e1sa oszt\u00e1ly P\u00e9nz\u00fcgy \u00e9s k\u00f6nyvel\u0151s\u00e9g A kultur\u00e1lis \u00f6r\u00f6ks\u00e9g nyilv\u00e1ntart\u00e1sa, konzerv\u00e1l\u00e1sa \u00e9s restaur\u00e1l\u00e1sa oszt\u00e1ly Nagyk\u00e1roly-Tasn\u00e1d M\u00fazeumok A kultur\u00e1lis \u00f6r\u00f6ks\u00e9g n\u00e9pszer\u0171s\u00edt\u00e9se \u00e9s m\u00fazeumpedag\u00f3gia oszt\u00e1ly Szatm\u00e1r Megyei M\u00fazeum Facebook Instagram El\u00e9rhet\u0151s\u00e9g C\u00edm Vasile Lucaciu sug\u00e1r\u00fat, 21 sz\u00e1m Szatm\u00e1rn\u00e9metiRom\u00e1nia<\/p>\n","protected":false},"author":183061330,"featured_media":0,"parent":0,"menu_order":0,"comment_status":"closed","ping_status":"closed","template":"","meta":{"_coblocks_attr":"","_coblocks_dimensions":"","_coblocks_responsive_height":"","_coblocks_accordion_ie_support":"","advanced_seo_description":"","jetpack_seo_html_title":"","jetpack_seo_noindex":false,"jetpack_post_was_ever_published":false,"footnotes":""},"class_list":["post-83","page","type-page","status-publish","hentry","entry"],"translation":{"provider":"WPGlobus","version":"3.0.1","language":"hu","enabled_languages":["ro","hu","en"],"languages":{"ro":{"title":true,"content":true,"excerpt":false},"hu":{"title":true,"content":true,"excerpt":false},"en":{"title":false,"content":false,"excerpt":false}}},"jetpack_likes_enabled":true,"jetpack-related-posts":[{"id":100,"url":"https:\/\/muzeusm.ro\/hu\/directiune\/","url_meta":{"origin":83,"position":0},"title":"Igazgat\u00f3s\u00e1g","author":"andreeaionetecu","date":"19 October 2021","format":false,"excerpt":"{:ro} Manager - dr. Liviu Marta Director gr.II - dr. Sz\u0151cs P\u00e9ter Levente Muzeul Jude\u021bean Satu Mare Facebook Instagram Contact muzeusm@gmail.com +40261737526 Adresa Vasile Lucaciu, 21 Satu MareRomania {:}{:hu} MENEDZSER \u2013 DR. LIVIU MARTA IGAZGAT\u00d3, II. \u2013 DR. SZ\u0150CS P\u00c9TER LEVENTE {:}","rel":"","context":"Similar post","block_context":{"text":"Similar post","link":""},"img":{"alt_text":"","src":"","width":0,"height":0},"classes":[]},{"id":14046,"url":"https:\/\/muzeusm.ro\/hu\/sectii\/serviciul-financiar-contabil\/","url_meta":{"origin":83,"position":1},"title":"P\u00e9nz\u00fcgy \u00e9s k\u00f6nyvel\u0151s\u00e9g","author":"norbertlorincz","date":"7 June 2024","format":false,"excerpt":"{:ro} Deruleaz\u0103 activit\u0103\u021bile func\u021bionale ale Muzeului Jude\u021bean se realizeaz\u0103 prin patru compartimente: contabilitate, salarizare-personal, achizi\u021bii publice \u0219i administrativ-paz\u0103. Angaja\u021bii serviciului:POP DANIELA FLORENTINA CONTABIL SEF II FAGE CRINA DIANA ECONOMIST\u00a0\u00a0 IA VANCEA CARMEN REFERENT DE SPECIALITATE\u00a0 I NISTOR DENISA BIANCA - FUNCTIONAR P\u0102\u0218TEAN DORINA ANA INSPECTOR DE SPECIALITATE I LASZLO SILVIA\u2026","rel":"","context":"Similar post","block_context":{"text":"Similar post","link":""},"img":{"alt_text":"","src":"","width":0,"height":0},"classes":[]},{"id":14050,"url":"https:\/\/muzeusm.ro\/hu\/sectii\/serviciul-muzee-carei-tasnad\/","url_meta":{"origin":83,"position":2},"title":"Nagyk\u00e1roly-Tasn\u00e1d M\u00fazeumok","author":"norbertlorincz","date":"7 June 2024","format":false,"excerpt":"{:ro} Atribu\u021biile \u0219i responsabilit\u0103\u021bile vizeaz\u0103 coordonarea activit\u0103\u021bii de la unit\u0103\u021bile muzeale: Muzeul Municipal Carei, Muzeul Or\u0103\u0219enesc T\u0103\u0219nad, Complexul Memorial Ady Endre, Muzeul Maghiar Sipos Laszlo Bogdand, Muzeul \u0218v\u0103besc Petre\u0219ti, Casa \u021a\u0103r\u0103neasc\u0103 de la Andrid. Angaja\u021bii serviciului:GINDELE SIMONA CARMEN MUZEOGRAF\u00a0\u00a0 IAILIES AURELIAN GESTIONAR CUSTODE IAIOJA ERICA VALENTINA CURATOR SIICSAT\u00c1RI ISTV\u00c1N GERG\u0150\u2026","rel":"","context":"Similar post","block_context":{"text":"Similar post","link":""},"img":{"alt_text":"","src":"","width":0,"height":0},"classes":[]},{"id":103,"url":"https:\/\/muzeusm.ro\/hu\/cercetare-arheologie\/","url_meta":{"origin":83,"position":3},"title":"Kultur\u00e1lis \u00f6r\u00f6ks\u00e9g kutat\u00e1sa oszt\u00e1ly","author":"Kov\u00e1cs Zsolt","date":"19 October 2021","format":false,"excerpt":"{:ro} Are atribu\u021bii de cercetare \u0219i coordonare a colec\u021biilor de Arheologie, \u0218tiin\u021bele Naturii, Istorie \u0219i Numismatic\u0103. Gestioneaz\u0103 derularea \u0219antierelor arheologice, \u00eentocmirea documenta\u021biei referitoare la arheologia de salvare \u0219i asigur\u0103 func\u021bionarea optim\u0103 a Arhivei \u0218tiin\u021bifice.Angaja\u021bii serviciului:Dr. GINDELE R\u00d3BERT SEF SERVICIU IIDr. VIR\u00c1G CRISTIAN CERCETATOR STIINTIFIC\u00a0\u00a0 III ASTALOS CIPRIAN TEODOR CERCETATOR STIINTIFIC\u00a0\u00a0\u2026","rel":"","context":"Similar post","block_context":{"text":"Similar post","link":""},"img":{"alt_text":"","src":"","width":0,"height":0},"classes":[]},{"id":105,"url":"https:\/\/muzeusm.ro\/hu\/etnografie\/","url_meta":{"origin":83,"position":4},"title":"A kultur\u00e1lis \u00f6r\u00f6ks\u00e9g nyilv\u00e1ntart\u00e1sa, konzerv\u00e1l\u00e1sa \u00e9s restaur\u00e1l\u00e1sa oszt\u00e1ly","author":"andreeaionetecu","date":"19 October 2021","format":false,"excerpt":"{:ro} Coordoneaz\u0103 activit\u0103\u021bile compartimentului Conservare -restaurare \u0219i a compartimentului de Etnografie. Gestioneaz\u0103 patrimoniul Colec\u021biei de etnografie, a Muzeului Memorial dr. Vasile Lucaciu-Apa, a Bisericii de lemn-dr. Vasile Lucaciu-Apa, a Casei \u021a\u0103r\u0103ne\u0219ti C\u0103line\u0219ti Oa\u0219, a Casei \u021a\u0103r\u0103ne\u0219ti Certeze, a Muzeului local Ora\u0219u Nou, a Muzeului local C\u0103m\u0103rzana, a Muzeului local Tur\u021b,\u2026","rel":"","context":"Similar post","block_context":{"text":"Similar post","link":""},"img":{"alt_text":"","src":"","width":0,"height":0},"classes":[]},{"id":102,"url":"https:\/\/muzeusm.ro\/hu\/istorie\/","url_meta":{"origin":83,"position":5},"title":"A kultur\u00e1lis \u00f6r\u00f6ks\u00e9g n\u00e9pszer\u0171s\u00edt\u00e9se \u00e9s m\u00fazeumpedag\u00f3gia oszt\u00e1ly","author":"andreeaionetecu","date":"19 October 2021","format":false,"excerpt":"{:ro} Atribu\u021biile \u0219i responsabilit\u0103\u021bile principale sunt legate de coordonarea activit\u0103\u021bilor ce implic\u0103 patrimoniul Colec\u021biei de Art\u0103, a activit\u0103\u021bilor de la Muzeul de Art\u0103, Atelierul Memorial Aurel Popp Satu Mare, Atelierul Memorial Paul Erd\u0151s Satu Mare, Biblioteca de specialitate, Muzeul \u00een aer liber M\u0103riu\u0219, Casa \u021a\u0103r\u0103neasc\u0103 Chilia, Muzeul Ugocea - Oa\u0219\u2026","rel":"","context":"Similar post","block_context":{"text":"Similar post","link":""},"img":{"alt_text":"","src":"","width":0,"height":0},"classes":[]}],"jetpack_sharing_enabled":true,"jetpack_shortlink":"https:\/\/wp.me\/PfvnyQ-1l","_links":{"self":[{"href":"https:\/\/muzeusm.ro\/hu\/wp-json\/wp\/v2\/pages\/83","targetHints":{"allow":["GET"]}}],"collection":[{"href":"https:\/\/muzeusm.ro\/hu\/wp-json\/wp\/v2\/pages"}],"about":[{"href":"https:\/\/muzeusm.ro\/hu\/wp-json\/wp\/v2\/types\/page"}],"author":[{"embeddable":true,"href":"https:\/\/muzeusm.ro\/hu\/wp-json\/wp\/v2\/users\/183061330"}],"replies":[{"embeddable":true,"href":"https:\/\/muzeusm.ro\/hu\/wp-json\/wp\/v2\/comments?post=83"}],"version-history":[{"count":23,"href":"https:\/\/muzeusm.ro\/hu\/wp-json\/wp\/v2\/pages\/83\/revisions"}],"predecessor-version":[{"id":16865,"href":"https:\/\/muzeusm.ro\/hu\/wp-json\/wp\/v2\/pages\/83\/revisions\/16865"}],"wp:attachment":[{"href":"https:\/\/muzeusm.ro\/hu\/wp-json\/wp\/v2\/media?parent=83"}],"curies":[{"name":"wp","href":"https:\/\/api.w.org\/{rel}","templated":true}]}}