{"id":548,"date":"2022-05-25T11:55:54","date_gmt":"2022-05-25T08:55:54","guid":{"rendered":"https:\/\/netsysacad.ro?page_id=548"},"modified":"2026-04-22T10:40:35","modified_gmt":"2026-04-22T07:40:35","slug":"publicatii","status":"publish","type":"page","link":"https:\/\/muzeusm.ro\/hu\/publicatii\/","title":{"rendered":"A M\u00daZEUM KIADV\u00c1NYAI"},"content":{"rendered":"\n<div class=\"wp-block-buttons is-layout-flex wp-block-buttons-is-layout-flex\">\n<div class=\"wp-block-button has-custom-width wp-block-button__width-100\"><a class=\"wp-block-button__link wp-element-button\" href=\"https:\/\/muzeusm.ro\/editura\/\">Kiadv\u00e1nyaink list\u00e1ja<\/a><\/div>\n<\/div>\n\n\n\n<div class=\"wp-block-buttons is-layout-flex wp-block-buttons-is-layout-flex\"><\/div>\n\n\n\n<div class=\"wp-block-group alignfull has-tertiary-background-color has-background has-small-font-size\"><div class=\"wp-block-group__inner-container is-layout-constrained wp-block-group-is-layout-constrained\">\n<div class=\"wp-block-columns is-layout-flex wp-container-core-columns-is-layout-28f84493 wp-block-columns-is-layout-flex\">\n<div class=\"wp-block-column is-layout-flow wp-block-column-is-layout-flow\">\n<h5 class=\"wp-block-heading has-secondary-color has-text-color has-normal-font-size\">Muzeul Jude\u021bean Satu Mare<\/h5>\n\n\n\n<p class=\"has-text-align-left has-black-color has-text-color\"><a style=\"color: #000000;\" href=\"https:\/\/www.facebook.com\/Muzeul-Judetean-Satu-Mare-1050838434978303\">Facebook<\/a><\/p>\n\n\n\n<p><a style=\"color: #000000;\" href=\"https:\/\/www.instagram.com\/mjsatumare\/\">Instagram<\/a><\/p>\n<\/div>\n\n\n\n<div class=\"wp-block-column is-layout-flow wp-block-column-is-layout-flow\">\n<h4 class=\"wp-block-heading has-text-align-left has-secondary-color has-text-color has-normal-font-size\">Contact<\/h4>\n\n\n\n<ul>\n<li>muzeusm@gmail.com<\/li>\n<li>0261735116<\/li>\n<\/ul>\n<\/div>\n\n\n\n<div class=\"wp-block-column is-layout-flow wp-block-column-is-layout-flow\">\n<h4 class=\"wp-block-heading has-secondary-color has-text-color has-normal-font-size\">Adresa<\/h4>\n\n\n\n<p class=\"has-black-color has-text-color\">Vasile Lucaciu, 21 <br>Satu Mare<br>Romania<\/p>\n<\/div>\n<\/div>\n<\/div><\/div>\n","protected":false},"excerpt":{"rendered":"<p>Muzeul Jude\u021bean Satu Mare Facebook Instagram Contact muzeusm@gmail.com 0261735116 Adresa Vasile Lucaciu, 21 Satu MareRomania<\/p>\n","protected":false},"author":183061330,"featured_media":0,"parent":0,"menu_order":0,"comment_status":"closed","ping_status":"closed","template":"","meta":{"_coblocks_attr":"","_coblocks_dimensions":"","_coblocks_responsive_height":"","_coblocks_accordion_ie_support":"","advanced_seo_description":"","jetpack_seo_html_title":"","jetpack_seo_noindex":false,"jetpack_post_was_ever_published":false,"footnotes":""},"class_list":["post-548","page","type-page","status-publish","hentry","entry"],"translation":{"provider":"WPGlobus","version":"3.0.1","language":"hu","enabled_languages":["ro","hu","en"],"languages":{"ro":{"title":true,"content":true,"excerpt":false},"hu":{"title":true,"content":true,"excerpt":false},"en":{"title":false,"content":false,"excerpt":false}}},"jetpack_likes_enabled":true,"jetpack-related-posts":[{"id":78,"url":"https:\/\/muzeusm.ro\/hu\/editura\/","url_meta":{"origin":548,"position":0},"title":"Editura Muzeului S\u0103tm\u0103rean","author":"andreeaionetecu","date":"19 October 2021","format":false,"excerpt":"Patriot sau tr\u0103d\u0103tor? Procesul de tr\u0103dare de \u021bar\u0103 al c\u0103lug\u0103rului \u00c1rk\u00e1d P\u00e1sztory - HONCA, Ciprian Emanuel (Editor), 2022 Monografia Catedralei Ortodoxe \"Adormirea Maicii Domnului\" din municipiul Satu Mare - B\u0102LU, Daniela\u00a0(autor)\u00a0,\u00a0BOLOS, Cristian\u00a0(autor)\u00a0,\u00a0C\u00c2MPEAN, Viorel\u00a0(autor), 2022 Obiecte de uz casnic \u00een colec\u021bia etnografic\u0103 a Muzeului Jude\u021bean Satu Mare - LOBON\u021a PU\u0218CA\u0218, Maria\u00a0(autor),\u2026","rel":"","context":"Similar post","block_context":{"text":"Similar post","link":""},"img":{"alt_text":"","src":"","width":0,"height":0},"classes":[]},{"id":293,"url":"https:\/\/muzeusm.ro\/hu\/expozitii-permanente\/","url_meta":{"origin":548,"position":1},"title":"\u00c1lland\u00f3 ki\u00e1ll\u00edt\u00e1s","author":"Kov\u00e1cs Zsolt","date":"2 November 2021","format":false,"excerpt":"{:ro} Expozi\u021bia permanent\u0103 intitulat\u0103 Oameni \u2013 Destine \u2013 Istorie invit\u0103 vizitatorul la o c\u0103l\u0103torie \u00een timp, oferindo perspectiv\u0103 asupra activit\u0103\u021bii complexe desf\u0103\u0219urate de Muzeul Jude\u021bean Satu Mare. Aventura caremerge din preistorie p\u00e2n\u0103 la zilele noastre, de la etnografie la \u0219tiin\u021bele naturii, pune \u00eentr-o lumin\u0103 inedit\u0103trecutul \u0219i prezentul jude\u021bului nostru. Scopul\u2026","rel":"","context":"Similar post","block_context":{"text":"Similar post","link":""},"img":{"alt_text":"","src":"https:\/\/i0.wp.com\/muzeusm.ro\/wp-content\/uploads\/2024\/11\/dsc_0047.jpg?resize=350%2C200&ssl=1","width":350,"height":200,"srcset":"https:\/\/i0.wp.com\/muzeusm.ro\/wp-content\/uploads\/2024\/11\/dsc_0047.jpg?resize=350%2C200&ssl=1 1x, https:\/\/i0.wp.com\/muzeusm.ro\/wp-content\/uploads\/2024\/11\/dsc_0047.jpg?resize=525%2C300&ssl=1 1.5x, https:\/\/i0.wp.com\/muzeusm.ro\/wp-content\/uploads\/2024\/11\/dsc_0047.jpg?resize=700%2C400&ssl=1 2x"},"classes":[]},{"id":15750,"url":"https:\/\/muzeusm.ro\/hu\/biblioteca\/","url_meta":{"origin":548,"position":2},"title":"K\u00f6nyvt\u00e1r","author":"norbertlorincz","date":"6 November 2024","format":false,"excerpt":"{:ro} Despre bibliotec\u0103 \u00cen cadrul Muzeului Jude\u021bean Satu Mare func\u0163ioneaz\u0103 \u00eenc\u0103 de la \u00eenceputuri o bibliotec\u0103 documentar\u0103 \u015fi de specialitate num\u0103r\u00e2nd \u00een jur de 50.000 de volume. Partea documentar\u0103 cuprinde c\u0103r\u0163ile transferate muzeului din colec\u0163ia prefecturii vechiului comitat al S\u0103tmarului, o dona\u0163ie primit\u0103 din Fondul de Dublete ale Bibliotecii Academiei\u2026","rel":"","context":"Similar post","block_context":{"text":"Similar post","link":""},"img":{"alt_text":"","src":"","width":0,"height":0},"classes":[]},{"id":14046,"url":"https:\/\/muzeusm.ro\/hu\/sectii\/serviciul-financiar-contabil\/","url_meta":{"origin":548,"position":3},"title":"P\u00e9nz\u00fcgy \u00e9s k\u00f6nyvel\u0151s\u00e9g","author":"norbertlorincz","date":"7 June 2024","format":false,"excerpt":"{:ro} Deruleaz\u0103 activit\u0103\u021bile func\u021bionale ale Muzeului Jude\u021bean se realizeaz\u0103 prin patru compartimente: contabilitate, salarizare-personal, achizi\u021bii publice \u0219i administrativ-paz\u0103. Angaja\u021bii serviciului:POP DANIELA FLORENTINA CONTABIL SEF II FAGE CRINA DIANA ECONOMIST\u00a0\u00a0 IA VANCEA CARMEN REFERENT DE SPECIALITATE\u00a0 I NISTOR DENISA BIANCA - FUNCTIONAR P\u0102\u0218TEAN DORINA ANA INSPECTOR DE SPECIALITATE I LASZLO SILVIA\u2026","rel":"","context":"Similar post","block_context":{"text":"Similar post","link":""},"img":{"alt_text":"","src":"","width":0,"height":0},"classes":[]},{"id":14050,"url":"https:\/\/muzeusm.ro\/hu\/sectii\/serviciul-muzee-carei-tasnad\/","url_meta":{"origin":548,"position":4},"title":"Nagyk\u00e1roly-Tasn\u00e1d M\u00fazeumok","author":"norbertlorincz","date":"7 June 2024","format":false,"excerpt":"{:ro} Atribu\u021biile \u0219i responsabilit\u0103\u021bile vizeaz\u0103 coordonarea activit\u0103\u021bii de la unit\u0103\u021bile muzeale: Muzeul Municipal Carei, Muzeul Or\u0103\u0219enesc T\u0103\u0219nad, Complexul Memorial Ady Endre, Muzeul Maghiar Sipos Laszlo Bogdand, Muzeul \u0218v\u0103besc Petre\u0219ti, Casa \u021a\u0103r\u0103neasc\u0103 de la Andrid. Angaja\u021bii serviciului:GINDELE SIMONA CARMEN MUZEOGRAF\u00a0\u00a0 IAILIES AURELIAN GESTIONAR CUSTODE IAIOJA ERICA VALENTINA CURATOR SIICSAT\u00c1RI ISTV\u00c1N GERG\u0150\u2026","rel":"","context":"Similar post","block_context":{"text":"Similar post","link":""},"img":{"alt_text":"","src":"","width":0,"height":0},"classes":[]},{"id":58,"url":"https:\/\/muzeusm.ro\/hu\/reteaua-muzeala\/","url_meta":{"origin":548,"position":5},"title":"M\u00fazeumi h\u00e1l\u00f3zat","author":"andreeaionetecu","date":"19 October 2021","format":false,"excerpt":"{:ro} Muzeul Jude\u021bean Satu Mare Muzeul de Art\u0103 Satu Mare Muzeul Municipal Carei - Castelul K\u00e1rolyi Muzeul Memorial Dr. Vasile Lucaciu, Apa Complex Memorial Ady Endre Muzeul Or\u0103\u0219enesc T\u0103\u0219nad Casa Muzeu T\u0103\u0219nad Atelierul Memorial Paul I. Erd\u0151s, Satu Mare Atelierul Memorial Aurel Popp, Satu Mare Muzeul \u0218v\u0103besc, Petre\u0219ti Muzeul Maghiar\u2026","rel":"","context":"Similar post","block_context":{"text":"Similar post","link":""},"img":{"alt_text":"","src":"https:\/\/i0.wp.com\/muzeusm.ro\/wp-content\/uploads\/2021\/10\/image-2012-07-27-12889443-56-situl-arheologic-bobald.jpg?resize=350%2C200&ssl=1","width":350,"height":200,"srcset":"https:\/\/i0.wp.com\/muzeusm.ro\/wp-content\/uploads\/2021\/10\/image-2012-07-27-12889443-56-situl-arheologic-bobald.jpg?resize=350%2C200&ssl=1 1x, https:\/\/i0.wp.com\/muzeusm.ro\/wp-content\/uploads\/2021\/10\/image-2012-07-27-12889443-56-situl-arheologic-bobald.jpg?resize=525%2C300&ssl=1 1.5x"},"classes":[]}],"jetpack_sharing_enabled":true,"jetpack_shortlink":"https:\/\/wp.me\/PfvnyQ-8Q","_links":{"self":[{"href":"https:\/\/muzeusm.ro\/hu\/wp-json\/wp\/v2\/pages\/548","targetHints":{"allow":["GET"]}}],"collection":[{"href":"https:\/\/muzeusm.ro\/hu\/wp-json\/wp\/v2\/pages"}],"about":[{"href":"https:\/\/muzeusm.ro\/hu\/wp-json\/wp\/v2\/types\/page"}],"author":[{"embeddable":true,"href":"https:\/\/muzeusm.ro\/hu\/wp-json\/wp\/v2\/users\/183061330"}],"replies":[{"embeddable":true,"href":"https:\/\/muzeusm.ro\/hu\/wp-json\/wp\/v2\/comments?post=548"}],"version-history":[{"count":14,"href":"https:\/\/muzeusm.ro\/hu\/wp-json\/wp\/v2\/pages\/548\/revisions"}],"predecessor-version":[{"id":17341,"href":"https:\/\/muzeusm.ro\/hu\/wp-json\/wp\/v2\/pages\/548\/revisions\/17341"}],"wp:attachment":[{"href":"https:\/\/muzeusm.ro\/hu\/wp-json\/wp\/v2\/media?parent=548"}],"curies":[{"name":"wp","href":"https:\/\/api.w.org\/{rel}","templated":true}]}}