{"id":240,"date":"2021-10-20T10:32:04","date_gmt":"2021-10-20T07:32:04","guid":{"rendered":"https:\/\/netsysacad.ro?page_id=240"},"modified":"2025-01-27T11:51:54","modified_gmt":"2025-01-27T09:51:54","slug":"muzeul-ugocea-oas-tarna-mare","status":"publish","type":"page","link":"https:\/\/muzeusm.ro\/hu\/muzeul-ugocea-oas-tarna-mare\/","title":{"rendered":"Ugocsa-Avas M\u00fazeum, Nagytarna"},"content":{"rendered":"\n<div class=\"wp-block-group alignfull has-background\" style=\"background-color:#f2f0e9\"><div class=\"wp-block-group__inner-container is-layout-flow wp-block-group-is-layout-flow\">\n<div class=\"wp-block-columns alignwide is-layout-flex wp-container-core-columns-is-layout-28f84493 wp-block-columns-is-layout-flex\">\n<div class=\"wp-block-column is-layout-flow wp-block-column-is-layout-flow\">\n<figure class=\"wp-block-image size-large\"><img loading=\"lazy\" decoding=\"async\" width=\"2048\" height=\"1536\" data-attachment-id=\"489\" data-permalink=\"https:\/\/muzeusm.ro\/hu\/tarna-mare-3\/\" data-orig-file=\"https:\/\/muzeusm.ro\/wp-content\/uploads\/2022\/03\/tarna-mare-3.jpg\" data-orig-size=\"2048,1536\" data-comments-opened=\"1\" data-image-meta=\"{&quot;aperture&quot;:&quot;0&quot;,&quot;credit&quot;:&quot;&quot;,&quot;camera&quot;:&quot;&quot;,&quot;caption&quot;:&quot;&quot;,&quot;created_timestamp&quot;:&quot;0&quot;,&quot;copyright&quot;:&quot;&quot;,&quot;focal_length&quot;:&quot;0&quot;,&quot;iso&quot;:&quot;0&quot;,&quot;shutter_speed&quot;:&quot;0&quot;,&quot;title&quot;:&quot;&quot;,&quot;orientation&quot;:&quot;0&quot;}\" data-image-title=\"tarna-mare-3\" data-image-description=\"\" data-image-caption=\"\" data-medium-file=\"https:\/\/muzeusm.ro\/wp-content\/uploads\/2022\/03\/tarna-mare-3.jpg\" data-large-file=\"https:\/\/muzeusm.ro\/wp-content\/uploads\/2022\/03\/tarna-mare-3.jpg\" src=\"https:\/\/muzeusm.ro\/wp-content\/uploads\/2022\/03\/tarna-mare-3.jpg?w=1024\" alt=\"\" class=\"wp-image-489\"\/><\/figure>\n<\/div>\n\n\n\n<div class=\"wp-block-column is-layout-flow wp-block-column-is-layout-flow\">\n<p>A m\u00fazeum els\u0151sorban a volt bocsk\u00f3i iskola ki\u00e1ll\u00edt\u00e1s\u00e1n szerepl\u0151 t\u00e1rgyakat tartalmazza. A gy\u0171jtem\u00e9ny h\u00e1ztart\u00e1si cikkeket, n\u00e9pviseleteket, \u00fcvegre festett ikonokat \u00e9s b\u00fatorokat mutat be.<\/p>\n<\/div>\n<\/div>\n\n\n\n<div style=\"height:40px\" aria-hidden=\"true\" class=\"wp-block-spacer\"><\/div>\n<\/div><\/div>\n\n\n\n<div class=\"wp-block-coblocks-features alignfull coblocks-features-725234240747\"><div class=\"wp-block-coblocks-features__inner has-tertiary-background-color has-background has-columns has-4-columns has-responsive-columns has-padding has-large-padding has-margin has-large-margin has-center-content has-large-gutter\">\n<div class=\"wp-block-coblocks-feature has-center-content coblocks-feature-725234240794\"><div class=\"wp-block-coblocks-feature__inner has-padding has-large-padding\"><div class=\"wp-block-coblocks-icon\">\n\t\t\t\t<div class=\"wp-block-coblocks-icon__inner has-text-color has-secondary-color\" style=\"height: 60px; width: 60px;\">\n\t\t\t\t\t<svg fill=\"none\" viewBox=\"0 0 20 20\" xmlns=\"http:\/\/www.w3.org\/2000\/svg\"><path d=\"m10 0c-3.921743 0-7.11427301 3.19253001-7.11427301 7.11427301 0 4.95331259 6.18941752 11.86305029 6.45620276 12.15651399l.65807025.729213.6580703-.729213c.2667852-.2934637 6.4562027-7.2032014 6.4562027-12.15651399 0-3.921743-3.19253-7.11427301-7.114273-7.11427301zm0 17.3143619c-1.9386394-2.3210315-5.33570476-7.0520231-5.33570476-10.20008889 0-2.94353046 2.3921743-5.33570476 5.33570476-5.33570476 2.9435305 0 5.3357048 2.3921743 5.3357048 5.33570476 0 3.40595819-3.7794576 8.32369939-5.3357048 10.20008889zm-1.36060471-8.27034234-1.56514007-1.5740329-1.26278345 1.26278346 2.82792352 2.82792348 5.34459761-5.34459756-1.2538906-1.26278346z\" fill=\"currentColor\" \/><\/svg>\n\t\t\t\t<\/div>\n\t\t\t<\/div>\n\n\n<h4 class=\"wp-block-heading\">Helysz\u00edn<\/h4>\n\n\n\n<p>Ugocsa &#8211; Avas, Nagytarna, Szatm\u00e1rmegye<\/p>\n\n\n\n<p><strong><a href=\"https:\/\/www.google.ro\/maps\/place\/Gospod%C4%83ria+Codreneasc%C4%83+Chilia\/@47.638819,23.0701946,15z\/data=!4m6!3m5!1s0x474803fe9211944f:0x5bb57540f2cc58c2!8m2!3d47.6350192!4d23.0820305!16s%2Fg%2F11rdvx7yy0?hl=ro&amp;coh=210790&amp;entry=tts&amp;g_ep=EgoyMDI0MDUyOS4wKgBIAVAD\">Google Maps<\/a><\/strong><\/p>\n<\/div><\/div>\n\n\n\n<div class=\"wp-block-coblocks-feature has-center-content coblocks-feature-725234240794\"><div class=\"wp-block-coblocks-feature__inner has-padding has-large-padding\"><div class=\"wp-block-coblocks-icon\">\n\t\t\t\t<div class=\"wp-block-coblocks-icon__inner has-text-color has-secondary-color\" style=\"height: 60px; width: 60px;\">\n\t\t\t\t\t<svg width=\"24\" height=\"24\" viewBox=\"0 0 24 24\" fill=\"none\" xmlns=\"http:\/\/www.w3.org\/2000\/svg\">\n<path d=\"M12 23.52C9.72154 23.52 7.49427 22.8444 5.59982 21.5785C3.70536 20.3127 2.22881 18.5135 1.35689 16.4085C0.484972 14.3035 0.256838 11.9872 0.701339 9.75257C1.14584 7.51791 2.24301 5.46524 3.85412 3.85414C5.46522 2.24304 7.51788 1.14586 9.75254 0.701362C11.9872 0.25686 14.3035 0.484995 16.4085 1.35692C18.5135 2.22884 20.3127 3.70539 21.5785 5.59984C22.8443 7.49429 23.52 9.72157 23.52 12C23.52 15.0553 22.3063 17.9855 20.1459 20.1459C17.9854 22.3063 15.0553 23.52 12 23.52ZM12 2.78401C10.1772 2.78401 8.39541 3.32452 6.87985 4.33718C5.36429 5.34985 4.18305 6.78919 3.48551 8.4732C2.78797 10.1572 2.60547 12.0102 2.96107 13.798C3.31667 15.5857 4.19441 17.2278 5.48329 18.5167C6.77217 19.8056 8.4143 20.6833 10.202 21.0389C11.9898 21.3945 13.8428 21.212 15.5268 20.5145C17.2108 19.8169 18.6501 18.6357 19.6628 17.1201C20.6755 15.6046 21.216 13.8228 21.216 12C21.216 9.55577 20.245 7.21165 18.5167 5.48331C16.7883 3.75498 14.4442 2.78401 12 2.78401V2.78401Z\" fill=\"currentColor\"\/>\n<path d=\"M12 13.536C11.6945 13.536 11.4015 13.4146 11.1854 13.1986C10.9694 12.9825 10.848 12.6895 10.848 12.384V5.856H13.152V12.384C13.152 12.6895 13.0307 12.9825 12.8146 13.1986C12.5986 13.4146 12.3056 13.536 12 13.536V13.536Z\" fill=\"currentColor\"\/>\n<path d=\"M21.9357 0.434855L18.8647 3.50585L20.4939 5.13502L23.5649 2.06403L21.9357 0.434855Z\" fill=\"currentColor\"\/>\n<\/svg>\n\n\t\t\t\t<\/div>\n\t\t\t<\/div>\n\n\n<h4 class=\"wp-block-heading\">L\u00e1togat\u00e1si program<\/h4>\n\n\n\n<p>Kedd \u2013 Szombat:&nbsp;<strong>10:00 \u2013 14:00<\/strong><br>Vas\u00e1rnap \u2013 Hetf\u0151:<strong>&nbsp;z\u00e1rva&nbsp;<\/strong><br><\/p>\n<\/div><\/div>\n\n\n\n<div class=\"wp-block-coblocks-feature has-center-content coblocks-feature-72523424422\"><div class=\"wp-block-coblocks-feature__inner has-padding has-large-padding\"><div class=\"wp-block-coblocks-icon\">\n\t\t\t\t<div class=\"wp-block-coblocks-icon__inner has-text-color has-secondary-color\" style=\"height: 60px; width: 60px;\">\n\t\t\t\t\t<svg fill=\"none\" viewBox=\"0 0 24 24\" xmlns=\"http:\/\/www.w3.org\/2000\/svg\"><g clip-rule=\"evenodd\" fill=\"currentColor\" fill-rule=\"evenodd\"><path d=\"m16 3h-10c-.27614 0-.5.22386-.5.5v13.5c0 .2761.22386.5.5.5h10c.2761 0 .5-.2239.5-.5v-13.5c0-.27614-.2239-.5-.5-.5zm-10-1.5h10c1.1046 0 2 .89543 2 2v13.5c0 1.1046-.8954 2-2 2h-10c-1.10457 0-2-.8954-2-2v-13.5c0-1.10457.89543-2 2-2z\"\/><path d=\"m9.91233 7.87699c-.31409.21986-.41233.45167-.41233.62301s.09824.40315.41233.62301c.31177.21821.78237.37699 1.33767.37699v1.5c-.8254 0-1.60477-.233-2.19786-.6481-.59073-.41355-1.05214-1.05674-1.05214-1.8519s.46141-1.43835 1.05214-1.85186c.59309-.41517 1.37246-.64814 2.19786-.64814s1.6048.23297 2.1979.64814c.5907.41351 1.0521 1.0567 1.0521 1.85186 0 .41421-.3358.75-.75.75s-.75-.33579-.75-.75c0-.17134-.0982-.40315-.4123-.62301-.3118-.21821-.7824-.37699-1.3377-.37699s-1.0259.15878-1.33767.37699z\"\/><path d=\"m12.5877 12.623c.3141-.2199.4123-.4517.4123-.623s-.0982-.4031-.4123-.623c-.3118-.2182-.7824-.377-1.3377-.377v-1.5c.8254 0 1.6048.23297 2.1979.6481.5907.4135 1.0521 1.0567 1.0521 1.8519s-.4614 1.4384-1.0521 1.8519c-.5931.4151-1.3725.6481-2.1979.6481s-1.60477-.233-2.19786-.6481c-.59073-.4135-1.05214-1.0567-1.05214-1.8519 0-.4142.33579-.75.75-.75s.75.3358.75.75c0 .1713.09824.4031.41233.623.31177.2182.78237.377 1.33767.377s1.0259-.1588 1.3377-.377z\"\/><path d=\"m11.25 13.5c.4142 0 .75.3358.75.75v.5c0 .4142-.3358.75-.75.75s-.75-.3358-.75-.75v-.5c0-.4142.3358-.75.75-.75z\"\/><path d=\"m11.25 5c.4142 0 .75.33579.75.75v.5c0 .41421-.3358.75-.75.75s-.75-.33579-.75-.75v-.5c0-.41421.3358-.75.75-.75z\"\/><\/g><path d=\"m20.25 8.25v11c0 1.1046-.8954 2-2 2h-8\" stroke=\"currentColor\" stroke-width=\"1.5\" fill=\"none\"\/><\/svg>\n\n\t\t\t\t<\/div>\n\t\t\t<\/div>\n\n\n<h4 class=\"wp-block-heading\">Jegy\u00e1rak<\/h4>\n\n\n\n<p>Feln\u0151ttjegy \u2013&nbsp;<strong>20 RON<\/strong><\/p>\n\n\n\n<p>Egyetemista, Nyugd\u00edjas jegy, 18 \u00e9v alattiak \u2013&nbsp;<strong>10 RON<\/strong><\/p>\n\n\n\n<p>Di\u00e1kjegy \u2013<strong> 5 RON<\/strong><\/p>\n<\/div><\/div>\n\n\n\n<div class=\"wp-block-coblocks-feature coblocks-feature-72523424463\"><div class=\"wp-block-coblocks-feature__inner has-padding\"><div class=\"wp-block-coblocks-icon\">\n\t\t\t\t<div class=\"wp-block-coblocks-icon__inner has-text-color has-secondary-color\" style=\"height: 60px; width: 60px;\">\n\t\t\t\t\t<svg fill=\"none\" viewBox=\"0 0 20 20\" xmlns=\"http:\/\/www.w3.org\/2000\/svg\"><path d=\"m19.99 7c0-.72-.37-1.35-.94-1.7l-9.05-5.3-9.05 5.3c-.57.35-.95.98-.95 1.7v11c0 1.1.9 2 2 2h16c1.1 0 2-.9 2-2zm-2 0v.01l-7.99 4.99-8-5 8-4.68zm-15.99 11v-8.66l8 5.02 7.99-4.99.01 8.63z\" fill=\"currentColor\" \/><\/svg>\n\t\t\t\t<\/div>\n\t\t\t<\/div>\n\n\n<h4 class=\"wp-block-heading\">El\u00e9rhet\u0151s\u00e9gek<\/h4>\n\n\n\n<p><strong>Telefonsz\u00e1m : <\/strong>+40261737526<\/p>\n\n\n\n<p><strong>Email :<\/strong> muzeusm@gmail.com<\/p>\n<\/div><\/div>\n<\/div><\/div>\n","protected":false},"excerpt":{"rendered":"<p>A m\u00fazeum els\u0151sorban a volt bocsk\u00f3i iskola ki\u00e1ll\u00edt\u00e1s\u00e1n szerepl\u0151 t\u00e1rgyakat tartalmazza. A gy\u0171jtem\u00e9ny h\u00e1ztart\u00e1si cikkeket, n\u00e9pviseleteket, \u00fcvegre festett ikonokat \u00e9s b\u00fatorokat mutat be.<\/p>\n","protected":false},"author":183061330,"featured_media":0,"parent":0,"menu_order":0,"comment_status":"closed","ping_status":"closed","template":"","meta":{"_coblocks_attr":"","_coblocks_dimensions":"","_coblocks_responsive_height":"","_coblocks_accordion_ie_support":"","advanced_seo_description":"","jetpack_seo_html_title":"","jetpack_seo_noindex":false,"jetpack_post_was_ever_published":false,"footnotes":""},"class_list":["post-240","page","type-page","status-publish","hentry","entry"],"translation":{"provider":"WPGlobus","version":"3.0.1","language":"hu","enabled_languages":["ro","hu","en"],"languages":{"ro":{"title":true,"content":true,"excerpt":false},"hu":{"title":true,"content":true,"excerpt":false},"en":{"title":false,"content":false,"excerpt":false}}},"jetpack_likes_enabled":true,"jetpack-related-posts":[{"id":102,"url":"https:\/\/muzeusm.ro\/hu\/istorie\/","url_meta":{"origin":240,"position":0},"title":"A kultur\u00e1lis \u00f6r\u00f6ks\u00e9g n\u00e9pszer\u0171s\u00edt\u00e9se \u00e9s m\u00fazeumpedag\u00f3gia oszt\u00e1ly","author":"andreeaionetecu","date":"19 October 2021","format":false,"excerpt":"{:ro} Atribu\u021biile \u0219i responsabilit\u0103\u021bile principale sunt legate de coordonarea activit\u0103\u021bilor ce implic\u0103 patrimoniul Colec\u021biei de Art\u0103, a activit\u0103\u021bilor de la Muzeul de Art\u0103, Atelierul Memorial Aurel Popp Satu Mare, Atelierul Memorial Paul Erd\u0151s Satu Mare, Biblioteca de specialitate, Muzeul \u00een aer liber M\u0103riu\u0219, Casa \u021a\u0103r\u0103neasc\u0103 Chilia, Muzeul Ugocea - Oa\u0219\u2026","rel":"","context":"Similar post","block_context":{"text":"Similar post","link":""},"img":{"alt_text":"","src":"","width":0,"height":0},"classes":[]},{"id":58,"url":"https:\/\/muzeusm.ro\/hu\/reteaua-muzeala\/","url_meta":{"origin":240,"position":1},"title":"M\u00fazeumi h\u00e1l\u00f3zat","author":"andreeaionetecu","date":"19 October 2021","format":false,"excerpt":"{:ro} Muzeul Jude\u021bean Satu Mare Muzeul de Art\u0103 Satu Mare Muzeul Municipal Carei - Castelul K\u00e1rolyi Muzeul Memorial Dr. Vasile Lucaciu, Apa Complex Memorial Ady Endre Muzeul Or\u0103\u0219enesc T\u0103\u0219nad Casa Muzeu T\u0103\u0219nad Atelierul Memorial Paul I. Erd\u0151s, Satu Mare Atelierul Memorial Aurel Popp, Satu Mare Muzeul \u0218v\u0103besc, Petre\u0219ti Muzeul Maghiar\u2026","rel":"","context":"Similar post","block_context":{"text":"Similar post","link":""},"img":{"alt_text":"","src":"https:\/\/i0.wp.com\/muzeusm.ro\/wp-content\/uploads\/2021\/10\/image-2012-07-27-12889443-56-situl-arheologic-bobald.jpg?resize=350%2C200&ssl=1","width":350,"height":200,"srcset":"https:\/\/i0.wp.com\/muzeusm.ro\/wp-content\/uploads\/2021\/10\/image-2012-07-27-12889443-56-situl-arheologic-bobald.jpg?resize=350%2C200&ssl=1 1x, https:\/\/i0.wp.com\/muzeusm.ro\/wp-content\/uploads\/2021\/10\/image-2012-07-27-12889443-56-situl-arheologic-bobald.jpg?resize=525%2C300&ssl=1 1.5x"},"classes":[]},{"id":78,"url":"https:\/\/muzeusm.ro\/hu\/editura\/","url_meta":{"origin":240,"position":2},"title":"Editura Muzeului S\u0103tm\u0103rean","author":"andreeaionetecu","date":"19 October 2021","format":false,"excerpt":"Patriot sau tr\u0103d\u0103tor? Procesul de tr\u0103dare de \u021bar\u0103 al c\u0103lug\u0103rului \u00c1rk\u00e1d P\u00e1sztory - HONCA, Ciprian Emanuel (Editor), 2022 Monografia Catedralei Ortodoxe \"Adormirea Maicii Domnului\" din municipiul Satu Mare - B\u0102LU, Daniela\u00a0(autor)\u00a0,\u00a0BOLOS, Cristian\u00a0(autor)\u00a0,\u00a0C\u00c2MPEAN, Viorel\u00a0(autor), 2022 Obiecte de uz casnic \u00een colec\u021bia etnografic\u0103 a Muzeului Jude\u021bean Satu Mare - LOBON\u021a PU\u0218CA\u0218, Maria\u00a0(autor),\u2026","rel":"","context":"Similar post","block_context":{"text":"Similar post","link":""},"img":{"alt_text":"","src":"","width":0,"height":0},"classes":[]},{"id":253,"url":"https:\/\/muzeusm.ro\/hu\/gospodaria-taraneasca-turt\/","url_meta":{"origin":240,"position":3},"title":"T\u00e1jh\u00e1z, Turc","author":"andreeaionetecu","date":"20 October 2021","format":false,"excerpt":"{:ro} Muzeul Local Tur\u021b din jude\u021bul Satu Mare. Muzee de la satMuzeul Local Tur\u021b din jude\u021bul Satu Mare. Muzee de la satMuzeul Local Tur\u021b din jude\u021bul Satu Mare. Muzee de la satMuzeul Local Tur\u021b din jude\u021bul Satu Mare. Muzee de la satMuzeul Local Tur\u021b din jude\u021bul Satu Mare. Muzee de\u2026","rel":"","context":"Similar post","block_context":{"text":"Similar post","link":""},"img":{"alt_text":"","src":"https:\/\/i0.wp.com\/muzeusm.ro\/wp-content\/uploads\/2024\/08\/17_Muzeul-Local-Turt_Satu-Mare_Fotograf_Ionut-Teoderascu_240527.jpg?resize=350%2C200&ssl=1","width":350,"height":200,"srcset":"https:\/\/i0.wp.com\/muzeusm.ro\/wp-content\/uploads\/2024\/08\/17_Muzeul-Local-Turt_Satu-Mare_Fotograf_Ionut-Teoderascu_240527.jpg?resize=350%2C200&ssl=1 1x, https:\/\/i0.wp.com\/muzeusm.ro\/wp-content\/uploads\/2024\/08\/17_Muzeul-Local-Turt_Satu-Mare_Fotograf_Ionut-Teoderascu_240527.jpg?resize=525%2C300&ssl=1 1.5x, https:\/\/i0.wp.com\/muzeusm.ro\/wp-content\/uploads\/2024\/08\/17_Muzeul-Local-Turt_Satu-Mare_Fotograf_Ionut-Teoderascu_240527.jpg?resize=700%2C400&ssl=1 2x, https:\/\/i0.wp.com\/muzeusm.ro\/wp-content\/uploads\/2024\/08\/17_Muzeul-Local-Turt_Satu-Mare_Fotograf_Ionut-Teoderascu_240527.jpg?resize=1050%2C600&ssl=1 3x, https:\/\/i0.wp.com\/muzeusm.ro\/wp-content\/uploads\/2024\/08\/17_Muzeul-Local-Turt_Satu-Mare_Fotograf_Ionut-Teoderascu_240527.jpg?resize=1400%2C800&ssl=1 4x"},"classes":[]},{"id":16376,"url":"https:\/\/muzeusm.ro\/hu\/muzeul-orasului-oasu-nou-muzeul-municipal-carei-si-muzeul-orasenesc-tasnad\/","url_meta":{"origin":240,"position":4},"title":"Muzeul ora\u0219ului Ora\u0219u Nou, \u00a0Muzeul Municipal Carei \u0219i Muzeul Or\u0103\u0219enesc T\u0103\u0219nad","author":"Kov\u00e1cs Zsolt","date":"24 February 2025","format":false,"excerpt":"\u201eVia\u021ba de zi cu zi a aristocra\u021biei.Via\u021ba cotidian\u0103 a familiei K\u00e1rolyi \u00een secolele XVIII-XIX\u201d Vizit\u0103 interactiv\u0103 \u00een expozi\u021bia permanent\u0103. Prezentare PowerPoint.Coordonator: Csat\u00e1ri Istv\u00e1n Gerg\u0151Pre\u021b bilet: 10 lei 2. \u201e 25 Octombrie-Ziua Armatei rom\u00e2ne\u201d - Castelul K\u00e1rolyi Carei. \u00a0 Prezentare interactiv\u0103. Expozi\u021bia permanent\u0103.Coordonator: Gindele SimonaPre\u021b bilet: 10 lei \u00a03. \u201eCasa Domnului\u201d\u2026","rel":"","context":"Similar post","block_context":{"text":"Similar post","link":""},"img":{"alt_text":"","src":"","width":0,"height":0},"classes":[]},{"id":16325,"url":"https:\/\/muzeusm.ro\/hu\/activitati-de-educatie-muzeala-la-mjsm-muzeul-de-arta-si-la-sediul-institutiilor-de-invatamant\/","url_meta":{"origin":240,"position":5},"title":"Activit\u0103\u021bi de educa\u021bie muzeal\u0103 la MJSM, Muzeul de Art\u0103 \u0219i la sediul institu\u021biilor de \u00eenv\u0103\u021b\u0103m\u00e2nt","author":"Kov\u00e1cs Zsolt","date":"24 February 2025","format":false,"excerpt":"Lutul, form\u0103 \u0219i culoare Proiectul \u201eLutul, form\u0103 \u0219i culoare\u201d, cuprinde ateliere de modelaj vase din lut \u0219i vizit\u0103 ghidat\u0103 \u00eentr-una dintre expozi\u021biile muzeului: Sec\u021bia de arheologie \/\u00a0 Sec\u021bia de etnografie. Durata activit\u0103\u021bii: 2 h Locul de desf\u0103\u0219urare: sediul MJSM \u0219i sediul institu\u021biilor de \u00eenv\u0103\u021b\u0103m\u00e2nt Activitatea se adreseaz\u0103 elevilor de nivel\u2026","rel":"","context":"Similar post","block_context":{"text":"Similar post","link":""},"img":{"alt_text":"","src":"https:\/\/i0.wp.com\/muzeusm.ro\/wp-content\/uploads\/2025\/02\/uEFsC0ItKrrI_9RLeSHjKEOGQXMx64lQ6F_zCIjYnbU.webp?resize=350%2C200&ssl=1","width":350,"height":200,"srcset":"https:\/\/i0.wp.com\/muzeusm.ro\/wp-content\/uploads\/2025\/02\/uEFsC0ItKrrI_9RLeSHjKEOGQXMx64lQ6F_zCIjYnbU.webp?resize=350%2C200&ssl=1 1x, https:\/\/i0.wp.com\/muzeusm.ro\/wp-content\/uploads\/2025\/02\/uEFsC0ItKrrI_9RLeSHjKEOGQXMx64lQ6F_zCIjYnbU.webp?resize=525%2C300&ssl=1 1.5x, https:\/\/i0.wp.com\/muzeusm.ro\/wp-content\/uploads\/2025\/02\/uEFsC0ItKrrI_9RLeSHjKEOGQXMx64lQ6F_zCIjYnbU.webp?resize=700%2C400&ssl=1 2x"},"classes":[]}],"jetpack_sharing_enabled":true,"jetpack_shortlink":"https:\/\/wp.me\/PfvnyQ-3S","_links":{"self":[{"href":"https:\/\/muzeusm.ro\/hu\/wp-json\/wp\/v2\/pages\/240","targetHints":{"allow":["GET"]}}],"collection":[{"href":"https:\/\/muzeusm.ro\/hu\/wp-json\/wp\/v2\/pages"}],"about":[{"href":"https:\/\/muzeusm.ro\/hu\/wp-json\/wp\/v2\/types\/page"}],"author":[{"embeddable":true,"href":"https:\/\/muzeusm.ro\/hu\/wp-json\/wp\/v2\/users\/183061330"}],"replies":[{"embeddable":true,"href":"https:\/\/muzeusm.ro\/hu\/wp-json\/wp\/v2\/comments?post=240"}],"version-history":[{"count":2,"href":"https:\/\/muzeusm.ro\/hu\/wp-json\/wp\/v2\/pages\/240\/revisions"}],"predecessor-version":[{"id":16190,"href":"https:\/\/muzeusm.ro\/hu\/wp-json\/wp\/v2\/pages\/240\/revisions\/16190"}],"wp:attachment":[{"href":"https:\/\/muzeusm.ro\/hu\/wp-json\/wp\/v2\/media?parent=240"}],"curies":[{"name":"wp","href":"https:\/\/api.w.org\/{rel}","templated":true}]}}