{"id":221,"date":"2021-10-20T10:17:49","date_gmt":"2021-10-20T07:17:49","guid":{"rendered":"https:\/\/netsysacad.ro?page_id=221"},"modified":"2025-01-27T10:35:31","modified_gmt":"2025-01-27T08:35:31","slug":"muzeul-motilor-scarisoara","status":"publish","type":"page","link":"https:\/\/muzeusm.ro\/hu\/muzeul-motilor-scarisoara\/","title":{"rendered":"M\u00f3cok M\u00fazeuma, Piskoltliget"},"content":{"rendered":"\n<div class=\"wp-block-group alignfull has-background\" style=\"background-color:#f2f0e9\"><div class=\"wp-block-group__inner-container is-layout-flow wp-block-group-is-layout-flow\">\n<div class=\"wp-block-columns alignwide is-layout-flex wp-container-core-columns-is-layout-28f84493 wp-block-columns-is-layout-flex\">\n<div class=\"wp-block-column is-layout-flow wp-block-column-is-layout-flow\">\n<figure class=\"wp-block-image size-large\"><img loading=\"lazy\" decoding=\"async\" width=\"4128\" height=\"3096\" data-attachment-id=\"477\" data-permalink=\"https:\/\/muzeusm.ro\/hu\/scarisoara3\/\" data-orig-file=\"https:\/\/muzeusm.ro\/wp-content\/uploads\/2022\/03\/scarisoara3.jpg\" data-orig-size=\"4128,3096\" data-comments-opened=\"1\" data-image-meta=\"{&quot;aperture&quot;:&quot;1.7&quot;,&quot;credit&quot;:&quot;&quot;,&quot;camera&quot;:&quot;SM-J530F&quot;,&quot;caption&quot;:&quot;&quot;,&quot;created_timestamp&quot;:&quot;1536225444&quot;,&quot;copyright&quot;:&quot;&quot;,&quot;focal_length&quot;:&quot;3.71&quot;,&quot;iso&quot;:&quot;80&quot;,&quot;shutter_speed&quot;:&quot;0.02&quot;,&quot;title&quot;:&quot;&quot;,&quot;orientation&quot;:&quot;1&quot;}\" data-image-title=\"scarisoara3\" data-image-description=\"\" data-image-caption=\"\" data-medium-file=\"https:\/\/muzeusm.ro\/wp-content\/uploads\/2022\/03\/scarisoara3.jpg\" data-large-file=\"https:\/\/muzeusm.ro\/wp-content\/uploads\/2022\/03\/scarisoara3.jpg\" src=\"https:\/\/muzeusm.ro\/wp-content\/uploads\/2022\/03\/scarisoara3.jpg?w=1024\" alt=\"\" class=\"wp-image-477\"\/><\/figure>\n<\/div>\n\n\n\n<div class=\"wp-block-column is-layout-flow wp-block-column-is-layout-flow\">\n<p>Az itt kialak\u00edtott M\u00f3c M\u00fazeum k\u00e9t \u00e9p\u00fcletb\u0151l \u00e1ll, egyik a n\u00e9prajzi jelleg\u0171,a m\u00e1sik t\u00f6rt\u00e9nelmi ki\u00e1ll\u00edt\u00e1ssal. A k\u00e9t \u00e9p\u00fclet k\u00f6z\u00f6tt, az udvaron \u00e1ll Horea bronzszobra. A Nyugati-havasokb\u00f3l sz\u00e1rmaz\u00f3 m\u00f3cokat 1924-bentelep\u00edtett\u00e9k t\u00e1jainkra, k\u00f6z\u00f6ss\u00e9g\u00fck t\u00f6bb r\u00e9gi szok\u00e1st \u00e9s sz\u00e1mos, a gazd\u00e1lkod\u00e1sban vagy a mindennapi \u00e9letben haszn\u00e1lt eszk\u00f6zt is meg\u0151rz\u00f6tt. <\/p>\n<\/div>\n<\/div>\n\n\n\n<div style=\"height:40px\" aria-hidden=\"true\" class=\"wp-block-spacer\"><\/div>\n<\/div><\/div>\n\n\n\n<div class=\"wp-block-group alignfull has-text-color has-background\" style=\"color:#000000;background-color:#eeedeb;margin-top:0px;margin-bottom:0px;padding-top:7vw;padding-bottom:7vw\"><div class=\"wp-block-group__inner-container is-layout-constrained wp-block-group-is-layout-constrained\">\n<div class=\"wp-block-columns alignwide is-layout-flex wp-container-core-columns-is-layout-28f84493 wp-block-columns-is-layout-flex\">\n<div class=\"wp-block-column is-layout-flow wp-block-column-is-layout-flow\">\n<h3 class=\"wp-block-heading has-text-color\" style=\"color:#000000;font-size:37px\"><strong>Hogy jutunk el ide?<\/strong><\/h3>\n\n\n\n<p>Kattints a jobboldali gombra! <\/p>\n<\/div>\n\n\n\n<div class=\"wp-block-column is-layout-flow wp-block-column-is-layout-flow\">\n<p class=\"has-text-align-center has-secondary-color has-tertiary-background-color has-text-color has-background\" style=\"font-size:18px\"><a href=\"https:\/\/www.google.com\/maps\/dir\/47.3708853,22.7884573\/muzeul+motilor+scarisoara\/@47.7877814,22.2180049,8z\/data=!4m9!4m8!1m0!1m5!1m1!1s0x4747914d8a24579b:0x176278281ffd17d9!2m2!1d22.2278871!2d47.6148277!3e0\" target=\"_blank\" rel=\"noreferrer noopener\">Sc\u0103ri\u0219oara Nou\u0103<br>Pi\u0219colt, Satu Mare<\/a><\/p>\n<\/div>\n<\/div>\n<\/div><\/div>\n\n\n\n<div class=\"wp-block-group alignfull has-tertiary-background-color has-background has-small-font-size\"><div class=\"wp-block-group__inner-container is-layout-constrained wp-block-group-is-layout-constrained\">\n<div class=\"wp-block-columns is-layout-flex wp-container-core-columns-is-layout-28f84493 wp-block-columns-is-layout-flex\">\n<div class=\"wp-block-column is-layout-flow wp-block-column-is-layout-flow\">\n<h5 class=\"wp-block-heading has-secondary-color has-text-color has-normal-font-size\">Tarifa<\/h5>\n\n\n\n<p class=\"has-text-align-left has-black-color has-text-color\">Feln\u0151ttek: 20 RON<\/p>\n\n\n\n<p>Nyugd\u00edjas, Egyetemista, 18 \u00e9v alatti jegy \u00e1rak: 10 RON<\/p>\n\n\n\n<p>Di\u00e1kjegy: 5 RON<\/p>\n<\/div>\n\n\n\n<div class=\"wp-block-column is-layout-flow wp-block-column-is-layout-flow\">\n<h4 class=\"wp-block-heading has-text-align-left has-secondary-color has-text-color has-normal-font-size\">El\u00e9rhet\u0151s\u00e9gek<\/h4>\n\n\n\n<ul>\n<li>muzeusm@gmail.com<\/li>\n<li>+40261737526<\/li>\n<\/ul>\n<\/div>\n\n\n\n<div class=\"wp-block-column is-layout-flow wp-block-column-is-layout-flow\">\n<h4 class=\"wp-block-heading has-secondary-color has-text-color has-normal-font-size\">C\u00edm<\/h4>\n\n\n\n<p class=\"has-black-color has-text-color\">Piskoltliget, <br>Szatm\u00e1rmegye<br>Rom\u00e1nia<\/p>\n<\/div>\n<\/div>\n<\/div><\/div>\n","protected":false},"excerpt":{"rendered":"<p>Az itt kialak\u00edtott M\u00f3c M\u00fazeum k\u00e9t \u00e9p\u00fcletb\u0151l \u00e1ll, egyik a n\u00e9prajzi jelleg\u0171,a m\u00e1sik t\u00f6rt\u00e9nelmi ki\u00e1ll\u00edt\u00e1ssal. A k\u00e9t \u00e9p\u00fclet k\u00f6z\u00f6tt, az udvaron \u00e1ll Horea bronzszobra. A Nyugati-havasokb\u00f3l sz\u00e1rmaz\u00f3 m\u00f3cokat 1924-bentelep\u00edtett\u00e9k t\u00e1jainkra, k\u00f6z\u00f6ss\u00e9g\u00fck t\u00f6bb r\u00e9gi szok\u00e1st \u00e9s sz\u00e1mos, a gazd\u00e1lkod\u00e1sban vagy a mindennapi \u00e9letben haszn\u00e1lt eszk\u00f6zt is meg\u0151rz\u00f6tt. Hogy jutunk el ide? Kattints a jobboldali gombra! Sc\u0103ri\u0219oara<a class=\"more-link\" href=\"https:\/\/muzeusm.ro\/hu\/muzeul-motilor-scarisoara\/\">Continue reading <span class=\"screen-reader-text\">&#8220;M\u00f3cok M\u00fazeuma, Piskoltliget&#8221;<\/span><\/a><\/p>\n","protected":false},"author":183061330,"featured_media":0,"parent":0,"menu_order":0,"comment_status":"closed","ping_status":"closed","template":"","meta":{"_coblocks_attr":"","_coblocks_dimensions":"","_coblocks_responsive_height":"","_coblocks_accordion_ie_support":"","advanced_seo_description":"","jetpack_seo_html_title":"","jetpack_seo_noindex":false,"jetpack_post_was_ever_published":false,"footnotes":""},"class_list":["post-221","page","type-page","status-publish","hentry","entry"],"translation":{"provider":"WPGlobus","version":"3.0.1","language":"hu","enabled_languages":["ro","hu","en"],"languages":{"ro":{"title":true,"content":true,"excerpt":false},"hu":{"title":true,"content":true,"excerpt":false},"en":{"title":false,"content":false,"excerpt":false}}},"jetpack_likes_enabled":true,"jetpack-related-posts":[{"id":58,"url":"https:\/\/muzeusm.ro\/hu\/reteaua-muzeala\/","url_meta":{"origin":221,"position":0},"title":"M\u00fazeumi h\u00e1l\u00f3zat","author":"andreeaionetecu","date":"19 October 2021","format":false,"excerpt":"{:ro} Muzeul Jude\u021bean Satu Mare Muzeul de Art\u0103 Satu Mare Muzeul Municipal Carei - Castelul K\u00e1rolyi Muzeul Memorial Dr. Vasile Lucaciu, Apa Complex Memorial Ady Endre Muzeul Or\u0103\u0219enesc T\u0103\u0219nad Casa Muzeu T\u0103\u0219nad Atelierul Memorial Paul I. Erd\u0151s, Satu Mare Atelierul Memorial Aurel Popp, Satu Mare Muzeul \u0218v\u0103besc, Petre\u0219ti Muzeul Maghiar\u2026","rel":"","context":"Similar post","block_context":{"text":"Similar post","link":""},"img":{"alt_text":"","src":"https:\/\/i0.wp.com\/muzeusm.ro\/wp-content\/uploads\/2021\/10\/image-2012-07-27-12889443-56-situl-arheologic-bobald.jpg?resize=350%2C200&ssl=1","width":350,"height":200,"srcset":"https:\/\/i0.wp.com\/muzeusm.ro\/wp-content\/uploads\/2021\/10\/image-2012-07-27-12889443-56-situl-arheologic-bobald.jpg?resize=350%2C200&ssl=1 1x, https:\/\/i0.wp.com\/muzeusm.ro\/wp-content\/uploads\/2021\/10\/image-2012-07-27-12889443-56-situl-arheologic-bobald.jpg?resize=525%2C300&ssl=1 1.5x"},"classes":[]},{"id":105,"url":"https:\/\/muzeusm.ro\/hu\/etnografie\/","url_meta":{"origin":221,"position":1},"title":"A kultur\u00e1lis \u00f6r\u00f6ks\u00e9g nyilv\u00e1ntart\u00e1sa, konzerv\u00e1l\u00e1sa \u00e9s restaur\u00e1l\u00e1sa oszt\u00e1ly","author":"andreeaionetecu","date":"19 October 2021","format":false,"excerpt":"{:ro} Coordoneaz\u0103 activit\u0103\u021bile compartimentului Conservare -restaurare \u0219i a compartimentului de Etnografie. Gestioneaz\u0103 patrimoniul Colec\u021biei de etnografie, a Muzeului Memorial dr. Vasile Lucaciu-Apa, a Bisericii de lemn-dr. Vasile Lucaciu-Apa, a Casei \u021a\u0103r\u0103ne\u0219ti C\u0103line\u0219ti Oa\u0219, a Casei \u021a\u0103r\u0103ne\u0219ti Certeze, a Muzeului local Ora\u0219u Nou, a Muzeului local C\u0103m\u0103rzana, a Muzeului local Tur\u021b,\u2026","rel":"","context":"Similar post","block_context":{"text":"Similar post","link":""},"img":{"alt_text":"","src":"","width":0,"height":0},"classes":[]},{"id":62,"url":"https:\/\/muzeusm.ro\/hu\/evenimente\/","url_meta":{"origin":221,"position":2},"title":"Evenimente","author":"andreeaionetecu","date":"19 October 2021","format":false,"excerpt":"Lansare carte: \u201eDe la munte pe h\u0103moac\u0103. 100 de ani de la colonizarea mo\u021bilor\u201d Deschiderea festiv\u0103 a noilor expozi\u021bii de baz\u0103 Noaptea Muzeelor la Sate 2024 23 August 1944 - 80 de ani - Reper istoric Noblesse oblige! Muzee de la Sat - 30 Mai 2024 MUZEUL JUDE\u021aEAN SATU MARE\u2026","rel":"","context":"Similar post","block_context":{"text":"Similar post","link":""},"img":{"alt_text":"","src":"","width":0,"height":0},"classes":[]},{"id":253,"url":"https:\/\/muzeusm.ro\/hu\/gospodaria-taraneasca-turt\/","url_meta":{"origin":221,"position":3},"title":"T\u00e1jh\u00e1z, Turc","author":"andreeaionetecu","date":"20 October 2021","format":false,"excerpt":"{:ro} Muzeul Local Tur\u021b din jude\u021bul Satu Mare. Muzee de la satMuzeul Local Tur\u021b din jude\u021bul Satu Mare. Muzee de la satMuzeul Local Tur\u021b din jude\u021bul Satu Mare. Muzee de la satMuzeul Local Tur\u021b din jude\u021bul Satu Mare. Muzee de la satMuzeul Local Tur\u021b din jude\u021bul Satu Mare. Muzee de\u2026","rel":"","context":"Similar post","block_context":{"text":"Similar post","link":""},"img":{"alt_text":"","src":"https:\/\/i0.wp.com\/muzeusm.ro\/wp-content\/uploads\/2024\/08\/17_Muzeul-Local-Turt_Satu-Mare_Fotograf_Ionut-Teoderascu_240527.jpg?resize=350%2C200&ssl=1","width":350,"height":200,"srcset":"https:\/\/i0.wp.com\/muzeusm.ro\/wp-content\/uploads\/2024\/08\/17_Muzeul-Local-Turt_Satu-Mare_Fotograf_Ionut-Teoderascu_240527.jpg?resize=350%2C200&ssl=1 1x, https:\/\/i0.wp.com\/muzeusm.ro\/wp-content\/uploads\/2024\/08\/17_Muzeul-Local-Turt_Satu-Mare_Fotograf_Ionut-Teoderascu_240527.jpg?resize=525%2C300&ssl=1 1.5x, https:\/\/i0.wp.com\/muzeusm.ro\/wp-content\/uploads\/2024\/08\/17_Muzeul-Local-Turt_Satu-Mare_Fotograf_Ionut-Teoderascu_240527.jpg?resize=700%2C400&ssl=1 2x, https:\/\/i0.wp.com\/muzeusm.ro\/wp-content\/uploads\/2024\/08\/17_Muzeul-Local-Turt_Satu-Mare_Fotograf_Ionut-Teoderascu_240527.jpg?resize=1050%2C600&ssl=1 3x, https:\/\/i0.wp.com\/muzeusm.ro\/wp-content\/uploads\/2024\/08\/17_Muzeul-Local-Turt_Satu-Mare_Fotograf_Ionut-Teoderascu_240527.jpg?resize=1400%2C800&ssl=1 4x"},"classes":[]},{"id":236,"url":"https:\/\/muzeusm.ro\/hu\/muzeul-local-orasu-nou\/","url_meta":{"origin":221,"position":4},"title":"T\u00e1jh\u00e1z, Avas\u00fajv\u00e1ros","author":"andreeaionetecu","date":"20 October 2021","format":false,"excerpt":"{:ro} Muzeul Local Ora\u0219u Nou din jude\u021bul Satu Mare. Muzee de la satMuzeul Local Ora\u0219u Nou din jude\u021bul Satu Mare. Muzee de la satMuzeul Local Ora\u0219u Nou din jude\u021bul Satu Mare. Muzee de la satMuzeul Local Ora\u0219u Nou din jude\u021bul Satu Mare. Muzee de la satMuzeul Local Ora\u0219u Nou din\u2026","rel":"","context":"Similar post","block_context":{"text":"Similar post","link":""},"img":{"alt_text":"","src":"https:\/\/i0.wp.com\/muzeusm.ro\/wp-content\/uploads\/2022\/03\/orasu-nou-4.jpg?resize=350%2C200&ssl=1","width":350,"height":200,"srcset":"https:\/\/i0.wp.com\/muzeusm.ro\/wp-content\/uploads\/2022\/03\/orasu-nou-4.jpg?resize=350%2C200&ssl=1 1x, https:\/\/i0.wp.com\/muzeusm.ro\/wp-content\/uploads\/2022\/03\/orasu-nou-4.jpg?resize=525%2C300&ssl=1 1.5x, https:\/\/i0.wp.com\/muzeusm.ro\/wp-content\/uploads\/2022\/03\/orasu-nou-4.jpg?resize=700%2C400&ssl=1 2x, https:\/\/i0.wp.com\/muzeusm.ro\/wp-content\/uploads\/2022\/03\/orasu-nou-4.jpg?resize=1050%2C600&ssl=1 3x, https:\/\/i0.wp.com\/muzeusm.ro\/wp-content\/uploads\/2022\/03\/orasu-nou-4.jpg?resize=1400%2C800&ssl=1 4x"},"classes":[]},{"id":181,"url":"https:\/\/muzeusm.ro\/hu\/muzeul-orasenesc-tasnad\/","url_meta":{"origin":221,"position":5},"title":"Tasn\u00e1di V\u00e1rosi M\u00fazeum","author":"andreeaionetecu","date":"20 October 2021","format":false,"excerpt":"{:ro} Este g\u0103zduit de conacul nobiliar Cserey-Fischer, aflat \u00een parcul din centrul localit\u0103\u021bii \u0219i dat\u00e2nd din anul 1771. Expozi\u021bia permanent\u0103 prezint\u0103 vestigii arheologice descoperite pe raza localit\u0103\u021bii, obiectecare ilustreaz\u0103 istoria \u0219i arta popular\u0103 local\u0103. Expozi\u021bia se remarc\u0103 \u00eendeosebi prin bogata colec\u021bie ce ilustreaz\u0103 activitatea breslelor \u0219i ame\u0219te\u0219ugarilor din localitate. Program:\u2026","rel":"","context":"Similar post","block_context":{"text":"Similar post","link":""},"img":{"alt_text":"","src":"https:\/\/i0.wp.com\/muzeusm.ro\/wp-content\/uploads\/2025\/01\/Screenshot-2025-01-27-084622.png?resize=350%2C200&ssl=1","width":350,"height":200,"srcset":"https:\/\/i0.wp.com\/muzeusm.ro\/wp-content\/uploads\/2025\/01\/Screenshot-2025-01-27-084622.png?resize=350%2C200&ssl=1 1x, https:\/\/i0.wp.com\/muzeusm.ro\/wp-content\/uploads\/2025\/01\/Screenshot-2025-01-27-084622.png?resize=525%2C300&ssl=1 1.5x, https:\/\/i0.wp.com\/muzeusm.ro\/wp-content\/uploads\/2025\/01\/Screenshot-2025-01-27-084622.png?resize=700%2C400&ssl=1 2x, https:\/\/i0.wp.com\/muzeusm.ro\/wp-content\/uploads\/2025\/01\/Screenshot-2025-01-27-084622.png?resize=1050%2C600&ssl=1 3x, https:\/\/i0.wp.com\/muzeusm.ro\/wp-content\/uploads\/2025\/01\/Screenshot-2025-01-27-084622.png?resize=1400%2C800&ssl=1 4x"},"classes":[]}],"jetpack_sharing_enabled":true,"jetpack_shortlink":"https:\/\/wp.me\/PfvnyQ-3z","_links":{"self":[{"href":"https:\/\/muzeusm.ro\/hu\/wp-json\/wp\/v2\/pages\/221","targetHints":{"allow":["GET"]}}],"collection":[{"href":"https:\/\/muzeusm.ro\/hu\/wp-json\/wp\/v2\/pages"}],"about":[{"href":"https:\/\/muzeusm.ro\/hu\/wp-json\/wp\/v2\/types\/page"}],"author":[{"embeddable":true,"href":"https:\/\/muzeusm.ro\/hu\/wp-json\/wp\/v2\/users\/183061330"}],"replies":[{"embeddable":true,"href":"https:\/\/muzeusm.ro\/hu\/wp-json\/wp\/v2\/comments?post=221"}],"version-history":[{"count":4,"href":"https:\/\/muzeusm.ro\/hu\/wp-json\/wp\/v2\/pages\/221\/revisions"}],"predecessor-version":[{"id":16179,"href":"https:\/\/muzeusm.ro\/hu\/wp-json\/wp\/v2\/pages\/221\/revisions\/16179"}],"wp:attachment":[{"href":"https:\/\/muzeusm.ro\/hu\/wp-json\/wp\/v2\/media?parent=221"}],"curies":[{"name":"wp","href":"https:\/\/api.w.org\/{rel}","templated":true}]}}