{"id":17083,"date":"2025-11-15T16:58:37","date_gmt":"2025-11-15T14:58:37","guid":{"rendered":"https:\/\/muzeusm.ro\/?page_id=17083"},"modified":"2025-11-15T16:59:30","modified_gmt":"2025-11-15T14:59:30","slug":"history-escape-room-muzeul-jud-satu-mare-szatmar-megyei-muzeum","status":"publish","type":"page","link":"https:\/\/muzeusm.ro\/hu\/history-escape-room-muzeul-jud-satu-mare-szatmar-megyei-muzeum\/","title":{"rendered":"History Escape Room"},"content":{"rendered":"\n<p><strong>The first romaniai escape room in a museum!\/Primul joc de evadare din Rom\u00e2nia \u00eentr-un muzeu!\/ Rom\u00e1nia els\u0151 m\u00fazeumi szabadul\u00f3szob\u00e1ja!<\/strong><\/p>\n\n\n\n<figure class=\"wp-block-image\"><img loading=\"lazy\" decoding=\"async\" width=\"1625\" height=\"914\" data-attachment-id=\"17085\" data-permalink=\"https:\/\/muzeusm.ro\/hu\/469627961_907345558255516_2698275486756624331_n-2\/\" data-orig-file=\"https:\/\/muzeusm.ro\/wp-content\/uploads\/2025\/11\/469627961_907345558255516_2698275486756624331_n-edited.jpg\" data-orig-size=\"1625,914\" data-comments-opened=\"1\" data-image-meta=\"{&quot;aperture&quot;:&quot;0&quot;,&quot;credit&quot;:&quot;&quot;,&quot;camera&quot;:&quot;&quot;,&quot;caption&quot;:&quot;&quot;,&quot;created_timestamp&quot;:&quot;0&quot;,&quot;copyright&quot;:&quot;&quot;,&quot;focal_length&quot;:&quot;0&quot;,&quot;iso&quot;:&quot;0&quot;,&quot;shutter_speed&quot;:&quot;0&quot;,&quot;title&quot;:&quot;&quot;,&quot;orientation&quot;:&quot;0&quot;}\" data-image-title=\"469627961_907345558255516_2698275486756624331_n\" data-image-description=\"\" data-image-caption=\"\" data-medium-file=\"https:\/\/muzeusm.ro\/wp-content\/uploads\/2025\/11\/469627961_907345558255516_2698275486756624331_n-edited-300x169.jpg\" data-large-file=\"https:\/\/muzeusm.ro\/wp-content\/uploads\/2025\/11\/469627961_907345558255516_2698275486756624331_n-edited-1024x576.jpg\" src=\"https:\/\/muzeusm.ro\/wp-content\/uploads\/2025\/11\/469627961_907345558255516_2698275486756624331_n-edited.jpg\" alt=\"\" class=\"wp-image-17085\" srcset=\"https:\/\/muzeusm.ro\/wp-content\/uploads\/2025\/11\/469627961_907345558255516_2698275486756624331_n-edited.jpg 1625w, https:\/\/muzeusm.ro\/wp-content\/uploads\/2025\/11\/469627961_907345558255516_2698275486756624331_n-edited-300x169.jpg 300w, https:\/\/muzeusm.ro\/wp-content\/uploads\/2025\/11\/469627961_907345558255516_2698275486756624331_n-edited-1024x576.jpg 1024w, https:\/\/muzeusm.ro\/wp-content\/uploads\/2025\/11\/469627961_907345558255516_2698275486756624331_n-edited-768x432.jpg 768w, https:\/\/muzeusm.ro\/wp-content\/uploads\/2025\/11\/469627961_907345558255516_2698275486756624331_n-edited-1536x864.jpg 1536w, https:\/\/muzeusm.ro\/wp-content\/uploads\/2025\/11\/469627961_907345558255516_2698275486756624331_n-edited-1568x882.jpg 1568w\" sizes=\"auto, (max-width: 1625px) 100vw, 1625px\" \/><\/figure>\n\n\n\n<p><strong>Camera de evadare e deschis\u0103 de luni p\u00e2n\u0103 vineri \u00een intervalul orar 9.00-18.00, ultima echip\u0103 \u00eentr\u00e2nd la ora 17.00! <\/strong>Pentru rezervare completa\u021bi formularul de mai jos! <\/p>\n\n\n\n<p><strong>RO: Biroul P.C.R: Recomand\u0103m jocul peste 15 ani. Accept\u0103m grupuri de min. 3, max. 6 persoane, cel mai indicat este 4-5. Pre\u021bul biletelor este de 45 de RON adul\u021bi, 30 RON sub 18. ani.<\/strong><br><strong>HU: Biroul P.C.R: A j\u00e1t\u00e9kot 15 \u00e9v f\u00f6l\u00f6tt aj\u00e1nljuk. Min. 3, max. 6 szem\u00e9lyes csoportokat tudunk fogadni, javasoljuk a minimum 4 embert. Jegy\u00e1rak: Feln\u0151tteknek 45 RON, 18 \u00e9v alatt 30 RON.<br>EN: Biroul P.C.R: We recommend the game above the age of 15. We accept groups of min. 3, max. 6 people, the most suitable is 5. The ticket price is 45 RON for adults, 15 RON under 18 years.<\/strong><\/p>\n\n\n<div class=\"wp-block-jetpack-contact-form\"><a href=\"https:\/\/muzeusm.ro\/hu\/history-escape-room-muzeul-jud-satu-mare-szatmar-megyei-muzeum\/\" target=\"_blank\" rel=\"noopener noreferrer\">Submit a form.<\/a><\/div>","protected":false},"excerpt":{"rendered":"<p>The first romaniai escape room in a museum!\/Primul joc de evadare din Rom\u00e2nia \u00eentr-un muzeu!\/ Rom\u00e1nia els\u0151 m\u00fazeumi szabadul\u00f3szob\u00e1ja! Camera de evadare e deschis\u0103 de luni p\u00e2n\u0103 vineri \u00een intervalul orar 9.00-18.00, ultima echip\u0103 \u00eentr\u00e2nd la ora 17.00! Pentru rezervare completa\u021bi formularul de mai jos! RO: Biroul P.C.R: Recomand\u0103m jocul peste 15 ani. Accept\u0103m grupuri<a class=\"more-link\" href=\"https:\/\/muzeusm.ro\/hu\/history-escape-room-muzeul-jud-satu-mare-szatmar-megyei-muzeum\/\">Continue reading <span class=\"screen-reader-text\">&#8220;History Escape Room&#8221;<\/span><\/a><\/p>\n","protected":false},"author":245723488,"featured_media":0,"parent":0,"menu_order":0,"comment_status":"closed","ping_status":"closed","template":"","meta":{"_coblocks_attr":"","_coblocks_dimensions":"","_coblocks_responsive_height":"","_coblocks_accordion_ie_support":"","advanced_seo_description":"","jetpack_seo_html_title":"","jetpack_seo_noindex":false,"jetpack_post_was_ever_published":false,"footnotes":""},"class_list":["post-17083","page","type-page","status-publish","hentry","entry"],"translation":{"provider":"WPGlobus","version":"3.0.1","language":"hu","enabled_languages":["ro","hu","en"],"languages":{"ro":{"title":true,"content":true,"excerpt":false},"hu":{"title":false,"content":false,"excerpt":false},"en":{"title":false,"content":false,"excerpt":false}}},"jetpack_likes_enabled":true,"jetpack-related-posts":[{"id":17090,"url":"https:\/\/muzeusm.ro\/hu\/history-escape-room\/","url_meta":{"origin":17083,"position":0},"title":"History Escape Room","author":"Kov\u00e1cs Zsolt","date":"15 November 2025","format":false,"excerpt":"The first romaniai escape room in a museum!\/Primul joc de evadare din Rom\u00e2nia \u00eentr-un muzeu!\/ Rom\u00e1nia els\u0151 m\u00fazeumi szabadul\u00f3szob\u00e1ja! Camera de evadare e deschis\u0103 de luni p\u00e2n\u0103 vineri \u00een intervalul orar 9.00-18.00, ultima echip\u0103 \u00eentr\u00e2nd la ora 17.00! Pentru rezervare completa\u021bi formularul de mai jos! RO: Biroul P.C.R: Recomand\u0103m jocul\u2026","rel":"","context":"Similar post","block_context":{"text":"Similar post","link":""},"img":{"alt_text":"","src":"https:\/\/i0.wp.com\/muzeusm.ro\/wp-content\/uploads\/2025\/11\/469627961_907345558255516_2698275486756624331_n-edited.jpg?resize=350%2C200&ssl=1","width":350,"height":200,"srcset":"https:\/\/i0.wp.com\/muzeusm.ro\/wp-content\/uploads\/2025\/11\/469627961_907345558255516_2698275486756624331_n-edited.jpg?resize=350%2C200&ssl=1 1x, https:\/\/i0.wp.com\/muzeusm.ro\/wp-content\/uploads\/2025\/11\/469627961_907345558255516_2698275486756624331_n-edited.jpg?resize=525%2C300&ssl=1 1.5x, https:\/\/i0.wp.com\/muzeusm.ro\/wp-content\/uploads\/2025\/11\/469627961_907345558255516_2698275486756624331_n-edited.jpg?resize=700%2C400&ssl=1 2x, https:\/\/i0.wp.com\/muzeusm.ro\/wp-content\/uploads\/2025\/11\/469627961_907345558255516_2698275486756624331_n-edited.jpg?resize=1050%2C600&ssl=1 3x, https:\/\/i0.wp.com\/muzeusm.ro\/wp-content\/uploads\/2025\/11\/469627961_907345558255516_2698275486756624331_n-edited.jpg?resize=1400%2C800&ssl=1 4x"},"classes":[]},{"id":17194,"url":"https:\/\/muzeusm.ro\/hu\/turist-in-satu-mare\/","url_meta":{"origin":17083,"position":1},"title":"Turist \u00een Satu Mare","author":"norbertlorincz","date":"19 January 2026","format":false,"excerpt":"Oferta noastr\u0103 turistic\u0103 pentru c\u0103l\u0103torii pline de istorie \u0219i aventur\u0103! History Escape Room - CAMER\u0103 de evadare Tururi istorice Expozi\u021biile de Baz\u0103 ale Muzeului Jude\u021bean Satu mare Muzeul Jocurilor pe Calculator","rel":"","context":"Similar post","block_context":{"text":"Similar post","link":""},"img":{"alt_text":"","src":"","width":0,"height":0},"classes":[]},{"id":261,"url":"https:\/\/muzeusm.ro\/hu\/rezervatia-arheologica-mediesu-aurit\/","url_meta":{"origin":17083,"position":2},"title":"Az aranyosmeggyesi r\u00e9g\u00e9szeti park","author":"andreeaionetecu","date":"20 October 2021","format":false,"excerpt":"{:ro} Situl arheologic de la Medie\u0219u Aurit\u2013\u015euculeu se \u00eentinde pe o suprafa\u021b\u0103 de cca. 12-15 ha, fiind situat pe terasa sudic\u0103 a p\u00e2r\u00e2ului Racta. Pe parcursul secolelor I-IV d.Hr., \u00een acest loc s-a format o a\u0219ezare care a devenit un centru regional de produc\u021bie a ceramicii, specializat \u00een fabricarea vaselor\u2026","rel":"","context":"Similar post","block_context":{"text":"Similar post","link":""},"img":{"alt_text":"","src":"https:\/\/i0.wp.com\/muzeusm.ro\/wp-content\/uploads\/2022\/03\/58.cuptoarele_dacice_de_la_medie_u_aurit_1.jpg?resize=350%2C200&ssl=1","width":350,"height":200,"srcset":"https:\/\/i0.wp.com\/muzeusm.ro\/wp-content\/uploads\/2022\/03\/58.cuptoarele_dacice_de_la_medie_u_aurit_1.jpg?resize=350%2C200&ssl=1 1x, https:\/\/i0.wp.com\/muzeusm.ro\/wp-content\/uploads\/2022\/03\/58.cuptoarele_dacice_de_la_medie_u_aurit_1.jpg?resize=525%2C300&ssl=1 1.5x, https:\/\/i0.wp.com\/muzeusm.ro\/wp-content\/uploads\/2022\/03\/58.cuptoarele_dacice_de_la_medie_u_aurit_1.jpg?resize=700%2C400&ssl=1 2x, https:\/\/i0.wp.com\/muzeusm.ro\/wp-content\/uploads\/2022\/03\/58.cuptoarele_dacice_de_la_medie_u_aurit_1.jpg?resize=1050%2C600&ssl=1 3x, https:\/\/i0.wp.com\/muzeusm.ro\/wp-content\/uploads\/2022\/03\/58.cuptoarele_dacice_de_la_medie_u_aurit_1.jpg?resize=1400%2C800&ssl=1 4x"},"classes":[]},{"id":181,"url":"https:\/\/muzeusm.ro\/hu\/muzeul-orasenesc-tasnad\/","url_meta":{"origin":17083,"position":3},"title":"Tasn\u00e1di V\u00e1rosi M\u00fazeum","author":"andreeaionetecu","date":"20 October 2021","format":false,"excerpt":"{:ro} Este g\u0103zduit de conacul nobiliar Cserey-Fischer, aflat \u00een parcul din centrul localit\u0103\u021bii \u0219i dat\u00e2nd din anul 1771. Expozi\u021bia permanent\u0103 prezint\u0103 vestigii arheologice descoperite pe raza localit\u0103\u021bii, obiectecare ilustreaz\u0103 istoria \u0219i arta popular\u0103 local\u0103. Expozi\u021bia se remarc\u0103 \u00eendeosebi prin bogata colec\u021bie ce ilustreaz\u0103 activitatea breslelor \u0219i ame\u0219te\u0219ugarilor din localitate. Program:\u2026","rel":"","context":"Similar post","block_context":{"text":"Similar post","link":""},"img":{"alt_text":"","src":"https:\/\/i0.wp.com\/muzeusm.ro\/wp-content\/uploads\/2025\/01\/Screenshot-2025-01-27-084622.png?resize=350%2C200&ssl=1","width":350,"height":200,"srcset":"https:\/\/i0.wp.com\/muzeusm.ro\/wp-content\/uploads\/2025\/01\/Screenshot-2025-01-27-084622.png?resize=350%2C200&ssl=1 1x, https:\/\/i0.wp.com\/muzeusm.ro\/wp-content\/uploads\/2025\/01\/Screenshot-2025-01-27-084622.png?resize=525%2C300&ssl=1 1.5x, https:\/\/i0.wp.com\/muzeusm.ro\/wp-content\/uploads\/2025\/01\/Screenshot-2025-01-27-084622.png?resize=700%2C400&ssl=1 2x, https:\/\/i0.wp.com\/muzeusm.ro\/wp-content\/uploads\/2025\/01\/Screenshot-2025-01-27-084622.png?resize=1050%2C600&ssl=1 3x, https:\/\/i0.wp.com\/muzeusm.ro\/wp-content\/uploads\/2025\/01\/Screenshot-2025-01-27-084622.png?resize=1400%2C800&ssl=1 4x"},"classes":[]},{"id":16242,"url":"https:\/\/muzeusm.ro\/hu\/educatie-muzeala\/","url_meta":{"origin":17083,"position":4},"title":"Educa\u021bie Muzeal\u0103","author":"Kov\u00e1cs Zsolt","date":"30 January 2025","format":false,"excerpt":"Activit\u0103\u021bi de educa\u021bie muzeal\u0103 pentru programul \u201e\u0218coala Altfel\u201d Activit\u0103\u021bi de educa\u021bie muzeal\u0103 pentru programul \u201eS\u0103pt\u0103m\u00e2na verde\u201d Activit\u0103\u021bi la Muzeul de Art\u0103 \u00a0Activit\u0103\u021bi la Muzeul Municipal Carei \u0219i Muzeul Or\u0103\u0219enesc T\u0103\u0219nad History Escape Room","rel":"","context":"Similar post","block_context":{"text":"Similar post","link":""},"img":{"alt_text":"","src":"","width":0,"height":0},"classes":[]},{"id":196,"url":"https:\/\/muzeusm.ro\/hu\/casa-muzeu-tasnad\/","url_meta":{"origin":17083,"position":5},"title":"T\u00e1jh\u00e1z, Tasn\u00e1d","author":"andreeaionetecu","date":"20 October 2021","format":false,"excerpt":"{:ro} Casa \u021b\u0103r\u0103neasc\u0103 specific\u0103 zonei s\u0103tm\u0103rene de c\u00e2mpie este compus\u0103 din tind\u0103, camera din f\u00e2\u021b\u0103 (sau camera curat\u0103) \u0219i camera de locuit, urmat\u0103 de camer\u0103 \u0219i buc\u0103t\u0103ria de var\u0103. Casa a fost str\u0103mutat\u0103 din localitatea S\u00e2nmicl\u0103u\u0219 \u0219i se din 1903. \u00cen prima \u00eenc\u0103pere este amenajat\u0103 un interior tradi\u021bional, majoritatea obiectelor\u2026","rel":"","context":"Similar post","block_context":{"text":"Similar post","link":""},"img":{"alt_text":"","src":"https:\/\/i0.wp.com\/muzeusm.ro\/wp-content\/uploads\/2022\/03\/tasnad-casa-muzeu-2.jpg?resize=350%2C200&ssl=1","width":350,"height":200,"srcset":"https:\/\/i0.wp.com\/muzeusm.ro\/wp-content\/uploads\/2022\/03\/tasnad-casa-muzeu-2.jpg?resize=350%2C200&ssl=1 1x, https:\/\/i0.wp.com\/muzeusm.ro\/wp-content\/uploads\/2022\/03\/tasnad-casa-muzeu-2.jpg?resize=525%2C300&ssl=1 1.5x, https:\/\/i0.wp.com\/muzeusm.ro\/wp-content\/uploads\/2022\/03\/tasnad-casa-muzeu-2.jpg?resize=700%2C400&ssl=1 2x, https:\/\/i0.wp.com\/muzeusm.ro\/wp-content\/uploads\/2022\/03\/tasnad-casa-muzeu-2.jpg?resize=1050%2C600&ssl=1 3x, https:\/\/i0.wp.com\/muzeusm.ro\/wp-content\/uploads\/2022\/03\/tasnad-casa-muzeu-2.jpg?resize=1400%2C800&ssl=1 4x"},"classes":[]}],"jetpack_sharing_enabled":true,"jetpack_shortlink":"https:\/\/wp.me\/PfvnyQ-4rx","_links":{"self":[{"href":"https:\/\/muzeusm.ro\/hu\/wp-json\/wp\/v2\/pages\/17083","targetHints":{"allow":["GET"]}}],"collection":[{"href":"https:\/\/muzeusm.ro\/hu\/wp-json\/wp\/v2\/pages"}],"about":[{"href":"https:\/\/muzeusm.ro\/hu\/wp-json\/wp\/v2\/types\/page"}],"author":[{"embeddable":true,"href":"https:\/\/muzeusm.ro\/hu\/wp-json\/wp\/v2\/users\/245723488"}],"replies":[{"embeddable":true,"href":"https:\/\/muzeusm.ro\/hu\/wp-json\/wp\/v2\/comments?post=17083"}],"version-history":[{"count":3,"href":"https:\/\/muzeusm.ro\/hu\/wp-json\/wp\/v2\/pages\/17083\/revisions"}],"predecessor-version":[{"id":17089,"href":"https:\/\/muzeusm.ro\/hu\/wp-json\/wp\/v2\/pages\/17083\/revisions\/17089"}],"wp:attachment":[{"href":"https:\/\/muzeusm.ro\/hu\/wp-json\/wp\/v2\/media?parent=17083"}],"curies":[{"name":"wp","href":"https:\/\/api.w.org\/{rel}","templated":true}]}}