{"id":16476,"date":"2025-03-18T10:18:05","date_gmt":"2025-03-18T08:18:05","guid":{"rendered":"https:\/\/muzeusm.ro\/?page_id=16476"},"modified":"2025-05-14T11:54:59","modified_gmt":"2025-05-14T08:54:59","slug":"14-mai-1970-55-de-ani-de-la-tragedie","status":"publish","type":"page","link":"https:\/\/muzeusm.ro\/hu\/14-mai-1970-55-de-ani-de-la-tragedie\/","title":{"rendered":"14 Mai 1970 &#8211; 55 de ani de la tragedie"},"content":{"rendered":"\n<p><\/p>\n\n\n\n<h2 class=\"wp-block-heading\">Tragedie \u0219i rena\u0219tere. Fe\u021be ale unei calamit\u0103\u021bi &#8211; inunda\u021bia din 14 mai 1970 \u00een Satu Mare  <\/h2>\n\n\n\n<h2 class=\"wp-block-heading\">Pusztul\u00e1s \u00e9s \u00fajj\u00e1sz\u00fclet\u00e9s. Egy csap\u00e1s t\u00f6bb arca \u2013 az 1970. m\u00e1jus 14-i szatm\u00e1ri \u00e1rv\u00edz<\/h2>\n\n\n\n<h3 class=\"wp-block-heading\">Pentru a comemora 55 de ani de la evenimentele catastrofale din mai 1970, Sec\u021bia de Istorie a Muzeului Jude\u021bean Satu Mare v\u0103 propune, printr-o expozi\u021bie virtual\u0103, vizualizarea unor fotografii, film\u0103ri \u0219i documente inedite de arhiv\u0103, ce stau m\u0103rturie la tragedia de acum 55 de ani. Fotografiile au fost realizate de Gheorghe Iancu, Martin Sarca, Janitzky P\u00e1l \u0219i al\u021bi fotografi profesioni\u0219ti sau amatori din Satu Mare. Materialele expuse provin de la Muzeul Jude\u0163ean Satu Mare, Administra\u0163ia Bazinal\u0103 de Ap\u0103 Some\u015f-Tisa. Sistemul de Gospod\u0103rire a Apelor Satu Mare, Biblioteca Jude\u0163ean\u0103 Satu Mare, Arhiva Prim\u0103riei Municipiului Satu Mare, Arhivele Na\u021bionale ale Rom\u00e2niei &#8211; Biroul Jude\u0163ean Satu Mare, TVR \u015fi alte surse on-line, c\u0103rora \u0163inem s\u0103 le mul\u0163umim \u015fi pe aceast\u0103 cale pentru excelenta colaborare. Inten\u0163ia noastr\u0103 \u015fi a partenerilor, sub coordonarea Prim\u0103riei Municipiului Satu Mare, a fost cu totul alta, dorind s\u0103 realiz\u0103m cea mai mare expozi\u0163ie stradal\u0103 din istoria ora\u015fului, \u00een care s\u0103 surprindem at\u00e2t cursul Some\u015fului de-a lungul istoriei S\u0103tmarului, c\u00e2t \u015fi tragicele evenimente din 14 mai 1970, urmate de reconstruc\u0163ia \u015fi urbanizarea ora\u015fului nostru. Din p\u0103cate, situa\u0163ia cunoscut\u0103 prin care trecem ast\u0103zi, ne-a obligat s\u0103 adopt\u0103m aceast\u0103 solu\u0163ie de expozi\u0163ie virtual\u0103, pentru ca s\u0103tm\u0103renii s\u0103 nu uite ceea ce s-a \u00eent\u00e2mplat \u00een urm\u0103 cu o jum\u0103tate de secol, Satu Mare fiind cea mai afectat\u0103 localitate din Rom\u00e2nia de aceste inunda\u0163ii. Men\u0163ion\u0103m c\u0103 toate drepturile de autor, conform legisla\u0163iei \u00een vigoare, apar\u0163in Muzeului Jude\u0163ean Satu Mare \u015fi partenerilor, multiplicarea sau utilizarea f\u0103r\u0103 acordul nostru a informa\u0163iilor \u015fi a imaginilor expuse\u00a0fiind interzis\u0103.<\/h3>\n\n\n\n<h3 class=\"wp-block-heading\">Az 1970. m\u00e1jus\u00e1ban bek\u00f6vetkezett tragikus esem\u00e9nyek 55. \u00e9vfordul\u00f3ja alkalm\u00e1b\u00f3l a Szatm\u00e1r Megyei M\u00fazeum t\u00f6rt\u00e9nelem r\u00e9szlege virtu\u00e1lis ki\u00e1ll\u00edt\u00e1son kereszt\u00fcl eml\u00e9kezik az \u00e1rv\u00edzre a korabeli id\u0151kb\u0151l sz\u00e1rmaz\u00f3 f\u00e9nyk\u00e9pek, vide\u00f3k \u00e9s arch\u00edv dokumentumok k\u00f6zz\u00e9t\u00e9tel\u00e9vel, amelyek hiteles tan\u00fai a f\u00e9l \u00e9vsz\u00e1zaddal ezel\u0151tti term\u00e9szeti csap\u00e1snak. A k\u00e9pek Gheorghe Iancu, Martin Sarca, Janitzky P\u00e1l \u00e9s m\u00e1s szatm\u00e1ri f\u00e9nyk\u00e9p\u00e9szek alkot\u00e1sai. A bemutatott korabeli filmek, f\u00e9nyk\u00e9pek, napilapok \u00e9s a lev\u00e9lt\u00e1ri dokumentumok a Szatm\u00e1rn\u00e9meti Megyei M\u00fazeum, a Szamos &#8211; Tisza Medence V\u00edz\u00fcgyi Igazgat\u00f3s\u00e1ga, Szatm\u00e1ri V\u00edzgazd\u00e1lkod\u00e1si Hivatala, a Szatm\u00e1r Megyei K\u00f6nyvt\u00e1r, a Szatm\u00e1rn\u00e9meti V\u00e1rosh\u00e1za arch\u00edvum\u00e1b\u00f3l, a Rom\u00e1nia Orsz\u00e1gos Lev\u00e9lt\u00e1ra, Szatm\u00e1r Megyei Irod\u00e1ja, a Rom\u00e1n Telev\u00edzi\u00f3 \u00e9s egy\u00e9b online forr\u00e1sokb\u00f3l sz\u00e1rmaznak, \u00e9s a ki\u00e1ll\u00edt\u00e1s \u00f6ssze\u00e1ll\u00edt\u00e1s\u00e1ban k\u00f6zrem\u0171k\u00f6d\u0151 int\u00e9zm\u00e9nyeknek ez\u00faton szeretn\u00e9nk megk\u00f6sz\u00f6nni a kiv\u00e1l\u00f3 egy\u00fcttm\u0171k\u00f6d\u00e9st. Janitzky P\u00e1l f\u00e9nyk\u00e9pei a csal\u00e1d \u00f6r\u00f6k\u00f6s\u00e9nek, Pozsonyi P\u00e9ternek mag\u00e1ntulajdon\u00e1t k\u00e9pezik. A Szatm\u00e1rn\u00e9meti Polg\u00e1rmesteri Hivatal\u00e1nak kezdem\u00e9nyez\u00e9s\u00e9ben, mind mi, mind partnereink egy teljesen m\u00e1s elk\u00e9pzel\u00e9st akartunk megval\u00f3s\u00edtani, a v\u00e1ros t\u00f6rt\u00e9net\u00e9nek eddigi legnagyobb horderej\u0171 utcai ki\u00e1ll\u00edt\u00e1s\u00e1t szerett\u00fck volna megrendezni, amelyben kiemelt\u00fck volna a Szatm\u00e1r t\u00f6rt\u00e9net\u00e9ben az id\u0151k sor\u00e1n oly fontos szerepet j\u00e1tsz\u00f3 Szamos foly\u00f3 jelent\u0151s\u00e9g\u00e9t, \u00edgy bemutatva az 1970. m\u00e1jus 14-i tragikus esem\u00e9nyeket, amelyeket azt\u00e1n v\u00e1rosunk \u00fajj\u00e1\u00e9p\u00edt\u00e9se \u00e9s moderniz\u00e1ci\u00f3ja k\u00f6vetett. Sajnos a jelenlegi helyzet, arra k\u00e9sztetett benn\u00fcnket, hogy ezt a virtu\u00e1lis ki\u00e1ll\u00edt\u00e1si megold\u00e1st alkalmazzuk, azt szem el\u0151tt tartva, hogy a szatm\u00e1ri emberek eml\u00e9kezzenek arra, mi t\u00f6rt\u00e9nt f\u00e9l \u00e9vsz\u00e1zaddal ezel\u0151tt, mivel Szatm\u00e1r volt az \u00e1rv\u00edz \u00e1ltal legink\u00e1bb s\u00fajtott telep\u00fcl\u00e9s Rom\u00e1ni\u00e1ban. Itt szeretn\u00e9nk megeml\u00edteni, hogy a hat\u00e1lyos jogszab\u00e1lyok szerint valamennyi szerz\u0151i jog a Szatm\u00e1r Megyei M\u00fazeum \u00e9s partnereinek tulajdon\u00e1ban van, a megjelen\u00edtett inform\u00e1ci\u00f3k \u00e9s a ki\u00e1ll\u00edtott k\u00e9pek sokszoros\u00edt\u00e1sa vagy felhaszn\u00e1l\u00e1sa a tulajdonos beleegyez\u00e9se n\u00e9lk\u00fcl tilos.<\/h3>\n\n\n\n<ul class=\"wp-block-list\">\n<li><a href=\"https:\/\/muzeusm.ro\/imagini-kepek\/\" target=\"_blank\" rel=\"noreferrer noopener\">Imagini de epoc\u0103 \/ Korabeli f\u00e9nyk\u00e9pek<\/a><\/li>\n\n\n\n<li><strong><a href=\"https:\/\/muzeusm.ro\/multimedia-14-mai\/\" target=\"_blank\" rel=\"noreferrer noopener\">Film\u0103ri de epoc\u0103 \/ Korabeli filmfelv\u00e9telek<\/a>&nbsp;&nbsp;<\/strong><\/li>\n\n\n\n<li><strong><a href=\"https:\/\/muzeusm.ro\/presa-sajto-1970\/\" target=\"_blank\" rel=\"noreferrer noopener\">Materiale din presa local\u0103 \/ Helyi Sajt\u00f3<\/a>&nbsp;<\/strong><\/li>\n\n\n\n<li><a href=\"https:\/\/muzeusm.ro\/documente-de-arhiva\/\" target=\"_blank\" rel=\"noreferrer noopener\">Documente de arhiv\u0103 \/ Lev\u00e9lt\u00e1ri forr\u00e1sok<\/a><\/li>\n\n\n\n<li><a href=\"https:\/\/muzeusm.ro\/comemorarea-megemlekezes\/\" target=\"_blank\" rel=\"noreferrer noopener\">Comemorarea inunda\u021biilor \/ Megeml\u00e9kez\u00e9sek az \u00e1rv\u00edzr\u0151l<\/a><\/li>\n<\/ul>\n\n\n\n<p><a href=\"http:\/\/www.muzeusm.ro\/wp-content\/uploads\/2020\/04\/51C90NR5QEL._AC_SS350_.jpg\"><\/a>\u00a0Stima\u021bi s\u0103tm\u0103reni, v\u0103 invit\u0103m s\u0103 viziona\u021bi acest film marcant pentru municipiul Satu Mare. Pentru c\u0103 situa\u021bia actual\u0103 nu ne-a permis s\u0103 comemor\u0103m cum ne-am fi dorit, \u00eencerc\u0103m s\u0103 v\u0103 aducem aminte despre tragedia care a avut loc \u00een urm\u0103 cu 55 de ani. \u00cen acela\u0219i timp dorim s\u0103 atragem aten\u021bia tinerilor asupra unor \u00eent\u00e2mpl\u0103ri care au dus la rena\u0219terea ora\u0219ului.<\/p>\n\n\n\n<p><a href=\"http:\/\/www.muzeusm.ro\/wp-content\/uploads\/2020\/04\/Presentation1109-944x350.png\"><\/a>\u00a0Tisztelt szatm\u00e1riak! K\u00e9rj\u00fck tekints\u00e9k meg az al\u00e1bbi, Szatm\u00e1rn\u00e9meti sz\u00e1m\u00e1ra eml\u00e9kezetes filmet. Mivel a jelenlegi helyzet nem engedi meg a hagyom\u00e1nyos m\u00f3don val\u00f3 megeml\u00e9kez\u00e9st, ezzel a filmmel eml\u00e9kez\u00fcnk az 55 \u00e9vvel ezel\u0151tti trag\u00e9di\u00e1ra. A film ugyanakkor fontos a fiatalok sz\u00e1m\u00e1ra is, hiszen egy olyan esem\u00e9nyr\u0151l van sz\u00f3, amely nyom\u00e1n \u00fajj\u00e1sz\u00fcletett a v\u00e1rosunk.<\/p>\n\n\n<p><iframe loading=\"lazy\" title=\"Satu Mare rena\u0219te prin solidaritate - 14 Mai 1970\" width=\"750\" height=\"422\" src=\"https:\/\/www.youtube.com\/embed\/6CoC0zF64u0?start=7&#038;feature=oembed\" frameborder=\"0\" allow=\"accelerometer; autoplay; clipboard-write; encrypted-media; gyroscope; picture-in-picture; web-share\" referrerpolicy=\"strict-origin-when-cross-origin\" allowfullscreen><\/iframe><\/p>\n\n\n\n<p>Surs\u0103: Pagina oficial\u0103 de Youtube a&nbsp;<a href=\"https:\/\/www.youtube.com\/watch?time_continue=7&amp;v=6CoC0zF64u0&amp;feature=emb_logo\">Prim\u0103ria Satu Mare<\/a><\/p>\n\n\n\n<!--more-->\n","protected":false},"excerpt":{"rendered":"<p>Tragedie \u0219i rena\u0219tere. Fe\u021be ale unei calamit\u0103\u021bi &#8211; inunda\u021bia din 14 mai 1970 \u00een Satu Mare Pusztul\u00e1s \u00e9s \u00fajj\u00e1sz\u00fclet\u00e9s. Egy csap\u00e1s t\u00f6bb arca \u2013 az 1970. m\u00e1jus 14-i szatm\u00e1ri \u00e1rv\u00edz Pentru a comemora 55 de ani de la evenimentele catastrofale din mai 1970, Sec\u021bia de Istorie a Muzeului Jude\u021bean Satu Mare v\u0103 propune, printr-o expozi\u021bie<a class=\"more-link\" href=\"https:\/\/muzeusm.ro\/hu\/14-mai-1970-55-de-ani-de-la-tragedie\/\">Continue reading <span class=\"screen-reader-text\">&#8220;14 Mai 1970 &#8211; 55 de ani de la tragedie&#8221;<\/span><\/a><\/p>\n","protected":false},"author":243833644,"featured_media":16634,"parent":0,"menu_order":0,"comment_status":"closed","ping_status":"closed","template":"","meta":{"_coblocks_attr":"","_coblocks_dimensions":"","_coblocks_responsive_height":"","_coblocks_accordion_ie_support":"","advanced_seo_description":"","jetpack_seo_html_title":"","jetpack_seo_noindex":false,"jetpack_post_was_ever_published":false,"footnotes":""},"class_list":["post-16476","page","type-page","status-publish","has-post-thumbnail","hentry","entry"],"translation":{"provider":"WPGlobus","version":"3.0.1","language":"hu","enabled_languages":["ro","hu","en"],"languages":{"ro":{"title":true,"content":true,"excerpt":false},"hu":{"title":false,"content":false,"excerpt":false},"en":{"title":false,"content":false,"excerpt":false}}},"jetpack_likes_enabled":true,"jetpack-related-posts":[{"id":15991,"url":"https:\/\/muzeusm.ro\/hu\/expozitii-virtuale\/","url_meta":{"origin":16476,"position":0},"title":"Virtu\u00e1lis ki\u00e1ll\u00edt\u00e1sok","author":"norbertlorincz","date":"21 January 2025","format":false,"excerpt":"{:ro} Expozi\u021bia Virtual\u0103 - Grigore Maior 310 14 Mai 1970, 55 de ani de la tragedie {:}{:hu} Grigor Maior 310 - Virtu\u00e1lis Ki\u00e1ll\u00edt\u00e1s {:}","rel":"","context":"Similar post","block_context":{"text":"Similar post","link":""},"img":{"alt_text":"","src":"https:\/\/i0.wp.com\/muzeusm.ro\/wp-content\/uploads\/2025\/01\/Grigore_Major-1.jpg?resize=350%2C200&ssl=1","width":350,"height":200},"classes":[]},{"id":16373,"url":"https:\/\/muzeusm.ro\/hu\/prezentari-la-mjsm-si-la-sediul-institutiilor-de-invatamant\/","url_meta":{"origin":16476,"position":1},"title":"Prezent\u0103ri la MJSM \u0219i la sediul institu\u021biilor de \u00eenv\u0103\u021b\u0103m\u00e2nt","author":"Kov\u00e1cs Zsolt","date":"24 February 2025","format":false,"excerpt":"32. Portul popular \u00een \u021aara OasuluiPrezentare Power Point dedicat\u0103 obiectelor de \u00eembr\u0103c\u0103minte din \u021aara Oa\u0219ului de-a lungul timpului.Durata activit\u0103\u021bii: 1 hLocul de desf\u0103\u0219urare: Sediul institu\u021biilor de \u00eenv\u0103\u021b\u0103m\u00e2ntCoordonator: Adriana Achim\u00a0Persoan\u0103 de contact: Cr\u0103ciun Dreve Andrada, 0735513342 33. \u201eDe la copac \u2013 la obiect de patrimoniu\u201dPrezent\u0103ri tematice pentru elevii de \u0219coal\u0103 gimnazial\u0103\u2026","rel":"","context":"Similar post","block_context":{"text":"Similar post","link":""},"img":{"alt_text":"","src":"","width":0,"height":0},"classes":[]},{"id":174,"url":"https:\/\/muzeusm.ro\/hu\/muzeul-judetean-satu-mare\/","url_meta":{"origin":16476,"position":2},"title":"Szatm\u00e1r Megyei M\u00fazeum","author":"andreeaionetecu","date":"20 October 2021","format":false,"excerpt":"{:ro} Cl\u0103direa actual\u0103 a sediului central al Muzeului Jude\u021bean Satu Mare a fost construit\u0103 \u00een anul 1936, dup\u0103 planurile arhitectului G. P. Liteanu.A avut ini\u021bial destina\u021bii administrative prefectura jude\u021bului \u00een perioada interbelic\u0103, iar dup\u0103 r\u0103zboi a fost sediul Consiliului PopularJude\u021bean \u0219i al Comitetului Jude\u021bean Satu Mare al P.C.R. Muzeul func\u021bioneaz\u0103\u2026","rel":"","context":"Similar post","block_context":{"text":"Similar post","link":""},"img":{"alt_text":"","src":"https:\/\/i0.wp.com\/muzeusm.ro\/wp-content\/uploads\/2025\/01\/5afecbd553209_family-150x150.jpg?resize=350%2C200&ssl=1","width":350,"height":200,"srcset":"https:\/\/i0.wp.com\/muzeusm.ro\/wp-content\/uploads\/2025\/01\/5afecbd553209_family-150x150.jpg?resize=350%2C200&ssl=1 1x, https:\/\/i0.wp.com\/muzeusm.ro\/wp-content\/uploads\/2025\/01\/5afecbd553209_family-150x150.jpg?resize=525%2C300&ssl=1 1.5x"},"classes":[]},{"id":240,"url":"https:\/\/muzeusm.ro\/hu\/muzeul-ugocea-oas-tarna-mare\/","url_meta":{"origin":16476,"position":3},"title":"Ugocsa-Avas M\u00fazeum, Nagytarna","author":"andreeaionetecu","date":"20 October 2021","format":false,"excerpt":"{:ro} Muzeul Ugocea - Oa\u0219, Tarna Mare, \u00ee\u0219i dore\u0219te s\u0103 oglindeasc\u0103 o imagine a ceea ce a \u00eensemnat via\u021ba tradi\u021bional\u0103 a o\u0219enilor ugoceni. Pentru recrearea interioarelor tradi\u021bionale o\u0219ene\u0219ti \u0219i reconstituirea modului de via\u021b\u0103 a ugocenilor sunt expuse peste 200 de bunuri muzeale, piese de costum tradi\u021bional, textile de interior (\u0219terguri\u2026","rel":"","context":"Similar post","block_context":{"text":"Similar post","link":""},"img":{"alt_text":"","src":"https:\/\/i0.wp.com\/muzeusm.ro\/wp-content\/uploads\/2022\/03\/tarna-mare-3.jpg?resize=350%2C200&ssl=1","width":350,"height":200,"srcset":"https:\/\/i0.wp.com\/muzeusm.ro\/wp-content\/uploads\/2022\/03\/tarna-mare-3.jpg?resize=350%2C200&ssl=1 1x, https:\/\/i0.wp.com\/muzeusm.ro\/wp-content\/uploads\/2022\/03\/tarna-mare-3.jpg?resize=525%2C300&ssl=1 1.5x, https:\/\/i0.wp.com\/muzeusm.ro\/wp-content\/uploads\/2022\/03\/tarna-mare-3.jpg?resize=700%2C400&ssl=1 2x, https:\/\/i0.wp.com\/muzeusm.ro\/wp-content\/uploads\/2022\/03\/tarna-mare-3.jpg?resize=1050%2C600&ssl=1 3x, https:\/\/i0.wp.com\/muzeusm.ro\/wp-content\/uploads\/2022\/03\/tarna-mare-3.jpg?resize=1400%2C800&ssl=1 4x"},"classes":[]},{"id":212,"url":"https:\/\/muzeusm.ro\/hu\/muzeul-maghiar-sipos-laszlo-bogdand\/","url_meta":{"origin":16476,"position":4},"title":"\u201eSipos L\u00e1szl\u00f3\u201d Magyar N\u00e9prajzi M\u00fazeum, Bogd\u00e1nd","author":"andreeaionetecu","date":"20 October 2021","format":false,"excerpt":"{:ro} Muzeul Etnografic Maghiar \u201eSipos L\u00e1szlo\u201d din Bogdand, jude\u021bul Satu Mare. Muzee de la satMuzeul Etnografic Maghiar \u201eSipos L\u00e1szlo\u201d din Bogdand, jude\u021bul Satu Mare. Muzee de la satMuzeul Etnografic Maghiar \u201eSipos L\u00e1szlo\u201d din Bogdand, jude\u021bul Satu Mare. Muzee de la satMuzeul Etnografic Maghiar \u201eSipos L\u00e1szlo\u201d din Bogdand, jude\u021bul Satu Mare.\u2026","rel":"","context":"Similar post","block_context":{"text":"Similar post","link":""},"img":{"alt_text":"","src":"https:\/\/i0.wp.com\/muzeusm.ro\/wp-content\/uploads\/2022\/03\/bogdand-2.jpg?resize=350%2C200&ssl=1","width":350,"height":200,"srcset":"https:\/\/i0.wp.com\/muzeusm.ro\/wp-content\/uploads\/2022\/03\/bogdand-2.jpg?resize=350%2C200&ssl=1 1x, https:\/\/i0.wp.com\/muzeusm.ro\/wp-content\/uploads\/2022\/03\/bogdand-2.jpg?resize=525%2C300&ssl=1 1.5x, https:\/\/i0.wp.com\/muzeusm.ro\/wp-content\/uploads\/2022\/03\/bogdand-2.jpg?resize=700%2C400&ssl=1 2x, https:\/\/i0.wp.com\/muzeusm.ro\/wp-content\/uploads\/2022\/03\/bogdand-2.jpg?resize=1050%2C600&ssl=1 3x, https:\/\/i0.wp.com\/muzeusm.ro\/wp-content\/uploads\/2022\/03\/bogdand-2.jpg?resize=1400%2C800&ssl=1 4x"},"classes":[]},{"id":236,"url":"https:\/\/muzeusm.ro\/hu\/muzeul-local-orasu-nou\/","url_meta":{"origin":16476,"position":5},"title":"T\u00e1jh\u00e1z, Avas\u00fajv\u00e1ros","author":"andreeaionetecu","date":"20 October 2021","format":false,"excerpt":"{:ro} Muzeul Local Ora\u0219u Nou din jude\u021bul Satu Mare. Muzee de la satMuzeul Local Ora\u0219u Nou din jude\u021bul Satu Mare. Muzee de la satMuzeul Local Ora\u0219u Nou din jude\u021bul Satu Mare. Muzee de la satMuzeul Local Ora\u0219u Nou din jude\u021bul Satu Mare. Muzee de la satMuzeul Local Ora\u0219u Nou din\u2026","rel":"","context":"Similar post","block_context":{"text":"Similar post","link":""},"img":{"alt_text":"","src":"https:\/\/i0.wp.com\/muzeusm.ro\/wp-content\/uploads\/2022\/03\/orasu-nou-4.jpg?resize=350%2C200&ssl=1","width":350,"height":200,"srcset":"https:\/\/i0.wp.com\/muzeusm.ro\/wp-content\/uploads\/2022\/03\/orasu-nou-4.jpg?resize=350%2C200&ssl=1 1x, https:\/\/i0.wp.com\/muzeusm.ro\/wp-content\/uploads\/2022\/03\/orasu-nou-4.jpg?resize=525%2C300&ssl=1 1.5x, https:\/\/i0.wp.com\/muzeusm.ro\/wp-content\/uploads\/2022\/03\/orasu-nou-4.jpg?resize=700%2C400&ssl=1 2x, https:\/\/i0.wp.com\/muzeusm.ro\/wp-content\/uploads\/2022\/03\/orasu-nou-4.jpg?resize=1050%2C600&ssl=1 3x, https:\/\/i0.wp.com\/muzeusm.ro\/wp-content\/uploads\/2022\/03\/orasu-nou-4.jpg?resize=1400%2C800&ssl=1 4x"},"classes":[]}],"jetpack_sharing_enabled":true,"jetpack_shortlink":"https:\/\/wp.me\/PfvnyQ-4hK","_links":{"self":[{"href":"https:\/\/muzeusm.ro\/hu\/wp-json\/wp\/v2\/pages\/16476","targetHints":{"allow":["GET"]}}],"collection":[{"href":"https:\/\/muzeusm.ro\/hu\/wp-json\/wp\/v2\/pages"}],"about":[{"href":"https:\/\/muzeusm.ro\/hu\/wp-json\/wp\/v2\/types\/page"}],"author":[{"embeddable":true,"href":"https:\/\/muzeusm.ro\/hu\/wp-json\/wp\/v2\/users\/243833644"}],"replies":[{"embeddable":true,"href":"https:\/\/muzeusm.ro\/hu\/wp-json\/wp\/v2\/comments?post=16476"}],"version-history":[{"count":8,"href":"https:\/\/muzeusm.ro\/hu\/wp-json\/wp\/v2\/pages\/16476\/revisions"}],"predecessor-version":[{"id":16490,"href":"https:\/\/muzeusm.ro\/hu\/wp-json\/wp\/v2\/pages\/16476\/revisions\/16490"}],"wp:featuredmedia":[{"embeddable":true,"href":"https:\/\/muzeusm.ro\/hu\/wp-json\/wp\/v2\/media\/16634"}],"wp:attachment":[{"href":"https:\/\/muzeusm.ro\/hu\/wp-json\/wp\/v2\/media?parent=16476"}],"curies":[{"name":"wp","href":"https:\/\/api.w.org\/{rel}","templated":true}]}}