{"id":16430,"date":"2025-03-06T15:11:59","date_gmt":"2025-03-06T13:11:59","guid":{"rendered":"https:\/\/muzeusm.ro\/?page_id=16430"},"modified":"2025-03-06T15:12:00","modified_gmt":"2025-03-06T13:12:00","slug":"buget-documente-financiare","status":"publish","type":"page","link":"https:\/\/muzeusm.ro\/hu\/buget-documente-financiare\/","title":{"rendered":"BUGET &amp; DOCUMENTE FINANCIARE"},"content":{"rendered":"","protected":false},"excerpt":{"rendered":"","protected":false},"author":245723490,"featured_media":0,"parent":0,"menu_order":0,"comment_status":"closed","ping_status":"closed","template":"","meta":{"_coblocks_attr":"","_coblocks_dimensions":"","_coblocks_responsive_height":"","_coblocks_accordion_ie_support":"","advanced_seo_description":"","jetpack_seo_html_title":"","jetpack_seo_noindex":false,"jetpack_post_was_ever_published":false,"footnotes":""},"class_list":["post-16430","page","type-page","status-publish","hentry","entry"],"translation":{"provider":"WPGlobus","version":"3.0.1","language":"hu","enabled_languages":["ro","hu","en"],"languages":{"ro":{"title":true,"content":false,"excerpt":false},"hu":{"title":false,"content":false,"excerpt":false},"en":{"title":false,"content":false,"excerpt":false}}},"jetpack_likes_enabled":true,"jetpack-related-posts":[{"id":16437,"url":"https:\/\/muzeusm.ro\/hu\/buget-si-documente-financiare\/","url_meta":{"origin":16430,"position":0},"title":"Buget \u0219i documente financiare","author":"norbertlorincz","date":"7 March 2025","format":false,"excerpt":"Buget Documente de finan\u021bare","rel":"","context":"Similar post","block_context":{"text":"Similar post","link":""},"img":{"alt_text":"","src":"","width":0,"height":0},"classes":[]},{"id":89,"url":"https:\/\/muzeusm.ro\/hu\/informatii-de-interes-public\/","url_meta":{"origin":16430,"position":1},"title":"K\u00f6z\u00e9rdek\u0171 inform\u00e1ci\u00f3","author":"andreeaionetecu","date":"19 October 2021","format":false,"excerpt":"{:ro} Anun\u021buri Achizi\u021bii publice Buget & Documente financiare Concursuri Declara\u021bii de avere \u0218I INTERESE peti\u021bii online Muzeul Jude\u021bean Satu Mare Facebook Instagram Contact muzeusm@gmail.com 0261735116 Adresa Vasile Lucaciu, 21 Satu MareRomania Anunt selectie dosare concurs ingrijitor Anunt selectie dosare concurs ingrijitorDescarc\u0103 {:}{:hu} K\u00f6zbeszerz\u00e9s Karrier lehet\u0151s\u00e9g Vagyon \u00e9s felel\u0151s\u00e9g nyilatkozatok K\u00f6zlem\u00e9nyek\u2026","rel":"","context":"Similar post","block_context":{"text":"Similar post","link":""},"img":{"alt_text":"","src":"","width":0,"height":0},"classes":[]},{"id":14438,"url":"https:\/\/muzeusm.ro\/hu\/proiecte\/easydoor-easing-access-to-systemic-discovery-of-our-origins-and-resources\/","url_meta":{"origin":16430,"position":2},"title":"EASYDOOR \u2013 EASING ACCESS TO SYSTEMIC DISCOVERY OF OUR ORIGINS AND RESOURCES","author":"norbertlorincz","date":"3 July 2024","format":false,"excerpt":"Unitatea Administrativ-Teritorial\u0103 Jude\u0163ul Satu Mare implementeaz\u0103 proiectul\u00a0Easing Access to Systemic Discovery of Our Origins and Resources \u2013 Easydoor,\u00a0Cod proiect ROHU-456, finan\u0163at \u00een cadrul PROGRAMULUI INTERREG V-A ROM\u00c2NIA \u2013 UNGARIA. Proiectul Easydoor este implementat \u00eentr-un cerc partenerial transfrontalier format din: \u2013 Autoguvernarea Jude\u0163ului Szabolcs-Szatm\u00e1r-Bereg (Szabolcs-Szatm\u00e1r-Bereg Megyei \u00d6nkorm\u00e1nyzat) \u2013 partener lider de\u2026","rel":"","context":"Similar post","block_context":{"text":"Similar post","link":""},"img":{"alt_text":"","src":"","width":0,"height":0},"classes":[]},{"id":16445,"url":"https:\/\/muzeusm.ro\/hu\/buget\/","url_meta":{"origin":16430,"position":3},"title":"Buget","author":"norbertlorincz","date":"7 March 2025","format":false,"excerpt":"BUGET INITIAL 2025 MUZEUL JUDETEAN SATU MARE: Bugetul initial 2025Descarc\u0103 EXECUTIE BUGET SI ANGAJAMENTE BUGETARE TRIM I 2025 Executie-angajamente bugetare Trim I 2025Descarc\u0103 Raport executie bugetara -plati Trim I 2025Descarc\u0103 Exexcutie bugetara Trim.I.2025 Executie-angajamente bugetare Trim I 2025Descarc\u0103 Plan de achizitii muzeu 2025 buget initial Plan de achizitii publice 2025Descarc\u0103\u2026","rel":"","context":"Similar post","block_context":{"text":"Similar post","link":""},"img":{"alt_text":"","src":"","width":0,"height":0},"classes":[]},{"id":14043,"url":"https:\/\/muzeusm.ro\/hu\/sectii\/serviciul-financiar-contabil-2\/","url_meta":{"origin":16430,"position":4},"title":"Serviciul Financiar Contabil","author":"Kov\u00e1cs Zsolt","date":"7 June 2024","format":false,"excerpt":"Deruleaz\u0103 activit\u0103\u021bile func\u021bionale ale Muzeului Jude\u021bean se realizeaz\u0103 prin patru compartimente: contabilitate, salarizare-personal, achizi\u021bii publice \u0219i administrativ-paz\u0103. Angaja\u021bii serviciului:POP DANIELA FLORENTINA CONTABIL \u0218EF II FAGE CRINA DIANA ECONOMIST\u00a0\u00a0 IA CAPOTESCU M\u0102RIOARA GESTIONAR CUSTODE\u00a0\u00a0 IA VANCEA CARMEN REFERENT DE SPECIALITATE\u00a0 I P\u0102\u0218TEAN DORINA ANA INSPECTOR DE SPECIALITATE I LASZLO SILVIA MARIANA\u2026","rel":"","context":"Similar post","block_context":{"text":"Similar post","link":""},"img":{"alt_text":"","src":"","width":0,"height":0},"classes":[]},{"id":14046,"url":"https:\/\/muzeusm.ro\/hu\/sectii\/serviciul-financiar-contabil\/","url_meta":{"origin":16430,"position":5},"title":"P\u00e9nz\u00fcgy \u00e9s k\u00f6nyvel\u0151s\u00e9g","author":"norbertlorincz","date":"7 June 2024","format":false,"excerpt":"{:ro} Deruleaz\u0103 activit\u0103\u021bile func\u021bionale ale Muzeului Jude\u021bean se realizeaz\u0103 prin patru compartimente: contabilitate, salarizare-personal, achizi\u021bii publice \u0219i administrativ-paz\u0103. Angaja\u021bii serviciului:POP DANIELA FLORENTINA CONTABIL SEF II FAGE CRINA DIANA ECONOMIST\u00a0\u00a0 IA VANCEA CARMEN REFERENT DE SPECIALITATE\u00a0 I NISTOR DENISA BIANCA - FUNCTIONAR P\u0102\u0218TEAN DORINA ANA INSPECTOR DE SPECIALITATE I LASZLO SILVIA\u2026","rel":"","context":"Similar post","block_context":{"text":"Similar post","link":""},"img":{"alt_text":"","src":"","width":0,"height":0},"classes":[]}],"jetpack_sharing_enabled":true,"jetpack_shortlink":"https:\/\/wp.me\/PfvnyQ-4h0","_links":{"self":[{"href":"https:\/\/muzeusm.ro\/hu\/wp-json\/wp\/v2\/pages\/16430","targetHints":{"allow":["GET"]}}],"collection":[{"href":"https:\/\/muzeusm.ro\/hu\/wp-json\/wp\/v2\/pages"}],"about":[{"href":"https:\/\/muzeusm.ro\/hu\/wp-json\/wp\/v2\/types\/page"}],"author":[{"embeddable":true,"href":"https:\/\/muzeusm.ro\/hu\/wp-json\/wp\/v2\/users\/245723490"}],"replies":[{"embeddable":true,"href":"https:\/\/muzeusm.ro\/hu\/wp-json\/wp\/v2\/comments?post=16430"}],"version-history":[{"count":1,"href":"https:\/\/muzeusm.ro\/hu\/wp-json\/wp\/v2\/pages\/16430\/revisions"}],"predecessor-version":[{"id":16431,"href":"https:\/\/muzeusm.ro\/hu\/wp-json\/wp\/v2\/pages\/16430\/revisions\/16431"}],"wp:attachment":[{"href":"https:\/\/muzeusm.ro\/hu\/wp-json\/wp\/v2\/media?parent=16430"}],"curies":[{"name":"wp","href":"https:\/\/api.w.org\/{rel}","templated":true}]}}