{"id":15750,"date":"2024-11-06T09:55:28","date_gmt":"2024-11-06T07:55:28","guid":{"rendered":"https:\/\/muzeusm.ro\/?page_id=15750"},"modified":"2024-11-06T10:54:27","modified_gmt":"2024-11-06T08:54:27","slug":"biblioteca","status":"publish","type":"page","link":"https:\/\/muzeusm.ro\/hu\/biblioteca\/","title":{"rendered":"K\u00f6nyvt\u00e1r"},"content":{"rendered":"\n<h2 class=\"wp-block-heading\">A k\u00f6nyvt\u00e1rr\u00f3l<\/h2>\n\n\n\n<p class=\"has-text-align-left\">A Szatm\u00e1r Megyei M\u00fazeum k\u00f6nyvt\u00e1ra a kezdetekt\u0151l fogva szakk\u00f6nyvt\u00e1rk\u00e9nt m\u0171k\u00f6dik \u00e9s jelenleg kb. 50.000 k\u00f6tetes \u00e1llom\u00e1nnyal rendelkezik.<br>Az \u00e1llom\u00e1ny jelent\u0151s r\u00e9sze a r\u00e9gi szatm\u00e1ri prefekt\u00fara gy\u0171jtem\u00e9ny\u00e9b\u0151l, a Rom\u00e1n Akad\u00e9miai K\u00f6nyvt\u00e1r duplum gy\u0171jtem\u00e9ny\u00e9b\u0151l, Costa Carei rom\u00e1n k\u00f6lt\u0151, \u00edr\u00f3, fest\u0151m\u0171v\u00e9sz hagyat\u00e9k\u00e1b\u00f3l, dr. Steuer Gy\u00f6rgy gy\u0171jtem\u00e9ny\u00e9b\u0151l, valamint az \u00e9vek sor\u00e1n v\u00e1s\u00e1rl\u00e1s, valamint a cserekcsolatok r\u00e9v\u00e9n be\u00e9rkezett dokumentumokb\u00f3l \u00e1ll.<br>A gy\u0171jtem\u00e9ny n\u00e9h\u00e1ny darabja a Nemzeti Kultur\u00e1lis \u00d6r\u00f6ks\u00e9g r\u00e9sz\u00e9t k\u00e9pezi.<br>A k\u00f6nyvt\u00e1r gy\u0171jt\u0151k\u00f6re: \u00e1ltal\u00e1nos muzeol\u00f3gia, t\u00f6rt\u00e9nelem, r\u00e9g\u00e9szet, n\u00e9prajz, m\u0171v\u00e9szett\u00f6rt\u00e9net, \u00e9s Szatm\u00e1rn\u00e9meti, illetve a megye helyt\u00f6rt\u00e9neti vonatkoz\u00e1s\u00fa irodaloma.<br>\u00c1llom\u00e1nya nagym\u00e9rt\u00e9kben csere, kisebb m\u00e9rt\u00e9kben aj\u00e1nd\u00e9koz\u00e1s \u00e9s v\u00e1s\u00e1rl\u00e1s \u00fatj\u00e1n gyarapszik.<br>A k\u00f6nyvt\u00e1r feladata els\u0151sorban az int\u00e9zm\u00e9nyben foly\u00f3 kutat\u00f3munka szakirodalommal, illetve szakirodalmi inform\u00e1ci\u00f3val val\u00f3 ell\u00e1t\u00e1sa, valamint az ehhez kapcsol\u00f3d\u00f3 szaktev\u00e9kenys\u00e9gek el\u0151seg\u00edt\u00e9se.<br>A k\u00f6nyvek \u00e9s foly\u00f3iratok tanulm\u00e1nyoz\u00e1sa csak a k\u00f6nyvt\u00e1r olvas\u00f3term\u00e9ben lehets\u00e9ges.<\/p>\n\n\n\n<h2 class=\"wp-block-heading\">Kapcsolat<\/h2>\n\n\n\n<p>Szatm\u00e1r Megyei M\u00fazeum<br>440031, Szatm\u00e1rn\u00e9meti, Vasile Lucaciu sug\u00e1r\u00fat 21. sz\u00e1m, Rom\u00e1nia<br>ISIL-azonosito : RO-SM-021-BIB<br>Tel.: 004 0261 737526<br>E-mail: muzeusm@gmail.com<br>K\u00f6nyvt\u00e1ros: Illy\u00e9s-Gul\u00e1csi Andrea (andreagulacsi@yahoo.com)<\/p>\n\n\n\n<p><strong>Nyitvatart\u00e1s<\/strong>:<br>H\u00e9tf\u0151-P\u00e9ntek: 8:00-15:30<br>Online katal\u00f3gus: <a href=\"http:\/\/biblioteca.muzeusm.qulto.ro\/hu\/search\/-\/search\/clearform\">http:\/\/biblioteca.muzeusm.qulto.ro\/hu\/search\/-\/search\/clearform<\/a><\/p>\n","protected":false},"excerpt":{"rendered":"<p>A k\u00f6nyvt\u00e1rr\u00f3l A Szatm\u00e1r Megyei M\u00fazeum k\u00f6nyvt\u00e1ra a kezdetekt\u0151l fogva szakk\u00f6nyvt\u00e1rk\u00e9nt m\u0171k\u00f6dik \u00e9s jelenleg kb. 50.000 k\u00f6tetes \u00e1llom\u00e1nnyal rendelkezik.Az \u00e1llom\u00e1ny jelent\u0151s r\u00e9sze a r\u00e9gi szatm\u00e1ri prefekt\u00fara gy\u0171jtem\u00e9ny\u00e9b\u0151l, a Rom\u00e1n Akad\u00e9miai K\u00f6nyvt\u00e1r duplum gy\u0171jtem\u00e9ny\u00e9b\u0151l, Costa Carei rom\u00e1n k\u00f6lt\u0151, \u00edr\u00f3, fest\u0151m\u0171v\u00e9sz hagyat\u00e9k\u00e1b\u00f3l, dr. Steuer Gy\u00f6rgy gy\u0171jtem\u00e9ny\u00e9b\u0151l, valamint az \u00e9vek sor\u00e1n v\u00e1s\u00e1rl\u00e1s, valamint a cserekcsolatok r\u00e9v\u00e9n be\u00e9rkezett dokumentumokb\u00f3l<a class=\"more-link\" href=\"https:\/\/muzeusm.ro\/hu\/biblioteca\/\">Continue reading <span class=\"screen-reader-text\">&#8220;K\u00f6nyvt\u00e1r&#8221;<\/span><\/a><\/p>\n","protected":false},"author":243833644,"featured_media":0,"parent":0,"menu_order":0,"comment_status":"closed","ping_status":"closed","template":"","meta":{"_coblocks_attr":"","_coblocks_dimensions":"","_coblocks_responsive_height":"","_coblocks_accordion_ie_support":"","advanced_seo_description":"","jetpack_seo_html_title":"","jetpack_seo_noindex":false,"jetpack_post_was_ever_published":false,"footnotes":""},"class_list":["post-15750","page","type-page","status-publish","hentry","entry"],"translation":{"provider":"WPGlobus","version":"3.0.1","language":"hu","enabled_languages":["ro","hu","en"],"languages":{"ro":{"title":true,"content":true,"excerpt":false},"hu":{"title":true,"content":true,"excerpt":false},"en":{"title":false,"content":false,"excerpt":false}}},"jetpack_likes_enabled":true,"jetpack-related-posts":[{"id":17021,"url":"https:\/\/muzeusm.ro\/hu\/activitati-de-educatie-muzeala-pentru-programul-saptamana-verde\/","url_meta":{"origin":15750,"position":0},"title":"Activit\u0103\u021bi de educa\u021bie muzeal\u0103 pentru programul \u201eS\u0103pt\u0103m\u00e2na verde\u201d","author":"Kov\u00e1cs Zsolt","date":"8 October 2025","format":false,"excerpt":"\u201eLutul, form\u0103 \u0219i culoare\u201dDurata activit\u0103\u021bii: 2 oreLocul desf\u0103\u0219ur\u0103rii: MJSM sau unit\u0103\u021bile de \u00eenv\u0103\u021b\u0103m\u00e2ntNivel de v\u00e2rst\u0103: \u00eenv\u0103\u021b\u0103m\u00e2ntul pre\u0219colar, primar, gimnazial \u0219i liceal.Obiective specifice:\u00a0Identificarea \u0219i descrierea obiectelor tradi\u021bionale din lut \u0219i a utiliz\u0103rii lor istorice.\u00a0\u00a0Aplicarea unor tehnici simple de modelaj pentru realizarea unui obiect ceramic propriu.\u00a0\u00a0Exprimarea creativit\u0103\u021bii prin decorarea cu forme \u0219i\u2026","rel":"","context":"Similar post","block_context":{"text":"Similar post","link":""},"img":{"alt_text":"","src":"https:\/\/i0.wp.com\/muzeusm.ro\/wp-content\/uploads\/2025\/10\/WhatsApp-Image-2025-10-08-at-10.47.38-2-724x1024.jpeg?resize=350%2C200&ssl=1","width":350,"height":200,"srcset":"https:\/\/i0.wp.com\/muzeusm.ro\/wp-content\/uploads\/2025\/10\/WhatsApp-Image-2025-10-08-at-10.47.38-2-724x1024.jpeg?resize=350%2C200&ssl=1 1x, https:\/\/i0.wp.com\/muzeusm.ro\/wp-content\/uploads\/2025\/10\/WhatsApp-Image-2025-10-08-at-10.47.38-2-724x1024.jpeg?resize=525%2C300&ssl=1 1.5x, https:\/\/i0.wp.com\/muzeusm.ro\/wp-content\/uploads\/2025\/10\/WhatsApp-Image-2025-10-08-at-10.47.38-2-724x1024.jpeg?resize=700%2C400&ssl=1 2x"},"classes":[]},{"id":102,"url":"https:\/\/muzeusm.ro\/hu\/istorie\/","url_meta":{"origin":15750,"position":1},"title":"A kultur\u00e1lis \u00f6r\u00f6ks\u00e9g n\u00e9pszer\u0171s\u00edt\u00e9se \u00e9s m\u00fazeumpedag\u00f3gia oszt\u00e1ly","author":"andreeaionetecu","date":"19 October 2021","format":false,"excerpt":"{:ro} Atribu\u021biile \u0219i responsabilit\u0103\u021bile principale sunt legate de coordonarea activit\u0103\u021bilor ce implic\u0103 patrimoniul Colec\u021biei de Art\u0103, a activit\u0103\u021bilor de la Muzeul de Art\u0103, Atelierul Memorial Aurel Popp Satu Mare, Atelierul Memorial Paul Erd\u0151s Satu Mare, Biblioteca de specialitate, Muzeul \u00een aer liber M\u0103riu\u0219, Casa \u021a\u0103r\u0103neasc\u0103 Chilia, Muzeul Ugocea - Oa\u0219\u2026","rel":"","context":"Similar post","block_context":{"text":"Similar post","link":""},"img":{"alt_text":"","src":"","width":0,"height":0},"classes":[]},{"id":16998,"url":"https:\/\/muzeusm.ro\/hu\/activitati-de-educatie-muzeala-pentru-programul-scoala-altfel\/","url_meta":{"origin":15750,"position":2},"title":"Activit\u0103\u021bi de educa\u021bie muzeal\u0103 pentru programul \u201e\u0218coala Altfel\u201d","author":"Kov\u00e1cs Zsolt","date":"8 October 2025","format":false,"excerpt":"\u00a0 1 \u201eLutul, form\u0103 \u0219i culoare\u201dDurata activit\u0103\u021bii: 2 oreLocul desf\u0103\u0219ur\u0103rii: MJSM sau unit\u0103\u021bile de \u00eenv\u0103\u021b\u0103m\u00e2ntNivel de v\u00e2rst\u0103: \u00eenv\u0103\u021b\u0103m\u00e2ntul pre\u0219colar, primar, gimnazial \u0219i liceal.Obiective specifice:\u00a0Identificarea \u0219i descrierea obiectelor tradi\u021bionale din lut \u0219i a utiliz\u0103rii lor istorice.\u00a0\u00a0Aplicarea unor tehnici simple de modelaj pentru realizarea unui obiect ceramic propriu.\u00a0\u00a0Exprimarea creativit\u0103\u021bii prin decorarea cu\u2026","rel":"","context":"Similar post","block_context":{"text":"Similar post","link":""},"img":{"alt_text":"","src":"https:\/\/i0.wp.com\/muzeusm.ro\/wp-content\/uploads\/2025\/10\/WhatsApp-Image-2025-10-08-at-10.47.38-2-724x1024.jpeg?resize=350%2C200&ssl=1","width":350,"height":200,"srcset":"https:\/\/i0.wp.com\/muzeusm.ro\/wp-content\/uploads\/2025\/10\/WhatsApp-Image-2025-10-08-at-10.47.38-2-724x1024.jpeg?resize=350%2C200&ssl=1 1x, https:\/\/i0.wp.com\/muzeusm.ro\/wp-content\/uploads\/2025\/10\/WhatsApp-Image-2025-10-08-at-10.47.38-2-724x1024.jpeg?resize=525%2C300&ssl=1 1.5x, https:\/\/i0.wp.com\/muzeusm.ro\/wp-content\/uploads\/2025\/10\/WhatsApp-Image-2025-10-08-at-10.47.38-2-724x1024.jpeg?resize=700%2C400&ssl=1 2x"},"classes":[]},{"id":16373,"url":"https:\/\/muzeusm.ro\/hu\/prezentari-la-mjsm-si-la-sediul-institutiilor-de-invatamant\/","url_meta":{"origin":15750,"position":3},"title":"Prezent\u0103ri la MJSM \u0219i la sediul institu\u021biilor de \u00eenv\u0103\u021b\u0103m\u00e2nt","author":"Kov\u00e1cs Zsolt","date":"24 February 2025","format":false,"excerpt":"32. Portul popular \u00een \u021aara OasuluiPrezentare Power Point dedicat\u0103 obiectelor de \u00eembr\u0103c\u0103minte din \u021aara Oa\u0219ului de-a lungul timpului.Durata activit\u0103\u021bii: 1 hLocul de desf\u0103\u0219urare: Sediul institu\u021biilor de \u00eenv\u0103\u021b\u0103m\u00e2ntCoordonator: Adriana Achim\u00a0Persoan\u0103 de contact: Cr\u0103ciun Dreve Andrada, 0735513342 33. \u201eDe la copac \u2013 la obiect de patrimoniu\u201dPrezent\u0103ri tematice pentru elevii de \u0219coal\u0103 gimnazial\u0103\u2026","rel":"","context":"Similar post","block_context":{"text":"Similar post","link":""},"img":{"alt_text":"","src":"","width":0,"height":0},"classes":[]},{"id":16476,"url":"https:\/\/muzeusm.ro\/hu\/14-mai-1970-55-de-ani-de-la-tragedie\/","url_meta":{"origin":15750,"position":4},"title":"14 Mai 1970 &#8211; 55 de ani de la tragedie","author":"norbertlorincz","date":"18 March 2025","format":false,"excerpt":"Tragedie \u0219i rena\u0219tere. Fe\u021be ale unei calamit\u0103\u021bi - inunda\u021bia din 14 mai 1970 \u00een Satu Mare Pusztul\u00e1s \u00e9s \u00fajj\u00e1sz\u00fclet\u00e9s. Egy csap\u00e1s t\u00f6bb arca \u2013 az 1970. m\u00e1jus 14-i szatm\u00e1ri \u00e1rv\u00edz Pentru a comemora 55 de ani de la evenimentele catastrofale din mai 1970, Sec\u021bia de Istorie a Muzeului Jude\u021bean Satu\u2026","rel":"","context":"Similar post","block_context":{"text":"Similar post","link":""},"img":{"alt_text":"","src":"https:\/\/i0.wp.com\/muzeusm.ro\/wp-content\/uploads\/2025\/05\/foto-3-e1588525706618.jpg?resize=350%2C200&ssl=1","width":350,"height":200,"srcset":"https:\/\/i0.wp.com\/muzeusm.ro\/wp-content\/uploads\/2025\/05\/foto-3-e1588525706618.jpg?resize=350%2C200&ssl=1 1x, https:\/\/i0.wp.com\/muzeusm.ro\/wp-content\/uploads\/2025\/05\/foto-3-e1588525706618.jpg?resize=525%2C300&ssl=1 1.5x, https:\/\/i0.wp.com\/muzeusm.ro\/wp-content\/uploads\/2025\/05\/foto-3-e1588525706618.jpg?resize=700%2C400&ssl=1 2x"},"classes":[]},{"id":107,"url":"https:\/\/muzeusm.ro\/hu\/biroul-de-turism-cultural\/","url_meta":{"origin":15750,"position":5},"title":"Biroul de Turism Cultural","author":"andreeaionetecu","date":"19 October 2021","format":false,"excerpt":"Biroul de Turism Cultural a fost \u00eenfiin\u021bat \u00een noiembrie 2020 \u00een cadrul Muzeului Jude\u021bean Satu Mare. Necesitatea era una foarte mare, deoarece poten\u021bialul cultural-turistic al jude\u021bului este unul foarte mare, fiind necesar\u0103 promovarea lui \u00eentr-un mod profesionist. Echipa Biroului de Turism Cultural Satu Mare Mihaela Grigorean - \u0219ef birou Andreea\u2026","rel":"","context":"Similar post","block_context":{"text":"Similar post","link":""},"img":{"alt_text":"","src":"https:\/\/i0.wp.com\/muzeusm.ro\/wp-content\/uploads\/2021\/10\/loggo-edit-01.png?resize=350%2C200&ssl=1","width":350,"height":200,"srcset":"https:\/\/i0.wp.com\/muzeusm.ro\/wp-content\/uploads\/2021\/10\/loggo-edit-01.png?resize=350%2C200&ssl=1 1x, https:\/\/i0.wp.com\/muzeusm.ro\/wp-content\/uploads\/2021\/10\/loggo-edit-01.png?resize=525%2C300&ssl=1 1.5x, https:\/\/i0.wp.com\/muzeusm.ro\/wp-content\/uploads\/2021\/10\/loggo-edit-01.png?resize=700%2C400&ssl=1 2x, https:\/\/i0.wp.com\/muzeusm.ro\/wp-content\/uploads\/2021\/10\/loggo-edit-01.png?resize=1050%2C600&ssl=1 3x, https:\/\/i0.wp.com\/muzeusm.ro\/wp-content\/uploads\/2021\/10\/loggo-edit-01.png?resize=1400%2C800&ssl=1 4x"},"classes":[]}],"jetpack_sharing_enabled":true,"jetpack_shortlink":"https:\/\/wp.me\/PfvnyQ-462","_links":{"self":[{"href":"https:\/\/muzeusm.ro\/hu\/wp-json\/wp\/v2\/pages\/15750","targetHints":{"allow":["GET"]}}],"collection":[{"href":"https:\/\/muzeusm.ro\/hu\/wp-json\/wp\/v2\/pages"}],"about":[{"href":"https:\/\/muzeusm.ro\/hu\/wp-json\/wp\/v2\/types\/page"}],"author":[{"embeddable":true,"href":"https:\/\/muzeusm.ro\/hu\/wp-json\/wp\/v2\/users\/243833644"}],"replies":[{"embeddable":true,"href":"https:\/\/muzeusm.ro\/hu\/wp-json\/wp\/v2\/comments?post=15750"}],"version-history":[{"count":4,"href":"https:\/\/muzeusm.ro\/hu\/wp-json\/wp\/v2\/pages\/15750\/revisions"}],"predecessor-version":[{"id":15782,"href":"https:\/\/muzeusm.ro\/hu\/wp-json\/wp\/v2\/pages\/15750\/revisions\/15782"}],"wp:attachment":[{"href":"https:\/\/muzeusm.ro\/hu\/wp-json\/wp\/v2\/media?parent=15750"}],"curies":[{"name":"wp","href":"https:\/\/api.w.org\/{rel}","templated":true}]}}