{"id":146,"date":"2021-10-20T08:32:46","date_gmt":"2021-10-20T05:32:46","guid":{"rendered":"https:\/\/netsysacad.ro?page_id=146"},"modified":"2025-07-25T11:15:10","modified_gmt":"2025-07-25T08:15:10","slug":"concursuri","status":"publish","type":"page","link":"https:\/\/muzeusm.ro\/hu\/concursuri\/","title":{"rendered":"Concursuri"},"content":{"rendered":"<div class=\"wp-block-coblocks-post-carousel external\"><div class=\"coblocks-swiper swiper-container pb-8\" data-swiper=\"{&quot;slidesToScroll&quot;:1,&quot;arrow&quot;:true,&quot;slidesToShow&quot;:3,&quot;infinite&quot;:true,&quot;adaptiveHeight&quot;:false,&quot;draggable&quot;:true,&quot;rtl&quot;:false,&quot;responsive&quot;:[{&quot;breakpoint&quot;:1024,&quot;settings&quot;:{&quot;slidesToShow&quot;:3}},{&quot;breakpoint&quot;:600,&quot;settings&quot;:{&quot;slidesToShow&quot;:2}},{&quot;breakpoint&quot;:480,&quot;settings&quot;:{&quot;slidesToShow&quot;:1}}]}\"><div class=\"swiper-wrapper\" ><div class=\"wp-block-coblocks-post-carousel__item swiper-slide\"><div class=\"wp-block-coblocks-post-carousel__content\"><time datetime=\"2026-01-22T09:02:00+02:00\" class=\"wp-block-coblocks-post-carousel__date\">22 January 2026<\/time><a href=\"https:\/\/muzeusm.ro\/hu\/rezultate-finale-examen-gestionar-custode-mia\/\" alt=\"Rezultate finale examen gestionar custode MIA\">Rezultate finale examen gestionar custode MIA<\/a><div class=\"wp-block-coblocks-post-carousel__excerpt\">20260122082914239Descarc\u0103<\/div><\/div><\/div><div class=\"wp-block-coblocks-post-carousel__item swiper-slide\"><div class=\"wp-block-coblocks-post-carousel__content\"><time datetime=\"2026-01-20T12:45:05+02:00\" class=\"wp-block-coblocks-post-carousel__date\">20 January 2026<\/time><a href=\"https:\/\/muzeusm.ro\/hu\/proces-verbal-interviu-gestionar-custode-mia\/\" alt=\"Proces verbal interviu gestionar custode MIA\">Proces verbal interviu gestionar custode MIA<\/a><div class=\"wp-block-coblocks-post-carousel__excerpt\">20260120123315043 (1)Descarc\u0103<\/div><\/div><\/div><div class=\"wp-block-coblocks-post-carousel__item swiper-slide\"><div class=\"wp-block-coblocks-post-carousel__content\"><time datetime=\"2026-01-19T10:40:14+02:00\" class=\"wp-block-coblocks-post-carousel__date\">19 January 2026<\/time><a href=\"https:\/\/muzeusm.ro\/hu\/rezultat-proba-scrisa-gestionar-custode-mia\/\" alt=\"Rezultat proba scrisa- gestionar custode MIA\">Rezultat proba scrisa- gestionar custode MIA<\/a><div class=\"wp-block-coblocks-post-carousel__excerpt\">20260119105547414Descarc\u0103<\/div><\/div><\/div><div class=\"wp-block-coblocks-post-carousel__item swiper-slide\"><div class=\"wp-block-coblocks-post-carousel__content\"><time datetime=\"2026-01-08T12:19:09+02:00\" class=\"wp-block-coblocks-post-carousel__date\">8 January 2026<\/time><a href=\"https:\/\/muzeusm.ro\/hu\/proces-verbal-selectie-dosare-concurs-gestionar-custode-mia\/\" alt=\"Proces verbal selec\u021bie dosare concurs gestionar custode MIA\">Proces verbal selec\u021bie dosare concurs gestionar custode MIA<\/a><div class=\"wp-block-coblocks-post-carousel__excerpt\">Proces verbal selec\u021bie de dosare pentru ocuparea postului de gestionar custode MIA \u00een cadrul Serviciului promovarea patrimoniului \u0219i educa\u021bie muzeal\u0103. 20260108121430111Descarc\u0103<\/div><\/div><\/div><div class=\"wp-block-coblocks-post-carousel__item swiper-slide\"><div class=\"wp-block-coblocks-post-carousel__content\"><time datetime=\"2025-12-17T10:18:47+02:00\" class=\"wp-block-coblocks-post-carousel__date\">17 December 2025<\/time><a href=\"https:\/\/muzeusm.ro\/hu\/anunt-concurs-gestionar-custode-mia\/\" alt=\"Anunt concurs Gestionar custode MIA\">Anunt concurs Gestionar custode MIA<\/a><div class=\"wp-block-coblocks-post-carousel__excerpt\">20251217085012558Descarc\u0103 Adeverinta la angajare anexa 3 Conform Legii 283Descarc\u0103 Formular de inscriere anexa 2, conf hg1336 din 2022Descarc\u0103<\/div><\/div><\/div><div class=\"wp-block-coblocks-post-carousel__item swiper-slide\"><div class=\"wp-block-coblocks-post-carousel__content\"><time datetime=\"2025-08-05T10:51:56+03:00\" class=\"wp-block-coblocks-post-carousel__date\">5 August 2025<\/time><a href=\"https:\/\/muzeusm.ro\/hu\/rezultate-finale-concurs-ingrijitor\/\" alt=\"Rezultate finale concurs ingrijitor\">Rezultate finale concurs ingrijitor<\/a><div class=\"wp-block-coblocks-post-carousel__excerpt\">DOC (9)Descarc\u0103<\/div><\/div><\/div><div class=\"wp-block-coblocks-post-carousel__item swiper-slide\"><div class=\"wp-block-coblocks-post-carousel__content\"><time datetime=\"2025-08-04T11:59:00+03:00\" class=\"wp-block-coblocks-post-carousel__date\">4 August 2025<\/time><a href=\"https:\/\/muzeusm.ro\/hu\/proces-verbal-punctaj-final-interviu-ingrijitor\/\" alt=\"Proces verbal punctaj final interviu \u00eengrijitor\">Proces verbal punctaj final interviu \u00eengrijitor<\/a><div class=\"wp-block-coblocks-post-carousel__excerpt\">DOC (8)Descarc\u0103<\/div><\/div><\/div><div class=\"wp-block-coblocks-post-carousel__item swiper-slide\"><div class=\"wp-block-coblocks-post-carousel__content\"><time datetime=\"2025-07-31T12:16:41+03:00\" class=\"wp-block-coblocks-post-carousel__date\">31 July 2025<\/time><a href=\"https:\/\/muzeusm.ro\/hu\/rezultat-proba-practica-post-de-ingrijitor\/\" alt=\"Rezultat prob\u0103 practic\u0103 &#8211; post de \u00eengrijitor\">Rezultat prob\u0103 practic\u0103 &#8211; post de \u00eengrijitor<\/a><div class=\"wp-block-coblocks-post-carousel__excerpt\">DOC (31)Descarc\u0103<\/div><\/div><\/div><div class=\"wp-block-coblocks-post-carousel__item swiper-slide\"><div class=\"wp-block-coblocks-post-carousel__content\"><time datetime=\"2025-07-25T11:18:38+03:00\" class=\"wp-block-coblocks-post-carousel__date\">25 July 2025<\/time><a href=\"https:\/\/muzeusm.ro\/hu\/anunt-selectia-dosare-pentru-postul-de-ingrijitor\/\" alt=\"Anun\u021b &#8211; Selec\u021bia dosare pentru postul de \u00eengrijitor\">Anun\u021b &#8211; Selec\u021bia dosare pentru postul de \u00eengrijitor<\/a><div class=\"wp-block-coblocks-post-carousel__excerpt\">Anunt selectie dosare concurs ingrijitorDescarc\u0103<\/div><\/div><\/div><div class=\"wp-block-coblocks-post-carousel__item swiper-slide\"><div class=\"wp-block-coblocks-post-carousel__content\"><time datetime=\"2025-07-10T13:24:55+03:00\" class=\"wp-block-coblocks-post-carousel__date\">10 July 2025<\/time><a href=\"https:\/\/muzeusm.ro\/hu\/proces-verbal-examen-promovare-4\/\" alt=\"Proces verbal examen promovare\">Proces verbal examen promovare<\/a><div class=\"wp-block-coblocks-post-carousel__excerpt\">DOC (2)Descarc\u0103<\/div><\/div><\/div><div class=\"wp-block-coblocks-post-carousel__item swiper-slide\"><div class=\"wp-block-coblocks-post-carousel__content\"><time datetime=\"2025-07-10T11:58:06+03:00\" class=\"wp-block-coblocks-post-carousel__date\">10 July 2025<\/time><a href=\"https:\/\/muzeusm.ro\/hu\/anunt-concurs-ingrijitor\/\" alt=\"Anun\u021b concurs \u00eengrijitor\">Anun\u021b concurs \u00eengrijitor<\/a><div class=\"wp-block-coblocks-post-carousel__excerpt\">Anun\u021b concurs pentru ocuparea postului \u00eengrijitor pe durat\u0103 nedeterminat\u0103 DOC (1)Descarc\u0103 1 Adeverinta la angajare model informativ anexa 3 Conform Legii 283Descarc\u0103 2 Formular de &hellip; <\/div><\/div><\/div><div class=\"wp-block-coblocks-post-carousel__item swiper-slide\"><div class=\"wp-block-coblocks-post-carousel__content\"><time datetime=\"2025-07-07T13:50:29+03:00\" class=\"wp-block-coblocks-post-carousel__date\">7 July 2025<\/time><a href=\"https:\/\/muzeusm.ro\/hu\/proces-verbal-selectie-dosare-examen-promovare-4\/\" alt=\"Proces verbal selec\u021bie dosare examen promovare\">Proces verbal selec\u021bie dosare examen promovare<\/a><div class=\"wp-block-coblocks-post-carousel__excerpt\">Proces verbal selec\u021bie dosare examen promovare \u00een grad imediat superior celui de\u021binut a personalului contractual de execu\u021bie DOCDescarc\u0103<\/div><\/div><\/div><div class=\"wp-block-coblocks-post-carousel__item swiper-slide\"><div class=\"wp-block-coblocks-post-carousel__content\"><time datetime=\"2025-06-27T10:53:57+03:00\" class=\"wp-block-coblocks-post-carousel__date\">27 June 2025<\/time><a href=\"https:\/\/muzeusm.ro\/hu\/anunt-examen-de-promovare-2\/\" alt=\"Anun\u021b &#8211; Examen de promovare\">Anun\u021b &#8211; Examen de promovare<\/a><div class=\"wp-block-coblocks-post-carousel__excerpt\">Examen de promovare \u00een gradul profesional imediat superior celui de\u021binut a personalului contractual de execu\u021bie. Anunt &#8211; Examene de promovare_2025Descarc\u0103<\/div><\/div><\/div><div class=\"wp-block-coblocks-post-carousel__item swiper-slide\"><div class=\"wp-block-coblocks-post-carousel__content\"><time datetime=\"2025-04-15T10:00:42+03:00\" class=\"wp-block-coblocks-post-carousel__date\">15 April 2025<\/time><a href=\"https:\/\/muzeusm.ro\/hu\/rezultate-finale-examen-guard\/\" alt=\"Rezultate finale examen guard\">Rezultate finale examen guard<\/a><div class=\"wp-block-coblocks-post-carousel__excerpt\">Rezultate finale la concursul organizat pentru ocuparea func\u021biei de guard-Serviciul Muzee Carei T\u0103\u0219nad SKM_C22725041509250Descarc\u0103<\/div><\/div><\/div><div class=\"wp-block-coblocks-post-carousel__item swiper-slide\"><div class=\"wp-block-coblocks-post-carousel__content\"><time datetime=\"2025-04-10T12:46:16+03:00\" class=\"wp-block-coblocks-post-carousel__date\">10 April 2025<\/time><a href=\"https:\/\/muzeusm.ro\/hu\/proces-verbal-interviu-2\/\" alt=\"Proces verbal interviu\">Proces verbal interviu<\/a><div class=\"wp-block-coblocks-post-carousel__excerpt\">Proces verbal interviu pentru ocuparea postului de guard SKM_C22725041012390Descarc\u0103<\/div><\/div><\/div><div class=\"wp-block-coblocks-post-carousel__item swiper-slide\"><div class=\"wp-block-coblocks-post-carousel__content\"><time datetime=\"2025-04-07T12:47:21+03:00\" class=\"wp-block-coblocks-post-carousel__date\">7 April 2025<\/time><a href=\"https:\/\/muzeusm.ro\/hu\/proces-verbal-examen-scris-guard\/\" alt=\"Proces verbal examen scris guard\">Proces verbal examen scris guard<\/a><div class=\"wp-block-coblocks-post-carousel__excerpt\">Rezultat examen scris pentru ocuparea postului de guard la Serviciul Muzee Carei T\u0103\u0219nad SKM_C22725040712390Descarc\u0103<\/div><\/div><\/div><div class=\"wp-block-coblocks-post-carousel__item swiper-slide\"><div class=\"wp-block-coblocks-post-carousel__content\"><time datetime=\"2025-03-28T11:55:04+02:00\" class=\"wp-block-coblocks-post-carousel__date\">28 March 2025<\/time><a href=\"https:\/\/muzeusm.ro\/hu\/proces-verbal-selectie-dosare-post-guard\/\" alt=\"Proces verbal selec\u021bie dosare post guard\">Proces verbal selec\u021bie dosare post guard<\/a><div class=\"wp-block-coblocks-post-carousel__excerpt\">Proces verbal de selec\u021bie dosare la concursul pentru ocuparea postului de guard SKM_C22725032812410Descarc\u0103<\/div><\/div><\/div><div class=\"wp-block-coblocks-post-carousel__item swiper-slide\"><div class=\"wp-block-coblocks-post-carousel__content\"><time datetime=\"2025-03-14T09:05:22+02:00\" class=\"wp-block-coblocks-post-carousel__date\">14 March 2025<\/time><a href=\"https:\/\/muzeusm.ro\/hu\/anunt-concurs-guard-studii-medii-generale\/\" alt=\"Anun\u021b concurs guard studii medii\/generale\">Anun\u021b concurs guard studii medii\/generale<\/a><div class=\"wp-block-coblocks-post-carousel__excerpt\">Adeverin\u021b\u0103 la angajare Formular de \u00eenscriere SKM_C22725031409460Descarc\u0103 2 Formular de inscriere anexa 2, conf hg1336 din 2022Descarc\u0103 1 Adeverinta la angajare model informativ anexa 3 &hellip; <\/div><\/div><\/div><div class=\"wp-block-coblocks-post-carousel__item swiper-slide\"><div class=\"wp-block-coblocks-post-carousel__content\"><time datetime=\"2025-02-14T10:32:21+02:00\" class=\"wp-block-coblocks-post-carousel__date\">14 February 2025<\/time><a href=\"https:\/\/muzeusm.ro\/hu\/rezultate-finale-concurs-muzeograf-durata-determinata\/\" alt=\"Rezultate finale concurs muzeograf durata determinat\u0103\">Rezultate finale concurs muzeograf durata determinat\u0103<\/a><div class=\"wp-block-coblocks-post-carousel__excerpt\">Proces verbal interviu la concursul de muzeograf SKM_C22725021409460Descarc\u0103<\/div><\/div><\/div><div class=\"wp-block-coblocks-post-carousel__item swiper-slide\"><div class=\"wp-block-coblocks-post-carousel__content\"><time datetime=\"2025-02-10T13:18:32+02:00\" class=\"wp-block-coblocks-post-carousel__date\">10 February 2025<\/time><a href=\"https:\/\/muzeusm.ro\/hu\/proces-verbal-examen-scris-muzeograf-debutant-s\/\" alt=\"Proces verbal examen scris muzeograf debutant S\">Proces verbal examen scris muzeograf debutant S<\/a><div class=\"wp-block-coblocks-post-carousel__excerpt\">Proces Verbal &#8211; privind rezultatul probei scrise la concursul pentru ocuparea postului de muzeograf debutant S &#8211; durat\u0103 determinat\u0103 de 2 ani. Documentul ata\u0219at: SKM_C22725021012560Descarc\u0103<\/div><\/div><\/div><\/div><\/div><button class=\"wp-coblocks-post-carousel-nav-button__prev\" id=\"wp-coblocks-post-carousel-swiper-prev\" style=\"visibility:hidden\" aria-label=\"Previous post\" \/><button class=\"wp-coblocks-post-carousel-nav-button__next\" id=\"wp-coblocks-post-carousel-swiper-next\" style=\"visibility:hidden\" aria-label=\"Next post\" \/><\/div>\n\n\n<div class=\"wp-block-group alignfull has-tertiary-background-color has-background has-small-font-size\"><div class=\"wp-block-group__inner-container is-layout-constrained wp-block-group-is-layout-constrained\">\n<div class=\"wp-block-columns is-layout-flex wp-container-core-columns-is-layout-28f84493 wp-block-columns-is-layout-flex\">\n<div class=\"wp-block-column is-layout-flow wp-block-column-is-layout-flow\">\n<h5 class=\"wp-block-heading has-secondary-color has-text-color has-normal-font-size\">Muzeul Jude\u021bean Satu Mare<\/h5>\n\n\n\n<p class=\"has-text-align-left has-black-color has-text-color\"><a style=\"color: #000000;\" href=\"https:\/\/www.facebook.com\/Muzeul-Judetean-Satu-Mare-1050838434978303\">Facebook<\/a><\/p>\n\n\n\n<p><a style=\"color: #000000;\" href=\"https:\/\/www.instagram.com\/mjsatumare\/\">Instagram<\/a><\/p>\n<\/div>\n\n\n\n<div class=\"wp-block-column is-layout-flow wp-block-column-is-layout-flow\">\n<h4 class=\"wp-block-heading has-text-align-left has-secondary-color has-text-color has-normal-font-size\">Contact<\/h4>\n\n\n\n<ul>\n<li>muzeusm@gmail.com<\/li>\n<li>+40261737526<\/li>\n<\/ul>\n<\/div>\n\n\n\n<div class=\"wp-block-column is-layout-flow wp-block-column-is-layout-flow\">\n<h4 class=\"wp-block-heading has-secondary-color has-text-color has-normal-font-size\">Adresa<\/h4>\n\n\n\n<p class=\"has-black-color has-text-color\">Vasile Lucaciu, 21 <br>Satu Mare<br>Romania<\/p>\n<\/div>\n<\/div>\n<\/div><\/div>\n\n\n\n<p><\/p>\n","protected":false},"excerpt":{"rendered":"<p>Muzeul Jude\u021bean Satu Mare Facebook Instagram Contact muzeusm@gmail.com +40261737526 Adresa Vasile Lucaciu, 21 Satu MareRomania<\/p>\n","protected":false},"author":183061330,"featured_media":0,"parent":0,"menu_order":0,"comment_status":"closed","ping_status":"closed","template":"","meta":{"_coblocks_attr":"","_coblocks_dimensions":"","_coblocks_responsive_height":"","_coblocks_accordion_ie_support":"","advanced_seo_description":"","jetpack_seo_html_title":"","jetpack_seo_noindex":false,"jetpack_post_was_ever_published":false,"footnotes":""},"class_list":["post-146","page","type-page","status-publish","hentry","entry"],"translation":{"provider":"WPGlobus","version":"3.0.1","language":"hu","enabled_languages":["ro","hu","en"],"languages":{"ro":{"title":true,"content":true,"excerpt":false},"hu":{"title":false,"content":false,"excerpt":false},"en":{"title":false,"content":false,"excerpt":false}}},"jetpack_likes_enabled":true,"jetpack-related-posts":[{"id":89,"url":"https:\/\/muzeusm.ro\/hu\/informatii-de-interes-public\/","url_meta":{"origin":146,"position":0},"title":"K\u00f6z\u00e9rdek\u0171 inform\u00e1ci\u00f3","author":"andreeaionetecu","date":"19 October 2021","format":false,"excerpt":"{:ro} Anun\u021buri Achizi\u021bii publice Buget & Documente financiare Concursuri Declara\u021bii de avere \u0218I INTERESE peti\u021bii online Muzeul Jude\u021bean Satu Mare Facebook Instagram Contact muzeusm@gmail.com 0261735116 Adresa Vasile Lucaciu, 21 Satu MareRomania Anunt selectie dosare concurs ingrijitor Anunt selectie dosare concurs ingrijitorDescarc\u0103 {:}{:hu} K\u00f6zbeszerz\u00e9s Karrier lehet\u0151s\u00e9g Vagyon \u00e9s felel\u0151s\u00e9g nyilatkozatok K\u00f6zlem\u00e9nyek\u2026","rel":"","context":"Similar post","block_context":{"text":"Similar post","link":""},"img":{"alt_text":"","src":"","width":0,"height":0},"classes":[]}],"jetpack_sharing_enabled":true,"jetpack_shortlink":"https:\/\/wp.me\/PfvnyQ-2m","_links":{"self":[{"href":"https:\/\/muzeusm.ro\/hu\/wp-json\/wp\/v2\/pages\/146","targetHints":{"allow":["GET"]}}],"collection":[{"href":"https:\/\/muzeusm.ro\/hu\/wp-json\/wp\/v2\/pages"}],"about":[{"href":"https:\/\/muzeusm.ro\/hu\/wp-json\/wp\/v2\/types\/page"}],"author":[{"embeddable":true,"href":"https:\/\/muzeusm.ro\/hu\/wp-json\/wp\/v2\/users\/183061330"}],"replies":[{"embeddable":true,"href":"https:\/\/muzeusm.ro\/hu\/wp-json\/wp\/v2\/comments?post=146"}],"version-history":[{"count":3,"href":"https:\/\/muzeusm.ro\/hu\/wp-json\/wp\/v2\/pages\/146\/revisions"}],"predecessor-version":[{"id":16917,"href":"https:\/\/muzeusm.ro\/hu\/wp-json\/wp\/v2\/pages\/146\/revisions\/16917"}],"wp:attachment":[{"href":"https:\/\/muzeusm.ro\/hu\/wp-json\/wp\/v2\/media?parent=146"}],"curies":[{"name":"wp","href":"https:\/\/api.w.org\/{rel}","templated":true}]}}