{"id":144,"date":"2021-10-20T08:32:46","date_gmt":"2021-10-20T05:32:46","guid":{"rendered":"https:\/\/netsysacad.ro?page_id=144"},"modified":"2025-06-16T15:23:48","modified_gmt":"2025-06-16T12:23:48","slug":"declaratii-de-avere","status":"publish","type":"page","link":"https:\/\/muzeusm.ro\/hu\/declaratii-de-avere\/","title":{"rendered":"Declara\u021bii de avere \u0219i interese"},"content":{"rendered":"\n<ul style=\"font-family:Times New Roman;letter-spacing:3px;font-weight:normal;font-size:25px\" class=\"wp-block-list has-times-new-roman-font-family coblocks-animate has-custom-font has-custom-weight has-custom-letterspacing\" data-coblocks-animation=\"slideInLeft\">\n<li><a href=\"https:\/\/muzeusm.ro\/declaratii-de-avere\/declaratii-de-avere-si-interese-2025\/\" target=\"_blank\" rel=\"noreferrer noopener\">2025 Declara\u021bii de Avere \u0219i Interese<\/a><\/li>\n\n\n\n<li><a href=\"https:\/\/muzeusm.ro\/declaratii-de-avere\/declaratii-de-avere-si-interese-2024\/\">2024 Declara\u021bii de Avere \u0219i Interese <\/a><\/li>\n\n\n\n<li><a href=\"https:\/\/muzeusm.ro\/declaratii-de-avere\/declaratii-de-avere-si-interese-2023\/\">2023 Declara\u021bii de Avere \u0219i Interese<\/a><\/li>\n\n\n\n<li><a href=\"https:\/\/muzeusm.ro\/declaratii-de-avere\/declaratii-de-avere-si-interese-2022\/\">2022 Declara\u021bii de Avere \u0219i Interese<\/a><\/li>\n\n\n\n<li><a href=\"https:\/\/muzeusm.ro\/declaratii-de-avere\/declaratii-de-avere-si-interese-2021\/\">2021 Declara\u021bii de Avere \u0219i Interese<\/a><\/li>\n\n\n\n<li><a href=\"https:\/\/muzeusm.ro\/declaratii-de-avere\/declaratii-de-avere-si-interese-2020\/\">2020 Declara\u021bii de Avere \u0219i Interese<\/a><\/li>\n\n\n\n<li><a href=\"https:\/\/muzeusm.ro\/declaratii-de-avere\/declaratii-de-avere-si-interese-2019\/\">2019 Declara\u021bii de Avere \u0219i Interese<\/a><\/li>\n\n\n\n<li><a href=\"https:\/\/muzeusm.ro\/declaratii-de-avere\/declaratii-de-avere-si-interese-2018\/\">2018 Declara\u021bii de Avere \u0219i Interese<\/a><\/li>\n\n\n\n<li><a href=\"https:\/\/muzeusm.ro\/declaratii-de-avere\/declaratii-de-avere-si-interese-2017\/\">2017 Declara\u021bii de Avere \u0219i Interese<\/a><\/li>\n<\/ul>\n\n\n\n<div class=\"wp-block-group alignfull has-tertiary-background-color has-background has-small-font-size\"><div class=\"wp-block-group__inner-container is-layout-constrained wp-block-group-is-layout-constrained\">\n<div class=\"wp-block-columns is-layout-flex wp-container-core-columns-is-layout-28f84493 wp-block-columns-is-layout-flex\">\n<div class=\"wp-block-column is-layout-flow wp-block-column-is-layout-flow\">\n<h5 class=\"wp-block-heading has-secondary-color has-text-color has-normal-font-size\">Muzeul Jude\u021bean Satu Mare<\/h5>\n\n\n\n<p class=\"has-text-align-left has-black-color has-text-color\"><a style=\"color: #000000;\" href=\"https:\/\/www.facebook.com\/Muzeul-Judetean-Satu-Mare-1050838434978303\">Facebook<\/a><\/p>\n\n\n\n<p><a style=\"color: #000000;\" href=\"https:\/\/www.instagram.com\/mjsatumare\/\">Instagram<\/a><\/p>\n<\/div>\n\n\n\n<div class=\"wp-block-column is-layout-flow wp-block-column-is-layout-flow\">\n<h4 class=\"wp-block-heading has-text-align-left has-secondary-color has-text-color has-normal-font-size\">Contact<\/h4>\n\n\n\n<ul>\n<li>muzeusm@gmail.com<\/li>\n<li>+40261737526<\/li>\n<\/ul>\n<\/div>\n\n\n\n<div class=\"wp-block-column is-layout-flow wp-block-column-is-layout-flow\">\n<h4 class=\"wp-block-heading has-secondary-color has-text-color has-normal-font-size\">Adresa<\/h4>\n\n\n\n<p class=\"has-black-color has-text-color\">Vasile Lucaciu, 21 <br>Satu Mare<br>Romania<\/p>\n<\/div>\n<\/div>\n<\/div><\/div>\n","protected":false},"excerpt":{"rendered":"<p>Muzeul Jude\u021bean Satu Mare Facebook Instagram Contact muzeusm@gmail.com +40261737526 Adresa Vasile Lucaciu, 21 Satu MareRomania<\/p>\n","protected":false},"author":183061330,"featured_media":0,"parent":0,"menu_order":0,"comment_status":"closed","ping_status":"closed","template":"","meta":{"_coblocks_attr":"Times New Roman","_coblocks_dimensions":"","_coblocks_responsive_height":"","_coblocks_accordion_ie_support":"","advanced_seo_description":"","jetpack_seo_html_title":"","jetpack_seo_noindex":false,"jetpack_post_was_ever_published":false,"footnotes":""},"class_list":["post-144","page","type-page","status-publish","hentry","entry"],"translation":{"provider":"WPGlobus","version":"3.0.1","language":"hu","enabled_languages":["ro","hu","en"],"languages":{"ro":{"title":true,"content":true,"excerpt":false},"hu":{"title":false,"content":false,"excerpt":false},"en":{"title":false,"content":false,"excerpt":false}}},"jetpack_likes_enabled":true,"jetpack-related-posts":[{"id":14098,"url":"https:\/\/muzeusm.ro\/hu\/declaratii-de-avere\/declaratii-de-avere-si-interese-2018\/","url_meta":{"origin":144,"position":0},"title":"Declara\u021bii de Avere \u0219i Interese 2018","author":"norbertlorincz","date":"13 June 2024","format":false,"excerpt":"Ardelean Radu - Declara\u021bie de avere Ardelean Radu - Declara\u021bie de interese Balu Daniela - Declara\u021bie de avere Balu Daniela - Declara\u021bie de interese Gindele Robert - Declara\u021bie de avere Gindele Robert - Declara\u021bie de interese Hago Attila - Declara\u021bie de avere Hago Attila - Declara\u021bie de interese Horvat Liuba\u2026","rel":"","context":"Similar post","block_context":{"text":"Similar post","link":""},"img":{"alt_text":"","src":"","width":0,"height":0},"classes":[]},{"id":14095,"url":"https:\/\/muzeusm.ro\/hu\/declaratii-de-avere\/declaratii-de-avere-si-interese-2019\/","url_meta":{"origin":144,"position":1},"title":"Declara\u021bii de Avere \u0219i Interese 2019","author":"norbertlorincz","date":"13 June 2024","format":false,"excerpt":"Ardelean Radu - Declara\u0163ie de avere Ardelean Radu - Declara\u0163ie de interese B\u0103lu Daniela - Declara\u0163ie de avere B\u0103lu Daniela - Declara\u0163ie de interese Gindele Robert - Declara\u0163ie de avere Gindele Robert - Declara\u0163ie de interese Hago Attila - Declara\u0163ie de avere Hago Attila - Declara\u0163ie de interese Horvat Liuba\u2026","rel":"","context":"Similar post","block_context":{"text":"Similar post","link":""},"img":{"alt_text":"","src":"","width":0,"height":0},"classes":[]},{"id":14101,"url":"https:\/\/muzeusm.ro\/hu\/declaratii-de-avere\/declaratii-de-avere-si-interese-2017\/","url_meta":{"origin":144,"position":2},"title":"Declara\u021bii de Avere \u0219i Interese 2017","author":"norbertlorincz","date":"13 June 2024","format":false,"excerpt":"ARDELEAN RADU - Declaratie de avere ARDELEAN RADU - Declaratie de interese BALU DANIELA - Declaratie de avere BALU DANIELA - Declaratie de interese GINDELE ROBERT - Declaratie de avere GINDELE ROBERT - Declaratie de interese HAGO ATTILA - Declaratie de avere HAGO ATTILA - Declaratie de interese HORVAT IRINA\u2026","rel":"","context":"Similar post","block_context":{"text":"Similar post","link":""},"img":{"alt_text":"","src":"","width":0,"height":0},"classes":[]},{"id":14080,"url":"https:\/\/muzeusm.ro\/hu\/declaratii-de-avere\/declaratii-de-avere-si-interese-2024\/","url_meta":{"origin":144,"position":3},"title":"Declara\u021bii de Avere \u0219i interese 2024","author":"norbertlorincz","date":"12 June 2024","format":false,"excerpt":"B\u0103lu Daniela declara\u021bie de avere B\u0103lu Daniela declara\u021bie de interese Belbe Sebastian declara\u021bie de avere Belbe Sebastian declara\u021bie de interese Capotescu M\u0103rioara declara\u021bie de avere Capotescu M\u0103rioara declara\u021bie de interese Dobrescu Adela declara\u021bie de avere Dobrescu Adela declara\u021bie de interese Fage Diana declara\u021bie de avere Fage Diana declara\u021bie de interese\u2026","rel":"","context":"Similar post","block_context":{"text":"Similar post","link":""},"img":{"alt_text":"","src":"","width":0,"height":0},"classes":[]},{"id":16756,"url":"https:\/\/muzeusm.ro\/hu\/declaratii-de-avere\/declaratii-de-avere-si-interese-2025\/","url_meta":{"origin":144,"position":4},"title":"Declara\u021bii de Avere \u0219i interese 2025","author":"norbertlorincz","date":"16 June 2025","format":false,"excerpt":"B\u0103lu Daniela declara\u021bie de avere B\u0103lu Daniela declara\u021bie de interese Belbe Sebastian declara\u021bie de avere Belbe Sebastian declara\u021bie de interese Capotescu M\u0103rioara declara\u021bie de avere Capotescu M\u0103rioara declara\u021bie de interese Grigorean Mihaela declara\u021bie de avere Grigorean Mihaela declara\u021bie de interese Fage Diana declara\u021bie de avere Fage Diana declara\u021bie de interese\u2026","rel":"","context":"Similar post","block_context":{"text":"Similar post","link":""},"img":{"alt_text":"","src":"","width":0,"height":0},"classes":[]},{"id":14086,"url":"https:\/\/muzeusm.ro\/hu\/declaratii-de-avere\/declaratii-de-avere-si-interese-2022\/","url_meta":{"origin":144,"position":5},"title":"Declara\u021bii de Avere \u0219i Interese 2022","author":"norbertlorincz","date":"13 June 2024","format":false,"excerpt":"B\u0103lu Daniela -Declara\u021bie de avere B\u0103lu Daniela -Declara\u021bie interese Belbe Sebastian -Declaratie de avere Belbe Sebastian -Declaratie interese Dobrescu Adela -Declaratie de avere Dobrescu Adela -Declara\u021bie\u00a0 interese Gindele Robert -Declaratie de avere Gindele Robert -Declaratie interese Grigorean Mihaela -Declaratie de avere Grigorean Mihaela -Declaratie interese Hago Attila -Declaratie avere Hago\u2026","rel":"","context":"Similar post","block_context":{"text":"Similar post","link":""},"img":{"alt_text":"","src":"","width":0,"height":0},"classes":[]}],"jetpack_sharing_enabled":true,"jetpack_shortlink":"https:\/\/wp.me\/PfvnyQ-2k","_links":{"self":[{"href":"https:\/\/muzeusm.ro\/hu\/wp-json\/wp\/v2\/pages\/144","targetHints":{"allow":["GET"]}}],"collection":[{"href":"https:\/\/muzeusm.ro\/hu\/wp-json\/wp\/v2\/pages"}],"about":[{"href":"https:\/\/muzeusm.ro\/hu\/wp-json\/wp\/v2\/types\/page"}],"author":[{"embeddable":true,"href":"https:\/\/muzeusm.ro\/hu\/wp-json\/wp\/v2\/users\/183061330"}],"replies":[{"embeddable":true,"href":"https:\/\/muzeusm.ro\/hu\/wp-json\/wp\/v2\/comments?post=144"}],"version-history":[{"count":17,"href":"https:\/\/muzeusm.ro\/hu\/wp-json\/wp\/v2\/pages\/144\/revisions"}],"predecessor-version":[{"id":16758,"href":"https:\/\/muzeusm.ro\/hu\/wp-json\/wp\/v2\/pages\/144\/revisions\/16758"}],"wp:attachment":[{"href":"https:\/\/muzeusm.ro\/hu\/wp-json\/wp\/v2\/media?parent=144"}],"curies":[{"name":"wp","href":"https:\/\/api.w.org\/{rel}","templated":true}]}}