{"id":14098,"date":"2024-06-13T09:56:48","date_gmt":"2024-06-13T06:56:48","guid":{"rendered":"https:\/\/muzeusm.ro\/?page_id=14098"},"modified":"2024-06-16T11:09:16","modified_gmt":"2024-06-16T08:09:16","slug":"declaratii-de-avere-si-interese-2018","status":"publish","type":"page","link":"https:\/\/muzeusm.ro\/hu\/declaratii-de-avere\/declaratii-de-avere-si-interese-2018\/","title":{"rendered":"Declara\u021bii de Avere \u0219i Interese 2018"},"content":{"rendered":"\n<ul class=\"wp-block-list\">\n<li><a href=\"https:\/\/old.muzeusm.ro\/wp-content\/uploads\/2017\/05\/ardelean-radu.pdf\">Ardelean Radu &#8211; Declara\u021bie de avere<\/a><\/li>\n\n\n\n<li><a href=\"https:\/\/muzeusm.ro\/wp-content\/uploads\/2017\/05\/ardelean-radu-1.pdf\">Ardelean Radu &#8211; Declara\u021bie de interese<\/a><\/li>\n\n\n\n<li><a href=\"https:\/\/muzeusm.ro\/wp-content\/uploads\/2017\/05\/balu-daniela.pdf\">Balu Daniela &#8211; Declara\u021bie de avere<\/a><\/li>\n\n\n\n<li><a href=\"https:\/\/muzeusm.ro\/wp-content\/uploads\/2017\/05\/balu-daniela-1.pdf\">Balu Daniela &#8211; Declara\u021bie de interese<\/a><\/li>\n\n\n\n<li><a href=\"https:\/\/muzeusm.ro\/wp-content\/uploads\/2017\/05\/gindele-robert-2.pdf\">Gindele Robert &#8211; Declara\u021bie de avere<\/a><\/li>\n\n\n\n<li><a href=\"https:\/\/muzeusm.ro\/wp-content\/uploads\/2017\/05\/gindele-robert1.pdf\">Gindele Robert &#8211; Declara\u021bie de interese<\/a><\/li>\n\n\n\n<li><a href=\"https:\/\/muzeusm.ro\/wp-content\/uploads\/2017\/05\/hago-attila.pdf\">Hago Attila &#8211; Declara\u021bie de avere<\/a><\/li>\n\n\n\n<li><a href=\"https:\/\/muzeusm.ro\/wp-content\/uploads\/2017\/05\/hago-attila-1.pdf\">Hago Attila &#8211; Declara\u021bie de interese<\/a><\/li>\n\n\n\n<li><a href=\"https:\/\/muzeusm.ro\/wp-content\/uploads\/2017\/05\/horvat-liuba.pdf\">Horvat Liuba &#8211; Declara\u021bie de avere<\/a><\/li>\n\n\n\n<li><a href=\"https:\/\/muzeusm.ro\/wp-content\/uploads\/2017\/05\/horvat-liuba-1.pdf\">Horvat Liuba &#8211; Declara\u021bie de interese<\/a><\/li>\n\n\n\n<li><a href=\"https:\/\/muzeusm.ro\/wp-content\/uploads\/2017\/05\/lobont-puscas-maria.pdf\">Lobont-Puscas Maria &#8211; Declara\u021bie de avere<\/a><\/li>\n\n\n\n<li><a href=\"https:\/\/muzeusm.ro\/wp-content\/uploads\/2017\/05\/lobont-puscas-maria-1.pdf\">Lobont-Puscas Maria &#8211; Declara\u021bie de interese<\/a><\/li>\n\n\n\n<li><a href=\"https:\/\/muzeusm.ro\/wp-content\/uploads\/2017\/05\/olariu-gheorghina-1.pdf\">Olariu Gheorghina &#8211; Declara\u021bie de avere<\/a><\/li>\n\n\n\n<li><a href=\"https:\/\/muzeusm.ro\/wp-content\/uploads\/2017\/05\/olariu-gheorgina.pdf\">Olariu Gheorghina &#8211; Declara\u021bie de interese<\/a><\/li>\n\n\n\n<li><a href=\"https:\/\/muzeusm.ro\/wp-content\/uploads\/2017\/05\/pop-daniela-2.pdf\">Pop Daniela &#8211; Declara\u021bie de avere<\/a><\/li>\n\n\n\n<li><a href=\"https:\/\/muzeusm.ro\/wp-content\/uploads\/2017\/05\/pop-daniela.pdf\">Pop Daniela &#8211; Declara\u021bie de interese<\/a><\/li>\n\n\n\n<li><a href=\"https:\/\/muzeusm.ro\/wp-content\/uploads\/2017\/05\/pop-felician.pdf\">Pop Felician &#8211; Declara\u021bie de avere<\/a><\/li>\n\n\n\n<li><a href=\"https:\/\/muzeusm.ro\/wp-content\/uploads\/2017\/05\/pop-felician-1.pdf\">Pop Felician &#8211; Declara\u021bie de interese<\/a><\/li>\n\n\n\n<li><a href=\"https:\/\/muzeusm.ro\/wp-content\/uploads\/2017\/05\/popdan-bradut.pdf\">Popdan Bradut &#8211; Declara\u021bie de avere<\/a><\/li>\n\n\n\n<li><a href=\"https:\/\/muzeusm.ro\/wp-content\/uploads\/2017\/05\/popdan-bradut-1.pdf\">Popdan Bradut &#8211; Declara\u021bie de interese<\/a><\/li>\n\n\n\n<li><a href=\"https:\/\/muzeusm.ro\/wp-content\/uploads\/2017\/05\/porumbacean-claudiu.pdf\">Porumbacean Claudiu &#8211; Declara\u021bie de avere<\/a><\/li>\n\n\n\n<li><a href=\"https:\/\/muzeusm.ro\/wp-content\/uploads\/2017\/05\/porumbacean-claudiu-1.pdf\">Porumbacean Claudiu &#8211; Declara\u021bie de interese<\/a><\/li>\n\n\n\n<li><a href=\"https:\/\/muzeusm.ro\/wp-content\/uploads\/2017\/05\/szocs-peter.pdf\">Szocs Peter &#8211; Declara\u021bie de avere<\/a><\/li>\n\n\n\n<li><a href=\"https:\/\/muzeusm.ro\/wp-content\/uploads\/2017\/05\/szocs-peter-1.pdf\">Szocs Peter &#8211; Declara\u021bie de interese<\/a><\/li>\n\n\n\n<li><a href=\"https:\/\/muzeusm.ro\/wp-content\/uploads\/2017\/05\/vikk-tiberiu-2.pdf\">Vikk Tiberiu &#8211; Declara\u021bie de avere<\/a><\/li>\n\n\n\n<li><a href=\"https:\/\/muzeusm.ro\/wp-content\/uploads\/2017\/05\/vikk-tiberiu-stefan.pdf\">Vikk Tiberiu &#8211; Declara\u021bie de interese<\/a><\/li>\n<\/ul>\n","protected":false},"excerpt":{"rendered":"","protected":false},"author":243833644,"featured_media":0,"parent":144,"menu_order":0,"comment_status":"closed","ping_status":"closed","template":"","meta":{"_coblocks_attr":"","_coblocks_dimensions":"","_coblocks_responsive_height":"","_coblocks_accordion_ie_support":"","advanced_seo_description":"","jetpack_seo_html_title":"","jetpack_seo_noindex":false,"jetpack_post_was_ever_published":false,"footnotes":""},"class_list":["post-14098","page","type-page","status-publish","hentry","entry"],"translation":{"provider":"WPGlobus","version":"3.0.1","language":"hu","enabled_languages":["ro","hu","en"],"languages":{"ro":{"title":true,"content":true,"excerpt":false},"hu":{"title":false,"content":false,"excerpt":false},"en":{"title":false,"content":false,"excerpt":false}}},"jetpack_likes_enabled":true,"jetpack-related-posts":[{"id":14095,"url":"https:\/\/muzeusm.ro\/hu\/declaratii-de-avere\/declaratii-de-avere-si-interese-2019\/","url_meta":{"origin":14098,"position":0},"title":"Declara\u021bii de Avere \u0219i Interese 2019","author":"norbertlorincz","date":"13 June 2024","format":false,"excerpt":"Ardelean Radu - Declara\u0163ie de avere Ardelean Radu - Declara\u0163ie de interese B\u0103lu Daniela - Declara\u0163ie de avere B\u0103lu Daniela - Declara\u0163ie de interese Gindele Robert - Declara\u0163ie de avere Gindele Robert - Declara\u0163ie de interese Hago Attila - Declara\u0163ie de avere Hago Attila - Declara\u0163ie de interese Horvat Liuba\u2026","rel":"","context":"Similar post","block_context":{"text":"Similar post","link":""},"img":{"alt_text":"","src":"","width":0,"height":0},"classes":[]},{"id":14101,"url":"https:\/\/muzeusm.ro\/hu\/declaratii-de-avere\/declaratii-de-avere-si-interese-2017\/","url_meta":{"origin":14098,"position":1},"title":"Declara\u021bii de Avere \u0219i Interese 2017","author":"norbertlorincz","date":"13 June 2024","format":false,"excerpt":"ARDELEAN RADU - Declaratie de avere ARDELEAN RADU - Declaratie de interese BALU DANIELA - Declaratie de avere BALU DANIELA - Declaratie de interese GINDELE ROBERT - Declaratie de avere GINDELE ROBERT - Declaratie de interese HAGO ATTILA - Declaratie de avere HAGO ATTILA - Declaratie de interese HORVAT IRINA\u2026","rel":"","context":"Similar post","block_context":{"text":"Similar post","link":""},"img":{"alt_text":"","src":"","width":0,"height":0},"classes":[]},{"id":14080,"url":"https:\/\/muzeusm.ro\/hu\/declaratii-de-avere\/declaratii-de-avere-si-interese-2024\/","url_meta":{"origin":14098,"position":2},"title":"Declara\u021bii de Avere \u0219i interese 2024","author":"norbertlorincz","date":"12 June 2024","format":false,"excerpt":"B\u0103lu Daniela declara\u021bie de avere B\u0103lu Daniela declara\u021bie de interese Belbe Sebastian declara\u021bie de avere Belbe Sebastian declara\u021bie de interese Capotescu M\u0103rioara declara\u021bie de avere Capotescu M\u0103rioara declara\u021bie de interese Dobrescu Adela declara\u021bie de avere Dobrescu Adela declara\u021bie de interese Fage Diana declara\u021bie de avere Fage Diana declara\u021bie de interese\u2026","rel":"","context":"Similar post","block_context":{"text":"Similar post","link":""},"img":{"alt_text":"","src":"","width":0,"height":0},"classes":[]},{"id":16756,"url":"https:\/\/muzeusm.ro\/hu\/declaratii-de-avere\/declaratii-de-avere-si-interese-2025\/","url_meta":{"origin":14098,"position":3},"title":"Declara\u021bii de Avere \u0219i interese 2025","author":"norbertlorincz","date":"16 June 2025","format":false,"excerpt":"B\u0103lu Daniela declara\u021bie de avere B\u0103lu Daniela declara\u021bie de interese Belbe Sebastian declara\u021bie de avere Belbe Sebastian declara\u021bie de interese Capotescu M\u0103rioara declara\u021bie de avere Capotescu M\u0103rioara declara\u021bie de interese Grigorean Mihaela declara\u021bie de avere Grigorean Mihaela declara\u021bie de interese Fage Diana declara\u021bie de avere Fage Diana declara\u021bie de interese\u2026","rel":"","context":"Similar post","block_context":{"text":"Similar post","link":""},"img":{"alt_text":"","src":"","width":0,"height":0},"classes":[]},{"id":14086,"url":"https:\/\/muzeusm.ro\/hu\/declaratii-de-avere\/declaratii-de-avere-si-interese-2022\/","url_meta":{"origin":14098,"position":4},"title":"Declara\u021bii de Avere \u0219i Interese 2022","author":"norbertlorincz","date":"13 June 2024","format":false,"excerpt":"B\u0103lu Daniela -Declara\u021bie de avere B\u0103lu Daniela -Declara\u021bie interese Belbe Sebastian -Declaratie de avere Belbe Sebastian -Declaratie interese Dobrescu Adela -Declaratie de avere Dobrescu Adela -Declara\u021bie\u00a0 interese Gindele Robert -Declaratie de avere Gindele Robert -Declaratie interese Grigorean Mihaela -Declaratie de avere Grigorean Mihaela -Declaratie interese Hago Attila -Declaratie avere Hago\u2026","rel":"","context":"Similar post","block_context":{"text":"Similar post","link":""},"img":{"alt_text":"","src":"","width":0,"height":0},"classes":[]},{"id":14083,"url":"https:\/\/muzeusm.ro\/hu\/declaratii-de-avere\/declaratii-de-avere-si-interese-2023\/","url_meta":{"origin":14098,"position":5},"title":"Declara\u021bii de Avere \u0219i Interese 2023","author":"norbertlorincz","date":"13 June 2024","format":false,"excerpt":"B\u0103lu Daniela declara\u021bie de avere B\u0103lu Daniela declara\u021bie de interese Belbe Sebastian declara\u021bie de avere Belbe Sebastian declara\u021bie de interese Capotescu M\u0103rioara declara\u021bie de avere Capotescu M\u0103rioara declara\u021bie de interese Dobrecu Adela declara\u021bie de interese Dobrescu Adela declara\u021bie de avere Fage Diana declara\u021bie de avere Fage Diana declara\u021bie de interese\u2026","rel":"","context":"Similar post","block_context":{"text":"Similar post","link":""},"img":{"alt_text":"","src":"","width":0,"height":0},"classes":[]}],"jetpack_sharing_enabled":true,"jetpack_shortlink":"https:\/\/wp.me\/PfvnyQ-3Fo","_links":{"self":[{"href":"https:\/\/muzeusm.ro\/hu\/wp-json\/wp\/v2\/pages\/14098","targetHints":{"allow":["GET"]}}],"collection":[{"href":"https:\/\/muzeusm.ro\/hu\/wp-json\/wp\/v2\/pages"}],"about":[{"href":"https:\/\/muzeusm.ro\/hu\/wp-json\/wp\/v2\/types\/page"}],"author":[{"embeddable":true,"href":"https:\/\/muzeusm.ro\/hu\/wp-json\/wp\/v2\/users\/243833644"}],"replies":[{"embeddable":true,"href":"https:\/\/muzeusm.ro\/hu\/wp-json\/wp\/v2\/comments?post=14098"}],"version-history":[{"count":7,"href":"https:\/\/muzeusm.ro\/hu\/wp-json\/wp\/v2\/pages\/14098\/revisions"}],"predecessor-version":[{"id":14312,"href":"https:\/\/muzeusm.ro\/hu\/wp-json\/wp\/v2\/pages\/14098\/revisions\/14312"}],"up":[{"embeddable":true,"href":"https:\/\/muzeusm.ro\/hu\/wp-json\/wp\/v2\/pages\/144"}],"wp:attachment":[{"href":"https:\/\/muzeusm.ro\/hu\/wp-json\/wp\/v2\/media?parent=14098"}],"curies":[{"name":"wp","href":"https:\/\/api.w.org\/{rel}","templated":true}]}}