{"id":14086,"date":"2024-06-13T09:51:29","date_gmt":"2024-06-13T06:51:29","guid":{"rendered":"https:\/\/muzeusm.ro\/?page_id=14086"},"modified":"2024-06-15T23:26:48","modified_gmt":"2024-06-15T20:26:48","slug":"declaratii-de-avere-si-interese-2022","status":"publish","type":"page","link":"https:\/\/muzeusm.ro\/hu\/declaratii-de-avere\/declaratii-de-avere-si-interese-2022\/","title":{"rendered":"Declara\u021bii de Avere \u0219i Interese 2022"},"content":{"rendered":"\n<ul class=\"wp-block-list\">\n<li><a href=\"https:\/\/muzeusm.ro\/wp-content\/uploads\/2017\/05\/Balu-Danielea-Declaratie-de-avere.pdf\">B\u0103lu Daniela -Declara\u021bie de avere<\/a><\/li>\n\n\n\n<li><a href=\"https:\/\/muzeusm.ro\/wp-content\/uploads\/2017\/05\/Balu-Daniela-Decl-interese%20(1).pdf\">B\u0103lu Daniela -Declara\u021bie interese<\/a><\/li>\n\n\n\n<li><a href=\"https:\/\/muzeusm.ro\/wp-content\/uploads\/2017\/05\/Belbe-Sebastian-Declaratie-de-avere.pdf\">Belbe Sebastian -Declaratie de avere<\/a><\/li>\n\n\n\n<li><a href=\"https:\/\/muzeusm.ro\/wp-content\/uploads\/2017\/05\/Belebe-Sebastian-Declaratie-interese.pdf\">Belbe Sebastian -Declaratie interese<\/a><\/li>\n\n\n\n<li><a href=\"https:\/\/muzeusm.ro\/wp-content\/uploads\/2017\/05\/Dobrescu-Adela-declaratie-de-avere.pdf\">Dobrescu Adela -Declaratie de avere<\/a><\/li>\n\n\n\n<li><a href=\"https:\/\/muzeusm.ro\/wp-content\/uploads\/2017\/05\/Dobrescu-Adela-Decal-de-interese.pdf\">Dobrescu Adela -Declara\u021bie\u00a0 interese<\/a><\/li>\n\n\n\n<li><a href=\"https:\/\/muzeusm.ro\/wp-content\/uploads\/2017\/05\/Gindele-Robert-declaratie-de-avere.pdf\">Gindele Robert -Declaratie de avere<\/a><\/li>\n\n\n\n<li><a href=\"https:\/\/muzeusm.ro\/wp-content\/uploads\/2017\/05\/Gindele-Robert-Declaratie-interese.pdf\">Gindele Robert -Declaratie interese<\/a><\/li>\n\n\n\n<li><a href=\"https:\/\/muzeusm.ro\/wp-content\/uploads\/2017\/05\/Grigorean-Mihaela-declaratie-de-avere.pdf\">Grigorean Mihaela -Declaratie de avere<\/a><\/li>\n\n\n\n<li><a href=\"https:\/\/muzeusm.ro\/wp-content\/uploads\/2017\/05\/Grigorean-Mihaela-Declaratie-de-interese-1.pdf\">Grigorean Mihaela -Declaratie interese<\/a><\/li>\n\n\n\n<li><a href=\"https:\/\/muzeusm.ro\/wp-content\/uploads\/2017\/05\/Hago-Attila-Declaratie-avere.pdf\">Hago Attila -Declaratie avere<\/a><\/li>\n\n\n\n<li><a href=\"https:\/\/muzeusm.ro\/wp-content\/uploads\/2017\/05\/Hago-Attila-Declaratie-interese.pdf\">Hago Attila -Declaratie interese<\/a><\/li>\n\n\n\n<li><a href=\"https:\/\/muzeusm.ro\/wp-content\/uploads\/2017\/05\/Herteg-Andrea-declaratie-avere.pdf\">Herteg Andrea -Declaratie avere<\/a><\/li>\n\n\n\n<li><a href=\"https:\/\/muzeusm.ro\/wp-content\/uploads\/2017\/05\/Herteg-Andrea-decla-interese.pdf\">Herteg Andrea -Declara\u021bie interese<\/a><\/li>\n\n\n\n<li><a href=\"https:\/\/muzeusm.ro\/wp-content\/uploads\/2017\/05\/Honca-Ciprian-Decla-avere.pdf\">Honca Ciprian -Declara\u021bie de avere<\/a><\/li>\n\n\n\n<li><a href=\"https:\/\/muzeusm.ro\/wp-content\/uploads\/2017\/05\/Honca-Ciprian-decl-interese.pdf\">Honca Ciprian -Declara\u021bie interese<\/a><\/li>\n\n\n\n<li><a href=\"https:\/\/muzeusm.ro\/wp-content\/uploads\/2017\/05\/Horvat-Liuba-decla-avere.pdf\">Horvat Liuba -Declara\u021bie de avere<\/a><\/li>\n\n\n\n<li><a href=\"https:\/\/muzeusm.ro\/wp-content\/uploads\/2017\/05\/Horvat-Liuba-decl-interese2022.pdf\">Horvat Liuba -Declara\u021bie interese<\/a><\/li>\n\n\n\n<li><a href=\"https:\/\/muzeusm.ro\/wp-content\/uploads\/2017\/05\/Illyes-Gulacsi-Andrea-decl-avere.pdf\">Illyes Gulacsi Andrea-Declara\u021bie de avere<\/a><\/li>\n\n\n\n<li><a href=\"https:\/\/muzeusm.ro\/wp-content\/uploads\/2017\/05\/Ilyes-Gulacsi-Andrea-decl-interese.pdf\">Ilyes Gulacsi Andrea-Declara\u021bie interese<\/a><\/li>\n\n\n\n<li><a href=\"https:\/\/muzeusm.ro\/wp-content\/uploads\/2017\/05\/Ionetecu-Andrea-declaratie-de-avere.pdf\">Ionetecu Andrea -Declaratie de avere<\/a><\/li>\n\n\n\n<li><a href=\"https:\/\/muzeusm.ro\/wp-content\/uploads\/2017\/05\/Ionetecu-Andrea-decla-de-interese.pdf\">Ionetecu Andrea -Declara\u021bie interese<\/a><\/li>\n\n\n\n<li><a href=\"https:\/\/muzeusm.ro\/wp-content\/uploads\/2017\/05\/Kovacs-Zzolt-decl-avere.pdf\">Kovacs Zzolt -Declara\u021bie de avere<\/a><\/li>\n\n\n\n<li><a href=\"https:\/\/muzeusm.ro\/wp-content\/uploads\/2017\/05\/Kovacs-Zsolt-decl-interese.pdf\">Kovacs Zsolt -Declara\u021bie interese<\/a><\/li>\n\n\n\n<li><a href=\"https:\/\/muzeusm.ro\/wp-content\/uploads\/2017\/05\/Laszlo-Silvia-decla-avere.pdf\">Laszlo Silvia -Declara\u021bie de avere<\/a><\/li>\n\n\n\n<li><a href=\"https:\/\/muzeusm.ro\/wp-content\/uploads\/2017\/05\/Laszlo-Silvia-decl-interese.pdf\">Laszlo Silvia -Declara\u021bie interese<\/a><\/li>\n\n\n\n<li><a href=\"https:\/\/muzeusm.ro\/wp-content\/uploads\/2017\/05\/Liviu-Marta-declaratie-de-avere.pdf\">Liviu Marta -Declaratie de avere<\/a><\/li>\n\n\n\n<li><a href=\"https:\/\/muzeusm.ro\/wp-content\/uploads\/2017\/05\/Liviu-Marta-declaratie-de-interese.pdf\">Liviu Marta -Declaratie de interese<\/a><\/li>\n\n\n\n<li><a href=\"https:\/\/muzeusm.ro\/wp-content\/uploads\/2017\/05\/Lobont-Puscas-Maria-decl-avere.pdf\">Lobont Puscas Maria Magdalena-Declara\u021bie de avere<\/a><\/li>\n\n\n\n<li><a href=\"https:\/\/muzeusm.ro\/wp-content\/uploads\/2017\/05\/Lobont-Puscas-decl-interese.pdf\">Lobont Puscas Maria Magdalena -Declara\u021bie interese<\/a><\/li>\n\n\n\n<li><a href=\"https:\/\/muzeusm.ro\/wp-content\/uploads\/2017\/05\/Lorincz-Norbert-decl-avere.pdf\">Lorincz Norbert -Declara\u021bie de avere<\/a><\/li>\n\n\n\n<li><a href=\"https:\/\/muzeusm.ro\/wp-content\/uploads\/2017\/05\/Lorincz-Norbert-decl-interese.pdf\">Lorincz Norbert-Declara\u021bie interese<\/a><\/li>\n\n\n\n<li><a href=\"https:\/\/muzeusm.ro\/wp-content\/uploads\/2017\/05\/Nagy-Norbert-Decl-de-avere.pdf\">Nagy Norbert -Declara\u021bie de avere<\/a><\/li>\n\n\n\n<li><a href=\"https:\/\/muzeusm.ro\/wp-content\/uploads\/2017\/05\/Nagy-Norbert-Declaratie-interese.pdf\">Nagy Norbert -Declaratie interese<\/a><\/li>\n\n\n\n<li><a href=\"https:\/\/muzeusm.ro\/wp-content\/uploads\/2017\/05\/Olariu-Gheorghina-decla-avere.pdf\">Olariu Gheorghina-Declara\u021bie de avere<\/a><\/li>\n\n\n\n<li><a href=\"https:\/\/muzeusm.ro\/wp-content\/uploads\/2017\/05\/Olariu-Gheorghina-declaratie-de-interese.pdf\">Olariu Gheorghina-Declaratie interese<\/a><\/li>\n\n\n\n<li><a href=\"https:\/\/muzeusm.ro\/wp-content\/uploads\/2017\/05\/Pastean-Dorina-decl-de-avere.pdf\">Pastean Dorina -Declara\u021bie de avere<\/a><\/li>\n\n\n\n<li><a href=\"https:\/\/muzeusm.ro\/wp-content\/uploads\/2017\/05\/Pastean-Dorina-decl-interese.pdf\">Pastean Dorina -Declara\u021bie\u00a0 interese<\/a><\/li>\n\n\n\n<li><a href=\"https:\/\/muzeusm.ro\/wp-content\/uploads\/2017\/05\/Pop-Daniela-Florentina-Declaratie-de-avere.pdf\">Pop Daniela Florentina -Declaratie de avere<\/a><\/li>\n\n\n\n<li><a href=\"https:\/\/muzeusm.ro\/wp-content\/uploads\/2017\/05\/Pop-Daniela-Florentina-Declaratie-de-interese.pdf\">Pop Daniela Florentina -Declaratie de interese<\/a><\/li>\n\n\n\n<li><a href=\"https:\/\/muzeusm.ro\/wp-content\/uploads\/2017\/05\/Popdan-Bradut-decl-avere2022.pdf\">Popdan Bradut-Declara\u021bie de avere<\/a><\/li>\n\n\n\n<li><a href=\"https:\/\/muzeusm.ro\/wp-content\/uploads\/2017\/05\/Popdan-Bradut-de-cl-interese.pdf\">Popdan Bradut -Declara\u021bie interese<\/a><\/li>\n\n\n\n<li><a href=\"https:\/\/muzeusm.ro\/wp-content\/uploads\/2017\/05\/Porumbacean-Claudiu-decl-avere2022.pdf\">Porumbacean Claudiu &#8211; Declara\u021bie de avere<\/a><\/li>\n\n\n\n<li><a href=\"https:\/\/muzeusm.ro\/wp-content\/uploads\/2017\/05\/Porumbacean-Claudiu-decl-interese2022.pdf\">Porumbacean Claudiu -Declara\u021bie interese<\/a><\/li>\n\n\n\n<li><a href=\"https:\/\/muzeusm.ro\/wp-content\/uploads\/2017\/05\/Salceanu-Muhaela-decl-avere.pdf\">Salceanu Muhaela -Declara\u021bie de avere<\/a><\/li>\n\n\n\n<li>S<a href=\"https:\/\/muzeusm.ro\/wp-content\/uploads\/2017\/05\/Salceanu-Mihaela-decl-interese.pdf\">alceanu Mihaela -Declara\u021bie interese<\/a><\/li>\n\n\n\n<li><a href=\"https:\/\/muzeusm.ro\/wp-content\/uploads\/2017\/05\/Sike-Tamas-decl-avere.pdf\">Sike Tamas-Declara\u021bie de avere<\/a><\/li>\n\n\n\n<li><a href=\"https:\/\/muzeusm.ro\/wp-content\/uploads\/2017\/05\/Sike-Tamasas-Decla-interese.pdf\">Sike Tamas -Declara\u021bie interese<\/a><\/li>\n\n\n\n<li><a href=\"https:\/\/muzeusm.ro\/wp-content\/uploads\/2017\/05\/Szocs-Peter-decl-avere.pdf\">Szocs Peter-Declara\u021bie de avere<\/a><\/li>\n\n\n\n<li><a href=\"https:\/\/muzeusm.ro\/wp-content\/uploads\/2017\/05\/Szocs-Peter-Decla-interese.pdf\">Szocs Peter-Declara\u021bie interese<\/a><\/li>\n\n\n\n<li><a href=\"https:\/\/muzeusm.ro\/wp-content\/uploads\/2017\/05\/Vancea-Carmen-decl-avere.pdf\">Vancea Carmen -Declara\u021bie de avere<\/a><\/li>\n\n\n\n<li><a href=\"https:\/\/muzeusm.ro\/wp-content\/uploads\/2017\/05\/Vancea-Carmen-decl-interese.pdf\">Vancea Carmen -Declara\u021bie interese<\/a><\/li>\n\n\n\n<li><a href=\"https:\/\/muzeusm.ro\/wp-content\/uploads\/2017\/05\/Vikk-Tiberiu-Declaratie-de-avere.pdf\">Vikk Tiberiu-Declaratie de avere<\/a><\/li>\n\n\n\n<li><a href=\"https:\/\/muzeusm.ro\/wp-content\/uploads\/2017\/05\/Vikk-Tiberiu-declaratie-de-interese.pdf\">Vikk Tiberiu -Declaratie interese<\/a><\/li>\n\n\n\n<li><a href=\"https:\/\/muzeusm.ro\/\/wp-content\/uploads\/2017\/05\/Adeverinta-venituri-confidentiale-Vikk-Carmen-Nicoleta.pdf\">Adeverinta venituri confidentiale Vikk Carmen Nicoleta<\/a><\/li>\n\n\n\n<li><a href=\"https:\/\/muzeusm.ro\/wp-content\/uploads\/2017\/05\/Virag-Paula-decl-avere-1.pdf\">Virag Paula -Declara\u021bie de avere <\/a><\/li>\n\n\n\n<li><a href=\"https:\/\/muzeusm.ro\/wp-content\/uploads\/2017\/05\/Virag-Paula-decl-interese-1.pdf\">Virag Paula -Declara\u021bie interese <\/a><\/li>\n<\/ul>\n","protected":false},"excerpt":{"rendered":"","protected":false},"author":243833644,"featured_media":0,"parent":144,"menu_order":0,"comment_status":"closed","ping_status":"closed","template":"","meta":{"_coblocks_attr":"","_coblocks_dimensions":"","_coblocks_responsive_height":"","_coblocks_accordion_ie_support":"","advanced_seo_description":"","jetpack_seo_html_title":"","jetpack_seo_noindex":false,"jetpack_post_was_ever_published":false,"footnotes":""},"class_list":["post-14086","page","type-page","status-publish","hentry","entry"],"translation":{"provider":"WPGlobus","version":"3.0.1","language":"hu","enabled_languages":["ro","hu","en"],"languages":{"ro":{"title":true,"content":true,"excerpt":false},"hu":{"title":false,"content":false,"excerpt":false},"en":{"title":false,"content":false,"excerpt":false}}},"jetpack_likes_enabled":true,"jetpack-related-posts":[{"id":14080,"url":"https:\/\/muzeusm.ro\/hu\/declaratii-de-avere\/declaratii-de-avere-si-interese-2024\/","url_meta":{"origin":14086,"position":0},"title":"Declara\u021bii de Avere \u0219i interese 2024","author":"norbertlorincz","date":"12 June 2024","format":false,"excerpt":"B\u0103lu Daniela declara\u021bie de avere B\u0103lu Daniela declara\u021bie de interese Belbe Sebastian declara\u021bie de avere Belbe Sebastian declara\u021bie de interese Capotescu M\u0103rioara declara\u021bie de avere Capotescu M\u0103rioara declara\u021bie de interese Dobrescu Adela declara\u021bie de avere Dobrescu Adela declara\u021bie de interese Fage Diana declara\u021bie de avere Fage Diana declara\u021bie de interese\u2026","rel":"","context":"Similar post","block_context":{"text":"Similar post","link":""},"img":{"alt_text":"","src":"","width":0,"height":0},"classes":[]},{"id":16756,"url":"https:\/\/muzeusm.ro\/hu\/declaratii-de-avere\/declaratii-de-avere-si-interese-2025\/","url_meta":{"origin":14086,"position":1},"title":"Declara\u021bii de Avere \u0219i interese 2025","author":"norbertlorincz","date":"16 June 2025","format":false,"excerpt":"B\u0103lu Daniela declara\u021bie de avere B\u0103lu Daniela declara\u021bie de interese Belbe Sebastian declara\u021bie de avere Belbe Sebastian declara\u021bie de interese Capotescu M\u0103rioara declara\u021bie de avere Capotescu M\u0103rioara declara\u021bie de interese Grigorean Mihaela declara\u021bie de avere Grigorean Mihaela declara\u021bie de interese Fage Diana declara\u021bie de avere Fage Diana declara\u021bie de interese\u2026","rel":"","context":"Similar post","block_context":{"text":"Similar post","link":""},"img":{"alt_text":"","src":"","width":0,"height":0},"classes":[]},{"id":14083,"url":"https:\/\/muzeusm.ro\/hu\/declaratii-de-avere\/declaratii-de-avere-si-interese-2023\/","url_meta":{"origin":14086,"position":2},"title":"Declara\u021bii de Avere \u0219i Interese 2023","author":"norbertlorincz","date":"13 June 2024","format":false,"excerpt":"B\u0103lu Daniela declara\u021bie de avere B\u0103lu Daniela declara\u021bie de interese Belbe Sebastian declara\u021bie de avere Belbe Sebastian declara\u021bie de interese Capotescu M\u0103rioara declara\u021bie de avere Capotescu M\u0103rioara declara\u021bie de interese Dobrecu Adela declara\u021bie de interese Dobrescu Adela declara\u021bie de avere Fage Diana declara\u021bie de avere Fage Diana declara\u021bie de interese\u2026","rel":"","context":"Similar post","block_context":{"text":"Similar post","link":""},"img":{"alt_text":"","src":"","width":0,"height":0},"classes":[]},{"id":14098,"url":"https:\/\/muzeusm.ro\/hu\/declaratii-de-avere\/declaratii-de-avere-si-interese-2018\/","url_meta":{"origin":14086,"position":3},"title":"Declara\u021bii de Avere \u0219i Interese 2018","author":"norbertlorincz","date":"13 June 2024","format":false,"excerpt":"Ardelean Radu - Declara\u021bie de avere Ardelean Radu - Declara\u021bie de interese Balu Daniela - Declara\u021bie de avere Balu Daniela - Declara\u021bie de interese Gindele Robert - Declara\u021bie de avere Gindele Robert - Declara\u021bie de interese Hago Attila - Declara\u021bie de avere Hago Attila - Declara\u021bie de interese Horvat Liuba\u2026","rel":"","context":"Similar post","block_context":{"text":"Similar post","link":""},"img":{"alt_text":"","src":"","width":0,"height":0},"classes":[]},{"id":14095,"url":"https:\/\/muzeusm.ro\/hu\/declaratii-de-avere\/declaratii-de-avere-si-interese-2019\/","url_meta":{"origin":14086,"position":4},"title":"Declara\u021bii de Avere \u0219i Interese 2019","author":"norbertlorincz","date":"13 June 2024","format":false,"excerpt":"Ardelean Radu - Declara\u0163ie de avere Ardelean Radu - Declara\u0163ie de interese B\u0103lu Daniela - Declara\u0163ie de avere B\u0103lu Daniela - Declara\u0163ie de interese Gindele Robert - Declara\u0163ie de avere Gindele Robert - Declara\u0163ie de interese Hago Attila - Declara\u0163ie de avere Hago Attila - Declara\u0163ie de interese Horvat Liuba\u2026","rel":"","context":"Similar post","block_context":{"text":"Similar post","link":""},"img":{"alt_text":"","src":"","width":0,"height":0},"classes":[]},{"id":14101,"url":"https:\/\/muzeusm.ro\/hu\/declaratii-de-avere\/declaratii-de-avere-si-interese-2017\/","url_meta":{"origin":14086,"position":5},"title":"Declara\u021bii de Avere \u0219i Interese 2017","author":"norbertlorincz","date":"13 June 2024","format":false,"excerpt":"ARDELEAN RADU - Declaratie de avere ARDELEAN RADU - Declaratie de interese BALU DANIELA - Declaratie de avere BALU DANIELA - Declaratie de interese GINDELE ROBERT - Declaratie de avere GINDELE ROBERT - Declaratie de interese HAGO ATTILA - Declaratie de avere HAGO ATTILA - Declaratie de interese HORVAT IRINA\u2026","rel":"","context":"Similar post","block_context":{"text":"Similar post","link":""},"img":{"alt_text":"","src":"","width":0,"height":0},"classes":[]}],"jetpack_sharing_enabled":true,"jetpack_shortlink":"https:\/\/wp.me\/PfvnyQ-3Fc","_links":{"self":[{"href":"https:\/\/muzeusm.ro\/hu\/wp-json\/wp\/v2\/pages\/14086","targetHints":{"allow":["GET"]}}],"collection":[{"href":"https:\/\/muzeusm.ro\/hu\/wp-json\/wp\/v2\/pages"}],"about":[{"href":"https:\/\/muzeusm.ro\/hu\/wp-json\/wp\/v2\/types\/page"}],"author":[{"embeddable":true,"href":"https:\/\/muzeusm.ro\/hu\/wp-json\/wp\/v2\/users\/243833644"}],"replies":[{"embeddable":true,"href":"https:\/\/muzeusm.ro\/hu\/wp-json\/wp\/v2\/comments?post=14086"}],"version-history":[{"count":20,"href":"https:\/\/muzeusm.ro\/hu\/wp-json\/wp\/v2\/pages\/14086\/revisions"}],"predecessor-version":[{"id":14278,"href":"https:\/\/muzeusm.ro\/hu\/wp-json\/wp\/v2\/pages\/14086\/revisions\/14278"}],"up":[{"embeddable":true,"href":"https:\/\/muzeusm.ro\/hu\/wp-json\/wp\/v2\/pages\/144"}],"wp:attachment":[{"href":"https:\/\/muzeusm.ro\/hu\/wp-json\/wp\/v2\/media?parent=14086"}],"curies":[{"name":"wp","href":"https:\/\/api.w.org\/{rel}","templated":true}]}}