{"id":14083,"date":"2024-06-13T09:42:48","date_gmt":"2024-06-13T06:42:48","guid":{"rendered":"https:\/\/muzeusm.ro\/?page_id=14083"},"modified":"2024-06-14T00:35:35","modified_gmt":"2024-06-13T21:35:35","slug":"declaratii-de-avere-si-interese-2023","status":"publish","type":"page","link":"https:\/\/muzeusm.ro\/hu\/declaratii-de-avere\/declaratii-de-avere-si-interese-2023\/","title":{"rendered":"Declara\u021bii de Avere \u0219i Interese 2023"},"content":{"rendered":"\n<ul class=\"wp-block-list\">\n<li><a href=\"https:\/\/www.muzeusm.ro\/wp-content\/uploads\/2017\/05\/BALU-DANIELA-DECL-AVERE.pdf\">B\u0103lu Daniela declara\u021bie de avere<\/a><\/li>\n\n\n\n<li><a href=\"https:\/\/muzeusm.ro\/wp-content\/uploads\/2017\/05\/BALU-DANIELA-DECL-INTERESE.pdf\">B\u0103lu Daniela declara\u021bie de interese<\/a><\/li>\n\n\n\n<li><a href=\"https:\/\/muzeusm.ro\/wp-content\/uploads\/2017\/05\/Belbe-Sebastian-decl-avere.pdf\">Belbe Sebastian declara\u021bie de avere<\/a><\/li>\n\n\n\n<li><a href=\"https:\/\/muzeusm.ro\/wp-content\/uploads\/2017\/05\/Belbe-Sebastian-decl-interese.pdf\">Belbe Sebastian declara\u021bie de interese<\/a><\/li>\n\n\n\n<li><a href=\"https:\/\/muzeusm.ro\/wp-content\/uploads\/2017\/05\/capotescu-marioara-dec-avere.pdf\">Capotescu M\u0103rioara declara\u021bie de avere<\/a><\/li>\n\n\n\n<li><a href=\"https:\/\/muzeusm.ro\/wp-content\/uploads\/2017\/05\/capotescu-marioara-dec-interese.pdf\">Capotescu M\u0103rioara declara\u021bie de interese<\/a><\/li>\n\n\n\n<li><a href=\"https:\/\/muzeusm.ro\/wp-content\/uploads\/2017\/05\/Dobrecu-Adela-decl-interese.pdf\">Dobrecu Adela declara\u021bie de interese<\/a><\/li>\n\n\n\n<li><a href=\"https:\/\/muzeusm.ro\/wp-content\/uploads\/2017\/05\/Dobrescu-Adela-decl-avere.pdf\">Dobrescu Adela declara\u021bie de avere<\/a><\/li>\n\n\n\n<li><a href=\"https:\/\/muzeusm.ro\/wp-content\/uploads\/2017\/05\/Fage-Diana-decl-avere.pdf\">Fage Diana declara\u021bie de avere<\/a><\/li>\n\n\n\n<li><a href=\"https:\/\/muzeusm.ro\/wp-content\/uploads\/2017\/05\/Fage-Diana-decl-interese.pdf\">Fage Diana declara\u021bie de interese<\/a><\/li>\n\n\n\n<li><a href=\"https:\/\/muzeusm.ro\/wp-content\/uploads\/2017\/05\/GINDELE-ROBERT-DECL-INTERESE.pdf\" data-type=\"link\" data-id=\"https:\/\/muzeusm.ro\/wp-content\/uploads\/2017\/05\/GINDELE-ROBERT-DECL-INTERESE.pdf\">Gindele Robert declara\u021bie de interese<\/a><\/li>\n\n\n\n<li><a href=\"https:\/\/muzeusm.ro\/wp-content\/uploads\/2017\/05\/Gindele-Robert-del-avere.pdf\">Gindele Robert declara\u021bie de avere<\/a><\/li>\n\n\n\n<li><a href=\"https:\/\/muzeusm.ro\/wp-content\/uploads\/2017\/05\/Grigorean-Mihaela-decl-avere.pdf\">Grigorean Mihaela declara\u021bie de avere<\/a><\/li>\n\n\n\n<li><a href=\"https:\/\/muzeusm.ro\/wp-content\/uploads\/2017\/05\/Grigorean-Mihaela-decl-interese.pdf\">Grigorean Mihaela declara\u021bie de interese<\/a><\/li>\n\n\n\n<li><a href=\"https:\/\/muzeusm.ro\/wp-content\/uploads\/2017\/05\/HAGO-ATTILA-DECL-AVERE.pdf\">H\u00e1g\u00f3 Attila N\u00e1ndor declra\u021bie de avere<\/a><\/li>\n\n\n\n<li><a href=\"https:\/\/muzeusm.ro\/wp-content\/uploads\/2017\/05\/Hago-Attila-decl-de-interese.pdf\">H\u00e1g\u00f3 Attila N\u00e1ndor declara\u021bie de interese<\/a><\/li>\n\n\n\n<li><a href=\"https:\/\/muzeusm.ro\/wp-content\/uploads\/2017\/05\/Honca-Ciprian-decl-avere.pdf\">Honca Ciprian declara\u021bie de avere<\/a><\/li>\n\n\n\n<li><a href=\"https:\/\/muzeusm.ro\/wp-content\/uploads\/2017\/05\/Honca-Ciprian-decl-interese.pdf\">Honca Ciprian declara\u021bie de interese<\/a><\/li>\n\n\n\n<li><a href=\"https:\/\/muzeusm.ro\/wp-content\/uploads\/2017\/05\/HORVAT-LIUBA-DECL-AVERE.pdf\">Horvat Liuba declara\u021bie de avere<\/a><\/li>\n\n\n\n<li><a href=\"https:\/\/muzeusm.ro\/wp-content\/uploads\/2017\/05\/Horvat-Liuba-decl-interese-1.pdf\">Horvat Liuba declara\u021bie de interese<\/a><\/li>\n\n\n\n<li><a href=\"https:\/\/muzeusm.ro\/wp-content\/uploads\/2017\/05\/Illyes-Gulacsi-Andrea-decl-avere-1.pdf\">Illy\u00e9s G\u00fal\u00e1csi Andrea declara\u021bie de avere<\/a><\/li>\n\n\n\n<li><a href=\"https:\/\/muzeusm.ro\/wp-content\/uploads\/2017\/05\/Illyes-Gulacsi-Andrea-decl-interese.pdf\">Illy\u00e9s G\u00fal\u00e1csi Andrea declara\u021bie de interese<\/a><\/li>\n\n\n\n<li><a href=\"https:\/\/muzeusm.ro\/wp-content\/uploads\/2017\/05\/Kovacz-Zsolt-decl-avere.pdf\">Kov\u00e1cs Zsolt declara\u021bie de avere<\/a><\/li>\n\n\n\n<li><a href=\"https:\/\/muzeusm.ro\/wp-content\/uploads\/2017\/05\/Kovacz-Zsolt-decla-interese.pdf\">Kov\u00e1cs Zsolt declara\u021bie de interese<\/a><\/li>\n\n\n\n<li><a href=\"https:\/\/muzeusm.ro\/wp-content\/uploads\/2017\/05\/Laszlo-Silvia-dec-avere.pdf\">Laszlo Silvia declara\u021bie de avere<\/a><\/li>\n\n\n\n<li><a href=\"https:\/\/muzeusm.ro\/wp-content\/uploads\/2017\/05\/Laszlo-Silvia-decl-interese-1.pdf\">Laszlo Silvia declara\u021bie de interese<\/a><\/li>\n\n\n\n<li><a href=\"https:\/\/muzeusm.ro\/wp-content\/uploads\/2017\/05\/Lobont-Puscas-Maria-decl-avere-1.pdf\">Lobon\u021b Pu\u0219ca\u0219 Maria declara\u021bie de avere<\/a><\/li>\n\n\n\n<li><a href=\"https:\/\/muzeusm.ro\/wp-content\/uploads\/2017\/05\/Lobont-Puscas-Maria-decl-interese.pdf\">Lobon\u021b Pu\u0219ca\u0219 Maria declara\u021bie de interese<\/a><\/li>\n\n\n\n<li><a href=\"https:\/\/muzeusm.ro\/wp-content\/uploads\/2017\/05\/Lorincz-Norbert-decl-avere-1.pdf\">L\u0151rincz Norbert declara\u021bie de avere<\/a><\/li>\n\n\n\n<li><a href=\"https:\/\/muzeusm.ro\/wp-content\/uploads\/2017\/05\/Lorincz-Norbert-decl-interese-1.pdf\">L\u0151rincz Norbert declara\u021bie de interese<\/a><\/li>\n\n\n\n<li><a href=\"https:\/\/muzeusm.ro\/wp-content\/uploads\/2017\/05\/MARTA-LIVIU-DECL-INTERESE.pdf\">MARTA LIVIU declara\u021bie de interese<\/a><\/li>\n\n\n\n<li><a href=\"https:\/\/muzeusm.ro\/wp-content\/uploads\/2017\/05\/MARTA-LIVIU-DECL-AVERE.pdf\">MARTA LIVIU declara\u021bie de avere<\/a><\/li>\n\n\n\n<li><a href=\"https:\/\/muzeusm.ro\/wp-content\/uploads\/2017\/05\/Nagy-Norbert-decl-avere.pdf\">Nagy Norbert declara\u021bie de avere<\/a><\/li>\n\n\n\n<li><a href=\"https:\/\/muzeusm.ro\/wp-content\/uploads\/2017\/05\/Nagy-Norbert-decl-interese.pdf\">Nagy Norbert declara\u021bie de interese<\/a><\/li>\n\n\n\n<li><a href=\"https:\/\/muzeusm.ro\/wp-content\/uploads\/2017\/05\/Olariu-Gina-decl-avere.pdf\">Olariu Gina declara\u021bie de avere<\/a><\/li>\n\n\n\n<li><a href=\"https:\/\/muzeusm.ro\/wp-content\/uploads\/2017\/05\/Olariu-Gina-decl-interese.pdf\">Olariu Gina declara\u021bie de interese<\/a><\/li>\n\n\n\n<li><a href=\"https:\/\/muzeusm.ro\/wp-content\/uploads\/2017\/05\/Pastean-Dorina-decl-avere.pdf\">Pastean Dorina declara\u021bie de avere<\/a><\/li>\n\n\n\n<li><a href=\"https:\/\/muzeusm.ro\/wp-content\/uploads\/2017\/05\/Pastean-Dorina-decl-interese-1.pdf\">Pastean Dorina declara\u021bie de interese<\/a><\/li>\n\n\n\n<li><a href=\"https:\/\/muzeusm.ro\/wp-content\/uploads\/2017\/05\/POP-DANIELA-DECL-AVERE.pdf\">Pop Daniela declara\u021bie de avere<\/a><\/li>\n\n\n\n<li><a href=\"https:\/\/muzeusm.ro\/wp-content\/uploads\/2017\/05\/POP-DANIELA-DECL-INTERESE.pdf\">Pop Daniela declara\u021bie de interese<\/a><\/li>\n\n\n\n<li><a href=\"https:\/\/muzeusm.ro\/wp-content\/uploads\/2017\/05\/POPDAN-BRADUT-DECL-AVERE.pdf\">Popdan Br\u0103du\u021b declara\u021bie de avere<\/a><\/li>\n\n\n\n<li><a href=\"https:\/\/muzeusm.ro\/wp-content\/uploads\/2017\/05\/POPDAN-BRADUT-DECL-INTERESE.pdf\">Popdan Br\u0103du\u021b declara\u021bie de interese<\/a><\/li>\n\n\n\n<li><a href=\"https:\/\/muzeusm.ro\/wp-content\/uploads\/2017\/05\/Porumbacean-decl-avere.pdf\">Porumb\u0103cean Claudiu declara\u021bie de avere<\/a><\/li>\n\n\n\n<li><a href=\"https:\/\/muzeusm.ro\/wp-content\/uploads\/2017\/05\/Porumbacean-decl-interese.pdf\">Porumb\u0103cean Claudiu declara\u021bie de interese<\/a><\/li>\n\n\n\n<li><a href=\"https:\/\/muzeusm.ro\/wp-content\/uploads\/2017\/05\/Salceanu-Mihaela-decl-avere.pdf\">S\u0103lceanu Mihaela declara\u021bie de avere<\/a><\/li>\n\n\n\n<li><a href=\"https:\/\/muzeusm.ro\/wp-content\/uploads\/2017\/05\/Salceanu-Mihaela-decl-interese.pdf\">S\u0103lceanu Mihaela declara\u021bie de interese<\/a><\/li>\n\n\n\n<li><a href=\"https:\/\/muzeusm.ro\/wp-content\/uploads\/2017\/05\/Sike-Tamas-decl-avere-1.pdf\">Sike Tam\u00e1s declara\u021bie de avere<\/a><\/li>\n\n\n\n<li><a href=\"https:\/\/muzeusm.ro\/wp-content\/uploads\/2017\/05\/Sike-Tamas-decl-anonim.pdf\">Sike Tam\u00e1s declara\u021bie de interese<\/a><\/li>\n\n\n\n<li><a href=\"https:\/\/muzeusm.ro\/wp-content\/uploads\/2017\/05\/SZOCS-PETERdecl-avere.pdf\">Sz\u0151cs P\u00e9ter Levente declara\u021bie de avere<\/a><\/li>\n\n\n\n<li><a href=\"https:\/\/muzeusm.ro\/wp-content\/uploads\/2017\/05\/SZOCS-PETER-DECL-INTERESE.pdf\">Sz\u0151cs P\u00e9ter Levente declara\u021bie de interese<\/a><\/li>\n\n\n\n<li><a href=\"https:\/\/muzeusm.ro\/wp-content\/uploads\/2017\/05\/Vancea-Carmen-decl-avere.pdf\">Vancea Carmen declara\u021bie de avere<\/a><\/li>\n\n\n\n<li><a href=\"https:\/\/muzeusm.ro\/wp-content\/uploads\/2017\/05\/Vancea-Carmen-decl-interese.pdf\">Vancea Carmen declara\u021bie de interese<\/a><\/li>\n\n\n\n<li><a href=\"https:\/\/muzeusm.ro\/wp-content\/uploads\/2017\/05\/VIKK-TIBERIU-DECL-AVERE.pdf\">Vikk Tiberiu declara\u021bie de avere<\/a><\/li>\n\n\n\n<li><a href=\"https:\/\/muzeusm.ro\/wp-content\/uploads\/2017\/05\/Vikk-Tiberiu-decl-interese.pdf\">Vikk Tiberiu declara\u021bie de interese<\/a><\/li>\n\n\n\n<li><a href=\"https:\/\/muzeusm.ro\/wp-content\/uploads\/2017\/05\/VIRAG-PAULA-decl-avere.pdf\">VIRAG PAULA declara\u021bie de avere<\/a><\/li>\n\n\n\n<li><a href=\"https:\/\/muzeusm.ro\/wp-content\/uploads\/2017\/05\/VIRAG-PAULA-decl-interese.pdf\">VIRAG PAULA declara\u021bie de interese<\/a><\/li>\n\n\n\n<li><a href=\"https:\/\/muzeusm.ro\/wp-content\/uploads\/2017\/05\/decl-avere-Vikk-Tiberiu-anonim-30zile-incet.pdf\">decl avere Vikk Tiberiu anonim 30zile incet<\/a><\/li>\n\n\n\n<li><a href=\"https:\/\/muzeusm.ro\/wp-content\/uploads\/2017\/05\/Vikk-Tiberiu-declaratie-interese-anonim-incetare-act.pdf\">Vikk Tiberiu declaratie interese anonim incetare act<\/a><\/li>\n<\/ul>\n","protected":false},"excerpt":{"rendered":"","protected":false},"author":243833644,"featured_media":0,"parent":144,"menu_order":0,"comment_status":"closed","ping_status":"closed","template":"","meta":{"_coblocks_attr":"","_coblocks_dimensions":"","_coblocks_responsive_height":"","_coblocks_accordion_ie_support":"","advanced_seo_description":"","jetpack_seo_html_title":"","jetpack_seo_noindex":false,"jetpack_post_was_ever_published":false,"footnotes":""},"class_list":["post-14083","page","type-page","status-publish","hentry","entry"],"translation":{"provider":"WPGlobus","version":"3.0.1","language":"hu","enabled_languages":["ro","hu","en"],"languages":{"ro":{"title":true,"content":true,"excerpt":false},"hu":{"title":false,"content":false,"excerpt":false},"en":{"title":false,"content":false,"excerpt":false}}},"jetpack_likes_enabled":true,"jetpack-related-posts":[{"id":14080,"url":"https:\/\/muzeusm.ro\/hu\/declaratii-de-avere\/declaratii-de-avere-si-interese-2024\/","url_meta":{"origin":14083,"position":0},"title":"Declara\u021bii de Avere \u0219i interese 2024","author":"norbertlorincz","date":"12 June 2024","format":false,"excerpt":"B\u0103lu Daniela declara\u021bie de avere B\u0103lu Daniela declara\u021bie de interese Belbe Sebastian declara\u021bie de avere Belbe Sebastian declara\u021bie de interese Capotescu M\u0103rioara declara\u021bie de avere Capotescu M\u0103rioara declara\u021bie de interese Dobrescu Adela declara\u021bie de avere Dobrescu Adela declara\u021bie de interese Fage Diana declara\u021bie de avere Fage Diana declara\u021bie de interese\u2026","rel":"","context":"Similar post","block_context":{"text":"Similar post","link":""},"img":{"alt_text":"","src":"","width":0,"height":0},"classes":[]},{"id":16756,"url":"https:\/\/muzeusm.ro\/hu\/declaratii-de-avere\/declaratii-de-avere-si-interese-2025\/","url_meta":{"origin":14083,"position":1},"title":"Declara\u021bii de Avere \u0219i interese 2025","author":"norbertlorincz","date":"16 June 2025","format":false,"excerpt":"B\u0103lu Daniela declara\u021bie de avere B\u0103lu Daniela declara\u021bie de interese Belbe Sebastian declara\u021bie de avere Belbe Sebastian declara\u021bie de interese Capotescu M\u0103rioara declara\u021bie de avere Capotescu M\u0103rioara declara\u021bie de interese Grigorean Mihaela declara\u021bie de avere Grigorean Mihaela declara\u021bie de interese Fage Diana declara\u021bie de avere Fage Diana declara\u021bie de interese\u2026","rel":"","context":"Similar post","block_context":{"text":"Similar post","link":""},"img":{"alt_text":"","src":"","width":0,"height":0},"classes":[]},{"id":14086,"url":"https:\/\/muzeusm.ro\/hu\/declaratii-de-avere\/declaratii-de-avere-si-interese-2022\/","url_meta":{"origin":14083,"position":2},"title":"Declara\u021bii de Avere \u0219i Interese 2022","author":"norbertlorincz","date":"13 June 2024","format":false,"excerpt":"B\u0103lu Daniela -Declara\u021bie de avere B\u0103lu Daniela -Declara\u021bie interese Belbe Sebastian -Declaratie de avere Belbe Sebastian -Declaratie interese Dobrescu Adela -Declaratie de avere Dobrescu Adela -Declara\u021bie\u00a0 interese Gindele Robert -Declaratie de avere Gindele Robert -Declaratie interese Grigorean Mihaela -Declaratie de avere Grigorean Mihaela -Declaratie interese Hago Attila -Declaratie avere Hago\u2026","rel":"","context":"Similar post","block_context":{"text":"Similar post","link":""},"img":{"alt_text":"","src":"","width":0,"height":0},"classes":[]},{"id":14089,"url":"https:\/\/muzeusm.ro\/hu\/declaratii-de-avere\/declaratii-de-avere-si-interese-2021\/","url_meta":{"origin":14083,"position":3},"title":"Declara\u021bii de Avere \u0219i Interese 2021","author":"norbertlorincz","date":"13 June 2024","format":false,"excerpt":"BALU DANIELA BELBE SEBASTIAN CAPOTESCU MARIOARA DOBRESCU ADELA GINDELE ROBERT GRIGOREAN MIHAELA HAGO ATTILA HERTEG ANDREA ILLYES GULACSI ANDREA HORVAT IRINA KADAS ZOLTAN LASZLO SILVIA LOBONT PUSCAS MARIA MAGDALENA MARTA LIVIU LORINCZ NORBERT MOCAN MIHAI OLARIU GHEORGHINA PASTEAN DORINA POP DANIELA POPDAN BRADUT PORUMBACEAN CLAUDIU PETRU SIKE TAMAS SZOCS PETER\u2026","rel":"","context":"Similar post","block_context":{"text":"Similar post","link":""},"img":{"alt_text":"","src":"","width":0,"height":0},"classes":[]},{"id":14092,"url":"https:\/\/muzeusm.ro\/hu\/declaratii-de-avere\/declaratii-de-avere-si-interese-2020\/","url_meta":{"origin":14083,"position":4},"title":"Declara\u021bii de Avere \u0219i Interese 2020","author":"norbertlorincz","date":"13 June 2024","format":false,"excerpt":"BALU DANIELA DECL BELBE SEBASTIAN DECL CAPOTESCU MARIOARA DECL DOBRESCU ADELA DECL GINDELE ROBERT DECL HAGO ATTILA DECL HERTEG ANDREA DECL HORVAT LIUBA DECL KADAS ZOLTAN DECL LASZLO SILVIA DECL LIVIU MARTA DECL LOBONT PUSCAS DECL LORINCZ NORBERT DECL MOCAN MIHAI DECL OLARIU GINA DECL PASTEAN DORINA DECL POP DANIELA\u2026","rel":"","context":"Similar post","block_context":{"text":"Similar post","link":""},"img":{"alt_text":"","src":"","width":0,"height":0},"classes":[]},{"id":14098,"url":"https:\/\/muzeusm.ro\/hu\/declaratii-de-avere\/declaratii-de-avere-si-interese-2018\/","url_meta":{"origin":14083,"position":5},"title":"Declara\u021bii de Avere \u0219i Interese 2018","author":"norbertlorincz","date":"13 June 2024","format":false,"excerpt":"Ardelean Radu - Declara\u021bie de avere Ardelean Radu - Declara\u021bie de interese Balu Daniela - Declara\u021bie de avere Balu Daniela - Declara\u021bie de interese Gindele Robert - Declara\u021bie de avere Gindele Robert - Declara\u021bie de interese Hago Attila - Declara\u021bie de avere Hago Attila - Declara\u021bie de interese Horvat Liuba\u2026","rel":"","context":"Similar post","block_context":{"text":"Similar post","link":""},"img":{"alt_text":"","src":"","width":0,"height":0},"classes":[]}],"jetpack_sharing_enabled":true,"jetpack_shortlink":"https:\/\/wp.me\/PfvnyQ-3F9","_links":{"self":[{"href":"https:\/\/muzeusm.ro\/hu\/wp-json\/wp\/v2\/pages\/14083","targetHints":{"allow":["GET"]}}],"collection":[{"href":"https:\/\/muzeusm.ro\/hu\/wp-json\/wp\/v2\/pages"}],"about":[{"href":"https:\/\/muzeusm.ro\/hu\/wp-json\/wp\/v2\/types\/page"}],"author":[{"embeddable":true,"href":"https:\/\/muzeusm.ro\/hu\/wp-json\/wp\/v2\/users\/243833644"}],"replies":[{"embeddable":true,"href":"https:\/\/muzeusm.ro\/hu\/wp-json\/wp\/v2\/comments?post=14083"}],"version-history":[{"count":42,"href":"https:\/\/muzeusm.ro\/hu\/wp-json\/wp\/v2\/pages\/14083\/revisions"}],"predecessor-version":[{"id":14176,"href":"https:\/\/muzeusm.ro\/hu\/wp-json\/wp\/v2\/pages\/14083\/revisions\/14176"}],"up":[{"embeddable":true,"href":"https:\/\/muzeusm.ro\/hu\/wp-json\/wp\/v2\/pages\/144"}],"wp:attachment":[{"href":"https:\/\/muzeusm.ro\/hu\/wp-json\/wp\/v2\/media?parent=14083"}],"curies":[{"name":"wp","href":"https:\/\/api.w.org\/{rel}","templated":true}]}}