{"id":14080,"date":"2024-06-12T14:07:38","date_gmt":"2024-06-12T11:07:38","guid":{"rendered":"https:\/\/muzeusm.ro\/?page_id=14080"},"modified":"2024-06-20T14:49:35","modified_gmt":"2024-06-20T11:49:35","slug":"declaratii-de-avere-si-interese-2024","status":"publish","type":"page","link":"https:\/\/muzeusm.ro\/hu\/declaratii-de-avere\/declaratii-de-avere-si-interese-2024\/","title":{"rendered":"Declara\u021bii de Avere \u0219i interese 2024"},"content":{"rendered":"\n<ul class=\"wp-block-list\">\n<li><a href=\"https:\/\/muzeusm.ro\/wp-content\/uploads\/2024\/06\/Balu-Daniela-dec-avere.pdf\" target=\"_blank\" rel=\"noreferrer noopener\">B\u0103lu Daniela declara\u021bie de avere<\/a> <\/li>\n\n\n\n<li><a href=\"https:\/\/muzeusm.ro\/wp-content\/uploads\/2024\/06\/Balu-Daniela-decl-interese.pdf\" target=\"_blank\" rel=\"noreferrer noopener\">B\u0103lu Daniela declara\u021bie de interese <\/a><\/li>\n\n\n\n<li><a href=\"https:\/\/muzeusm.ro\/wp-content\/uploads\/2024\/06\/Belbe-Sebastian-decl-avere.pdf\" target=\"_blank\" rel=\"noreferrer noopener\">Belbe Sebastian declara\u021bie de avere<\/a> <\/li>\n\n\n\n<li><a href=\"https:\/\/muzeusm.ro\/wp-content\/uploads\/2024\/06\/Belbe-Sebastian-decl-interese.pdf\" target=\"_blank\" rel=\"noreferrer noopener\">Belbe Sebastian declara\u021bie de interese<\/a> <\/li>\n\n\n\n<li><a href=\"https:\/\/muzeusm.ro\/wp-content\/uploads\/2024\/06\/Capotescu-Marioara-decl-avere.pdf\" target=\"_blank\" rel=\"noreferrer noopener\">Capotescu M\u0103rioara declara\u021bie de avere<\/a> <\/li>\n\n\n\n<li><a href=\"https:\/\/muzeusm.ro\/wp-content\/uploads\/2024\/06\/Capotescu-Marioara-decl-interese.pdf\" target=\"_blank\" rel=\"noreferrer noopener\">Capotescu M\u0103rioara declara\u021bie de interese<\/a> <\/li>\n\n\n\n<li><a href=\"https:\/\/muzeusm.ro\/wp-content\/uploads\/2024\/06\/Dobrescu-Adela-declaratie-avere.pdf\" target=\"_blank\" rel=\"noreferrer noopener\">Dobrescu Adela declara\u021bie de avere<\/a> <\/li>\n\n\n\n<li><a href=\"https:\/\/muzeusm.ro\/wp-content\/uploads\/2024\/06\/Dobrescu-Adela-decl-de-interese.pdf\" target=\"_blank\" rel=\"noreferrer noopener\">Dobrescu Adela declara\u021bie de interese<\/a> <\/li>\n\n\n\n<li><a href=\"https:\/\/muzeusm.ro\/wp-content\/uploads\/2024\/06\/Fage-Diana-decl-avere.pdf\" target=\"_blank\" rel=\"noreferrer noopener\">Fage Diana declara\u021bie de avere<\/a> <\/li>\n\n\n\n<li><a href=\"https:\/\/muzeusm.ro\/wp-content\/uploads\/2024\/06\/Fage-Diana-decl-interese.pdf\" target=\"_blank\" rel=\"noreferrer noopener\">Fage Diana declara\u021bie de interese<\/a> <\/li>\n\n\n\n<li><a href=\"https:\/\/muzeusm.ro\/wp-content\/uploads\/2024\/06\/Fetyko-Amalia-decl-avere.pdf\" target=\"_blank\" rel=\"noreferrer noopener\">Fetyk\u00f3 Am\u00e1lia &#8211; Erika declara\u021bie de avere<\/a> <\/li>\n\n\n\n<li><a href=\"https:\/\/muzeusm.ro\/wp-content\/uploads\/2024\/06\/Fetyko-Amalia-Erika-decl-interese.pdf\" target=\"_blank\" rel=\"noreferrer noopener\">Fetyk\u00f3 Am\u00e1lia &#8211; Erika declara\u021bie de interese<\/a> <\/li>\n\n\n\n<li><a href=\"https:\/\/muzeusm.ro\/wp-content\/uploads\/2024\/06\/Gindele-Robert-decl-avere.pdf\" target=\"_blank\" rel=\"noreferrer noopener\">Gindele Robert declara\u021bie de avere<\/a> <\/li>\n\n\n\n<li><a href=\"https:\/\/muzeusm.ro\/wp-content\/uploads\/2024\/06\/Gindele-Robert-decl-interese.pdf\" target=\"_blank\" rel=\"noreferrer noopener\">Gindele Robert declara\u021bie de interese<\/a> <\/li>\n\n\n\n<li><a href=\"https:\/\/muzeusm.ro\/wp-content\/uploads\/2024\/06\/Hago-Attila-decl-de-avere.pdf\" target=\"_blank\" rel=\"noreferrer noopener\">H\u00e1g\u00f3 Attila N\u00e1ndor declara\u021bie de avere<\/a> <\/li>\n\n\n\n<li><a href=\"https:\/\/muzeusm.ro\/wp-content\/uploads\/2024\/06\/Hago-Attila-decl-interese.pdf\" target=\"_blank\" rel=\"noreferrer noopener\">H\u00e1g\u00f3 Attila N\u00e1ndor declara\u021bie de interese<\/a> <\/li>\n\n\n\n<li><a href=\"https:\/\/muzeusm.ro\/wp-content\/uploads\/2024\/06\/Honca-Ciprian-decl-avere.pdf\" target=\"_blank\" rel=\"noreferrer noopener\">Honca Ciprian Emanuel declara\u021bie de avere<\/a> <\/li>\n\n\n\n<li><a href=\"https:\/\/muzeusm.ro\/wp-content\/uploads\/2024\/06\/Honca-Ciprian-decl-interese.pdf\" target=\"_blank\" rel=\"noreferrer noopener\">Honca Ciprian Emanule declara\u021bie de interese<\/a><\/li>\n\n\n\n<li><a href=\"https:\/\/muzeusm.ro\/wp-content\/uploads\/2024\/06\/Horvat-Liuba-avere-anonim.pdf\" target=\"_blank\" rel=\"noreferrer noopener\">Horvat Liuba declara\u021bie de avere<\/a> <\/li>\n\n\n\n<li><a href=\"https:\/\/muzeusm.ro\/wp-content\/uploads\/2024\/06\/Horvat-Liuba-interese-anonim.pdf\" target=\"_blank\" rel=\"noreferrer noopener\">Horvat Liuba declara\u021bie de interese<\/a> <\/li>\n\n\n\n<li><a href=\"https:\/\/muzeusm.ro\/wp-content\/uploads\/2024\/06\/Kovacs-Zsolt-decl-avere.pdf\" target=\"_blank\" rel=\"noreferrer noopener\">Kov\u00e1cs Zsolt declara\u021bie de avere<\/a> <\/li>\n\n\n\n<li><a href=\"https:\/\/muzeusm.ro\/wp-content\/uploads\/2024\/06\/Kovacz-Zsolt-decl-interese.pdf\" target=\"_blank\" rel=\"noreferrer noopener\">Kov\u00e1cs Zsolt declara\u021bie de interese<\/a> <\/li>\n\n\n\n<li><a href=\"https:\/\/muzeusm.ro\/wp-content\/uploads\/2024\/06\/Laszlo-Silvia-decl-avere.pdf\" target=\"_blank\" rel=\"noreferrer noopener\">Laszlo Silvia declara\u021bie de avere<\/a><\/li>\n\n\n\n<li><a href=\"https:\/\/muzeusm.ro\/wp-content\/uploads\/2024\/06\/Laszlo-Silvia-decl-interse.pdf\" target=\"_blank\" rel=\"noreferrer noopener\">Laszlo Silvia declara\u021bie de interese<\/a><\/li>\n\n\n\n<li><a href=\"https:\/\/muzeusm.ro\/wp-content\/uploads\/2024\/06\/Liviu-Marta-decl-avere.pdf\" target=\"_blank\" rel=\"noreferrer noopener\">Liviu Marta declara\u021bie de avere<\/a><\/li>\n\n\n\n<li><a href=\"https:\/\/muzeusm.ro\/wp-content\/uploads\/2024\/06\/Liviu-Marta-decl-interese.pdf\" target=\"_blank\" rel=\"noreferrer noopener\">Liviu Marta declara\u021bie de interese<\/a><\/li>\n\n\n\n<li><a href=\"https:\/\/muzeusm.ro\/wp-content\/uploads\/2024\/06\/Lobont-Puscas-Maria-decl-avere.pdf\" target=\"_blank\" rel=\"noreferrer noopener\">Lobon\u021b-Pu\u0219ca\u0219 Maria declara\u021bie de avere<\/a><\/li>\n\n\n\n<li><a href=\"https:\/\/muzeusm.ro\/wp-content\/uploads\/2024\/06\/Lobont-Pusca-Maria-decl-interese.pdf\" target=\"_blank\" rel=\"noreferrer noopener\">Lobon\u021b-Pu\u0219ca\u0219 Maria declara\u021bie de interese<\/a><\/li>\n\n\n\n<li><a href=\"https:\/\/muzeusm.ro\/wp-content\/uploads\/2024\/06\/Lorincz-Norbert-decl-avere.pdf\" target=\"_blank\" rel=\"noreferrer noopener\">L\u0151rincz Norbert declara\u021bie de avere<\/a><\/li>\n\n\n\n<li><a href=\"https:\/\/muzeusm.ro\/wp-content\/uploads\/2024\/06\/Lorincz-Norbert-decl-interese.pdf\" target=\"_blank\" rel=\"noreferrer noopener\">L\u0151rincz Norbert declara\u021bie de interese<\/a><\/li>\n\n\n\n<li><a href=\"https:\/\/muzeusm.ro\/wp-content\/uploads\/2024\/06\/Mark-Nagy-Agota-decl-avere.pdf\" target=\"_blank\" rel=\"noreferrer noopener\">M\u00e1rk-Nagy \u00c1gota declara\u021bie de avere<\/a><\/li>\n\n\n\n<li><a href=\"https:\/\/muzeusm.ro\/wp-content\/uploads\/2024\/06\/Mark-Nagy-Agota-decla-interese.pdf\" target=\"_blank\" rel=\"noreferrer noopener\">M\u00e1rk-Nagy \u00c1gota declara\u021bie de interese<\/a><\/li>\n\n\n\n<li><a href=\"https:\/\/muzeusm.ro\/wp-content\/uploads\/2024\/06\/Mocan-Mihai-decl-avere.pdf\" target=\"_blank\" rel=\"noreferrer noopener\">Mocan Mihai declara\u021bie de avere<\/a> <\/li>\n\n\n\n<li><a href=\"https:\/\/muzeusm.ro\/wp-content\/uploads\/2024\/06\/Mocan-Mihai-decl-interese.pdf\" target=\"_blank\" rel=\"noreferrer noopener\">Mocan Mihai declara\u021bie de interese<\/a> <\/li>\n\n\n\n<li><a href=\"https:\/\/muzeusm.ro\/wp-content\/uploads\/2024\/06\/Nagy-Norbert-decl-avere.pdf\" target=\"_blank\" rel=\"noreferrer noopener\">Nagy Norbert declara\u021bie de avere<\/a> <\/li>\n\n\n\n<li><a href=\"https:\/\/muzeusm.ro\/wp-content\/uploads\/2024\/06\/Nagy-Norbert-decl-interese.pdf\" target=\"_blank\" rel=\"noreferrer noopener\">Nagy Norbert delcara\u021bie de interese<\/a> <\/li>\n\n\n\n<li><a href=\"https:\/\/muzeusm.ro\/wp-content\/uploads\/2024\/06\/Pastean-Dorina-decl-avere.pdf\" target=\"_blank\" rel=\"noreferrer noopener\">P\u0103\u0219tean Dorina declara\u021bie de avere<\/a> <\/li>\n\n\n\n<li><a href=\"https:\/\/muzeusm.ro\/wp-content\/uploads\/2024\/06\/Pastean-Dorina-decl-interese.pdf\" target=\"_blank\" rel=\"noreferrer noopener\">P\u0103\u0219tean Dorina declara\u021bie de interese <\/a><\/li>\n\n\n\n<li><a href=\"https:\/\/muzeusm.ro\/wp-content\/uploads\/2024\/06\/Pop-Daniela-decl-de-avere.pdf\" target=\"_blank\" rel=\"noreferrer noopener\">Pop Daniela declara\u021bie de avere<\/a> <\/li>\n\n\n\n<li><a href=\"https:\/\/muzeusm.ro\/wp-content\/uploads\/2024\/06\/Pop-Daniela-decla-interese.pdf\" target=\"_blank\" rel=\"noreferrer noopener\">Pop Daniela declara\u021bie de interese<\/a> <\/li>\n\n\n\n<li><a href=\"https:\/\/muzeusm.ro\/wp-content\/uploads\/2024\/06\/Salceanu-MIhaela-declaratie-avere.pdf\" target=\"_blank\" rel=\"noreferrer noopener\">S\u0103lceanu Mihaela declara\u021bie de avere<\/a> <\/li>\n\n\n\n<li><a href=\"https:\/\/muzeusm.ro\/wp-content\/uploads\/2024\/06\/Salceanu-Mihaela-declaratie-interese.pdf\" target=\"_blank\" rel=\"noreferrer noopener\">S\u0103lceanu Mihaela declara\u021bie de interese<\/a> <\/li>\n\n\n\n<li><a href=\"https:\/\/muzeusm.ro\/wp-content\/uploads\/2024\/06\/Sike-Tamas-decl-avere-anonim.pdf\" target=\"_blank\" rel=\"noreferrer noopener\">Sike Tam\u00e1s declara\u021bie de avere <\/a><\/li>\n\n\n\n<li><a href=\"https:\/\/muzeusm.ro\/wp-content\/uploads\/2024\/06\/Sike-Tamas-declaratie-interese-anonim.pdf\" target=\"_blank\" rel=\"noreferrer noopener\">Sike Tam\u00e1s declara\u021bie de interese<\/a> <\/li>\n\n\n\n<li><a href=\"https:\/\/muzeusm.ro\/wp-content\/uploads\/2024\/06\/Szocs-Peter-declaratie-avere.pdf\" target=\"_blank\" rel=\"noreferrer noopener\">Sz\u0151cs P\u00e9ter Levente declara\u021bie de avere<\/a> <\/li>\n\n\n\n<li><a href=\"https:\/\/muzeusm.ro\/wp-content\/uploads\/2024\/06\/Szocs-Peter-decl-interese.pdf\" target=\"_blank\" rel=\"noreferrer noopener\">Sz\u0151cs P\u00e9ter Levente declara\u021bie de interese<\/a> <\/li>\n\n\n\n<li><a href=\"https:\/\/muzeusm.ro\/wp-content\/uploads\/2024\/06\/Vancea-Carmen-decl-avere.pdf\" target=\"_blank\" rel=\"noreferrer noopener\">Vancea Carmen declara\u021bie de avere<\/a> <\/li>\n\n\n\n<li><a href=\"https:\/\/muzeusm.ro\/wp-content\/uploads\/2024\/06\/Vancea-Carmen-decl-interese.pdf\" target=\"_blank\" rel=\"noreferrer noopener\">Vancea Carmen declara\u021bie de interese<\/a> <\/li>\n<\/ul>\n","protected":false},"excerpt":{"rendered":"","protected":false},"author":243833644,"featured_media":0,"parent":144,"menu_order":0,"comment_status":"closed","ping_status":"closed","template":"","meta":{"_coblocks_attr":"","_coblocks_dimensions":"","_coblocks_responsive_height":"","_coblocks_accordion_ie_support":"","advanced_seo_description":"","jetpack_seo_html_title":"","jetpack_seo_noindex":false,"jetpack_post_was_ever_published":false,"footnotes":""},"class_list":["post-14080","page","type-page","status-publish","hentry","entry"],"translation":{"provider":"WPGlobus","version":"3.0.1","language":"hu","enabled_languages":["ro","hu","en"],"languages":{"ro":{"title":true,"content":true,"excerpt":false},"hu":{"title":false,"content":false,"excerpt":false},"en":{"title":false,"content":false,"excerpt":false}}},"jetpack_likes_enabled":true,"jetpack-related-posts":[{"id":16756,"url":"https:\/\/muzeusm.ro\/hu\/declaratii-de-avere\/declaratii-de-avere-si-interese-2025\/","url_meta":{"origin":14080,"position":0},"title":"Declara\u021bii de Avere \u0219i interese 2025","author":"norbertlorincz","date":"16 June 2025","format":false,"excerpt":"B\u0103lu Daniela declara\u021bie de avere B\u0103lu Daniela declara\u021bie de interese Belbe Sebastian declara\u021bie de avere Belbe Sebastian declara\u021bie de interese Capotescu M\u0103rioara declara\u021bie de avere Capotescu M\u0103rioara declara\u021bie de interese Grigorean Mihaela declara\u021bie de avere Grigorean Mihaela declara\u021bie de interese Fage Diana declara\u021bie de avere Fage Diana declara\u021bie de interese\u2026","rel":"","context":"Similar post","block_context":{"text":"Similar post","link":""},"img":{"alt_text":"","src":"","width":0,"height":0},"classes":[]},{"id":14086,"url":"https:\/\/muzeusm.ro\/hu\/declaratii-de-avere\/declaratii-de-avere-si-interese-2022\/","url_meta":{"origin":14080,"position":1},"title":"Declara\u021bii de Avere \u0219i Interese 2022","author":"norbertlorincz","date":"13 June 2024","format":false,"excerpt":"B\u0103lu Daniela -Declara\u021bie de avere B\u0103lu Daniela -Declara\u021bie interese Belbe Sebastian -Declaratie de avere Belbe Sebastian -Declaratie interese Dobrescu Adela -Declaratie de avere Dobrescu Adela -Declara\u021bie\u00a0 interese Gindele Robert -Declaratie de avere Gindele Robert -Declaratie interese Grigorean Mihaela -Declaratie de avere Grigorean Mihaela -Declaratie interese Hago Attila -Declaratie avere Hago\u2026","rel":"","context":"Similar post","block_context":{"text":"Similar post","link":""},"img":{"alt_text":"","src":"","width":0,"height":0},"classes":[]},{"id":14083,"url":"https:\/\/muzeusm.ro\/hu\/declaratii-de-avere\/declaratii-de-avere-si-interese-2023\/","url_meta":{"origin":14080,"position":2},"title":"Declara\u021bii de Avere \u0219i Interese 2023","author":"norbertlorincz","date":"13 June 2024","format":false,"excerpt":"B\u0103lu Daniela declara\u021bie de avere B\u0103lu Daniela declara\u021bie de interese Belbe Sebastian declara\u021bie de avere Belbe Sebastian declara\u021bie de interese Capotescu M\u0103rioara declara\u021bie de avere Capotescu M\u0103rioara declara\u021bie de interese Dobrecu Adela declara\u021bie de interese Dobrescu Adela declara\u021bie de avere Fage Diana declara\u021bie de avere Fage Diana declara\u021bie de interese\u2026","rel":"","context":"Similar post","block_context":{"text":"Similar post","link":""},"img":{"alt_text":"","src":"","width":0,"height":0},"classes":[]},{"id":14098,"url":"https:\/\/muzeusm.ro\/hu\/declaratii-de-avere\/declaratii-de-avere-si-interese-2018\/","url_meta":{"origin":14080,"position":3},"title":"Declara\u021bii de Avere \u0219i Interese 2018","author":"norbertlorincz","date":"13 June 2024","format":false,"excerpt":"Ardelean Radu - Declara\u021bie de avere Ardelean Radu - Declara\u021bie de interese Balu Daniela - Declara\u021bie de avere Balu Daniela - Declara\u021bie de interese Gindele Robert - Declara\u021bie de avere Gindele Robert - Declara\u021bie de interese Hago Attila - Declara\u021bie de avere Hago Attila - Declara\u021bie de interese Horvat Liuba\u2026","rel":"","context":"Similar post","block_context":{"text":"Similar post","link":""},"img":{"alt_text":"","src":"","width":0,"height":0},"classes":[]},{"id":14095,"url":"https:\/\/muzeusm.ro\/hu\/declaratii-de-avere\/declaratii-de-avere-si-interese-2019\/","url_meta":{"origin":14080,"position":4},"title":"Declara\u021bii de Avere \u0219i Interese 2019","author":"norbertlorincz","date":"13 June 2024","format":false,"excerpt":"Ardelean Radu - Declara\u0163ie de avere Ardelean Radu - Declara\u0163ie de interese B\u0103lu Daniela - Declara\u0163ie de avere B\u0103lu Daniela - Declara\u0163ie de interese Gindele Robert - Declara\u0163ie de avere Gindele Robert - Declara\u0163ie de interese Hago Attila - Declara\u0163ie de avere Hago Attila - Declara\u0163ie de interese Horvat Liuba\u2026","rel":"","context":"Similar post","block_context":{"text":"Similar post","link":""},"img":{"alt_text":"","src":"","width":0,"height":0},"classes":[]},{"id":14101,"url":"https:\/\/muzeusm.ro\/hu\/declaratii-de-avere\/declaratii-de-avere-si-interese-2017\/","url_meta":{"origin":14080,"position":5},"title":"Declara\u021bii de Avere \u0219i Interese 2017","author":"norbertlorincz","date":"13 June 2024","format":false,"excerpt":"ARDELEAN RADU - Declaratie de avere ARDELEAN RADU - Declaratie de interese BALU DANIELA - Declaratie de avere BALU DANIELA - Declaratie de interese GINDELE ROBERT - Declaratie de avere GINDELE ROBERT - Declaratie de interese HAGO ATTILA - Declaratie de avere HAGO ATTILA - Declaratie de interese HORVAT IRINA\u2026","rel":"","context":"Similar post","block_context":{"text":"Similar post","link":""},"img":{"alt_text":"","src":"","width":0,"height":0},"classes":[]}],"jetpack_sharing_enabled":true,"jetpack_shortlink":"https:\/\/wp.me\/PfvnyQ-3F6","_links":{"self":[{"href":"https:\/\/muzeusm.ro\/hu\/wp-json\/wp\/v2\/pages\/14080","targetHints":{"allow":["GET"]}}],"collection":[{"href":"https:\/\/muzeusm.ro\/hu\/wp-json\/wp\/v2\/pages"}],"about":[{"href":"https:\/\/muzeusm.ro\/hu\/wp-json\/wp\/v2\/types\/page"}],"author":[{"embeddable":true,"href":"https:\/\/muzeusm.ro\/hu\/wp-json\/wp\/v2\/users\/243833644"}],"replies":[{"embeddable":true,"href":"https:\/\/muzeusm.ro\/hu\/wp-json\/wp\/v2\/comments?post=14080"}],"version-history":[{"count":17,"href":"https:\/\/muzeusm.ro\/hu\/wp-json\/wp\/v2\/pages\/14080\/revisions"}],"predecessor-version":[{"id":14396,"href":"https:\/\/muzeusm.ro\/hu\/wp-json\/wp\/v2\/pages\/14080\/revisions\/14396"}],"up":[{"embeddable":true,"href":"https:\/\/muzeusm.ro\/hu\/wp-json\/wp\/v2\/pages\/144"}],"wp:attachment":[{"href":"https:\/\/muzeusm.ro\/hu\/wp-json\/wp\/v2\/media?parent=14080"}],"curies":[{"name":"wp","href":"https:\/\/api.w.org\/{rel}","templated":true}]}}