{"id":14046,"date":"2024-06-07T12:27:30","date_gmt":"2024-06-07T09:27:30","guid":{"rendered":"https:\/\/muzeusm.ro\/?page_id=14046"},"modified":"2026-03-16T11:33:30","modified_gmt":"2026-03-16T09:33:30","slug":"serviciul-financiar-contabil","status":"publish","type":"page","link":"https:\/\/muzeusm.ro\/hu\/sectii\/serviciul-financiar-contabil\/","title":{"rendered":"P\u00e9nz\u00fcgy \u00e9s k\u00f6nyvel\u0151s\u00e9g"},"content":{"rendered":"\n<p>Az oszt\u00e1ly biztos\u00edtja a Szatm\u00e1r Megyei M\u00fazeum operat\u00edv m\u0171k\u00f6d\u00e9s\u00e9t. N\u00e9gy r\u00e9szegys\u00e9gb\u0151l \u00e1ll: k\u00f6nyvel\u0151s\u00e9g, szem\u00e9lyzet-b\u00e9rek, k\u00f6zbeszerz\u00e9s \u00e9s adminisztr\u00e1ci\u00f3-\u0151rz\u00e9s.\u2006 \u2006 \u2006 \u2006 \u2006 \u2006<\/p>\n\n\n\n<p><strong>Az oszt\u00e1ly munkat\u00e1rsai:<\/strong><br><strong>POP DANIELA FLORENTINA<\/strong> \u2013 F\u0150K\u00d6NYVEL\u0150, II.\u00a0<br><strong>FAGE CRINA DIANA<\/strong> \u2013 K\u00d6ZGAZD\u00c1SZ, IA\u00a0<br><strong>VANCEA CARMEN<\/strong> \u2013 SZAKREFERENS, I.\u00a0<br><strong>NISTOR DENISA BIANCA<\/strong> &#8211; HIVATALNOK<br><strong>P\u0102\u0218TEAN DORINA ANA<\/strong> \u2013 SZAKINSPEKTOR, I.\u00a0<br><strong>LASZLO SILVIA MARIANA<\/strong> \u2013 SZAKINSPEKTOR, I.\u00a0<br><strong>GROSOS DANIEL IOAN<\/strong> \u2013 KAPUS<br><strong>MICL\u0102U\u0218 CARMEN<\/strong> \u2013 RAKT\u00c1ROS<br><strong>PRICOP IOAN DORIN<\/strong> \u2013 KAPUS<br><strong>BONDREA DUMITRU<\/strong> \u2013 SZAKMUNK\u00c1S<br><strong>HAJDUC MARIA<\/strong> \u2013 TAKAR\u00cdT\u00d3<br><\/p>\n","protected":false},"excerpt":{"rendered":"<p>Az oszt\u00e1ly biztos\u00edtja a Szatm\u00e1r Megyei M\u00fazeum operat\u00edv m\u0171k\u00f6d\u00e9s\u00e9t. N\u00e9gy r\u00e9szegys\u00e9gb\u0151l \u00e1ll: k\u00f6nyvel\u0151s\u00e9g, szem\u00e9lyzet-b\u00e9rek, k\u00f6zbeszerz\u00e9s \u00e9s adminisztr\u00e1ci\u00f3-\u0151rz\u00e9s.\u2006 \u2006 \u2006 \u2006 \u2006 \u2006 Az oszt\u00e1ly munkat\u00e1rsai:POP DANIELA FLORENTINA \u2013 F\u0150K\u00d6NYVEL\u0150, II.\u00a0FAGE CRINA DIANA \u2013 K\u00d6ZGAZD\u00c1SZ, IA\u00a0VANCEA CARMEN \u2013 SZAKREFERENS, I.\u00a0NISTOR DENISA BIANCA &#8211; HIVATALNOKP\u0102\u0218TEAN DORINA ANA \u2013 SZAKINSPEKTOR, I.\u00a0LASZLO SILVIA MARIANA \u2013 SZAKINSPEKTOR, I.\u00a0GROSOS DANIEL IOAN<a class=\"more-link\" href=\"https:\/\/muzeusm.ro\/hu\/sectii\/serviciul-financiar-contabil\/\">Continue reading <span class=\"screen-reader-text\">&#8220;P\u00e9nz\u00fcgy \u00e9s k\u00f6nyvel\u0151s\u00e9g&#8221;<\/span><\/a><\/p>\n","protected":false},"author":243833644,"featured_media":0,"parent":83,"menu_order":0,"comment_status":"closed","ping_status":"closed","template":"","meta":{"_coblocks_attr":"","_coblocks_dimensions":"","_coblocks_responsive_height":"","_coblocks_accordion_ie_support":"","advanced_seo_description":"","jetpack_seo_html_title":"","jetpack_seo_noindex":false,"jetpack_post_was_ever_published":false,"footnotes":""},"class_list":["post-14046","page","type-page","status-publish","hentry","entry"],"translation":{"provider":"WPGlobus","version":"3.0.1","language":"hu","enabled_languages":["ro","hu","en"],"languages":{"ro":{"title":true,"content":true,"excerpt":false},"hu":{"title":true,"content":true,"excerpt":false},"en":{"title":false,"content":false,"excerpt":false}}},"jetpack_likes_enabled":true,"jetpack-related-posts":[{"id":14043,"url":"https:\/\/muzeusm.ro\/hu\/sectii\/serviciul-financiar-contabil-2\/","url_meta":{"origin":14046,"position":0},"title":"Serviciul Financiar Contabil","author":"Kov\u00e1cs Zsolt","date":"7 June 2024","format":false,"excerpt":"Deruleaz\u0103 activit\u0103\u021bile func\u021bionale ale Muzeului Jude\u021bean se realizeaz\u0103 prin patru compartimente: contabilitate, salarizare-personal, achizi\u021bii publice \u0219i administrativ-paz\u0103. Angaja\u021bii serviciului:POP DANIELA FLORENTINA CONTABIL \u0218EF II FAGE CRINA DIANA ECONOMIST\u00a0\u00a0 IA CAPOTESCU M\u0102RIOARA GESTIONAR CUSTODE\u00a0\u00a0 IA VANCEA CARMEN REFERENT DE SPECIALITATE\u00a0 I P\u0102\u0218TEAN DORINA ANA INSPECTOR DE SPECIALITATE I LASZLO SILVIA MARIANA\u2026","rel":"","context":"Similar post","block_context":{"text":"Similar post","link":""},"img":{"alt_text":"","src":"","width":0,"height":0},"classes":[]},{"id":102,"url":"https:\/\/muzeusm.ro\/hu\/istorie\/","url_meta":{"origin":14046,"position":1},"title":"A kultur\u00e1lis \u00f6r\u00f6ks\u00e9g n\u00e9pszer\u0171s\u00edt\u00e9se \u00e9s m\u00fazeumpedag\u00f3gia oszt\u00e1ly","author":"andreeaionetecu","date":"19 October 2021","format":false,"excerpt":"{:ro} Atribu\u021biile \u0219i responsabilit\u0103\u021bile principale sunt legate de coordonarea activit\u0103\u021bilor ce implic\u0103 patrimoniul Colec\u021biei de Art\u0103, a activit\u0103\u021bilor de la Muzeul de Art\u0103, Atelierul Memorial Aurel Popp Satu Mare, Atelierul Memorial Paul Erd\u0151s Satu Mare, Biblioteca de specialitate, Muzeul \u00een aer liber M\u0103riu\u0219, Casa \u021a\u0103r\u0103neasc\u0103 Chilia, Muzeul Ugocea - Oa\u0219\u2026","rel":"","context":"Similar post","block_context":{"text":"Similar post","link":""},"img":{"alt_text":"","src":"","width":0,"height":0},"classes":[]},{"id":14050,"url":"https:\/\/muzeusm.ro\/hu\/sectii\/serviciul-muzee-carei-tasnad\/","url_meta":{"origin":14046,"position":2},"title":"Nagyk\u00e1roly-Tasn\u00e1d M\u00fazeumok","author":"norbertlorincz","date":"7 June 2024","format":false,"excerpt":"{:ro} Atribu\u021biile \u0219i responsabilit\u0103\u021bile vizeaz\u0103 coordonarea activit\u0103\u021bii de la unit\u0103\u021bile muzeale: Muzeul Municipal Carei, Muzeul Or\u0103\u0219enesc T\u0103\u0219nad, Complexul Memorial Ady Endre, Muzeul Maghiar Sipos Laszlo Bogdand, Muzeul \u0218v\u0103besc Petre\u0219ti, Casa \u021a\u0103r\u0103neasc\u0103 de la Andrid. Angaja\u021bii serviciului:GINDELE SIMONA CARMEN MUZEOGRAF\u00a0\u00a0 IAILIES AURELIAN GESTIONAR CUSTODE IAIOJA ERICA VALENTINA CURATOR SIICSAT\u00c1RI ISTV\u00c1N GERG\u0150\u2026","rel":"","context":"Similar post","block_context":{"text":"Similar post","link":""},"img":{"alt_text":"","src":"","width":0,"height":0},"classes":[]},{"id":103,"url":"https:\/\/muzeusm.ro\/hu\/cercetare-arheologie\/","url_meta":{"origin":14046,"position":3},"title":"Kultur\u00e1lis \u00f6r\u00f6ks\u00e9g kutat\u00e1sa oszt\u00e1ly","author":"Kov\u00e1cs Zsolt","date":"19 October 2021","format":false,"excerpt":"{:ro} Are atribu\u021bii de cercetare \u0219i coordonare a colec\u021biilor de Arheologie, \u0218tiin\u021bele Naturii, Istorie \u0219i Numismatic\u0103. Gestioneaz\u0103 derularea \u0219antierelor arheologice, \u00eentocmirea documenta\u021biei referitoare la arheologia de salvare \u0219i asigur\u0103 func\u021bionarea optim\u0103 a Arhivei \u0218tiin\u021bifice.Angaja\u021bii serviciului:Dr. GINDELE R\u00d3BERT SEF SERVICIU IIDr. VIR\u00c1G CRISTIAN CERCETATOR STIINTIFIC\u00a0\u00a0 III ASTALOS CIPRIAN TEODOR CERCETATOR STIINTIFIC\u00a0\u00a0\u2026","rel":"","context":"Similar post","block_context":{"text":"Similar post","link":""},"img":{"alt_text":"","src":"","width":0,"height":0},"classes":[]},{"id":14086,"url":"https:\/\/muzeusm.ro\/hu\/declaratii-de-avere\/declaratii-de-avere-si-interese-2022\/","url_meta":{"origin":14046,"position":4},"title":"Declara\u021bii de Avere \u0219i Interese 2022","author":"norbertlorincz","date":"13 June 2024","format":false,"excerpt":"B\u0103lu Daniela -Declara\u021bie de avere B\u0103lu Daniela -Declara\u021bie interese Belbe Sebastian -Declaratie de avere Belbe Sebastian -Declaratie interese Dobrescu Adela -Declaratie de avere Dobrescu Adela -Declara\u021bie\u00a0 interese Gindele Robert -Declaratie de avere Gindele Robert -Declaratie interese Grigorean Mihaela -Declaratie de avere Grigorean Mihaela -Declaratie interese Hago Attila -Declaratie avere Hago\u2026","rel":"","context":"Similar post","block_context":{"text":"Similar post","link":""},"img":{"alt_text":"","src":"","width":0,"height":0},"classes":[]},{"id":14080,"url":"https:\/\/muzeusm.ro\/hu\/declaratii-de-avere\/declaratii-de-avere-si-interese-2024\/","url_meta":{"origin":14046,"position":5},"title":"Declara\u021bii de Avere \u0219i interese 2024","author":"norbertlorincz","date":"12 June 2024","format":false,"excerpt":"B\u0103lu Daniela declara\u021bie de avere B\u0103lu Daniela declara\u021bie de interese Belbe Sebastian declara\u021bie de avere Belbe Sebastian declara\u021bie de interese Capotescu M\u0103rioara declara\u021bie de avere Capotescu M\u0103rioara declara\u021bie de interese Dobrescu Adela declara\u021bie de avere Dobrescu Adela declara\u021bie de interese Fage Diana declara\u021bie de avere Fage Diana declara\u021bie de interese\u2026","rel":"","context":"Similar post","block_context":{"text":"Similar post","link":""},"img":{"alt_text":"","src":"","width":0,"height":0},"classes":[]}],"jetpack_sharing_enabled":true,"jetpack_shortlink":"https:\/\/wp.me\/PfvnyQ-3Ey","_links":{"self":[{"href":"https:\/\/muzeusm.ro\/hu\/wp-json\/wp\/v2\/pages\/14046","targetHints":{"allow":["GET"]}}],"collection":[{"href":"https:\/\/muzeusm.ro\/hu\/wp-json\/wp\/v2\/pages"}],"about":[{"href":"https:\/\/muzeusm.ro\/hu\/wp-json\/wp\/v2\/types\/page"}],"author":[{"embeddable":true,"href":"https:\/\/muzeusm.ro\/hu\/wp-json\/wp\/v2\/users\/243833644"}],"replies":[{"embeddable":true,"href":"https:\/\/muzeusm.ro\/hu\/wp-json\/wp\/v2\/comments?post=14046"}],"version-history":[{"count":8,"href":"https:\/\/muzeusm.ro\/hu\/wp-json\/wp\/v2\/pages\/14046\/revisions"}],"predecessor-version":[{"id":17305,"href":"https:\/\/muzeusm.ro\/hu\/wp-json\/wp\/v2\/pages\/14046\/revisions\/17305"}],"up":[{"embeddable":true,"href":"https:\/\/muzeusm.ro\/hu\/wp-json\/wp\/v2\/pages\/83"}],"wp:attachment":[{"href":"https:\/\/muzeusm.ro\/hu\/wp-json\/wp\/v2\/media?parent=14046"}],"curies":[{"name":"wp","href":"https:\/\/api.w.org\/{rel}","templated":true}]}}