{"id":105,"date":"2021-10-19T08:40:46","date_gmt":"2021-10-19T05:40:46","guid":{"rendered":"https:\/\/netsysacad.ro?page_id=105"},"modified":"2026-03-18T11:10:16","modified_gmt":"2026-03-18T09:10:16","slug":"etnografie","status":"publish","type":"page","link":"https:\/\/muzeusm.ro\/hu\/etnografie\/","title":{"rendered":"A kultur\u00e1lis \u00f6r\u00f6ks\u00e9g nyilv\u00e1ntart\u00e1sa, konzerv\u00e1l\u00e1sa \u00e9s restaur\u00e1l\u00e1sa oszt\u00e1ly"},"content":{"rendered":"\n<p>Az oszt\u00e1ly kezeli a n\u00e9prajzi gy\u0171jtem\u00e9nyt \u00e9s r\u00e9sze a konzerv\u00e1l\u00f3-restaur\u00e1l\u00f3 labor. A gy\u0171jtem\u00e9ny mellett az oszt\u00e1lyhoz tartozik az apai Dr. Vasile Lucaciu Eml\u00e9km\u00fazeum, a k\u00e1nyah\u00e1zi, az avas\u00fajfalvi, az avas\u00fajv\u00e1rosi, a komorz\u00e1ni \u00e9s a turci t\u00e1jh\u00e1z, valamint a piskoltligeti M\u00f3c M\u00fazeum. A labor szakter\u00fcletei: textil restaur\u00e1l\u00e1s, k\u00f6nyv restaur\u00e1l\u00e1s, festm\u00e9ny restaur\u00e1l\u00e1s, fa restaur\u00e1l\u00e1s, f\u00e9m \u00e9s ker\u00e1mia restaur\u00e1l\u00e1s, valamint konzerv\u00e1l\u00e1s \u00e9s kutat\u00e1si r\u00e9szleg.<\/p>\n\n\n\n<p><strong>Az oszt\u00e1ly munkat\u00e1rsai<\/strong>:<br><strong>DR. LOBON\u021a PU\u0218CA\u0218 MARIA MAGDALENA<\/strong> \u2013 OSZT\u00c1LYVEZET\u0150, II.\u00a0<br><strong>HERTEG ANDREA T\u00dcNDE<\/strong> \u2013 KONZERV\u00c1TOR, IA\u00a0<br><strong>ACHIM ADRIANA MAGDALENA<\/strong> \u2013 MUZEOL\u00d3GUS, IA\u00a0<br><strong>T\u0102T\u0102RAN LAURA MELINDA<\/strong> \u2013 MUZEOL\u00d3GUS, II.\u00a0<br><strong>ZELE IOAN<\/strong> &#8211; MUZEOGR\u00c1FUS<br><strong>ROT\u0102REANU ANGELICA DORINA<\/strong> \u2013 KONZERV\u00c1TOR, IA\u00a0<br><strong>BODNAR LUDOVIC CSABA<\/strong> \u2013 TEREM\u0150R<br><strong>FILE T\u00dcNDE ELISABETA<\/strong> \u2013 TEREM\u0150R<br><strong>BELBE DIANA MARIA<\/strong> \u2013 TEREM\u0150R<br><strong>DOBRESCU ADELA C\u0102T\u0102LINA<\/strong> \u2013 RESTAUR\u00c1TOR, IA\u00a0\u00a0<br><strong>VARGA EMESE<\/strong> \u2013 RESTAUR\u00c1TOR, IA<br><strong>PAUL GABRIELA ZORICA<\/strong> \u2013 RESTAUR\u00c1TOR, IA\u00a0<br><strong>BUSUIOC CRISTINA OANA<\/strong> \u2013 RESTAUR\u00c1TOR, IA\u00a0<br><strong>VARGA M\u0102D\u0102LINA DANA<\/strong> \u2013 RESTAUR\u00c1TOR, II.\u00a0<br><strong>COBUSCEANU ROXANA MARIA<\/strong> \u2013 RESTAUR\u00c1TOR, I.\u00a0<br><strong>ROCA ANDREA-LUCIAN <\/strong>&#8211; RESTAUR\u00c1TOR, II.<br><strong>BONDREA EMANUEL MIHAI<\/strong> \u2013 RESTAUR\u00c1TOR, II.\u00a0\u00a0<br><strong>OLARIU GHEORGHINA<\/strong> \u2013 KUTAT\u00d3 KONZERV\u00c1TOR, IA\u00a0 <br><strong>KINCES DIANA MARIA IOANA<\/strong> \u2013 KONZERV\u00c1TOR, IA\u00a0<\/p>\n","protected":false},"excerpt":{"rendered":"<p>Az oszt\u00e1ly kezeli a n\u00e9prajzi gy\u0171jtem\u00e9nyt \u00e9s r\u00e9sze a konzerv\u00e1l\u00f3-restaur\u00e1l\u00f3 labor. A gy\u0171jtem\u00e9ny mellett az oszt\u00e1lyhoz tartozik az apai Dr. Vasile Lucaciu Eml\u00e9km\u00fazeum, a k\u00e1nyah\u00e1zi, az avas\u00fajfalvi, az avas\u00fajv\u00e1rosi, a komorz\u00e1ni \u00e9s a turci t\u00e1jh\u00e1z, valamint a piskoltligeti M\u00f3c M\u00fazeum. A labor szakter\u00fcletei: textil restaur\u00e1l\u00e1s, k\u00f6nyv restaur\u00e1l\u00e1s, festm\u00e9ny restaur\u00e1l\u00e1s, fa restaur\u00e1l\u00e1s, f\u00e9m \u00e9s ker\u00e1mia restaur\u00e1l\u00e1s,<a class=\"more-link\" href=\"https:\/\/muzeusm.ro\/hu\/etnografie\/\">Continue reading <span class=\"screen-reader-text\">&#8220;A kultur\u00e1lis \u00f6r\u00f6ks\u00e9g nyilv\u00e1ntart\u00e1sa, konzerv\u00e1l\u00e1sa \u00e9s restaur\u00e1l\u00e1sa oszt\u00e1ly&#8221;<\/span><\/a><\/p>\n","protected":false},"author":183061330,"featured_media":0,"parent":0,"menu_order":0,"comment_status":"closed","ping_status":"closed","template":"","meta":{"_coblocks_attr":"","_coblocks_dimensions":"","_coblocks_responsive_height":"","_coblocks_accordion_ie_support":"","advanced_seo_description":"","jetpack_seo_html_title":"","jetpack_seo_noindex":false,"jetpack_post_was_ever_published":false,"footnotes":""},"class_list":["post-105","page","type-page","status-publish","hentry","entry"],"translation":{"provider":"WPGlobus","version":"3.0.1","language":"hu","enabled_languages":["ro","hu","en"],"languages":{"ro":{"title":true,"content":true,"excerpt":false},"hu":{"title":true,"content":true,"excerpt":false},"en":{"title":false,"content":false,"excerpt":false}}},"jetpack_likes_enabled":true,"jetpack-related-posts":[{"id":83,"url":"https:\/\/muzeusm.ro\/hu\/sectii\/","url_meta":{"origin":105,"position":0},"title":"Oszt\u00e1lyok","author":"andreeaionetecu","date":"19 October 2021","format":false,"excerpt":"{:ro} Direc\u021biune Serviciul Cercetare \u2013 Patrimoniu Serviciul Financiar Contabil Serviciul de Eviden\u021b\u0103 Conservare - Restaurare a Patrimoniului Serviciul Muzee Carei \u2013 T\u0103\u0219nad Serviciul Promovarea Patrimoniului \u0219i Educa\u021bie Muzeal\u0103 Muzeul Jude\u021bean Satu Mare Facebook Instagram Contact muzeusm@gmail.com 0261735116 Adresa Vasile Lucaciu, 21 Satu MareRomania \u00a0 {:}{:hu} Igazgat\u00f3s\u00e1g Kultur\u00e1lis \u00f6r\u00f6ks\u00e9g kutat\u00e1sa oszt\u00e1ly\u2026","rel":"","context":"Similar post","block_context":{"text":"Similar post","link":""},"img":{"alt_text":"","src":"https:\/\/i0.wp.com\/muzeusm.ro\/wp-content\/uploads\/2024\/10\/castel-iarna-scaled.jpg?resize=350%2C200&ssl=1","width":350,"height":200,"srcset":"https:\/\/i0.wp.com\/muzeusm.ro\/wp-content\/uploads\/2024\/10\/castel-iarna-scaled.jpg?resize=350%2C200&ssl=1 1x, https:\/\/i0.wp.com\/muzeusm.ro\/wp-content\/uploads\/2024\/10\/castel-iarna-scaled.jpg?resize=525%2C300&ssl=1 1.5x, https:\/\/i0.wp.com\/muzeusm.ro\/wp-content\/uploads\/2024\/10\/castel-iarna-scaled.jpg?resize=700%2C400&ssl=1 2x, https:\/\/i0.wp.com\/muzeusm.ro\/wp-content\/uploads\/2024\/10\/castel-iarna-scaled.jpg?resize=1050%2C600&ssl=1 3x, https:\/\/i0.wp.com\/muzeusm.ro\/wp-content\/uploads\/2024\/10\/castel-iarna-scaled.jpg?resize=1400%2C800&ssl=1 4x"},"classes":[]},{"id":191,"url":"https:\/\/muzeusm.ro\/hu\/muzeul-memorial-dr-vasile-lucaciu-apa\/","url_meta":{"origin":105,"position":1},"title":"Dr. Vasile Lucaciu Eml\u00e9km\u00fazeum, Apa","author":"andreeaionetecu","date":"20 October 2021","format":false,"excerpt":"{:ro} Casa Memorial\u0103 \u201eDr. Vasile Lucaciu\u201d din Apa, jude\u021bul Satu Mare. Muzee de la satCasa Memorial\u0103 \u201eDr. Vasile Lucaciu\u201d din Apa, jude\u021bul Satu Mare. Muzee de la satCasa Memorial\u0103 \u201eDr. Vasile Lucaciu\u201d din Apa, jude\u021bul Satu Mare. Muzee de la satCasa Memorial\u0103 \u201eDr. Vasile Lucaciu\u201d din Apa, jude\u021bul Satu Mare.\u2026","rel":"","context":"Similar post","block_context":{"text":"Similar post","link":""},"img":{"alt_text":"","src":"https:\/\/i0.wp.com\/muzeusm.ro\/wp-content\/uploads\/2021\/12\/whatsapp-image-2021-12-13-at-09.27.50.jpeg?resize=350%2C200&ssl=1","width":350,"height":200,"srcset":"https:\/\/i0.wp.com\/muzeusm.ro\/wp-content\/uploads\/2021\/12\/whatsapp-image-2021-12-13-at-09.27.50.jpeg?resize=350%2C200&ssl=1 1x, https:\/\/i0.wp.com\/muzeusm.ro\/wp-content\/uploads\/2021\/12\/whatsapp-image-2021-12-13-at-09.27.50.jpeg?resize=525%2C300&ssl=1 1.5x, https:\/\/i0.wp.com\/muzeusm.ro\/wp-content\/uploads\/2021\/12\/whatsapp-image-2021-12-13-at-09.27.50.jpeg?resize=700%2C400&ssl=1 2x, https:\/\/i0.wp.com\/muzeusm.ro\/wp-content\/uploads\/2021\/12\/whatsapp-image-2021-12-13-at-09.27.50.jpeg?resize=1050%2C600&ssl=1 3x, https:\/\/i0.wp.com\/muzeusm.ro\/wp-content\/uploads\/2021\/12\/whatsapp-image-2021-12-13-at-09.27.50.jpeg?resize=1400%2C800&ssl=1 4x"},"classes":[]},{"id":102,"url":"https:\/\/muzeusm.ro\/hu\/istorie\/","url_meta":{"origin":105,"position":2},"title":"A kultur\u00e1lis \u00f6r\u00f6ks\u00e9g n\u00e9pszer\u0171s\u00edt\u00e9se \u00e9s m\u00fazeumpedag\u00f3gia oszt\u00e1ly","author":"andreeaionetecu","date":"19 October 2021","format":false,"excerpt":"{:ro} Atribu\u021biile \u0219i responsabilit\u0103\u021bile principale sunt legate de coordonarea activit\u0103\u021bilor ce implic\u0103 patrimoniul Colec\u021biei de Art\u0103, a activit\u0103\u021bilor de la Muzeul de Art\u0103, Atelierul Memorial Aurel Popp Satu Mare, Atelierul Memorial Paul Erd\u0151s Satu Mare, Biblioteca de specialitate, Muzeul \u00een aer liber M\u0103riu\u0219, Casa \u021a\u0103r\u0103neasc\u0103 Chilia, Muzeul Ugocea - Oa\u0219\u2026","rel":"","context":"Similar post","block_context":{"text":"Similar post","link":""},"img":{"alt_text":"","src":"","width":0,"height":0},"classes":[]},{"id":103,"url":"https:\/\/muzeusm.ro\/hu\/cercetare-arheologie\/","url_meta":{"origin":105,"position":3},"title":"Kultur\u00e1lis \u00f6r\u00f6ks\u00e9g kutat\u00e1sa oszt\u00e1ly","author":"Kov\u00e1cs Zsolt","date":"19 October 2021","format":false,"excerpt":"{:ro} Are atribu\u021bii de cercetare \u0219i coordonare a colec\u021biilor de Arheologie, \u0218tiin\u021bele Naturii, Istorie \u0219i Numismatic\u0103. Gestioneaz\u0103 derularea \u0219antierelor arheologice, \u00eentocmirea documenta\u021biei referitoare la arheologia de salvare \u0219i asigur\u0103 func\u021bionarea optim\u0103 a Arhivei \u0218tiin\u021bifice.Angaja\u021bii serviciului:Dr. GINDELE R\u00d3BERT SEF SERVICIU IIDr. VIR\u00c1G CRISTIAN CERCETATOR STIINTIFIC\u00a0\u00a0 III ASTALOS CIPRIAN TEODOR CERCETATOR STIINTIFIC\u00a0\u00a0\u2026","rel":"","context":"Similar post","block_context":{"text":"Similar post","link":""},"img":{"alt_text":"","src":"","width":0,"height":0},"classes":[]},{"id":58,"url":"https:\/\/muzeusm.ro\/hu\/reteaua-muzeala\/","url_meta":{"origin":105,"position":4},"title":"M\u00fazeumi h\u00e1l\u00f3zat","author":"andreeaionetecu","date":"19 October 2021","format":false,"excerpt":"{:ro} Muzeul Jude\u021bean Satu Mare Muzeul de Art\u0103 Satu Mare Muzeul Municipal Carei - Castelul K\u00e1rolyi Muzeul Memorial Dr. Vasile Lucaciu, Apa Complex Memorial Ady Endre Muzeul Or\u0103\u0219enesc T\u0103\u0219nad Casa Muzeu T\u0103\u0219nad Atelierul Memorial Paul I. Erd\u0151s, Satu Mare Atelierul Memorial Aurel Popp, Satu Mare Muzeul \u0218v\u0103besc, Petre\u0219ti Muzeul Maghiar\u2026","rel":"","context":"Similar post","block_context":{"text":"Similar post","link":""},"img":{"alt_text":"","src":"https:\/\/i0.wp.com\/muzeusm.ro\/wp-content\/uploads\/2021\/10\/image-2012-07-27-12889443-56-situl-arheologic-bobald.jpg?resize=350%2C200&ssl=1","width":350,"height":200,"srcset":"https:\/\/i0.wp.com\/muzeusm.ro\/wp-content\/uploads\/2021\/10\/image-2012-07-27-12889443-56-situl-arheologic-bobald.jpg?resize=350%2C200&ssl=1 1x, https:\/\/i0.wp.com\/muzeusm.ro\/wp-content\/uploads\/2021\/10\/image-2012-07-27-12889443-56-situl-arheologic-bobald.jpg?resize=525%2C300&ssl=1 1.5x"},"classes":[]},{"id":15750,"url":"https:\/\/muzeusm.ro\/hu\/biblioteca\/","url_meta":{"origin":105,"position":5},"title":"K\u00f6nyvt\u00e1r","author":"norbertlorincz","date":"6 November 2024","format":false,"excerpt":"{:ro} Despre bibliotec\u0103 \u00cen cadrul Muzeului Jude\u021bean Satu Mare func\u0163ioneaz\u0103 \u00eenc\u0103 de la \u00eenceputuri o bibliotec\u0103 documentar\u0103 \u015fi de specialitate num\u0103r\u00e2nd \u00een jur de 50.000 de volume. Partea documentar\u0103 cuprinde c\u0103r\u0163ile transferate muzeului din colec\u0163ia prefecturii vechiului comitat al S\u0103tmarului, o dona\u0163ie primit\u0103 din Fondul de Dublete ale Bibliotecii Academiei\u2026","rel":"","context":"Similar post","block_context":{"text":"Similar post","link":""},"img":{"alt_text":"","src":"","width":0,"height":0},"classes":[]}],"jetpack_sharing_enabled":true,"jetpack_shortlink":"https:\/\/wp.me\/PfvnyQ-1H","_links":{"self":[{"href":"https:\/\/muzeusm.ro\/hu\/wp-json\/wp\/v2\/pages\/105","targetHints":{"allow":["GET"]}}],"collection":[{"href":"https:\/\/muzeusm.ro\/hu\/wp-json\/wp\/v2\/pages"}],"about":[{"href":"https:\/\/muzeusm.ro\/hu\/wp-json\/wp\/v2\/types\/page"}],"author":[{"embeddable":true,"href":"https:\/\/muzeusm.ro\/hu\/wp-json\/wp\/v2\/users\/183061330"}],"replies":[{"embeddable":true,"href":"https:\/\/muzeusm.ro\/hu\/wp-json\/wp\/v2\/comments?post=105"}],"version-history":[{"count":12,"href":"https:\/\/muzeusm.ro\/hu\/wp-json\/wp\/v2\/pages\/105\/revisions"}],"predecessor-version":[{"id":17321,"href":"https:\/\/muzeusm.ro\/hu\/wp-json\/wp\/v2\/pages\/105\/revisions\/17321"}],"wp:attachment":[{"href":"https:\/\/muzeusm.ro\/hu\/wp-json\/wp\/v2\/media?parent=105"}],"curies":[{"name":"wp","href":"https:\/\/api.w.org\/{rel}","templated":true}]}}