{"id":103,"date":"2021-10-19T08:40:46","date_gmt":"2021-10-19T05:40:46","guid":{"rendered":"https:\/\/netsysacad.ro?page_id=103"},"modified":"2026-04-20T13:48:49","modified_gmt":"2026-04-20T10:48:49","slug":"cercetare-arheologie","status":"publish","type":"page","link":"https:\/\/muzeusm.ro\/hu\/cercetare-arheologie\/","title":{"rendered":"Kultur\u00e1lis \u00f6r\u00f6ks\u00e9g kutat\u00e1sa oszt\u00e1ly"},"content":{"rendered":"\n<p>Az oszt\u00e1ly feladata a r\u00e9g\u00e9szeti, term\u00e9szettudom\u00e1nyi, t\u00f6rt\u00e9neti \u00e9s numizmatikai gy\u0171jtem\u00e9nyek kezel\u00e9se \u00e9s kutat\u00e1sa. Tov\u00e1bb\u00e1 r\u00e9g\u00e9szeti \u00e1sat\u00e1sokat v\u00e9gez, elk\u00e9sz\u00edti a felt\u00e1r\u00e1sok dokument\u00e1ci\u00f3j\u00e1t \u00e9s biztos\u00edtja a tudom\u00e1nyos iratt\u00e1r m\u0171k\u00f6d\u00e9s\u00e9t.<\/p>\n\n\n\n<p><strong>Az oszt\u00e1ly munkat\u00e1rsai<\/strong>:<br><strong>DR. GINDELE R\u00d3BERT<\/strong> \u2013 OSZT\u00c1LYVEZET\u0150, II.\u00a0<br><strong>DR. VIR\u00c1G CRISTIAN<\/strong> \u2013 KUTAT\u00d3, III.\u00a0<br><strong>ASTALOS CIPRIAN TEODOR<\/strong> \u2013 KUTAT\u00d3\u2006 \u2006<br><strong>K\u00c1DAS ZOLT\u00c1N<\/strong> \u2013 R\u00c9G\u00c9SZ, IA\u00a0<br><strong>B\u00c1KAI J\u00c1NOS LUDOVIC<\/strong> \u2013 DOKUMENTARISTA, IA\u00a0<br><strong>BELBE SEBASTIAN EMIL<\/strong> \u2013 MUZEOL\u00d3GUS, I.\u00a0<br><strong>POP XENIA<\/strong> \u2013 MUZEOL\u00d3GUS, I.\u00a0<br><strong>NAGY NORBERT <\/strong>\u2013 MUZEOL\u00d3GUS, II.\u00a0<br><strong>DR. PORUMB\u0102CEAN CLAUDIU PETRU<\/strong> \u2013 KUTAT\u00d3, I.\u00a0<br><strong>L\u0150RINCZ NORBERT<\/strong> \u2013 MUZEOL\u00d3GUS, II.\u00a0<br><strong>S\u0102LCEANU MIHAELA DORINA<\/strong> \u2013 MUZEOL\u00d3GUS, IA\u00a0<br><strong>POP IOANA RALUCA<\/strong> \u2013 KONZERV\u00c1TOR, IA\u00a0<br><strong>SZAB\u00d3 ZSOLT S\u00c1NDOR <\/strong>\u2013 MUZEOL\u00d3GUS, II.\u00a0<br><strong>HONCA CIPRIAN EMANUEL<\/strong> \u2013 MUZEOL\u00d3GUS, I.\u00a0<br><strong>ZSORI ROLAND<\/strong> \u2013 R\u00c9G\u00c9SZ, BIBLIOGR\u00c1FUS, II.\u00a0 <br><strong>DR. SIKE TAM\u00c1S<\/strong> \u2013 MUZEOL\u00d3GUS, IA\u00a0<\/p>\n\n\n\n<p><\/p>\n","protected":false},"excerpt":{"rendered":"<p>Az oszt\u00e1ly feladata a r\u00e9g\u00e9szeti, term\u00e9szettudom\u00e1nyi, t\u00f6rt\u00e9neti \u00e9s numizmatikai gy\u0171jtem\u00e9nyek kezel\u00e9se \u00e9s kutat\u00e1sa. Tov\u00e1bb\u00e1 r\u00e9g\u00e9szeti \u00e1sat\u00e1sokat v\u00e9gez, elk\u00e9sz\u00edti a felt\u00e1r\u00e1sok dokument\u00e1ci\u00f3j\u00e1t \u00e9s biztos\u00edtja a tudom\u00e1nyos iratt\u00e1r m\u0171k\u00f6d\u00e9s\u00e9t. Az oszt\u00e1ly munkat\u00e1rsai:DR. GINDELE R\u00d3BERT \u2013 OSZT\u00c1LYVEZET\u0150, II.\u00a0DR. VIR\u00c1G CRISTIAN \u2013 KUTAT\u00d3, III.\u00a0ASTALOS CIPRIAN TEODOR \u2013 KUTAT\u00d3\u2006 \u2006K\u00c1DAS ZOLT\u00c1N \u2013 R\u00c9G\u00c9SZ, IA\u00a0B\u00c1KAI J\u00c1NOS LUDOVIC \u2013 DOKUMENTARISTA, IA\u00a0BELBE SEBASTIAN<a class=\"more-link\" href=\"https:\/\/muzeusm.ro\/hu\/cercetare-arheologie\/\">Continue reading <span class=\"screen-reader-text\">&#8220;Kultur\u00e1lis \u00f6r\u00f6ks\u00e9g kutat\u00e1sa oszt\u00e1ly&#8221;<\/span><\/a><\/p>\n","protected":false},"author":245723488,"featured_media":0,"parent":0,"menu_order":0,"comment_status":"closed","ping_status":"closed","template":"","meta":{"_coblocks_attr":"","_coblocks_dimensions":"","_coblocks_responsive_height":"","_coblocks_accordion_ie_support":"","advanced_seo_description":"","jetpack_seo_html_title":"","jetpack_seo_noindex":false,"jetpack_post_was_ever_published":false,"footnotes":""},"class_list":["post-103","page","type-page","status-publish","hentry","entry"],"translation":{"provider":"WPGlobus","version":"3.0.1","language":"hu","enabled_languages":["ro","hu","en"],"languages":{"ro":{"title":true,"content":true,"excerpt":false},"hu":{"title":true,"content":true,"excerpt":false},"en":{"title":false,"content":false,"excerpt":false}}},"jetpack_likes_enabled":true,"jetpack-related-posts":[{"id":102,"url":"https:\/\/muzeusm.ro\/hu\/istorie\/","url_meta":{"origin":103,"position":0},"title":"A kultur\u00e1lis \u00f6r\u00f6ks\u00e9g n\u00e9pszer\u0171s\u00edt\u00e9se \u00e9s m\u00fazeumpedag\u00f3gia oszt\u00e1ly","author":"andreeaionetecu","date":"19 October 2021","format":false,"excerpt":"{:ro} Atribu\u021biile \u0219i responsabilit\u0103\u021bile principale sunt legate de coordonarea activit\u0103\u021bilor ce implic\u0103 patrimoniul Colec\u021biei de Art\u0103, a activit\u0103\u021bilor de la Muzeul de Art\u0103, Atelierul Memorial Aurel Popp Satu Mare, Atelierul Memorial Paul Erd\u0151s Satu Mare, Biblioteca de specialitate, Muzeul \u00een aer liber M\u0103riu\u0219, Casa \u021a\u0103r\u0103neasc\u0103 Chilia, Muzeul Ugocea - Oa\u0219\u2026","rel":"","context":"Similar post","block_context":{"text":"Similar post","link":""},"img":{"alt_text":"","src":"","width":0,"height":0},"classes":[]},{"id":105,"url":"https:\/\/muzeusm.ro\/hu\/etnografie\/","url_meta":{"origin":103,"position":1},"title":"A kultur\u00e1lis \u00f6r\u00f6ks\u00e9g nyilv\u00e1ntart\u00e1sa, konzerv\u00e1l\u00e1sa \u00e9s restaur\u00e1l\u00e1sa oszt\u00e1ly","author":"andreeaionetecu","date":"19 October 2021","format":false,"excerpt":"{:ro} Coordoneaz\u0103 activit\u0103\u021bile compartimentului Conservare -restaurare \u0219i a compartimentului de Etnografie. Gestioneaz\u0103 patrimoniul Colec\u021biei de etnografie, a Muzeului Memorial dr. Vasile Lucaciu-Apa, a Bisericii de lemn-dr. Vasile Lucaciu-Apa, a Casei \u021a\u0103r\u0103ne\u0219ti C\u0103line\u0219ti Oa\u0219, a Casei \u021a\u0103r\u0103ne\u0219ti Certeze, a Muzeului local Ora\u0219u Nou, a Muzeului local C\u0103m\u0103rzana, a Muzeului local Tur\u021b,\u2026","rel":"","context":"Similar post","block_context":{"text":"Similar post","link":""},"img":{"alt_text":"","src":"","width":0,"height":0},"classes":[]},{"id":14050,"url":"https:\/\/muzeusm.ro\/hu\/sectii\/serviciul-muzee-carei-tasnad\/","url_meta":{"origin":103,"position":2},"title":"Nagyk\u00e1roly-Tasn\u00e1d M\u00fazeumok","author":"norbertlorincz","date":"7 June 2024","format":false,"excerpt":"{:ro} Atribu\u021biile \u0219i responsabilit\u0103\u021bile vizeaz\u0103 coordonarea activit\u0103\u021bii de la unit\u0103\u021bile muzeale: Muzeul Municipal Carei, Muzeul Or\u0103\u0219enesc T\u0103\u0219nad, Complexul Memorial Ady Endre, Muzeul Maghiar Sipos Laszlo Bogdand, Muzeul \u0218v\u0103besc Petre\u0219ti, Casa \u021a\u0103r\u0103neasc\u0103 de la Andrid. Angaja\u021bii serviciului:GINDELE SIMONA CARMEN MUZEOGRAF\u00a0\u00a0 IAILIES AURELIAN GESTIONAR CUSTODE IAIOJA ERICA VALENTINA CURATOR SIICSAT\u00c1RI ISTV\u00c1N GERG\u0150\u2026","rel":"","context":"Similar post","block_context":{"text":"Similar post","link":""},"img":{"alt_text":"","src":"","width":0,"height":0},"classes":[]},{"id":14046,"url":"https:\/\/muzeusm.ro\/hu\/sectii\/serviciul-financiar-contabil\/","url_meta":{"origin":103,"position":3},"title":"P\u00e9nz\u00fcgy \u00e9s k\u00f6nyvel\u0151s\u00e9g","author":"norbertlorincz","date":"7 June 2024","format":false,"excerpt":"{:ro} Deruleaz\u0103 activit\u0103\u021bile func\u021bionale ale Muzeului Jude\u021bean se realizeaz\u0103 prin patru compartimente: contabilitate, salarizare-personal, achizi\u021bii publice \u0219i administrativ-paz\u0103. Angaja\u021bii serviciului:POP DANIELA FLORENTINA CONTABIL SEF II FAGE CRINA DIANA ECONOMIST\u00a0\u00a0 IA VANCEA CARMEN REFERENT DE SPECIALITATE\u00a0 I NISTOR DENISA BIANCA - FUNCTIONAR P\u0102\u0218TEAN DORINA ANA INSPECTOR DE SPECIALITATE I LASZLO SILVIA\u2026","rel":"","context":"Similar post","block_context":{"text":"Similar post","link":""},"img":{"alt_text":"","src":"","width":0,"height":0},"classes":[]},{"id":16325,"url":"https:\/\/muzeusm.ro\/hu\/activitati-de-educatie-muzeala-la-mjsm-muzeul-de-arta-si-la-sediul-institutiilor-de-invatamant\/","url_meta":{"origin":103,"position":4},"title":"Activit\u0103\u021bi de educa\u021bie muzeal\u0103 la MJSM, Muzeul de Art\u0103 \u0219i la sediul institu\u021biilor de \u00eenv\u0103\u021b\u0103m\u00e2nt","author":"Kov\u00e1cs Zsolt","date":"24 February 2025","format":false,"excerpt":"Lutul, form\u0103 \u0219i culoare Proiectul \u201eLutul, form\u0103 \u0219i culoare\u201d, cuprinde ateliere de modelaj vase din lut \u0219i vizit\u0103 ghidat\u0103 \u00eentr-una dintre expozi\u021biile muzeului: Sec\u021bia de arheologie \/\u00a0 Sec\u021bia de etnografie. Durata activit\u0103\u021bii: 2 h Locul de desf\u0103\u0219urare: sediul MJSM \u0219i sediul institu\u021biilor de \u00eenv\u0103\u021b\u0103m\u00e2nt Activitatea se adreseaz\u0103 elevilor de nivel\u2026","rel":"","context":"Similar post","block_context":{"text":"Similar post","link":""},"img":{"alt_text":"","src":"https:\/\/i0.wp.com\/muzeusm.ro\/wp-content\/uploads\/2025\/02\/uEFsC0ItKrrI_9RLeSHjKEOGQXMx64lQ6F_zCIjYnbU.webp?resize=350%2C200&ssl=1","width":350,"height":200,"srcset":"https:\/\/i0.wp.com\/muzeusm.ro\/wp-content\/uploads\/2025\/02\/uEFsC0ItKrrI_9RLeSHjKEOGQXMx64lQ6F_zCIjYnbU.webp?resize=350%2C200&ssl=1 1x, https:\/\/i0.wp.com\/muzeusm.ro\/wp-content\/uploads\/2025\/02\/uEFsC0ItKrrI_9RLeSHjKEOGQXMx64lQ6F_zCIjYnbU.webp?resize=525%2C300&ssl=1 1.5x, https:\/\/i0.wp.com\/muzeusm.ro\/wp-content\/uploads\/2025\/02\/uEFsC0ItKrrI_9RLeSHjKEOGQXMx64lQ6F_zCIjYnbU.webp?resize=700%2C400&ssl=1 2x"},"classes":[]},{"id":14043,"url":"https:\/\/muzeusm.ro\/hu\/sectii\/serviciul-financiar-contabil-2\/","url_meta":{"origin":103,"position":5},"title":"Serviciul Financiar Contabil","author":"Kov\u00e1cs Zsolt","date":"7 June 2024","format":false,"excerpt":"Deruleaz\u0103 activit\u0103\u021bile func\u021bionale ale Muzeului Jude\u021bean se realizeaz\u0103 prin patru compartimente: contabilitate, salarizare-personal, achizi\u021bii publice \u0219i administrativ-paz\u0103. Angaja\u021bii serviciului:POP DANIELA FLORENTINA CONTABIL \u0218EF II FAGE CRINA DIANA ECONOMIST\u00a0\u00a0 IA CAPOTESCU M\u0102RIOARA GESTIONAR CUSTODE\u00a0\u00a0 IA VANCEA CARMEN REFERENT DE SPECIALITATE\u00a0 I P\u0102\u0218TEAN DORINA ANA INSPECTOR DE SPECIALITATE I LASZLO SILVIA MARIANA\u2026","rel":"","context":"Similar post","block_context":{"text":"Similar post","link":""},"img":{"alt_text":"","src":"","width":0,"height":0},"classes":[]}],"jetpack_sharing_enabled":true,"jetpack_shortlink":"https:\/\/wp.me\/PfvnyQ-1F","_links":{"self":[{"href":"https:\/\/muzeusm.ro\/hu\/wp-json\/wp\/v2\/pages\/103","targetHints":{"allow":["GET"]}}],"collection":[{"href":"https:\/\/muzeusm.ro\/hu\/wp-json\/wp\/v2\/pages"}],"about":[{"href":"https:\/\/muzeusm.ro\/hu\/wp-json\/wp\/v2\/types\/page"}],"author":[{"embeddable":true,"href":"https:\/\/muzeusm.ro\/hu\/wp-json\/wp\/v2\/users\/245723488"}],"replies":[{"embeddable":true,"href":"https:\/\/muzeusm.ro\/hu\/wp-json\/wp\/v2\/comments?post=103"}],"version-history":[{"count":8,"href":"https:\/\/muzeusm.ro\/hu\/wp-json\/wp\/v2\/pages\/103\/revisions"}],"predecessor-version":[{"id":17330,"href":"https:\/\/muzeusm.ro\/hu\/wp-json\/wp\/v2\/pages\/103\/revisions\/17330"}],"wp:attachment":[{"href":"https:\/\/muzeusm.ro\/hu\/wp-json\/wp\/v2\/media?parent=103"}],"curies":[{"name":"wp","href":"https:\/\/api.w.org\/{rel}","templated":true}]}}