{"id":102,"date":"2021-10-19T08:40:46","date_gmt":"2021-10-19T05:40:46","guid":{"rendered":"https:\/\/netsysacad.ro?page_id=102"},"modified":"2026-03-18T10:59:33","modified_gmt":"2026-03-18T08:59:33","slug":"istorie","status":"publish","type":"page","link":"https:\/\/muzeusm.ro\/hu\/istorie\/","title":{"rendered":"A kultur\u00e1lis \u00f6r\u00f6ks\u00e9g n\u00e9pszer\u0171s\u00edt\u00e9se \u00e9s m\u00fazeumpedag\u00f3gia oszt\u00e1ly"},"content":{"rendered":"\n<p>Feladata a Sz\u00e9pm\u0171v\u00e9szeti M\u00fazeum, a Popp Aur\u00e9l M\u0171terem (Szatm\u00e1rn\u00e9meti), az Erd\u0151s I. P\u00e1l M\u0171terem (Szatm\u00e1rn\u00e9meti), a szakk\u00f6nyvt\u00e1r, a Szabadt\u00e9ri M\u00fazeum (Mogyor\u00f3s), a B\u00fckkalji T\u00e1jh\u00e1z (P\u00e1cafalu), az Ugocsa-Avas M\u00fazeum (Nagytarna) \u00e9s a kisszokondi fatemplom tev\u00e9kenys\u00e9geinek \u00f6sszefog\u00e1sa \u00e9s a m\u00fazeumi esem\u00e9nyek n\u00e9pszer\u0171s\u00edt\u00e9se.Feladata a Sz\u00e9pm\u0171v\u00e9szeti M\u00fazeum, a Popp Aur\u00e9l M\u0171terem (Szatm\u00e1rn\u00e9meti), az Erd\u0151s I. P\u00e1l M\u0171terem (Szatm\u00e1rn\u00e9meti), a szakk\u00f6nyvt\u00e1r, a Szabadt\u00e9ri M\u00fazeum (Mogyor\u00f3s), a B\u00fckkalji T\u00e1jh\u00e1z (P\u00e1cafalu), az Ugocsa-Avas M\u00fazeum (Nagytarna) \u00e9s a kisszokondi fatemplom tev\u00e9kenys\u00e9geinek \u00f6sszefog\u00e1sa \u00e9s a m\u00fazeumi esem\u00e9nyek n\u00e9pszer\u0171s\u00edt\u00e9se.<\/p>\n\n\n\n<p>Az oszt\u00e1ly munkat\u00e1rsai:<br><strong>TALPO\u0218 ELISABETA <\/strong>&#8211; DESIGNER, IA<br><strong>S\u0102VEANU-C\u0102R\u0102IAN MONICA DENISA<\/strong> \u2013 MUZEOL\u00d3GUS, IA\u00a0<br><strong>D\u0102NU\u021a DANIELA ANDREA<\/strong> \u2013 KONZERV\u00c1TOR, IA\u00a0<br><strong>IONETECU ANDREEA ELENA<\/strong> &#8211; GY\u0170JTEM\u00c9NYKEZEL\u0150, IA<br><strong>CR\u0102\u021a AURICA OTILIA<\/strong> \u2013 GY\u0170JTEM\u00c9NYKEZEL\u0150, IA\u00a0<br><strong>FETYK\u00d3 AM\u00c1LIA ERIKA<\/strong> \u2013 MUZEOL\u00d3GUS, I.\u00a0<br><strong>POLG\u00c1R ALEXANDRU<\/strong> \u2013 KUR\u00c1TOR, II.\u00a0<br><strong>POPDAN BR\u0102DU\u021a ION<\/strong> \u2013 MUZEOL\u00d3GUS, IA\u00a0<br><strong>ILLY\u00c9S GUL\u00c1CSI ANDREA<\/strong> \u2013 K\u00d6NYVT\u00c1ROS, IA\u00a0<br><strong>SAB\u0102U ALINA ILEANA<\/strong> \u2013 GY\u0170JTEM\u00c9NYKEZEL\u0150, IA\u00a0<br><strong>CR\u0102CIUN-DREVE ANDRADA FLORENTINA<\/strong> \u2013 MUZEOL\u00d3GUS, II.\u00a0<br><strong>MOCAN MIHAI ANDREI<\/strong> \u2013 MUZEOL\u00d3GUS, IA\u00a0\u00a0<br><strong>FELDI CAMELIA FLORENTINA<\/strong> \u2013 TEREM\u0150R<br><strong>BUZILA IOAN GHEORGHE<\/strong> \u2013 TEREM\u0150R<br><strong>DAVID DORINA VOICHI\u021aA <\/strong>\u2013 TEREM\u0150R<br><strong>SIMA RODICA ALEXANDRA<\/strong> \u2013 M\u00daZEUMPEDAG\u00d3GUS<br><strong>M\u00c1RK-NAGY \u00c1GOTA<\/strong> \u2013 SZAKREFERENS, I.\u00a0<br><strong>KOV\u00c1CS ZSOLT<\/strong> \u2013 SZAKREFERENS, I.\u00a0\u00a0<\/p>\n\n\n\n<p><\/p>\n","protected":false},"excerpt":{"rendered":"<p>Feladata a Sz\u00e9pm\u0171v\u00e9szeti M\u00fazeum, a Popp Aur\u00e9l M\u0171terem (Szatm\u00e1rn\u00e9meti), az Erd\u0151s I. P\u00e1l M\u0171terem (Szatm\u00e1rn\u00e9meti), a szakk\u00f6nyvt\u00e1r, a Szabadt\u00e9ri M\u00fazeum (Mogyor\u00f3s), a B\u00fckkalji T\u00e1jh\u00e1z (P\u00e1cafalu), az Ugocsa-Avas M\u00fazeum (Nagytarna) \u00e9s a kisszokondi fatemplom tev\u00e9kenys\u00e9geinek \u00f6sszefog\u00e1sa \u00e9s a m\u00fazeumi esem\u00e9nyek n\u00e9pszer\u0171s\u00edt\u00e9se.Feladata a Sz\u00e9pm\u0171v\u00e9szeti M\u00fazeum, a Popp Aur\u00e9l M\u0171terem (Szatm\u00e1rn\u00e9meti), az Erd\u0151s I. P\u00e1l M\u0171terem (Szatm\u00e1rn\u00e9meti), a<a class=\"more-link\" href=\"https:\/\/muzeusm.ro\/hu\/istorie\/\">Continue reading <span class=\"screen-reader-text\">&#8220;A kultur\u00e1lis \u00f6r\u00f6ks\u00e9g n\u00e9pszer\u0171s\u00edt\u00e9se \u00e9s m\u00fazeumpedag\u00f3gia oszt\u00e1ly&#8221;<\/span><\/a><\/p>\n","protected":false},"author":183061330,"featured_media":0,"parent":0,"menu_order":0,"comment_status":"closed","ping_status":"closed","template":"","meta":{"_coblocks_attr":"","_coblocks_dimensions":"","_coblocks_responsive_height":"","_coblocks_accordion_ie_support":"","advanced_seo_description":"","jetpack_seo_html_title":"","jetpack_seo_noindex":false,"jetpack_post_was_ever_published":false,"footnotes":""},"class_list":["post-102","page","type-page","status-publish","hentry","entry"],"translation":{"provider":"WPGlobus","version":"3.0.1","language":"hu","enabled_languages":["ro","hu","en"],"languages":{"ro":{"title":true,"content":true,"excerpt":false},"hu":{"title":true,"content":true,"excerpt":false},"en":{"title":false,"content":false,"excerpt":false}}},"jetpack_likes_enabled":true,"jetpack-related-posts":[{"id":58,"url":"https:\/\/muzeusm.ro\/hu\/reteaua-muzeala\/","url_meta":{"origin":102,"position":0},"title":"M\u00fazeumi h\u00e1l\u00f3zat","author":"andreeaionetecu","date":"19 October 2021","format":false,"excerpt":"{:ro} Muzeul Jude\u021bean Satu Mare Muzeul de Art\u0103 Satu Mare Muzeul Municipal Carei - Castelul K\u00e1rolyi Muzeul Memorial Dr. Vasile Lucaciu, Apa Complex Memorial Ady Endre Muzeul Or\u0103\u0219enesc T\u0103\u0219nad Casa Muzeu T\u0103\u0219nad Atelierul Memorial Paul I. Erd\u0151s, Satu Mare Atelierul Memorial Aurel Popp, Satu Mare Muzeul \u0218v\u0103besc, Petre\u0219ti Muzeul Maghiar\u2026","rel":"","context":"Similar post","block_context":{"text":"Similar post","link":""},"img":{"alt_text":"","src":"https:\/\/i0.wp.com\/muzeusm.ro\/wp-content\/uploads\/2021\/10\/image-2012-07-27-12889443-56-situl-arheologic-bobald.jpg?resize=350%2C200&ssl=1","width":350,"height":200,"srcset":"https:\/\/i0.wp.com\/muzeusm.ro\/wp-content\/uploads\/2021\/10\/image-2012-07-27-12889443-56-situl-arheologic-bobald.jpg?resize=350%2C200&ssl=1 1x, https:\/\/i0.wp.com\/muzeusm.ro\/wp-content\/uploads\/2021\/10\/image-2012-07-27-12889443-56-situl-arheologic-bobald.jpg?resize=525%2C300&ssl=1 1.5x"},"classes":[]},{"id":200,"url":"https:\/\/muzeusm.ro\/hu\/atelierul-memorial-paul-i-erdos-satu-mare\/","url_meta":{"origin":102,"position":1},"title":"Erd\u0151s i. p\u00e1l M\u0171terem, Szatm\u00e1rn\u00e9meti","author":"andreeaionetecu","date":"20 October 2021","format":false,"excerpt":"{:ro} Atelierul-galerie ce g\u0103zduie\u0219te dona\u021bia graficianului Paul Erd\u0151s (1916-1987) a fost \u00eenfiin\u021bat \u00een anul 1986, din anul 1996 func\u021bion\u00e2nd \u00een cadrul re\u021belei muzeale. \u00cen atelierul de la etaj sunt expuse lucr\u0103ri depictur\u0103, plastic\u0103, grafic\u0103, fotografii, c\u0103r\u021bi, documente, obiecte personale, mobilier apar\u021bin\u00e2nd artistului, iar la parter este amenajat\u0103 un spa\u021biu pentru\u2026","rel":"","context":"Similar post","block_context":{"text":"Similar post","link":""},"img":{"alt_text":"","src":"https:\/\/i0.wp.com\/muzeusm.ro\/wp-content\/uploads\/2024\/11\/image.png?resize=350%2C200&ssl=1","width":350,"height":200},"classes":[]},{"id":16364,"url":"https:\/\/muzeusm.ro\/hu\/activitati-la-muzeul-de-arta\/","url_meta":{"origin":102,"position":2},"title":"Activit\u0103\u021bi la Muzeul de Art\u0103","author":"Kov\u00e1cs Zsolt","date":"24 February 2025","format":false,"excerpt":"Tablou construit cu tehnica puzzle. Durata activit\u0103\u021bii: 1 hLocul desf\u0103\u0219ur\u0103rii: Muzeul de Art\u0103 (Pia\u021ba Libert\u0103\u021bii 21).Vom alege c\u00e2teva lucr\u0103ri din patrimoniul Muzeului, care la r\u00e2ndul\u00a0lor vor fi printate \u0219i t\u0103iate \u00een diferite forme, iar elevii vor construi un puzzle.Nivel de v\u00e2rst\u0103: I-IV.Obiective specifice: Dezvoltarea spiritului de observa\u021bie \u0219i a abilit\u0103\u021bilor\u2026","rel":"","context":"Similar post","block_context":{"text":"Similar post","link":""},"img":{"alt_text":"","src":"","width":0,"height":0},"classes":[]},{"id":204,"url":"https:\/\/muzeusm.ro\/hu\/atelierul-memorial-aurel-popp-satu-mare\/","url_meta":{"origin":102,"position":3},"title":"Papp Aur\u00e9l M\u0171terem, Szatm\u00e1rn\u00e9meti","author":"andreeaionetecu","date":"20 October 2021","format":false,"excerpt":"{:ro} Atelierul se afl\u0103 \u00eentr-o cl\u0103dire construit\u0103 de artist \u00eentre 1934\u20131935 \u0219i a func\u021bionat ca atelier de crea\u021bie p\u00e2n\u0103 la moartea artistului \u00een 1960. Dup\u0103 aceast\u0103 dat\u0103, cl\u0103direa a fost folosit\u0103 ca depozit de materiale de construc\u021bii.\u00centre 1998\u20132000 cl\u0103direa a fost restaurat\u0103, \u0219i a fost \u00eenfiin\u021bat\u0103 Atelierul Memorial \u201eAurel Popp\u201d,\u2026","rel":"","context":"Similar post","block_context":{"text":"Similar post","link":""},"img":{"alt_text":"","src":"https:\/\/i0.wp.com\/muzeusm.ro\/wp-content\/uploads\/2024\/11\/image-1.png?resize=350%2C200&ssl=1","width":350,"height":200,"srcset":"https:\/\/i0.wp.com\/muzeusm.ro\/wp-content\/uploads\/2024\/11\/image-1.png?resize=350%2C200&ssl=1 1x, https:\/\/i0.wp.com\/muzeusm.ro\/wp-content\/uploads\/2024\/11\/image-1.png?resize=525%2C300&ssl=1 1.5x"},"classes":[]},{"id":16998,"url":"https:\/\/muzeusm.ro\/hu\/activitati-de-educatie-muzeala-pentru-programul-scoala-altfel\/","url_meta":{"origin":102,"position":4},"title":"Activit\u0103\u021bi de educa\u021bie muzeal\u0103 pentru programul \u201e\u0218coala Altfel\u201d","author":"Kov\u00e1cs Zsolt","date":"8 October 2025","format":false,"excerpt":"\u00a0 1 \u201eLutul, form\u0103 \u0219i culoare\u201dDurata activit\u0103\u021bii: 2 oreLocul desf\u0103\u0219ur\u0103rii: MJSM sau unit\u0103\u021bile de \u00eenv\u0103\u021b\u0103m\u00e2ntNivel de v\u00e2rst\u0103: \u00eenv\u0103\u021b\u0103m\u00e2ntul pre\u0219colar, primar, gimnazial \u0219i liceal.Obiective specifice:\u00a0Identificarea \u0219i descrierea obiectelor tradi\u021bionale din lut \u0219i a utiliz\u0103rii lor istorice.\u00a0\u00a0Aplicarea unor tehnici simple de modelaj pentru realizarea unui obiect ceramic propriu.\u00a0\u00a0Exprimarea creativit\u0103\u021bii prin decorarea cu\u2026","rel":"","context":"Similar post","block_context":{"text":"Similar post","link":""},"img":{"alt_text":"","src":"https:\/\/i0.wp.com\/muzeusm.ro\/wp-content\/uploads\/2025\/10\/WhatsApp-Image-2025-10-08-at-10.47.38-2-724x1024.jpeg?resize=350%2C200&ssl=1","width":350,"height":200,"srcset":"https:\/\/i0.wp.com\/muzeusm.ro\/wp-content\/uploads\/2025\/10\/WhatsApp-Image-2025-10-08-at-10.47.38-2-724x1024.jpeg?resize=350%2C200&ssl=1 1x, https:\/\/i0.wp.com\/muzeusm.ro\/wp-content\/uploads\/2025\/10\/WhatsApp-Image-2025-10-08-at-10.47.38-2-724x1024.jpeg?resize=525%2C300&ssl=1 1.5x, https:\/\/i0.wp.com\/muzeusm.ro\/wp-content\/uploads\/2025\/10\/WhatsApp-Image-2025-10-08-at-10.47.38-2-724x1024.jpeg?resize=700%2C400&ssl=1 2x"},"classes":[]},{"id":17021,"url":"https:\/\/muzeusm.ro\/hu\/activitati-de-educatie-muzeala-pentru-programul-saptamana-verde\/","url_meta":{"origin":102,"position":5},"title":"Activit\u0103\u021bi de educa\u021bie muzeal\u0103 pentru programul \u201eS\u0103pt\u0103m\u00e2na verde\u201d","author":"Kov\u00e1cs Zsolt","date":"8 October 2025","format":false,"excerpt":"\u201eLutul, form\u0103 \u0219i culoare\u201dDurata activit\u0103\u021bii: 2 oreLocul desf\u0103\u0219ur\u0103rii: MJSM sau unit\u0103\u021bile de \u00eenv\u0103\u021b\u0103m\u00e2ntNivel de v\u00e2rst\u0103: \u00eenv\u0103\u021b\u0103m\u00e2ntul pre\u0219colar, primar, gimnazial \u0219i liceal.Obiective specifice:\u00a0Identificarea \u0219i descrierea obiectelor tradi\u021bionale din lut \u0219i a utiliz\u0103rii lor istorice.\u00a0\u00a0Aplicarea unor tehnici simple de modelaj pentru realizarea unui obiect ceramic propriu.\u00a0\u00a0Exprimarea creativit\u0103\u021bii prin decorarea cu forme \u0219i\u2026","rel":"","context":"Similar post","block_context":{"text":"Similar post","link":""},"img":{"alt_text":"","src":"https:\/\/i0.wp.com\/muzeusm.ro\/wp-content\/uploads\/2025\/10\/WhatsApp-Image-2025-10-08-at-10.47.38-2-724x1024.jpeg?resize=350%2C200&ssl=1","width":350,"height":200,"srcset":"https:\/\/i0.wp.com\/muzeusm.ro\/wp-content\/uploads\/2025\/10\/WhatsApp-Image-2025-10-08-at-10.47.38-2-724x1024.jpeg?resize=350%2C200&ssl=1 1x, https:\/\/i0.wp.com\/muzeusm.ro\/wp-content\/uploads\/2025\/10\/WhatsApp-Image-2025-10-08-at-10.47.38-2-724x1024.jpeg?resize=525%2C300&ssl=1 1.5x, https:\/\/i0.wp.com\/muzeusm.ro\/wp-content\/uploads\/2025\/10\/WhatsApp-Image-2025-10-08-at-10.47.38-2-724x1024.jpeg?resize=700%2C400&ssl=1 2x"},"classes":[]}],"jetpack_sharing_enabled":true,"jetpack_shortlink":"https:\/\/wp.me\/PfvnyQ-1E","_links":{"self":[{"href":"https:\/\/muzeusm.ro\/hu\/wp-json\/wp\/v2\/pages\/102","targetHints":{"allow":["GET"]}}],"collection":[{"href":"https:\/\/muzeusm.ro\/hu\/wp-json\/wp\/v2\/pages"}],"about":[{"href":"https:\/\/muzeusm.ro\/hu\/wp-json\/wp\/v2\/types\/page"}],"author":[{"embeddable":true,"href":"https:\/\/muzeusm.ro\/hu\/wp-json\/wp\/v2\/users\/183061330"}],"replies":[{"embeddable":true,"href":"https:\/\/muzeusm.ro\/hu\/wp-json\/wp\/v2\/comments?post=102"}],"version-history":[{"count":11,"href":"https:\/\/muzeusm.ro\/hu\/wp-json\/wp\/v2\/pages\/102\/revisions"}],"predecessor-version":[{"id":17316,"href":"https:\/\/muzeusm.ro\/hu\/wp-json\/wp\/v2\/pages\/102\/revisions\/17316"}],"wp:attachment":[{"href":"https:\/\/muzeusm.ro\/hu\/wp-json\/wp\/v2\/media?parent=102"}],"curies":[{"name":"wp","href":"https:\/\/api.w.org\/{rel}","templated":true}]}}