{"id":78,"date":"2021-10-19T08:28:30","date_gmt":"2021-10-19T05:28:30","guid":{"rendered":"https:\/\/netsysacad.ro?page_id=78"},"modified":"2025-06-10T14:57:51","modified_gmt":"2025-06-10T11:57:51","slug":"editura","status":"publish","type":"page","link":"https:\/\/muzeusm.ro\/en\/editura\/","title":{"rendered":"Editura Muzeului S\u0103tm\u0103rean"},"content":{"rendered":"\n<div class=\"wp-block-buttons coblocks-animate is-layout-flex wp-block-buttons-is-layout-flex\" data-coblocks-animation=\"slideInLeft\">\n<div class=\"wp-block-button coblocks-animate\" data-coblocks-animation=\"slideInLeft\"><a class=\"wp-block-button__link has-foreground-color has-pale-ocean-gradient-background has-text-color has-background has-link-color wp-element-button\" href=\"https:\/\/muzeusm.ro\/patriot-sau-tradator-procesul-de-tradare-de-tara-al-calugarului-arkad-pasztory-honca-ciprian-emanuel-editor\/\" target=\"_blank\" rel=\"noreferrer noopener\">Patriot sau tr\u0103d\u0103tor? Procesul de tr\u0103dare de \u021bar\u0103 al c\u0103lug\u0103rului \u00c1rk\u00e1d P\u00e1sztory &#8211; HONCA, Ciprian Emanuel (Editor), 2022<\/a><\/div>\n\n\n\n<div class=\"wp-block-button coblocks-animate\" data-coblocks-animation=\"slideInLeft\"><a class=\"wp-block-button__link has-foreground-color has-pale-ocean-gradient-background has-text-color has-background has-link-color wp-element-button\" href=\"https:\/\/muzeusm.ro\/monografia-catedralei-ortodoxe-adormirea-maicii-domnului-din-municipiul-satu-mare\/\" target=\"_blank\" rel=\"noreferrer noopener\">Monografia Catedralei Ortodoxe &#8220;Adormirea Maicii Domnului&#8221; din municipiul Satu Mare &#8211;  B\u0102LU, Daniela&nbsp;(autor)&nbsp;,&nbsp;BOLOS, Cristian&nbsp;(autor)&nbsp;,&nbsp;C\u00c2MPEAN, Viorel&nbsp;(autor), 2022<\/a><\/div>\n\n\n\n<div class=\"wp-block-button coblocks-animate\" data-coblocks-animation=\"slideInLeft\"><a class=\"wp-block-button__link has-foreground-color has-pale-ocean-gradient-background has-text-color has-background has-link-color wp-element-button\" href=\"https:\/\/muzeusm.ro\/obiecte-de-uz-casnic-in-colectia-etnografica-a-muzeului-judetean-satu-mare\/\" target=\"_blank\" rel=\"noreferrer noopener\">Obiecte de uz casnic \u00een colec\u021bia etnografic\u0103 a Muzeului Jude\u021bean Satu Mare &#8211; LOBON\u021a PU\u0218CA\u0218, Maria&nbsp;(autor), 2022<\/a><\/div>\n\n\n\n<div class=\"wp-block-button has-custom-width wp-block-button__width-100 coblocks-animate\" data-coblocks-animation=\"slideInLeft\"><a class=\"wp-block-button__link has-foreground-color has-pale-ocean-gradient-background has-text-color has-background has-link-color wp-element-button\" href=\"https:\/\/muzeusm.ro\/tarna-mare\/\">Tarna Mare &#8211; Dobrescu, ADela (autor), Maria, Lobon\u021b-Pu\u0219ca\u0219 (autor), Porumb\u0103cean, Claudiu (autor), POpdan, Br\u0103du\u021b (autor), 2022<\/a><\/div>\n\n\n\n<div class=\"wp-block-button has-custom-width wp-block-button__width-100 coblocks-animate\" data-coblocks-animation=\"slideInLeft\"><a class=\"wp-block-button__link has-foreground-color has-pale-ocean-gradient-background has-text-color has-background has-link-color wp-element-button\" href=\"https:\/\/muzeusm.ro\/orasu-nou\/\" target=\"_blank\" rel=\"noreferrer noopener\">Ora\u0219u Nou &#8211; Dobrescu, ADela (autor), Lobon\u021b-Pu\u0219ca\u0219, Mara (autor), Porumb\u0103cean, Claudiu (autor), Popdan, Br\u0103du\u021b (autor), 2022<\/a><\/div>\n\n\n\n<div class=\"wp-block-button has-custom-width wp-block-button__width-100 coblocks-animate\" data-coblocks-animation=\"slideInLeft\"><a class=\"wp-block-button__link has-foreground-color has-pale-ocean-gradient-background has-text-color has-background has-link-color wp-element-button\" href=\"https:\/\/muzeusm.ro\/certeze\/\" target=\"_blank\" rel=\"noreferrer noopener\">Certeze &#8211; Dobrescu, ADela (autor), Lobon\u021b-Pu\u0219ca\u0219, Mara (autor), Porumb\u0103cean, Claudiu (autor), Popdan, Br\u0103du\u021b (autor), 2022<\/a><\/div>\n\n\n\n<div class=\"wp-block-button has-custom-width wp-block-button__width-100 coblocks-animate\" data-coblocks-animation=\"slideInLeft\"><a class=\"wp-block-button__link has-foreground-color has-pale-ocean-gradient-background has-text-color has-background has-link-color wp-element-button\" href=\"https:\/\/muzeusm.ro\/textile-de-interior-din-colectia-muzeului-judetean-satu-mare\/\" target=\"_blank\" rel=\"noreferrer noopener\">Textile de interior din Colec\u021bia Muzeului Jude\u021bean Satu mare &#8211; Dobrescu, Adela (autor), 2022<\/a><\/div>\n\n\n\n<div class=\"wp-block-button has-custom-width wp-block-button__width-100\"><a class=\"wp-block-button__link has-foreground-color has-pale-ocean-gradient-background has-text-color has-background has-link-color wp-element-button\" href=\"https:\/\/muzeusm.ro\/chilia\/\" target=\"_blank\" rel=\"noreferrer noopener\">Chilia &#8211; Dobrescu, Adela (autor), Lobon\u021b Pu\u0219ca\u0219, Maria (autor), Popdan, Br\u0103du\u021b (autor), Porumb\u0103cean, Claudiu (autor), 2022<\/a><\/div>\n\n\n\n<div class=\"wp-block-button has-custom-width wp-block-button__width-100\"><a class=\"wp-block-button__link has-foreground-color has-pale-ocean-gradient-background has-text-color has-background has-link-color wp-element-button\" href=\"https:\/\/muzeusm.ro\/petresti\/\" target=\"_blank\" rel=\"noreferrer noopener\">Petre\u0219ti &#8211; Dobrescu, Adela (autor), Lobon\u021b Pu\u0219ca\u0219, Maria (autor), Popdan, Br\u0103du\u021b (autor), Porumb\u0103cean, Claudiu (autor), 2022<\/a><\/div>\n\n\n\n<div class=\"wp-block-button has-custom-width wp-block-button__width-100\"><a class=\"wp-block-button__link has-foreground-color has-pale-ocean-gradient-background has-text-color has-background has-link-color wp-element-button\" href=\"https:\/\/muzeusm.ro\/130-de-ani-de-viata-muzeala-satmareana-130-eves-a-muzeum-szatmaron-130-years-of-satu-mare-museum-life\/\" target=\"_blank\" rel=\"noreferrer noopener\">130 de ani de via\u021b\u0103 muzeal\u0103 s\u0103tm\u0103rean\u0103\/130 \u00e9ves a m\u00fazeum Szatm\u00e1ron\/130 years of Satu Mare Museum Life &#8211; B\u0103lu, Daniela (autor), Kinces, Diana (autor), 2021<\/a><\/div>\n\n\n\n<div class=\"wp-block-button has-custom-width wp-block-button__width-100\"><a class=\"wp-block-button__link has-foreground-color has-pale-ocean-gradient-background has-text-color has-background has-link-color wp-element-button\" href=\"https:\/\/muzeusm.ro\/artisti-plastici-din-patrimoniul-sectiei-de-arta-a-muzeului-judetean-satu-mare\/\" target=\"_blank\" rel=\"noreferrer noopener\">Arti\u0219ti Plastici din Patrimoniul Sec\u021biei de Art\u0103 a Muzeului Jude\u021bean Satu Mare &#8211; Horvat, Irina Liuba (autor), S\u0103veanu-C\u0103r\u0103ian, Denisa Monica (autor), 2021<\/a><\/div>\n\n\n\n<div class=\"wp-block-button has-custom-width wp-block-button__width-100\"><a class=\"wp-block-button__link has-foreground-color has-pale-ocean-gradient-background has-text-color has-background has-link-color wp-element-button\" href=\"https:\/\/muzeusm.ro\/ghidul-comuna-vetis-ghid-cultural-si-istoric\/\" target=\"_blank\" rel=\"noreferrer noopener\">Ghidul \u201dComuna Veti\u0219. Ghid Cultural \u0219i istoric\u201d &#8211; Sz\u0151cs, P\u00e9ter Levente (coordonator), 2020 <\/a><\/div>\n\n\n\n<div class=\"wp-block-button has-custom-width wp-block-button__width-100\"><a class=\"wp-block-button__link has-foreground-color has-pale-ocean-gradient-background has-text-color has-background has-link-color wp-element-button\" href=\"https:\/\/muzeusm.ro\/eminescienii-si-comunitatea-satmareana\/\" target=\"_blank\" rel=\"noreferrer noopener\">Eminescienii \u0219i comunitatea S\u0103tm\u0103rean\u0103 &#8211; Bolo\u0219, Natalia (autor), Petrovai, Diana (autor), Pop, T Ovidiu (autor), 2022<\/a><\/div>\n<\/div>\n\n\n\n<div class=\"wp-block-group alignfull has-tertiary-background-color has-background has-small-font-size\"><div class=\"wp-block-group__inner-container is-layout-constrained wp-block-group-is-layout-constrained\">\n<div class=\"wp-block-columns is-layout-flex wp-container-core-columns-is-layout-28f84493 wp-block-columns-is-layout-flex\">\n<div class=\"wp-block-column is-layout-flow wp-block-column-is-layout-flow\">\n<h5 class=\"wp-block-heading has-secondary-color has-text-color has-normal-font-size\">Muzeul Jude\u021bean Satu Mare<\/h5>\n\n\n\n<p class=\"has-text-align-left has-black-color has-text-color\"><a style=\"color: #000000;\" href=\"https:\/\/www.facebook.com\/Muzeul-Judetean-Satu-Mare-1050838434978303\">Facebook<\/a><\/p>\n\n\n\n<p><a style=\"color: #000000;\" href=\"https:\/\/www.instagram.com\/mjsatumare\/\">Instagram<\/a><\/p>\n<\/div>\n\n\n\n<div class=\"wp-block-column is-layout-flow wp-block-column-is-layout-flow\">\n<h4 class=\"wp-block-heading has-text-align-left has-secondary-color has-text-color has-normal-font-size\">Contact<\/h4>\n\n\n\n<ul>\n<li>muzeusm@gmail.com<\/li>\n<li>+40261737526<\/li>\n<\/ul>\n<\/div>\n\n\n\n<div class=\"wp-block-column is-layout-flow wp-block-column-is-layout-flow\">\n<h4 class=\"wp-block-heading has-secondary-color has-text-color has-normal-font-size\">Adresa<\/h4>\n\n\n\n<p class=\"has-black-color has-text-color\">Vasile Lucaciu, 21 <br>Satu Mare<br>Romania<\/p>\n<\/div>\n<\/div>\n<\/div><\/div>\n","protected":false},"excerpt":{"rendered":"<p>Muzeul Jude\u021bean Satu Mare Facebook Instagram Contact muzeusm@gmail.com +40261737526 Adresa Vasile Lucaciu, 21 Satu MareRomania<\/p>\n","protected":false},"author":183061330,"featured_media":0,"parent":0,"menu_order":0,"comment_status":"closed","ping_status":"closed","template":"","meta":{"_coblocks_attr":"","_coblocks_dimensions":"","_coblocks_responsive_height":"","_coblocks_accordion_ie_support":"","advanced_seo_description":"","jetpack_seo_html_title":"","jetpack_seo_noindex":false,"jetpack_post_was_ever_published":false,"footnotes":""},"class_list":["post-78","page","type-page","status-publish","hentry","entry"],"translation":{"provider":"WPGlobus","version":"3.0.1","language":"en","enabled_languages":["ro","hu","en"],"languages":{"ro":{"title":true,"content":true,"excerpt":false},"hu":{"title":false,"content":false,"excerpt":false},"en":{"title":false,"content":false,"excerpt":false}}},"jetpack_likes_enabled":true,"jetpack-related-posts":[],"jetpack_sharing_enabled":true,"jetpack_shortlink":"https:\/\/wp.me\/PfvnyQ-1g","_links":{"self":[{"href":"https:\/\/muzeusm.ro\/en\/wp-json\/wp\/v2\/pages\/78","targetHints":{"allow":["GET"]}}],"collection":[{"href":"https:\/\/muzeusm.ro\/en\/wp-json\/wp\/v2\/pages"}],"about":[{"href":"https:\/\/muzeusm.ro\/en\/wp-json\/wp\/v2\/types\/page"}],"author":[{"embeddable":true,"href":"https:\/\/muzeusm.ro\/en\/wp-json\/wp\/v2\/users\/183061330"}],"replies":[{"embeddable":true,"href":"https:\/\/muzeusm.ro\/en\/wp-json\/wp\/v2\/comments?post=78"}],"version-history":[{"count":38,"href":"https:\/\/muzeusm.ro\/en\/wp-json\/wp\/v2\/pages\/78\/revisions"}],"predecessor-version":[{"id":16727,"href":"https:\/\/muzeusm.ro\/en\/wp-json\/wp\/v2\/pages\/78\/revisions\/16727"}],"wp:attachment":[{"href":"https:\/\/muzeusm.ro\/en\/wp-json\/wp\/v2\/media?parent=78"}],"curies":[{"name":"wp","href":"https:\/\/api.w.org\/{rel}","templated":true}]}}