{"id":64,"date":"2021-10-19T08:26:44","date_gmt":"2021-10-19T05:26:44","guid":{"rendered":"https:\/\/netsysacad.ro?page_id=64"},"modified":"2026-01-22T14:08:00","modified_gmt":"2026-01-22T12:08:00","slug":"expozitii","status":"publish","type":"page","link":"https:\/\/muzeusm.ro\/en\/expozitii\/","title":{"rendered":"Expozi\u021bii"},"content":{"rendered":"\n<p><\/p>\n\n\n\n<p class=\"has-text-align-center is-style-default has-large-font-size\"><strong><a href=\"https:\/\/muzeusm.ro\/expozitii-permanente\/\" target=\"_blank\" rel=\"noreferrer noopener\">Expozi\u021bia de baz\u0103: <\/a><\/strong><\/p>\n\n\n<div class=\"wp-block-image\">\n<figure class=\"aligncenter size-full is-resized coblocks-animate has-lightbox\" data-coblocks-animation=\"clipHorizontal\"><a href=\"https:\/\/muzeusm.ro\/expozitii-permanente\/\" target=\"_blank\" rel=\"noreferrer noopener\"><img loading=\"lazy\" decoding=\"async\" width=\"621\" height=\"877\" data-attachment-id=\"15371\" data-permalink=\"https:\/\/muzeusm.ro\/en\/acasa\/1-10\/\" data-orig-file=\"https:\/\/muzeusm.ro\/wp-content\/uploads\/2024\/10\/1-1.jpg\" data-orig-size=\"621,877\" data-comments-opened=\"1\" data-image-meta=\"{&quot;aperture&quot;:&quot;0&quot;,&quot;credit&quot;:&quot;&quot;,&quot;camera&quot;:&quot;&quot;,&quot;caption&quot;:&quot;&quot;,&quot;created_timestamp&quot;:&quot;0&quot;,&quot;copyright&quot;:&quot;&quot;,&quot;focal_length&quot;:&quot;0&quot;,&quot;iso&quot;:&quot;0&quot;,&quot;shutter_speed&quot;:&quot;0&quot;,&quot;title&quot;:&quot;&quot;,&quot;orientation&quot;:&quot;0&quot;}\" data-image-title=\"1\" data-image-description=\"\" data-image-caption=\"\" data-medium-file=\"https:\/\/muzeusm.ro\/wp-content\/uploads\/2024\/10\/1-1-212x300.jpg\" data-large-file=\"https:\/\/muzeusm.ro\/wp-content\/uploads\/2024\/10\/1-1.jpg\" src=\"https:\/\/muzeusm.ro\/wp-content\/uploads\/2024\/10\/1-1.jpg\" alt=\"\" class=\"wp-image-15371\" style=\"width:504px;height:auto\" srcset=\"https:\/\/muzeusm.ro\/wp-content\/uploads\/2024\/10\/1-1.jpg 621w, https:\/\/muzeusm.ro\/wp-content\/uploads\/2024\/10\/1-1-212x300.jpg 212w\" sizes=\"auto, (max-width: 621px) 100vw, 621px\" \/><\/a><\/figure>\n<\/div>\n\n\n<p><\/p>\n\n\n\n<p class=\"has-text-align-center has-large-font-size\"><strong><a href=\"https:\/\/muzeusm.ro\/category\/expozitiitemporare\/\" target=\"_blank\" rel=\"noreferrer noopener\">Expozi\u021bii temporare: <\/a><\/strong><\/p>\n\n\n\n<div aria-label=\"Carousel Gallery\" class=\"wp-block-coblocks-gallery-carousel alignwide\"><div class=\"coblocks-gallery-carousel-swiper-container is-cropped coblocks-gallery has-caption-style-dark has-horizontal-gutter has-lightbox has-no-thumbnails\"><div class=\"has-carousel has-carousel-lrg swiper-container has-aligned-cells has-responsive-height\" data-swiper=\"{&quot;alignCells&quot;:true,&quot;autoPlay&quot;:true,&quot;autoPlaySpeed&quot;:3000,&quot;draggable&quot;:false,&quot;freeMode&quot;:false,&quot;loop&quot;:false,&quot;navigation&quot;:true,&quot;pageDots&quot;:false,&quot;pauseHover&quot;:true,&quot;responsiveHeight&quot;:true,&quot;slidesPerView&quot;:2,&quot;thumbnails&quot;:false,&quot;uuid&quot;:&quot;12345&quot;}\" style=\"height:400px\"><div class=\"swiper-wrapper\"><div class=\"swiper-slide\"><div class=\"coblocks-gallery--item\" role=\"button\" tabindex=\"0\"><figure class=\"coblocks-gallery--figure has-margin-left-5 has-margin-left-mobile-5 has-margin-right-5 has-margin-right-mobile-5\"><img loading=\"lazy\" decoding=\"async\" width=\"682\" height=\"1024\" data-attachment-id=\"17218\" data-permalink=\"https:\/\/muzeusm.ro\/en\/vernisaj-expozitie-anuala-uapr-satu-mare-2026\/afis-uapr-1\/\" data-orig-file=\"https:\/\/muzeusm.ro\/wp-content\/uploads\/2026\/01\/Afis-UAPR-1.jpeg\" data-orig-size=\"1066,1600\" data-comments-opened=\"1\" data-image-meta=\"{&quot;aperture&quot;:&quot;0&quot;,&quot;credit&quot;:&quot;&quot;,&quot;camera&quot;:&quot;&quot;,&quot;caption&quot;:&quot;&quot;,&quot;created_timestamp&quot;:&quot;0&quot;,&quot;copyright&quot;:&quot;&quot;,&quot;focal_length&quot;:&quot;0&quot;,&quot;iso&quot;:&quot;0&quot;,&quot;shutter_speed&quot;:&quot;0&quot;,&quot;title&quot;:&quot;&quot;,&quot;orientation&quot;:&quot;0&quot;}\" data-image-title=\"Afi\u0219 UAPR (1)\" data-image-description=\"\" data-image-caption=\"\" data-medium-file=\"https:\/\/muzeusm.ro\/wp-content\/uploads\/2026\/01\/Afis-UAPR-1-200x300.jpeg\" data-large-file=\"https:\/\/muzeusm.ro\/wp-content\/uploads\/2026\/01\/Afis-UAPR-1-682x1024.jpeg\" alt=\"\" class=\"wp-image-17218\" data-id=\"17218\" data-link=\"https:\/\/muzeusm.ro\/vernisaj-expozitie-anuala-uapr-satu-mare-2026\/afis-uapr-1\/\" src=\"https:\/\/muzeusm.ro\/wp-content\/uploads\/2026\/01\/Afis-UAPR-1-682x1024.jpeg\" srcset=\"https:\/\/muzeusm.ro\/wp-content\/uploads\/2026\/01\/Afis-UAPR-1-682x1024.jpeg 682w, https:\/\/muzeusm.ro\/wp-content\/uploads\/2026\/01\/Afis-UAPR-1-200x300.jpeg 200w, https:\/\/muzeusm.ro\/wp-content\/uploads\/2026\/01\/Afis-UAPR-1-768x1153.jpeg 768w, https:\/\/muzeusm.ro\/wp-content\/uploads\/2026\/01\/Afis-UAPR-1-1023x1536.jpeg 1023w, https:\/\/muzeusm.ro\/wp-content\/uploads\/2026\/01\/Afis-UAPR-1.jpeg 1066w\" sizes=\"auto, (max-width: 682px) 100vw, 682px\" \/><\/figure><figcaption class=\"coblocks-gallery--caption coblocks-gallery--primary-caption\"><\/figcaption><\/div><\/div><div class=\"swiper-slide\"><div class=\"coblocks-gallery--item\" role=\"button\" tabindex=\"1\"><figure class=\"coblocks-gallery--figure has-margin-left-5 has-margin-left-mobile-5 has-margin-right-5 has-margin-right-mobile-5\"><img loading=\"lazy\" decoding=\"async\" width=\"683\" height=\"1024\" data-attachment-id=\"17173\" data-permalink=\"https:\/\/muzeusm.ro\/en\/miros-de-paine-calda-painea-in-dacia\/painea_sm-mic-2\/\" data-orig-file=\"https:\/\/muzeusm.ro\/wp-content\/uploads\/2026\/01\/painea_SM-mic-1-scaled.jpg\" data-orig-size=\"1707,2560\" data-comments-opened=\"1\" data-image-meta=\"{&quot;aperture&quot;:&quot;0&quot;,&quot;credit&quot;:&quot;&quot;,&quot;camera&quot;:&quot;&quot;,&quot;caption&quot;:&quot;&quot;,&quot;created_timestamp&quot;:&quot;0&quot;,&quot;copyright&quot;:&quot;&quot;,&quot;focal_length&quot;:&quot;0&quot;,&quot;iso&quot;:&quot;0&quot;,&quot;shutter_speed&quot;:&quot;0&quot;,&quot;title&quot;:&quot;&quot;,&quot;orientation&quot;:&quot;1&quot;}\" data-image-title=\"painea_SM mic\" data-image-description=\"\" data-image-caption=\"\" data-medium-file=\"https:\/\/muzeusm.ro\/wp-content\/uploads\/2026\/01\/painea_SM-mic-1-200x300.jpg\" data-large-file=\"https:\/\/muzeusm.ro\/wp-content\/uploads\/2026\/01\/painea_SM-mic-1-683x1024.jpg\" alt=\"\" class=\"wp-image-17173\" data-id=\"17173\" data-link=\"https:\/\/muzeusm.ro\/miros-de-paine-calda-painea-in-dacia\/painea_sm-mic-2\/\" src=\"https:\/\/muzeusm.ro\/wp-content\/uploads\/2026\/01\/painea_SM-mic-1-683x1024.jpg\" srcset=\"https:\/\/muzeusm.ro\/wp-content\/uploads\/2026\/01\/painea_SM-mic-1-683x1024.jpg 683w, https:\/\/muzeusm.ro\/wp-content\/uploads\/2026\/01\/painea_SM-mic-1-200x300.jpg 200w, https:\/\/muzeusm.ro\/wp-content\/uploads\/2026\/01\/painea_SM-mic-1-768x1152.jpg 768w, https:\/\/muzeusm.ro\/wp-content\/uploads\/2026\/01\/painea_SM-mic-1-1024x1536.jpg 1024w, https:\/\/muzeusm.ro\/wp-content\/uploads\/2026\/01\/painea_SM-mic-1-1365x2048.jpg 1365w, https:\/\/muzeusm.ro\/wp-content\/uploads\/2026\/01\/painea_SM-mic-1-1568x2352.jpg 1568w, https:\/\/muzeusm.ro\/wp-content\/uploads\/2026\/01\/painea_SM-mic-1-scaled.jpg 1707w\" sizes=\"auto, (max-width: 683px) 100vw, 683px\" \/><\/figure><figcaption class=\"coblocks-gallery--caption coblocks-gallery--primary-caption\"><\/figcaption><\/div><\/div><div class=\"swiper-slide\"><div class=\"coblocks-gallery--item\" role=\"button\" tabindex=\"2\"><figure class=\"coblocks-gallery--figure has-margin-left-5 has-margin-left-mobile-5 has-margin-right-5 has-margin-right-mobile-5\"><img loading=\"lazy\" decoding=\"async\" width=\"1024\" height=\"1024\" data-attachment-id=\"17131\" data-permalink=\"https:\/\/muzeusm.ro\/en\/acasa\/book-now3x-2\/\" data-orig-file=\"https:\/\/muzeusm.ro\/wp-content\/uploads\/2025\/11\/Book-now@3x-1-scaled.png\" data-orig-size=\"2560,2560\" data-comments-opened=\"1\" data-image-meta=\"{&quot;aperture&quot;:&quot;0&quot;,&quot;credit&quot;:&quot;&quot;,&quot;camera&quot;:&quot;&quot;,&quot;caption&quot;:&quot;&quot;,&quot;created_timestamp&quot;:&quot;0&quot;,&quot;copyright&quot;:&quot;&quot;,&quot;focal_length&quot;:&quot;0&quot;,&quot;iso&quot;:&quot;0&quot;,&quot;shutter_speed&quot;:&quot;0&quot;,&quot;title&quot;:&quot;&quot;,&quot;orientation&quot;:&quot;0&quot;}\" data-image-title=\"Book now@3x\" data-image-description=\"\" data-image-caption=\"\" data-medium-file=\"https:\/\/muzeusm.ro\/wp-content\/uploads\/2025\/11\/Book-now@3x-1-300x300.png\" data-large-file=\"https:\/\/muzeusm.ro\/wp-content\/uploads\/2025\/11\/Book-now@3x-1-1024x1024.png\" alt=\"\" class=\"wp-image-17131\" data-id=\"17131\" data-link=\"https:\/\/muzeusm.ro\/acasa\/book-now3x-2\/\" src=\"https:\/\/muzeusm.ro\/wp-content\/uploads\/2025\/11\/Book-now@3x-1-1024x1024.png\" srcset=\"https:\/\/muzeusm.ro\/wp-content\/uploads\/2025\/11\/Book-now@3x-1-1024x1024.png 1024w, https:\/\/muzeusm.ro\/wp-content\/uploads\/2025\/11\/Book-now@3x-1-300x300.png 300w, https:\/\/muzeusm.ro\/wp-content\/uploads\/2025\/11\/Book-now@3x-1-150x150.png 150w, https:\/\/muzeusm.ro\/wp-content\/uploads\/2025\/11\/Book-now@3x-1-768x768.png 768w, https:\/\/muzeusm.ro\/wp-content\/uploads\/2025\/11\/Book-now@3x-1-1536x1536.png 1536w, https:\/\/muzeusm.ro\/wp-content\/uploads\/2025\/11\/Book-now@3x-1-2048x2048.png 2048w, https:\/\/muzeusm.ro\/wp-content\/uploads\/2025\/11\/Book-now@3x-1-1568x1568.png 1568w\" sizes=\"auto, (max-width: 1024px) 100vw, 1024px\" \/><\/figure><figcaption class=\"coblocks-gallery--caption coblocks-gallery--primary-caption\"><\/figcaption><\/div><\/div><div class=\"swiper-slide\"><div class=\"coblocks-gallery--item\" role=\"button\" tabindex=\"3\"><figure class=\"coblocks-gallery--figure has-margin-left-5 has-margin-left-mobile-5 has-margin-right-5 has-margin-right-mobile-5\"><img loading=\"lazy\" decoding=\"async\" width=\"576\" height=\"1024\" data-attachment-id=\"17238\" data-permalink=\"https:\/\/muzeusm.ro\/en\/expozitii\/ady-online-9-16\/\" data-orig-file=\"https:\/\/muzeusm.ro\/wp-content\/uploads\/2026\/01\/Ady-online-9.16-scaled.png\" data-orig-size=\"1440,2560\" data-comments-opened=\"1\" data-image-meta=\"{&quot;aperture&quot;:&quot;0&quot;,&quot;credit&quot;:&quot;&quot;,&quot;camera&quot;:&quot;&quot;,&quot;caption&quot;:&quot;&quot;,&quot;created_timestamp&quot;:&quot;0&quot;,&quot;copyright&quot;:&quot;&quot;,&quot;focal_length&quot;:&quot;0&quot;,&quot;iso&quot;:&quot;0&quot;,&quot;shutter_speed&quot;:&quot;0&quot;,&quot;title&quot;:&quot;&quot;,&quot;orientation&quot;:&quot;0&quot;}\" data-image-title=\"Ady online 9.16\" data-image-description=\"\" data-image-caption=\"\" data-medium-file=\"https:\/\/muzeusm.ro\/wp-content\/uploads\/2026\/01\/Ady-online-9.16-169x300.png\" data-large-file=\"https:\/\/muzeusm.ro\/wp-content\/uploads\/2026\/01\/Ady-online-9.16-576x1024.png\" alt=\"\" class=\"wp-image-17238\" data-id=\"17238\" data-link=\"https:\/\/muzeusm.ro\/expozitii\/ady-online-9-16\/\" src=\"https:\/\/muzeusm.ro\/wp-content\/uploads\/2026\/01\/Ady-online-9.16-576x1024.png\" srcset=\"https:\/\/muzeusm.ro\/wp-content\/uploads\/2026\/01\/Ady-online-9.16-576x1024.png 576w, https:\/\/muzeusm.ro\/wp-content\/uploads\/2026\/01\/Ady-online-9.16-169x300.png 169w, https:\/\/muzeusm.ro\/wp-content\/uploads\/2026\/01\/Ady-online-9.16-768x1365.png 768w, https:\/\/muzeusm.ro\/wp-content\/uploads\/2026\/01\/Ady-online-9.16-864x1536.png 864w, https:\/\/muzeusm.ro\/wp-content\/uploads\/2026\/01\/Ady-online-9.16-1152x2048.png 1152w, https:\/\/muzeusm.ro\/wp-content\/uploads\/2026\/01\/Ady-online-9.16-scaled.png 1440w\" sizes=\"auto, (max-width: 576px) 100vw, 576px\" \/><\/figure><figcaption class=\"coblocks-gallery--caption coblocks-gallery--primary-caption\"><\/figcaption><\/div><\/div><\/div><button class=\"nav-button__prev\" id=\"12345-prev\"><svg class=\"icon\" style=\"transform:rotate(180deg)\"><\/svg><\/button><button class=\"nav-button__next\" id=\"12345-next\"><svg class=\"icon\"><\/svg><\/button><\/div><\/div><\/div>\n","protected":false},"excerpt":{"rendered":"<p>Expozi\u021bia de baz\u0103: Expozi\u021bii temporare:<\/p>\n","protected":false},"author":243833644,"featured_media":0,"parent":0,"menu_order":0,"comment_status":"closed","ping_status":"closed","template":"","meta":{"_coblocks_attr":"","_coblocks_dimensions":"","_coblocks_responsive_height":"","_coblocks_accordion_ie_support":"","advanced_seo_description":"","jetpack_seo_html_title":"","jetpack_seo_noindex":false,"jetpack_post_was_ever_published":false,"footnotes":""},"class_list":["post-64","page","type-page","status-publish","hentry","entry"],"translation":{"provider":"WPGlobus","version":"3.0.1","language":"en","enabled_languages":["ro","hu","en"],"languages":{"ro":{"title":true,"content":true,"excerpt":false},"hu":{"title":false,"content":false,"excerpt":false},"en":{"title":false,"content":false,"excerpt":false}}},"jetpack_likes_enabled":true,"jetpack-related-posts":[{"id":293,"url":"https:\/\/muzeusm.ro\/en\/expozitii-permanente\/","url_meta":{"origin":64,"position":0},"title":"Expozi\u021bia de baz\u0103","author":"Kov\u00e1cs Zsolt","date":"2 November 2021","format":false,"excerpt":"{:ro} Expozi\u021bia permanent\u0103 intitulat\u0103 Oameni \u2013 Destine \u2013 Istorie invit\u0103 vizitatorul la o c\u0103l\u0103torie \u00een timp, oferindo perspectiv\u0103 asupra activit\u0103\u021bii complexe desf\u0103\u0219urate de Muzeul Jude\u021bean Satu Mare. Aventura caremerge din preistorie p\u00e2n\u0103 la zilele noastre, de la etnografie la \u0219tiin\u021bele naturii, pune \u00eentr-o lumin\u0103 inedit\u0103trecutul \u0219i prezentul jude\u021bului nostru. Scopul\u2026","rel":"","context":"Similar post","block_context":{"text":"Similar post","link":""},"img":{"alt_text":"","src":"https:\/\/i0.wp.com\/muzeusm.ro\/wp-content\/uploads\/2024\/11\/dsc_0047.jpg?resize=350%2C200&ssl=1","width":350,"height":200,"srcset":"https:\/\/i0.wp.com\/muzeusm.ro\/wp-content\/uploads\/2024\/11\/dsc_0047.jpg?resize=350%2C200&ssl=1 1x, https:\/\/i0.wp.com\/muzeusm.ro\/wp-content\/uploads\/2024\/11\/dsc_0047.jpg?resize=525%2C300&ssl=1 1.5x, https:\/\/i0.wp.com\/muzeusm.ro\/wp-content\/uploads\/2024\/11\/dsc_0047.jpg?resize=700%2C400&ssl=1 2x"},"classes":[]},{"id":15991,"url":"https:\/\/muzeusm.ro\/en\/expozitii-virtuale\/","url_meta":{"origin":64,"position":1},"title":"Expozi\u021bii Virtuale","author":"norbertlorincz","date":"21 January 2025","format":false,"excerpt":"{:ro} Expozi\u021bia Virtual\u0103 - Grigore Maior 310 14 Mai 1970, 55 de ani de la tragedie {:}{:hu} Grigor Maior 310 - Virtu\u00e1lis Ki\u00e1ll\u00edt\u00e1s {:}","rel":"","context":"Similar post","block_context":{"text":"Similar post","link":""},"img":{"alt_text":"","src":"https:\/\/i0.wp.com\/muzeusm.ro\/wp-content\/uploads\/2025\/01\/Grigore_Major-1.jpg?resize=350%2C200&ssl=1","width":350,"height":200},"classes":[]},{"id":295,"url":"https:\/\/muzeusm.ro\/en\/expozitii-temporare\/","url_meta":{"origin":64,"position":2},"title":"Expozi\u021bii temporare","author":"andreeaionetecu","date":"2 November 2021","format":false,"excerpt":"Bilete EXPOZI\u021aIA \u201eECOURI DIN SACRALITATE\u201d MUZEUL DE ART\u0102 SATU MARE, P-\u021aA LIBERT\u0102\u021aII 21 Muzeul Jude\u021bean Satu Mare Facebook Instagram Contact muzeusm@gmail.com +40261737526 Adresa Vasile Lucaciu, 21 Satu MareRomania","rel":"","context":"Similar post","block_context":{"text":"Similar post","link":""},"img":{"alt_text":"","src":"https:\/\/i0.wp.com\/muzeusm.ro\/wp-content\/uploads\/2024\/07\/451333191_1027870519340750_5015109541349650022_n-576x1024.jpg?resize=350%2C200&ssl=1","width":350,"height":200,"srcset":"https:\/\/i0.wp.com\/muzeusm.ro\/wp-content\/uploads\/2024\/07\/451333191_1027870519340750_5015109541349650022_n-576x1024.jpg?resize=350%2C200&ssl=1 1x, https:\/\/i0.wp.com\/muzeusm.ro\/wp-content\/uploads\/2024\/07\/451333191_1027870519340750_5015109541349650022_n-576x1024.jpg?resize=525%2C300&ssl=1 1.5x"},"classes":[]},{"id":16325,"url":"https:\/\/muzeusm.ro\/en\/activitati-de-educatie-muzeala-la-mjsm-muzeul-de-arta-si-la-sediul-institutiilor-de-invatamant\/","url_meta":{"origin":64,"position":3},"title":"Activit\u0103\u021bi de educa\u021bie muzeal\u0103 la MJSM, Muzeul de Art\u0103 \u0219i la sediul institu\u021biilor de \u00eenv\u0103\u021b\u0103m\u00e2nt","author":"Kov\u00e1cs Zsolt","date":"24 February 2025","format":false,"excerpt":"Lutul, form\u0103 \u0219i culoare Proiectul \u201eLutul, form\u0103 \u0219i culoare\u201d, cuprinde ateliere de modelaj vase din lut \u0219i vizit\u0103 ghidat\u0103 \u00eentr-una dintre expozi\u021biile muzeului: Sec\u021bia de arheologie \/\u00a0 Sec\u021bia de etnografie. Durata activit\u0103\u021bii: 2 h Locul de desf\u0103\u0219urare: sediul MJSM \u0219i sediul institu\u021biilor de \u00eenv\u0103\u021b\u0103m\u00e2nt Activitatea se adreseaz\u0103 elevilor de nivel\u2026","rel":"","context":"Similar post","block_context":{"text":"Similar post","link":""},"img":{"alt_text":"","src":"https:\/\/i0.wp.com\/muzeusm.ro\/wp-content\/uploads\/2025\/02\/uEFsC0ItKrrI_9RLeSHjKEOGQXMx64lQ6F_zCIjYnbU.webp?resize=350%2C200&ssl=1","width":350,"height":200,"srcset":"https:\/\/i0.wp.com\/muzeusm.ro\/wp-content\/uploads\/2025\/02\/uEFsC0ItKrrI_9RLeSHjKEOGQXMx64lQ6F_zCIjYnbU.webp?resize=350%2C200&ssl=1 1x, https:\/\/i0.wp.com\/muzeusm.ro\/wp-content\/uploads\/2025\/02\/uEFsC0ItKrrI_9RLeSHjKEOGQXMx64lQ6F_zCIjYnbU.webp?resize=525%2C300&ssl=1 1.5x, https:\/\/i0.wp.com\/muzeusm.ro\/wp-content\/uploads\/2025\/02\/uEFsC0ItKrrI_9RLeSHjKEOGQXMx64lQ6F_zCIjYnbU.webp?resize=700%2C400&ssl=1 2x"},"classes":[]},{"id":18,"url":"https:\/\/muzeusm.ro\/en\/","url_meta":{"origin":64,"position":4},"title":"Acas\u0103","author":"netsystech","date":"12 October 2021","format":false,"excerpt":"{:ro} Bun venit! Afl\u0103 mai mult despre: Evenimente \u0219i activit\u0103\u021bi expozi\u021bia de baz\u0103: Oameni \u2013 Destine \u2013 Istorie Orar Mar\u021bi-S\u00e2mb\u0103t\u0103: 09:00-17:00 Duminic\u0103: 10:00-14:00 Luni: \u00cenchis Muzeul Jude\u021bean Satu Mare Facebook Instagram Contact muzeusm@gmail.com Informa\u021bii\/Secretariat: 0261735116 Program\u0103ri vizite\/evenimente ghidate\/ghidaj de specialitate: +40735513342 Adres\u0103 Bulevardul Vasile Lucaciu nr. 21 Satu MareRomania {:}{:hu}\u2026","rel":"","context":"Similar post","block_context":{"text":"Similar post","link":""},"img":{"alt_text":"","src":"https:\/\/i0.wp.com\/muzeusm.ro\/wp-content\/uploads\/2026\/03\/WhatsApp-Image-2026-03-18-at-10.44.49.jpeg?resize=350%2C200&ssl=1","width":350,"height":200,"srcset":"https:\/\/i0.wp.com\/muzeusm.ro\/wp-content\/uploads\/2026\/03\/WhatsApp-Image-2026-03-18-at-10.44.49.jpeg?resize=350%2C200&ssl=1 1x, https:\/\/i0.wp.com\/muzeusm.ro\/wp-content\/uploads\/2026\/03\/WhatsApp-Image-2026-03-18-at-10.44.49.jpeg?resize=525%2C300&ssl=1 1.5x, https:\/\/i0.wp.com\/muzeusm.ro\/wp-content\/uploads\/2026\/03\/WhatsApp-Image-2026-03-18-at-10.44.49.jpeg?resize=700%2C400&ssl=1 2x, https:\/\/i0.wp.com\/muzeusm.ro\/wp-content\/uploads\/2026\/03\/WhatsApp-Image-2026-03-18-at-10.44.49.jpeg?resize=1050%2C600&ssl=1 3x"},"classes":[]},{"id":177,"url":"https:\/\/muzeusm.ro\/en\/muzeul-de-arta-satu-mare\/","url_meta":{"origin":64,"position":5},"title":"Muzeul de Art\u0103 Satu Mare","author":"andreeaionetecu","date":"20 October 2021","format":false,"excerpt":"{:ro} Cl\u0103direa a fost construit\u0103 la mijlocuk secolului al XIX-lea, \u00een stilneogotic, fiind declarat\u0103 monument istoric \u0219i arhitectural, \u0219icunoscut\u0103 sub numele de Casa V\u00e9csey. Pe acest teren se afla \u00een secolul al XVIII-lea o cl\u0103dire ce servea ca depozit Cet\u0103\u021bii Satu Mare, cl\u0103dire unde, dup\u0103 tradi\u021bia a fost \u00eencheiat\u0103 pacea\u2026","rel":"","context":"Similar post","block_context":{"text":"Similar post","link":""},"img":{"alt_text":"","src":"https:\/\/i0.wp.com\/muzeusm.ro\/wp-content\/uploads\/2025\/01\/5afecbd553209_family-1-150x150.jpg?resize=350%2C200&ssl=1","width":350,"height":200,"srcset":"https:\/\/i0.wp.com\/muzeusm.ro\/wp-content\/uploads\/2025\/01\/5afecbd553209_family-1-150x150.jpg?resize=350%2C200&ssl=1 1x, https:\/\/i0.wp.com\/muzeusm.ro\/wp-content\/uploads\/2025\/01\/5afecbd553209_family-1-150x150.jpg?resize=525%2C300&ssl=1 1.5x"},"classes":[]}],"jetpack_sharing_enabled":true,"jetpack_shortlink":"https:\/\/wp.me\/PfvnyQ-12","_links":{"self":[{"href":"https:\/\/muzeusm.ro\/en\/wp-json\/wp\/v2\/pages\/64","targetHints":{"allow":["GET"]}}],"collection":[{"href":"https:\/\/muzeusm.ro\/en\/wp-json\/wp\/v2\/pages"}],"about":[{"href":"https:\/\/muzeusm.ro\/en\/wp-json\/wp\/v2\/types\/page"}],"author":[{"embeddable":true,"href":"https:\/\/muzeusm.ro\/en\/wp-json\/wp\/v2\/users\/243833644"}],"replies":[{"embeddable":true,"href":"https:\/\/muzeusm.ro\/en\/wp-json\/wp\/v2\/comments?post=64"}],"version-history":[{"count":11,"href":"https:\/\/muzeusm.ro\/en\/wp-json\/wp\/v2\/pages\/64\/revisions"}],"predecessor-version":[{"id":17239,"href":"https:\/\/muzeusm.ro\/en\/wp-json\/wp\/v2\/pages\/64\/revisions\/17239"}],"wp:attachment":[{"href":"https:\/\/muzeusm.ro\/en\/wp-json\/wp\/v2\/media?parent=64"}],"curies":[{"name":"wp","href":"https:\/\/api.w.org\/{rel}","templated":true}]}}