{"id":63,"date":"2021-10-19T08:26:44","date_gmt":"2021-10-19T05:26:44","guid":{"rendered":"https:\/\/netsysacad.ro?page_id=63"},"modified":"2024-03-09T00:53:38","modified_gmt":"2024-03-08T22:53:38","slug":"despre-noi","status":"publish","type":"page","link":"https:\/\/muzeusm.ro\/en\/despre-noi\/","title":{"rendered":"Despre noi"},"content":{"rendered":"\r\n<div class=\"wp-block-group alignfull has-text-color has-background\" style=\"color: #000000; background-color: #ffffff;\"><div class=\"wp-block-group__inner-container is-layout-flow wp-block-group-is-layout-flow\">\r\n<div class=\"wp-block-columns alignwide is-layout-flex wp-container-core-columns-is-layout-28f84493 wp-block-columns-is-layout-flex\">\r\n<div class=\"wp-block-column is-layout-flow wp-block-column-is-layout-flow\">\r\n<figure class=\"wp-block-image size-full margin-bottom-half\"><a href=\"https:\/\/muzeusm.rosectii-2\/\"><img loading=\"lazy\" decoding=\"async\" width=\"1790\" height=\"1003\" data-attachment-id=\"333\" data-permalink=\"https:\/\/muzeusm.ro\/en\/pexels-photo-277593-jpeg\/\" data-orig-file=\"https:\/\/muzeusm.ro\/wp-content\/uploads\/2021\/11\/pexels-photo-277593-edited.jpeg\" data-orig-size=\"1790,1003\" data-comments-opened=\"1\" data-image-meta=\"{&quot;aperture&quot;:&quot;0&quot;,&quot;credit&quot;:&quot;&quot;,&quot;camera&quot;:&quot;&quot;,&quot;caption&quot;:&quot;&quot;,&quot;created_timestamp&quot;:&quot;0&quot;,&quot;copyright&quot;:&quot;&quot;,&quot;focal_length&quot;:&quot;0&quot;,&quot;iso&quot;:&quot;0&quot;,&quot;shutter_speed&quot;:&quot;0&quot;,&quot;title&quot;:&quot;&quot;,&quot;orientation&quot;:&quot;0&quot;}\" data-image-title=\"pexels-photo-277593.jpeg\" data-image-description=\"\" data-image-caption=\"&lt;p&gt;Fotografie de Pixabay pe &lt;a href=&quot;https:\/\/www.pexels.com\/ro-ro\/fotografie\/alb-negru-alegere-alegeri-arhitectura-277593\/&quot; rel=&quot;nofollow&quot;&gt;Pexels.com&lt;\/a&gt;&lt;\/p&gt;\n\" data-medium-file=\"https:\/\/muzeusm.ro\/wp-content\/uploads\/2021\/11\/pexels-photo-277593-edited.jpeg\" data-large-file=\"https:\/\/muzeusm.ro\/wp-content\/uploads\/2021\/11\/pexels-photo-277593-edited.jpeg\" class=\"wp-image-333\" src=\"https:\/\/muzeusm.ro\/wp-content\/uploads\/2021\/11\/pexels-photo-277593-edited.jpeg\" alt=\"\" \/><\/a><\/figure>\r\n\r\n\r\n\r\n<p class=\"margin-top-half\">Departamente<\/p>\r\n<\/div>\r\n\r\n\r\n\r\n<div class=\"wp-block-column is-layout-flow wp-block-column-is-layout-flow\">\r\n<figure class=\"wp-block-image size-full margin-bottom-half\"><a href=\"https:\/\/muzeusm.roinformatii-de-interes-public\/\"><img loading=\"lazy\" decoding=\"async\" width=\"1880\" height=\"1060\" data-attachment-id=\"331\" data-permalink=\"https:\/\/muzeusm.ro\/en\/pexels-photo-7947756-jpeg\/\" data-orig-file=\"https:\/\/muzeusm.ro\/wp-content\/uploads\/2021\/11\/pexels-photo-7947756-edited.jpeg\" data-orig-size=\"1880,1060\" data-comments-opened=\"1\" data-image-meta=\"{&quot;aperture&quot;:&quot;0&quot;,&quot;credit&quot;:&quot;&quot;,&quot;camera&quot;:&quot;&quot;,&quot;caption&quot;:&quot;&quot;,&quot;created_timestamp&quot;:&quot;0&quot;,&quot;copyright&quot;:&quot;&quot;,&quot;focal_length&quot;:&quot;0&quot;,&quot;iso&quot;:&quot;0&quot;,&quot;shutter_speed&quot;:&quot;0&quot;,&quot;title&quot;:&quot;&quot;,&quot;orientation&quot;:&quot;0&quot;}\" data-image-title=\"pexels-photo-7947756.jpeg\" data-image-description=\"\" data-image-caption=\"&lt;p&gt;Fotografie de RODNAE Productions pe &lt;a href=&quot;https:\/\/www.pexels.com\/ro-ro\/fotografie\/ilustra-ie-financiar-vanzari-ecran-7947756\/&quot; rel=&quot;nofollow&quot;&gt;Pexels.com&lt;\/a&gt;&lt;\/p&gt;\n\" data-medium-file=\"https:\/\/muzeusm.ro\/wp-content\/uploads\/2021\/11\/pexels-photo-7947756-edited.jpeg\" data-large-file=\"https:\/\/muzeusm.ro\/wp-content\/uploads\/2021\/11\/pexels-photo-7947756-edited.jpeg\" class=\"wp-image-331\" src=\"https:\/\/muzeusm.ro\/wp-content\/uploads\/2021\/11\/pexels-photo-7947756-edited.jpeg\" alt=\"\" \/><\/a><\/figure>\r\n\r\n\r\n\r\n<p class=\"margin-top-half\">Informa\u021bii de interes public<\/p>\r\n<\/div>\r\n<\/div>\r\n\r\n\r\n\r\n<div class=\"wp-block-spacer\" style=\"height: 64px;\" aria-hidden=\"true\">\u00a0<\/div>\r\n<\/div><\/div>\r\n\r\n\r\n\r\n<div class=\"wp-block-group alignfull has-tertiary-background-color has-background has-small-font-size\"><div class=\"wp-block-group__inner-container is-layout-constrained wp-block-group-is-layout-constrained\">\r\n<div class=\"wp-block-columns is-layout-flex wp-container-core-columns-is-layout-28f84493 wp-block-columns-is-layout-flex\">\r\n<div class=\"wp-block-column is-layout-flow wp-block-column-is-layout-flow\">\r\n<h5 class=\"wp-block-heading has-secondary-color has-text-color has-normal-font-size\">Muzeul Jude\u021bean Satu Mare<\/h5>\r\n\r\n\r\n\r\n<p class=\"has-text-align-left has-black-color has-text-color\"><a style=\"color: #000000;\" href=\"https:\/\/www.facebook.com\/Muzeul-Judetean-Satu-Mare-1050838434978303\">Facebook<\/a><\/p>\r\n\r\n\r\n\r\n<p><a style=\"color: #000000;\" href=\"https:\/\/www.instagram.com\/mjsatumare\/\">Instagram<\/a><\/p>\r\n<\/div>\r\n\r\n\r\n\r\n<div class=\"wp-block-column is-layout-flow wp-block-column-is-layout-flow\">\r\n<h4 class=\"wp-block-heading has-text-align-left has-secondary-color has-text-color has-normal-font-size\">Contact<\/h4>\r\n\r\n\r\n\r\n<ul>\r\n<li>muzeusm@gmail.com<\/li>\r\n<li>+40261737526<\/li>\r\n<\/ul>\r\n<\/div>\r\n\r\n\r\n\r\n<div class=\"wp-block-column is-layout-flow wp-block-column-is-layout-flow\">\r\n<h4 class=\"wp-block-heading has-secondary-color has-text-color has-normal-font-size\">Adresa<\/h4>\r\n\r\n\r\n\r\n<p class=\"has-black-color has-text-color\">Vasile Lucaciu, 21 <br \/>Satu Mare<br \/>Romania<\/p>\r\n<\/div>\r\n<\/div>\r\n<\/div><\/div>\r\n","protected":false},"excerpt":{"rendered":"<p>Departamente Informa\u021bii de interes public Muzeul Jude\u021bean Satu Mare Facebook Instagram Contact muzeusm@gmail.com +40261737526 Adresa Vasile Lucaciu, 21 Satu MareRomania<\/p>\n","protected":false},"author":183061330,"featured_media":0,"parent":0,"menu_order":0,"comment_status":"closed","ping_status":"closed","template":"","meta":{"_coblocks_attr":"","_coblocks_dimensions":"","_coblocks_responsive_height":"","_coblocks_accordion_ie_support":"","advanced_seo_description":"","jetpack_seo_html_title":"","jetpack_seo_noindex":false,"jetpack_post_was_ever_published":false,"footnotes":""},"class_list":["post-63","page","type-page","status-publish","hentry","entry"],"translation":{"provider":"WPGlobus","version":"3.0.1","language":"en","enabled_languages":["ro","hu","en"],"languages":{"ro":{"title":true,"content":true,"excerpt":false},"hu":{"title":false,"content":false,"excerpt":false},"en":{"title":false,"content":false,"excerpt":false}}},"jetpack_likes_enabled":true,"jetpack-related-posts":[{"id":639,"url":"https:\/\/muzeusm.ro\/en\/acasa-2\/","url_meta":{"origin":63,"position":0},"title":"Acas\u0103","author":"netsystech","date":"8 February 2024","format":false,"excerpt":"{:ro} BINE A\u021aI VENIT! Afla\u021bi mai multe despre activit\u0103\u021bile \u0219i evenimentele noastre. Apas\u00e2nd aici \u00a0 Orar Mar\u021bi-S\u00e2mb\u0103t\u0103 09:00-17:00 Duminic\u0103 10:00-14:00 Luni \u00cenchis Muzeul Jude\u021bean Satu Mare Facebook Instagram Contact muzeusm@gmail.com +4 0261 737526 Adresa Vasile Lucaciu, 21 Satu MareRomania Harta {:}{:hu} BINE A\u021aI VENIT! Afla\u021bi mai multe despre activit\u0103\u021bile \u0219i\u2026","rel":"","context":"Similar post","block_context":{"text":"Similar post","link":""},"img":{"alt_text":"","src":"https:\/\/i0.wp.com\/muzeusm.ro\/wp-content\/uploads\/2021\/10\/afis-ro-01.png?resize=350%2C200&ssl=1","width":350,"height":200,"srcset":"https:\/\/i0.wp.com\/muzeusm.ro\/wp-content\/uploads\/2021\/10\/afis-ro-01.png?resize=350%2C200&ssl=1 1x, https:\/\/i0.wp.com\/muzeusm.ro\/wp-content\/uploads\/2021\/10\/afis-ro-01.png?resize=525%2C300&ssl=1 1.5x, https:\/\/i0.wp.com\/muzeusm.ro\/wp-content\/uploads\/2021\/10\/afis-ro-01.png?resize=700%2C400&ssl=1 2x, https:\/\/i0.wp.com\/muzeusm.ro\/wp-content\/uploads\/2021\/10\/afis-ro-01.png?resize=1050%2C600&ssl=1 3x, https:\/\/i0.wp.com\/muzeusm.ro\/wp-content\/uploads\/2021\/10\/afis-ro-01.png?resize=1400%2C800&ssl=1 4x"},"classes":[]},{"id":17021,"url":"https:\/\/muzeusm.ro\/en\/activitati-de-educatie-muzeala-pentru-programul-saptamana-verde\/","url_meta":{"origin":63,"position":1},"title":"Activit\u0103\u021bi de educa\u021bie muzeal\u0103 pentru programul \u201eS\u0103pt\u0103m\u00e2na verde\u201d","author":"Kov\u00e1cs Zsolt","date":"8 October 2025","format":false,"excerpt":"\u201eLutul, form\u0103 \u0219i culoare\u201dDurata activit\u0103\u021bii: 2 oreLocul desf\u0103\u0219ur\u0103rii: MJSM sau unit\u0103\u021bile de \u00eenv\u0103\u021b\u0103m\u00e2ntNivel de v\u00e2rst\u0103: \u00eenv\u0103\u021b\u0103m\u00e2ntul pre\u0219colar, primar, gimnazial \u0219i liceal.Obiective specifice:\u00a0Identificarea \u0219i descrierea obiectelor tradi\u021bionale din lut \u0219i a utiliz\u0103rii lor istorice.\u00a0\u00a0Aplicarea unor tehnici simple de modelaj pentru realizarea unui obiect ceramic propriu.\u00a0\u00a0Exprimarea creativit\u0103\u021bii prin decorarea cu forme \u0219i\u2026","rel":"","context":"Similar post","block_context":{"text":"Similar post","link":""},"img":{"alt_text":"","src":"https:\/\/i0.wp.com\/muzeusm.ro\/wp-content\/uploads\/2025\/10\/WhatsApp-Image-2025-10-08-at-10.47.38-2-724x1024.jpeg?resize=350%2C200&ssl=1","width":350,"height":200,"srcset":"https:\/\/i0.wp.com\/muzeusm.ro\/wp-content\/uploads\/2025\/10\/WhatsApp-Image-2025-10-08-at-10.47.38-2-724x1024.jpeg?resize=350%2C200&ssl=1 1x, https:\/\/i0.wp.com\/muzeusm.ro\/wp-content\/uploads\/2025\/10\/WhatsApp-Image-2025-10-08-at-10.47.38-2-724x1024.jpeg?resize=525%2C300&ssl=1 1.5x, https:\/\/i0.wp.com\/muzeusm.ro\/wp-content\/uploads\/2025\/10\/WhatsApp-Image-2025-10-08-at-10.47.38-2-724x1024.jpeg?resize=700%2C400&ssl=1 2x"},"classes":[]},{"id":16325,"url":"https:\/\/muzeusm.ro\/en\/activitati-de-educatie-muzeala-la-mjsm-muzeul-de-arta-si-la-sediul-institutiilor-de-invatamant\/","url_meta":{"origin":63,"position":2},"title":"Activit\u0103\u021bi de educa\u021bie muzeal\u0103 la MJSM, Muzeul de Art\u0103 \u0219i la sediul institu\u021biilor de \u00eenv\u0103\u021b\u0103m\u00e2nt","author":"Kov\u00e1cs Zsolt","date":"24 February 2025","format":false,"excerpt":"Lutul, form\u0103 \u0219i culoare Proiectul \u201eLutul, form\u0103 \u0219i culoare\u201d, cuprinde ateliere de modelaj vase din lut \u0219i vizit\u0103 ghidat\u0103 \u00eentr-una dintre expozi\u021biile muzeului: Sec\u021bia de arheologie \/\u00a0 Sec\u021bia de etnografie. Durata activit\u0103\u021bii: 2 h Locul de desf\u0103\u0219urare: sediul MJSM \u0219i sediul institu\u021biilor de \u00eenv\u0103\u021b\u0103m\u00e2nt Activitatea se adreseaz\u0103 elevilor de nivel\u2026","rel":"","context":"Similar post","block_context":{"text":"Similar post","link":""},"img":{"alt_text":"","src":"https:\/\/i0.wp.com\/muzeusm.ro\/wp-content\/uploads\/2025\/02\/uEFsC0ItKrrI_9RLeSHjKEOGQXMx64lQ6F_zCIjYnbU.webp?resize=350%2C200&ssl=1","width":350,"height":200,"srcset":"https:\/\/i0.wp.com\/muzeusm.ro\/wp-content\/uploads\/2025\/02\/uEFsC0ItKrrI_9RLeSHjKEOGQXMx64lQ6F_zCIjYnbU.webp?resize=350%2C200&ssl=1 1x, https:\/\/i0.wp.com\/muzeusm.ro\/wp-content\/uploads\/2025\/02\/uEFsC0ItKrrI_9RLeSHjKEOGQXMx64lQ6F_zCIjYnbU.webp?resize=525%2C300&ssl=1 1.5x, https:\/\/i0.wp.com\/muzeusm.ro\/wp-content\/uploads\/2025\/02\/uEFsC0ItKrrI_9RLeSHjKEOGQXMx64lQ6F_zCIjYnbU.webp?resize=700%2C400&ssl=1 2x"},"classes":[]},{"id":16347,"url":"https:\/\/muzeusm.ro\/en\/activitati-la-obiective-turistice-din-judet\/","url_meta":{"origin":63,"position":3},"title":"Activit\u0103\u021bi la obiective turistice din jude\u021b","author":"Kov\u00e1cs Zsolt","date":"24 February 2025","format":false,"excerpt":"16. Tir cu arcul la cuptoarele daciceDurata activit\u0103\u021bii: 2-3 oreLocul de desf\u0103\u0219urare: Cuptoarele dacice de la Medie\u0219u AuritPerioad\u0103: 01.04 \u2013 30.04.2025Activitatea este dedicat\u0103 grupurilor de elevi aflate \u00een excursie, organizate, care s\u0103 vin\u0103 la cuptoarele dacice din zon\u0103. Vom oferi tir cu arcul la cuptoarele dacice, vom sus\u021bine o scurt\u0103\u2026","rel":"","context":"Similar post","block_context":{"text":"Similar post","link":""},"img":{"alt_text":"","src":"","width":0,"height":0},"classes":[]},{"id":16373,"url":"https:\/\/muzeusm.ro\/en\/prezentari-la-mjsm-si-la-sediul-institutiilor-de-invatamant\/","url_meta":{"origin":63,"position":4},"title":"Prezent\u0103ri la MJSM \u0219i la sediul institu\u021biilor de \u00eenv\u0103\u021b\u0103m\u00e2nt","author":"Kov\u00e1cs Zsolt","date":"24 February 2025","format":false,"excerpt":"32. Portul popular \u00een \u021aara OasuluiPrezentare Power Point dedicat\u0103 obiectelor de \u00eembr\u0103c\u0103minte din \u021aara Oa\u0219ului de-a lungul timpului.Durata activit\u0103\u021bii: 1 hLocul de desf\u0103\u0219urare: Sediul institu\u021biilor de \u00eenv\u0103\u021b\u0103m\u00e2ntCoordonator: Adriana Achim\u00a0Persoan\u0103 de contact: Cr\u0103ciun Dreve Andrada, 0735513342 33. \u201eDe la copac \u2013 la obiect de patrimoniu\u201dPrezent\u0103ri tematice pentru elevii de \u0219coal\u0103 gimnazial\u0103\u2026","rel":"","context":"Similar post","block_context":{"text":"Similar post","link":""},"img":{"alt_text":"","src":"","width":0,"height":0},"classes":[]},{"id":16998,"url":"https:\/\/muzeusm.ro\/en\/activitati-de-educatie-muzeala-pentru-programul-scoala-altfel\/","url_meta":{"origin":63,"position":5},"title":"Activit\u0103\u021bi de educa\u021bie muzeal\u0103 pentru programul \u201e\u0218coala Altfel\u201d","author":"Kov\u00e1cs Zsolt","date":"8 October 2025","format":false,"excerpt":"\u00a0 1 \u201eLutul, form\u0103 \u0219i culoare\u201dDurata activit\u0103\u021bii: 2 oreLocul desf\u0103\u0219ur\u0103rii: MJSM sau unit\u0103\u021bile de \u00eenv\u0103\u021b\u0103m\u00e2ntNivel de v\u00e2rst\u0103: \u00eenv\u0103\u021b\u0103m\u00e2ntul pre\u0219colar, primar, gimnazial \u0219i liceal.Obiective specifice:\u00a0Identificarea \u0219i descrierea obiectelor tradi\u021bionale din lut \u0219i a utiliz\u0103rii lor istorice.\u00a0\u00a0Aplicarea unor tehnici simple de modelaj pentru realizarea unui obiect ceramic propriu.\u00a0\u00a0Exprimarea creativit\u0103\u021bii prin decorarea cu\u2026","rel":"","context":"Similar post","block_context":{"text":"Similar post","link":""},"img":{"alt_text":"","src":"https:\/\/i0.wp.com\/muzeusm.ro\/wp-content\/uploads\/2025\/10\/WhatsApp-Image-2025-10-08-at-10.47.38-2-724x1024.jpeg?resize=350%2C200&ssl=1","width":350,"height":200,"srcset":"https:\/\/i0.wp.com\/muzeusm.ro\/wp-content\/uploads\/2025\/10\/WhatsApp-Image-2025-10-08-at-10.47.38-2-724x1024.jpeg?resize=350%2C200&ssl=1 1x, https:\/\/i0.wp.com\/muzeusm.ro\/wp-content\/uploads\/2025\/10\/WhatsApp-Image-2025-10-08-at-10.47.38-2-724x1024.jpeg?resize=525%2C300&ssl=1 1.5x, https:\/\/i0.wp.com\/muzeusm.ro\/wp-content\/uploads\/2025\/10\/WhatsApp-Image-2025-10-08-at-10.47.38-2-724x1024.jpeg?resize=700%2C400&ssl=1 2x"},"classes":[]}],"jetpack_sharing_enabled":true,"jetpack_shortlink":"https:\/\/wp.me\/PfvnyQ-11","_links":{"self":[{"href":"https:\/\/muzeusm.ro\/en\/wp-json\/wp\/v2\/pages\/63","targetHints":{"allow":["GET"]}}],"collection":[{"href":"https:\/\/muzeusm.ro\/en\/wp-json\/wp\/v2\/pages"}],"about":[{"href":"https:\/\/muzeusm.ro\/en\/wp-json\/wp\/v2\/types\/page"}],"author":[{"embeddable":true,"href":"https:\/\/muzeusm.ro\/en\/wp-json\/wp\/v2\/users\/183061330"}],"replies":[{"embeddable":true,"href":"https:\/\/muzeusm.ro\/en\/wp-json\/wp\/v2\/comments?post=63"}],"version-history":[{"count":0,"href":"https:\/\/muzeusm.ro\/en\/wp-json\/wp\/v2\/pages\/63\/revisions"}],"wp:attachment":[{"href":"https:\/\/muzeusm.ro\/en\/wp-json\/wp\/v2\/media?parent=63"}],"curies":[{"name":"wp","href":"https:\/\/api.w.org\/{rel}","templated":true}]}}