{"id":295,"date":"2021-11-02T10:30:56","date_gmt":"2021-11-02T08:30:56","guid":{"rendered":"https:\/\/netsysacad.ro?page_id=295"},"modified":"2024-07-30T12:57:26","modified_gmt":"2024-07-30T09:57:26","slug":"expozitii-temporare","status":"publish","type":"page","link":"https:\/\/muzeusm.ro\/en\/expozitii-temporare\/","title":{"rendered":"Expozi\u021bii temporare"},"content":{"rendered":"\n<div class=\"wp-block-columns alignwide is-layout-flex wp-container-core-columns-is-layout-28f84493 wp-block-columns-is-layout-flex\">\n<div class=\"wp-block-column is-layout-flow wp-block-column-is-layout-flow\" style=\"flex-basis:33.33%\">\n<div class=\"wp-block-buttons is-layout-flex wp-block-buttons-is-layout-flex\">\n<div class=\"wp-block-button\"><a class=\"wp-block-button__link wp-element-button\">Bilete<\/a><\/div>\n<\/div>\n<\/div>\n\n\n\n<div class=\"wp-block-column is-layout-flow wp-block-column-is-layout-flow\" style=\"flex-basis:66.66%\">\n<p><strong>EXPOZI\u021aIA \u201eECOURI DIN SACRALITATE\u201d<\/strong><\/p>\n\n\n\n<p><strong>MUZEUL DE ART\u0102 SATU MARE, P-\u021aA LIBERT\u0102\u021aII 21<\/strong><\/p>\n\n\n\n<div class=\"wp-block-coblocks-gallery-stacked\"><ul class=\"coblocks-gallery has-no-alignment has-fullwidth-images has-custom-gutter\" style=\"--coblocks-custom-gutter:0em\"><li class=\"coblocks-gallery--item\"><figure class=\"coblocks-gallery--figure\"><img loading=\"lazy\" decoding=\"async\" width=\"576\" height=\"1024\" data-attachment-id=\"14552\" data-permalink=\"https:\/\/muzeusm.ro\/en\/expozitii-temporare\/451333191_1027870519340750_5015109541349650022_n\/\" data-orig-file=\"https:\/\/muzeusm.ro\/wp-content\/uploads\/2024\/07\/451333191_1027870519340750_5015109541349650022_n.jpg\" data-orig-size=\"1152,2048\" data-comments-opened=\"1\" data-image-meta=\"{&quot;aperture&quot;:&quot;0&quot;,&quot;credit&quot;:&quot;&quot;,&quot;camera&quot;:&quot;&quot;,&quot;caption&quot;:&quot;&quot;,&quot;created_timestamp&quot;:&quot;0&quot;,&quot;copyright&quot;:&quot;&quot;,&quot;focal_length&quot;:&quot;0&quot;,&quot;iso&quot;:&quot;0&quot;,&quot;shutter_speed&quot;:&quot;0&quot;,&quot;title&quot;:&quot;&quot;,&quot;orientation&quot;:&quot;0&quot;}\" data-image-title=\"451333191_1027870519340750_5015109541349650022_n\" data-image-description=\"\" data-image-caption=\"\" data-medium-file=\"https:\/\/muzeusm.ro\/wp-content\/uploads\/2024\/07\/451333191_1027870519340750_5015109541349650022_n-169x300.jpg\" data-large-file=\"https:\/\/muzeusm.ro\/wp-content\/uploads\/2024\/07\/451333191_1027870519340750_5015109541349650022_n-576x1024.jpg\" alt=\"\" class=\"wp-image-14552 has-shadow-none\" data-id=\"14552\" data-imglink=\"\" data-link=\"https:\/\/muzeusm.ro\/expozitii-temporare\/451333191_1027870519340750_5015109541349650022_n\/\" src=\"https:\/\/muzeusm.ro\/wp-content\/uploads\/2024\/07\/451333191_1027870519340750_5015109541349650022_n-576x1024.jpg\" srcset=\"https:\/\/muzeusm.ro\/wp-content\/uploads\/2024\/07\/451333191_1027870519340750_5015109541349650022_n-576x1024.jpg 576w, https:\/\/muzeusm.ro\/wp-content\/uploads\/2024\/07\/451333191_1027870519340750_5015109541349650022_n-169x300.jpg 169w, https:\/\/muzeusm.ro\/wp-content\/uploads\/2024\/07\/451333191_1027870519340750_5015109541349650022_n-768x1365.jpg 768w, https:\/\/muzeusm.ro\/wp-content\/uploads\/2024\/07\/451333191_1027870519340750_5015109541349650022_n-864x1536.jpg 864w, https:\/\/muzeusm.ro\/wp-content\/uploads\/2024\/07\/451333191_1027870519340750_5015109541349650022_n.jpg 1152w\" sizes=\"auto, (max-width: 576px) 100vw, 576px\" \/><\/figure><\/li><li class=\"coblocks-gallery--item\"><figure class=\"coblocks-gallery--figure\"><img loading=\"lazy\" decoding=\"async\" width=\"576\" height=\"1024\" data-attachment-id=\"14551\" data-permalink=\"https:\/\/muzeusm.ro\/en\/expozitii-temporare\/451207613_1027870546007414_1357998970029585116_n\/\" data-orig-file=\"https:\/\/muzeusm.ro\/wp-content\/uploads\/2024\/07\/451207613_1027870546007414_1357998970029585116_n.jpg\" data-orig-size=\"1152,2048\" data-comments-opened=\"1\" data-image-meta=\"{&quot;aperture&quot;:&quot;0&quot;,&quot;credit&quot;:&quot;&quot;,&quot;camera&quot;:&quot;&quot;,&quot;caption&quot;:&quot;&quot;,&quot;created_timestamp&quot;:&quot;0&quot;,&quot;copyright&quot;:&quot;&quot;,&quot;focal_length&quot;:&quot;0&quot;,&quot;iso&quot;:&quot;0&quot;,&quot;shutter_speed&quot;:&quot;0&quot;,&quot;title&quot;:&quot;&quot;,&quot;orientation&quot;:&quot;0&quot;}\" data-image-title=\"451207613_1027870546007414_1357998970029585116_n\" data-image-description=\"\" data-image-caption=\"\" data-medium-file=\"https:\/\/muzeusm.ro\/wp-content\/uploads\/2024\/07\/451207613_1027870546007414_1357998970029585116_n-169x300.jpg\" data-large-file=\"https:\/\/muzeusm.ro\/wp-content\/uploads\/2024\/07\/451207613_1027870546007414_1357998970029585116_n-576x1024.jpg\" alt=\"\" class=\"wp-image-14551 has-shadow-none\" data-id=\"14551\" data-imglink=\"\" data-link=\"https:\/\/muzeusm.ro\/expozitii-temporare\/451207613_1027870546007414_1357998970029585116_n\/\" src=\"https:\/\/muzeusm.ro\/wp-content\/uploads\/2024\/07\/451207613_1027870546007414_1357998970029585116_n-576x1024.jpg\" srcset=\"https:\/\/muzeusm.ro\/wp-content\/uploads\/2024\/07\/451207613_1027870546007414_1357998970029585116_n-576x1024.jpg 576w, https:\/\/muzeusm.ro\/wp-content\/uploads\/2024\/07\/451207613_1027870546007414_1357998970029585116_n-169x300.jpg 169w, https:\/\/muzeusm.ro\/wp-content\/uploads\/2024\/07\/451207613_1027870546007414_1357998970029585116_n-768x1365.jpg 768w, https:\/\/muzeusm.ro\/wp-content\/uploads\/2024\/07\/451207613_1027870546007414_1357998970029585116_n-864x1536.jpg 864w, https:\/\/muzeusm.ro\/wp-content\/uploads\/2024\/07\/451207613_1027870546007414_1357998970029585116_n.jpg 1152w\" sizes=\"auto, (max-width: 576px) 100vw, 576px\" \/><\/figure><\/li><li class=\"coblocks-gallery--item\"><figure class=\"coblocks-gallery--figure\"><img loading=\"lazy\" decoding=\"async\" width=\"576\" height=\"1024\" data-attachment-id=\"14550\" data-permalink=\"https:\/\/muzeusm.ro\/en\/expozitii-temporare\/451108530_1027870746007394_3619679480156722945_n\/\" data-orig-file=\"https:\/\/muzeusm.ro\/wp-content\/uploads\/2024\/07\/451108530_1027870746007394_3619679480156722945_n.jpg\" data-orig-size=\"1152,2048\" data-comments-opened=\"1\" data-image-meta=\"{&quot;aperture&quot;:&quot;0&quot;,&quot;credit&quot;:&quot;&quot;,&quot;camera&quot;:&quot;&quot;,&quot;caption&quot;:&quot;&quot;,&quot;created_timestamp&quot;:&quot;0&quot;,&quot;copyright&quot;:&quot;&quot;,&quot;focal_length&quot;:&quot;0&quot;,&quot;iso&quot;:&quot;0&quot;,&quot;shutter_speed&quot;:&quot;0&quot;,&quot;title&quot;:&quot;&quot;,&quot;orientation&quot;:&quot;0&quot;}\" data-image-title=\"451108530_1027870746007394_3619679480156722945_n\" data-image-description=\"\" data-image-caption=\"\" data-medium-file=\"https:\/\/muzeusm.ro\/wp-content\/uploads\/2024\/07\/451108530_1027870746007394_3619679480156722945_n-169x300.jpg\" data-large-file=\"https:\/\/muzeusm.ro\/wp-content\/uploads\/2024\/07\/451108530_1027870746007394_3619679480156722945_n-576x1024.jpg\" alt=\"\" class=\"wp-image-14550 has-shadow-none\" data-id=\"14550\" data-imglink=\"\" data-link=\"https:\/\/muzeusm.ro\/expozitii-temporare\/451108530_1027870746007394_3619679480156722945_n\/\" src=\"https:\/\/muzeusm.ro\/wp-content\/uploads\/2024\/07\/451108530_1027870746007394_3619679480156722945_n-576x1024.jpg\" srcset=\"https:\/\/muzeusm.ro\/wp-content\/uploads\/2024\/07\/451108530_1027870746007394_3619679480156722945_n-576x1024.jpg 576w, https:\/\/muzeusm.ro\/wp-content\/uploads\/2024\/07\/451108530_1027870746007394_3619679480156722945_n-169x300.jpg 169w, https:\/\/muzeusm.ro\/wp-content\/uploads\/2024\/07\/451108530_1027870746007394_3619679480156722945_n-768x1365.jpg 768w, https:\/\/muzeusm.ro\/wp-content\/uploads\/2024\/07\/451108530_1027870746007394_3619679480156722945_n-864x1536.jpg 864w, https:\/\/muzeusm.ro\/wp-content\/uploads\/2024\/07\/451108530_1027870746007394_3619679480156722945_n.jpg 1152w\" sizes=\"auto, (max-width: 576px) 100vw, 576px\" \/><\/figure><\/li><li class=\"coblocks-gallery--item\"><figure class=\"coblocks-gallery--figure\"><img loading=\"lazy\" decoding=\"async\" width=\"576\" height=\"1024\" data-attachment-id=\"14549\" data-permalink=\"https:\/\/muzeusm.ro\/en\/expozitii-temporare\/451509926_1027870616007407_4652862662367260365_n\/\" data-orig-file=\"https:\/\/muzeusm.ro\/wp-content\/uploads\/2024\/07\/451509926_1027870616007407_4652862662367260365_n.jpg\" data-orig-size=\"1152,2048\" data-comments-opened=\"1\" data-image-meta=\"{&quot;aperture&quot;:&quot;0&quot;,&quot;credit&quot;:&quot;&quot;,&quot;camera&quot;:&quot;&quot;,&quot;caption&quot;:&quot;&quot;,&quot;created_timestamp&quot;:&quot;0&quot;,&quot;copyright&quot;:&quot;&quot;,&quot;focal_length&quot;:&quot;0&quot;,&quot;iso&quot;:&quot;0&quot;,&quot;shutter_speed&quot;:&quot;0&quot;,&quot;title&quot;:&quot;&quot;,&quot;orientation&quot;:&quot;0&quot;}\" data-image-title=\"451509926_1027870616007407_4652862662367260365_n\" data-image-description=\"\" data-image-caption=\"\" data-medium-file=\"https:\/\/muzeusm.ro\/wp-content\/uploads\/2024\/07\/451509926_1027870616007407_4652862662367260365_n-169x300.jpg\" data-large-file=\"https:\/\/muzeusm.ro\/wp-content\/uploads\/2024\/07\/451509926_1027870616007407_4652862662367260365_n-576x1024.jpg\" alt=\"\" class=\"wp-image-14549 has-shadow-none\" data-id=\"14549\" data-imglink=\"\" data-link=\"https:\/\/muzeusm.ro\/expozitii-temporare\/451509926_1027870616007407_4652862662367260365_n\/\" src=\"https:\/\/muzeusm.ro\/wp-content\/uploads\/2024\/07\/451509926_1027870616007407_4652862662367260365_n-576x1024.jpg\" srcset=\"https:\/\/muzeusm.ro\/wp-content\/uploads\/2024\/07\/451509926_1027870616007407_4652862662367260365_n-576x1024.jpg 576w, https:\/\/muzeusm.ro\/wp-content\/uploads\/2024\/07\/451509926_1027870616007407_4652862662367260365_n-169x300.jpg 169w, https:\/\/muzeusm.ro\/wp-content\/uploads\/2024\/07\/451509926_1027870616007407_4652862662367260365_n-768x1365.jpg 768w, https:\/\/muzeusm.ro\/wp-content\/uploads\/2024\/07\/451509926_1027870616007407_4652862662367260365_n-864x1536.jpg 864w, https:\/\/muzeusm.ro\/wp-content\/uploads\/2024\/07\/451509926_1027870616007407_4652862662367260365_n.jpg 1152w\" sizes=\"auto, (max-width: 576px) 100vw, 576px\" \/><\/figure><\/li><li class=\"coblocks-gallery--item\"><figure class=\"coblocks-gallery--figure\"><img loading=\"lazy\" decoding=\"async\" width=\"724\" height=\"1024\" data-attachment-id=\"14554\" data-permalink=\"https:\/\/muzeusm.ro\/en\/expozitii-temporare\/451339150_1027870286007440_9148876395504975271_n-1\/\" data-orig-file=\"https:\/\/muzeusm.ro\/wp-content\/uploads\/2024\/07\/451339150_1027870286007440_9148876395504975271_n-1.jpg\" data-orig-size=\"843,1192\" data-comments-opened=\"1\" data-image-meta=\"{&quot;aperture&quot;:&quot;0&quot;,&quot;credit&quot;:&quot;&quot;,&quot;camera&quot;:&quot;&quot;,&quot;caption&quot;:&quot;&quot;,&quot;created_timestamp&quot;:&quot;0&quot;,&quot;copyright&quot;:&quot;&quot;,&quot;focal_length&quot;:&quot;0&quot;,&quot;iso&quot;:&quot;0&quot;,&quot;shutter_speed&quot;:&quot;0&quot;,&quot;title&quot;:&quot;&quot;,&quot;orientation&quot;:&quot;0&quot;}\" data-image-title=\"451339150_1027870286007440_9148876395504975271_n-1\" data-image-description=\"\" data-image-caption=\"\" data-medium-file=\"https:\/\/muzeusm.ro\/wp-content\/uploads\/2024\/07\/451339150_1027870286007440_9148876395504975271_n-1-212x300.jpg\" data-large-file=\"https:\/\/muzeusm.ro\/wp-content\/uploads\/2024\/07\/451339150_1027870286007440_9148876395504975271_n-1-724x1024.jpg\" alt=\"\" class=\"wp-image-14554 has-shadow-none\" data-id=\"14554\" data-imglink=\"\" data-link=\"https:\/\/muzeusm.ro\/expozitii-temporare\/451339150_1027870286007440_9148876395504975271_n-1\/\" src=\"https:\/\/muzeusm.ro\/wp-content\/uploads\/2024\/07\/451339150_1027870286007440_9148876395504975271_n-1-724x1024.jpg\" srcset=\"https:\/\/muzeusm.ro\/wp-content\/uploads\/2024\/07\/451339150_1027870286007440_9148876395504975271_n-1-724x1024.jpg 724w, https:\/\/muzeusm.ro\/wp-content\/uploads\/2024\/07\/451339150_1027870286007440_9148876395504975271_n-1-212x300.jpg 212w, https:\/\/muzeusm.ro\/wp-content\/uploads\/2024\/07\/451339150_1027870286007440_9148876395504975271_n-1-768x1086.jpg 768w, https:\/\/muzeusm.ro\/wp-content\/uploads\/2024\/07\/451339150_1027870286007440_9148876395504975271_n-1.jpg 843w\" sizes=\"auto, (max-width: 724px) 100vw, 724px\" \/><\/figure><\/li><\/ul><\/div>\n\n\n<\/div>\n<\/div>\n\n\n\n<div class=\"wp-block-group alignfull has-tertiary-background-color has-background has-small-font-size\"><div class=\"wp-block-group__inner-container is-layout-constrained wp-block-group-is-layout-constrained\">\n<div class=\"wp-block-columns is-layout-flex wp-container-core-columns-is-layout-28f84493 wp-block-columns-is-layout-flex\">\n<div class=\"wp-block-column is-layout-flow wp-block-column-is-layout-flow\">\n<h5 class=\"wp-block-heading has-secondary-color has-text-color has-normal-font-size\">Muzeul Jude\u021bean Satu Mare<\/h5>\n\n\n\n<p class=\"has-text-align-left has-black-color has-text-color\"><a style=\"color: #000000;\" href=\"https:\/\/www.facebook.com\/Muzeul-Judetean-Satu-Mare-1050838434978303\">Facebook<\/a><\/p>\n\n\n\n<p><a style=\"color: #000000;\" href=\"https:\/\/www.instagram.com\/mjsatumare\/\">Instagram<\/a><\/p>\n<\/div>\n\n\n\n<div class=\"wp-block-column is-layout-flow wp-block-column-is-layout-flow\">\n<h4 class=\"wp-block-heading has-text-align-left has-secondary-color has-text-color has-normal-font-size\">Contact<\/h4>\n\n\n\n<ul>\n<li>muzeusm@gmail.com<\/li>\n<li>+40261737526<\/li>\n<\/ul>\n<\/div>\n\n\n\n<div class=\"wp-block-column is-layout-flow wp-block-column-is-layout-flow\">\n<h4 class=\"wp-block-heading has-secondary-color has-text-color has-normal-font-size\">Adresa<\/h4>\n\n\n\n<p class=\"has-black-color has-text-color\">Vasile Lucaciu, 21 <br>Satu Mare<br>Romania<\/p>\n<\/div>\n<\/div>\n<\/div><\/div>\n","protected":false},"excerpt":{"rendered":"<p>EXPOZI\u021aIA \u201eECOURI DIN SACRALITATE\u201d MUZEUL DE ART\u0102 SATU MARE, P-\u021aA LIBERT\u0102\u021aII 21 Muzeul Jude\u021bean Satu Mare Facebook Instagram Contact muzeusm@gmail.com +40261737526 Adresa Vasile Lucaciu, 21 Satu MareRomania<\/p>\n","protected":false},"author":183061330,"featured_media":0,"parent":0,"menu_order":0,"comment_status":"closed","ping_status":"closed","template":"","meta":{"_coblocks_attr":"","_coblocks_dimensions":"","_coblocks_responsive_height":"","_coblocks_accordion_ie_support":"","advanced_seo_description":"","jetpack_seo_html_title":"","jetpack_seo_noindex":false,"jetpack_post_was_ever_published":false,"footnotes":""},"class_list":["post-295","page","type-page","status-publish","hentry","entry"],"translation":{"provider":"WPGlobus","version":"3.0.1","language":"en","enabled_languages":["ro","hu","en"],"languages":{"ro":{"title":true,"content":true,"excerpt":false},"hu":{"title":false,"content":false,"excerpt":false},"en":{"title":false,"content":false,"excerpt":false}}},"jetpack_likes_enabled":true,"jetpack-related-posts":[{"id":174,"url":"https:\/\/muzeusm.ro\/en\/muzeul-judetean-satu-mare\/","url_meta":{"origin":295,"position":0},"title":"Muzeul Jude\u021bean Satu Mare","author":"andreeaionetecu","date":"20 October 2021","format":false,"excerpt":"{:ro} Cl\u0103direa actual\u0103 a sediului central al Muzeului Jude\u021bean Satu Mare a fost construit\u0103 \u00een anul 1936, dup\u0103 planurile arhitectului G. P. Liteanu.A avut ini\u021bial destina\u021bii administrative prefectura jude\u021bului \u00een perioada interbelic\u0103, iar dup\u0103 r\u0103zboi a fost sediul Consiliului PopularJude\u021bean \u0219i al Comitetului Jude\u021bean Satu Mare al P.C.R. Muzeul func\u021bioneaz\u0103\u2026","rel":"","context":"Similar post","block_context":{"text":"Similar post","link":""},"img":{"alt_text":"","src":"https:\/\/i0.wp.com\/muzeusm.ro\/wp-content\/uploads\/2025\/01\/5afecbd553209_family-150x150.jpg?resize=350%2C200&ssl=1","width":350,"height":200,"srcset":"https:\/\/i0.wp.com\/muzeusm.ro\/wp-content\/uploads\/2025\/01\/5afecbd553209_family-150x150.jpg?resize=350%2C200&ssl=1 1x, https:\/\/i0.wp.com\/muzeusm.ro\/wp-content\/uploads\/2025\/01\/5afecbd553209_family-150x150.jpg?resize=525%2C300&ssl=1 1.5x"},"classes":[]},{"id":177,"url":"https:\/\/muzeusm.ro\/en\/muzeul-de-arta-satu-mare\/","url_meta":{"origin":295,"position":1},"title":"Muzeul de Art\u0103 Satu Mare","author":"andreeaionetecu","date":"20 October 2021","format":false,"excerpt":"{:ro} Cl\u0103direa a fost construit\u0103 la mijlocuk secolului al XIX-lea, \u00een stilneogotic, fiind declarat\u0103 monument istoric \u0219i arhitectural, \u0219icunoscut\u0103 sub numele de Casa V\u00e9csey. Pe acest teren se afla \u00een secolul al XVIII-lea o cl\u0103dire ce servea ca depozit Cet\u0103\u021bii Satu Mare, cl\u0103dire unde, dup\u0103 tradi\u021bia a fost \u00eencheiat\u0103 pacea\u2026","rel":"","context":"Similar post","block_context":{"text":"Similar post","link":""},"img":{"alt_text":"","src":"https:\/\/i0.wp.com\/muzeusm.ro\/wp-content\/uploads\/2025\/01\/5afecbd553209_family-1-150x150.jpg?resize=350%2C200&ssl=1","width":350,"height":200,"srcset":"https:\/\/i0.wp.com\/muzeusm.ro\/wp-content\/uploads\/2025\/01\/5afecbd553209_family-1-150x150.jpg?resize=350%2C200&ssl=1 1x, https:\/\/i0.wp.com\/muzeusm.ro\/wp-content\/uploads\/2025\/01\/5afecbd553209_family-1-150x150.jpg?resize=525%2C300&ssl=1 1.5x"},"classes":[]},{"id":16364,"url":"https:\/\/muzeusm.ro\/en\/activitati-la-muzeul-de-arta\/","url_meta":{"origin":295,"position":2},"title":"Activit\u0103\u021bi la Muzeul de Art\u0103","author":"Kov\u00e1cs Zsolt","date":"24 February 2025","format":false,"excerpt":"Tablou construit cu tehnica puzzle. Durata activit\u0103\u021bii: 1 hLocul desf\u0103\u0219ur\u0103rii: Muzeul de Art\u0103 (Pia\u021ba Libert\u0103\u021bii 21).Vom alege c\u00e2teva lucr\u0103ri din patrimoniul Muzeului, care la r\u00e2ndul\u00a0lor vor fi printate \u0219i t\u0103iate \u00een diferite forme, iar elevii vor construi un puzzle.Nivel de v\u00e2rst\u0103: I-IV.Obiective specifice: Dezvoltarea spiritului de observa\u021bie \u0219i a abilit\u0103\u021bilor\u2026","rel":"","context":"Similar post","block_context":{"text":"Similar post","link":""},"img":{"alt_text":"","src":"","width":0,"height":0},"classes":[]},{"id":16325,"url":"https:\/\/muzeusm.ro\/en\/activitati-de-educatie-muzeala-la-mjsm-muzeul-de-arta-si-la-sediul-institutiilor-de-invatamant\/","url_meta":{"origin":295,"position":3},"title":"Activit\u0103\u021bi de educa\u021bie muzeal\u0103 la MJSM, Muzeul de Art\u0103 \u0219i la sediul institu\u021biilor de \u00eenv\u0103\u021b\u0103m\u00e2nt","author":"Kov\u00e1cs Zsolt","date":"24 February 2025","format":false,"excerpt":"Lutul, form\u0103 \u0219i culoare Proiectul \u201eLutul, form\u0103 \u0219i culoare\u201d, cuprinde ateliere de modelaj vase din lut \u0219i vizit\u0103 ghidat\u0103 \u00eentr-una dintre expozi\u021biile muzeului: Sec\u021bia de arheologie \/\u00a0 Sec\u021bia de etnografie. Durata activit\u0103\u021bii: 2 h Locul de desf\u0103\u0219urare: sediul MJSM \u0219i sediul institu\u021biilor de \u00eenv\u0103\u021b\u0103m\u00e2nt Activitatea se adreseaz\u0103 elevilor de nivel\u2026","rel":"","context":"Similar post","block_context":{"text":"Similar post","link":""},"img":{"alt_text":"","src":"https:\/\/i0.wp.com\/muzeusm.ro\/wp-content\/uploads\/2025\/02\/uEFsC0ItKrrI_9RLeSHjKEOGQXMx64lQ6F_zCIjYnbU.webp?resize=350%2C200&ssl=1","width":350,"height":200,"srcset":"https:\/\/i0.wp.com\/muzeusm.ro\/wp-content\/uploads\/2025\/02\/uEFsC0ItKrrI_9RLeSHjKEOGQXMx64lQ6F_zCIjYnbU.webp?resize=350%2C200&ssl=1 1x, https:\/\/i0.wp.com\/muzeusm.ro\/wp-content\/uploads\/2025\/02\/uEFsC0ItKrrI_9RLeSHjKEOGQXMx64lQ6F_zCIjYnbU.webp?resize=525%2C300&ssl=1 1.5x, https:\/\/i0.wp.com\/muzeusm.ro\/wp-content\/uploads\/2025\/02\/uEFsC0ItKrrI_9RLeSHjKEOGQXMx64lQ6F_zCIjYnbU.webp?resize=700%2C400&ssl=1 2x"},"classes":[]},{"id":60,"url":"https:\/\/muzeusm.ro\/en\/bilete\/","url_meta":{"origin":295,"position":4},"title":"Informa\u021bii Utile","author":"andreeaionetecu","date":"19 October 2021","format":false,"excerpt":"{:ro} Familie - 30 LEI adul\u021bi, 10 LEI copii Adul\u021bi - 40 LEI Sub 18 ani - 20 LEI, Beneficiari ai legii 71\/2018: 10 LEI Studen\u021bi - 20 LEI Pensionari - 20 LEI Ghidaj(Ro, Hu, En) - 50 LEI\/grup Foto\/Video - 100 LEI\/or\u0103\/expozi\u021bie Expozi\u021bii temporare - 20 LEI adul\u021bi, 10\u2026","rel":"","context":"Similar post","block_context":{"text":"Similar post","link":""},"img":{"alt_text":"","src":"https:\/\/i0.wp.com\/muzeusm.ro\/wp-content\/uploads\/2025\/01\/5afecbd553209_family-150x150.jpg?resize=350%2C200&ssl=1","width":350,"height":200,"srcset":"https:\/\/i0.wp.com\/muzeusm.ro\/wp-content\/uploads\/2025\/01\/5afecbd553209_family-150x150.jpg?resize=350%2C200&ssl=1 1x, https:\/\/i0.wp.com\/muzeusm.ro\/wp-content\/uploads\/2025\/01\/5afecbd553209_family-150x150.jpg?resize=525%2C300&ssl=1 1.5x"},"classes":[]},{"id":16373,"url":"https:\/\/muzeusm.ro\/en\/prezentari-la-mjsm-si-la-sediul-institutiilor-de-invatamant\/","url_meta":{"origin":295,"position":5},"title":"Prezent\u0103ri la MJSM \u0219i la sediul institu\u021biilor de \u00eenv\u0103\u021b\u0103m\u00e2nt","author":"Kov\u00e1cs Zsolt","date":"24 February 2025","format":false,"excerpt":"32. Portul popular \u00een \u021aara OasuluiPrezentare Power Point dedicat\u0103 obiectelor de \u00eembr\u0103c\u0103minte din \u021aara Oa\u0219ului de-a lungul timpului.Durata activit\u0103\u021bii: 1 hLocul de desf\u0103\u0219urare: Sediul institu\u021biilor de \u00eenv\u0103\u021b\u0103m\u00e2ntCoordonator: Adriana Achim\u00a0Persoan\u0103 de contact: Cr\u0103ciun Dreve Andrada, 0735513342 33. \u201eDe la copac \u2013 la obiect de patrimoniu\u201dPrezent\u0103ri tematice pentru elevii de \u0219coal\u0103 gimnazial\u0103\u2026","rel":"","context":"Similar post","block_context":{"text":"Similar post","link":""},"img":{"alt_text":"","src":"","width":0,"height":0},"classes":[]}],"jetpack_sharing_enabled":true,"jetpack_shortlink":"https:\/\/wp.me\/PfvnyQ-4L","_links":{"self":[{"href":"https:\/\/muzeusm.ro\/en\/wp-json\/wp\/v2\/pages\/295","targetHints":{"allow":["GET"]}}],"collection":[{"href":"https:\/\/muzeusm.ro\/en\/wp-json\/wp\/v2\/pages"}],"about":[{"href":"https:\/\/muzeusm.ro\/en\/wp-json\/wp\/v2\/types\/page"}],"author":[{"embeddable":true,"href":"https:\/\/muzeusm.ro\/en\/wp-json\/wp\/v2\/users\/183061330"}],"replies":[{"embeddable":true,"href":"https:\/\/muzeusm.ro\/en\/wp-json\/wp\/v2\/comments?post=295"}],"version-history":[{"count":4,"href":"https:\/\/muzeusm.ro\/en\/wp-json\/wp\/v2\/pages\/295\/revisions"}],"predecessor-version":[{"id":14555,"href":"https:\/\/muzeusm.ro\/en\/wp-json\/wp\/v2\/pages\/295\/revisions\/14555"}],"wp:attachment":[{"href":"https:\/\/muzeusm.ro\/en\/wp-json\/wp\/v2\/media?parent=295"}],"curies":[{"name":"wp","href":"https:\/\/api.w.org\/{rel}","templated":true}]}}