{"id":257,"date":"2021-10-20T10:41:37","date_gmt":"2021-10-20T07:41:37","guid":{"rendered":"https:\/\/netsysacad.ro?page_id=257"},"modified":"2024-03-09T01:04:02","modified_gmt":"2024-03-08T23:04:02","slug":"biserica-de-lemn-soconzel","status":"publish","type":"page","link":"https:\/\/muzeusm.ro\/en\/biserica-de-lemn-soconzel\/","title":{"rendered":"Biserica de lemn, Soconzel"},"content":{"rendered":"\r\n<div class=\"wp-block-group alignfull has-tertiary-background-color has-background has-small-font-size\"><div class=\"wp-block-group__inner-container is-layout-constrained wp-block-group-is-layout-constrained\">\r\n<div class=\"wp-block-columns is-layout-flex wp-container-core-columns-is-layout-28f84493 wp-block-columns-is-layout-flex\">\r\n<div class=\"wp-block-column is-layout-flow wp-block-column-is-layout-flow\">\r\n<h5 class=\"wp-block-heading has-secondary-color has-text-color has-normal-font-size\">Muzeul Jude\u021bean Satu Mare<\/h5>\r\n\r\n\r\n\r\n<p class=\"has-text-align-left has-black-color has-text-color\"><a style=\"color: #000000;\" href=\"https:\/\/www.facebook.com\/Muzeul-Judetean-Satu-Mare-1050838434978303\">Facebook<\/a><\/p>\r\n\r\n\r\n\r\n<p><a style=\"color: #000000;\" href=\"https:\/\/www.instagram.com\/mjsatumare\/\">Instagram<\/a><\/p>\r\n<\/div>\r\n\r\n\r\n\r\n<div class=\"wp-block-column is-layout-flow wp-block-column-is-layout-flow\">\r\n<h4 class=\"wp-block-heading has-text-align-left has-secondary-color has-text-color has-normal-font-size\">Contact<\/h4>\r\n\r\n\r\n\r\n<ul>\r\n<li>muzeusm@gmail.com<\/li>\r\n<li>+40261737526<\/li>\r\n<\/ul>\r\n<\/div>\r\n\r\n\r\n\r\n<div class=\"wp-block-column is-layout-flow wp-block-column-is-layout-flow\">\r\n<h4 class=\"wp-block-heading has-secondary-color has-text-color has-normal-font-size\">Adresa<\/h4>\r\n\r\n\r\n\r\n<p class=\"has-black-color has-text-color\">Vasile Lucaciu, 21 <br \/>Satu Mare<br \/>Romania<\/p>\r\n<\/div>\r\n<\/div>\r\n<\/div><\/div>\r\n","protected":false},"excerpt":{"rendered":"<p>Muzeul Jude\u021bean Satu Mare Facebook Instagram Contact muzeusm@gmail.com +40261737526 Adresa Vasile Lucaciu, 21 Satu MareRomania<\/p>\n","protected":false},"author":183061330,"featured_media":0,"parent":0,"menu_order":0,"comment_status":"closed","ping_status":"closed","template":"","meta":{"_coblocks_attr":"","_coblocks_dimensions":"","_coblocks_responsive_height":"","_coblocks_accordion_ie_support":"","advanced_seo_description":"","jetpack_seo_html_title":"","jetpack_seo_noindex":false,"jetpack_post_was_ever_published":false,"footnotes":""},"class_list":["post-257","page","type-page","status-publish","hentry","entry"],"translation":{"provider":"WPGlobus","version":"3.0.1","language":"en","enabled_languages":["ro","hu","en"],"languages":{"ro":{"title":true,"content":true,"excerpt":false},"hu":{"title":false,"content":false,"excerpt":false},"en":{"title":false,"content":false,"excerpt":false}}},"jetpack_likes_enabled":true,"jetpack-related-posts":[{"id":102,"url":"https:\/\/muzeusm.ro\/en\/istorie\/","url_meta":{"origin":257,"position":0},"title":"Serviciul Promovarea Patrimoniului \u0219i Educa\u021bie Muzeal\u0103","author":"andreeaionetecu","date":"19 October 2021","format":false,"excerpt":"{:ro} Atribu\u021biile \u0219i responsabilit\u0103\u021bile principale sunt legate de coordonarea activit\u0103\u021bilor ce implic\u0103 patrimoniul Colec\u021biei de Art\u0103, a activit\u0103\u021bilor de la Muzeul de Art\u0103, Atelierul Memorial Aurel Popp Satu Mare, Atelierul Memorial Paul Erd\u0151s Satu Mare, Biblioteca de specialitate, Muzeul \u00een aer liber M\u0103riu\u0219, Casa \u021a\u0103r\u0103neasc\u0103 Chilia, Muzeul Ugocea - Oa\u0219\u2026","rel":"","context":"Similar post","block_context":{"text":"Similar post","link":""},"img":{"alt_text":"","src":"","width":0,"height":0},"classes":[]},{"id":548,"url":"https:\/\/muzeusm.ro\/en\/publicatii\/","url_meta":{"origin":257,"position":1},"title":"EDITURA","author":"andreeaionetecu","date":"25 May 2022","format":false,"excerpt":"{:ro} Lista Publica\u021bii Editur\u0103 Prezentarea Editurii Muzeul Jude\u021bean Satu Mare Facebook Instagram Contact muzeusm@gmail.com 0261735116 Adresa Vasile Lucaciu, 21 Satu MareRomania {:}{:hu} Kiadv\u00e1nyaink list\u00e1ja Muzeul Jude\u021bean Satu Mare Facebook Instagram Contact muzeusm@gmail.com 0261735116 Adresa Vasile Lucaciu, 21 Satu MareRomania {:}","rel":"","context":"Similar post","block_context":{"text":"Similar post","link":""},"img":{"alt_text":"","src":"","width":0,"height":0},"classes":[]},{"id":18,"url":"https:\/\/muzeusm.ro\/en\/","url_meta":{"origin":257,"position":2},"title":"Acas\u0103","author":"netsystech","date":"12 October 2021","format":false,"excerpt":"{:ro} Bun venit! Afl\u0103 mai mult despre: Evenimente \u0219i activit\u0103\u021bi expozi\u021bia de baz\u0103: Oameni \u2013 Destine \u2013 Istorie Orar Mar\u021bi-S\u00e2mb\u0103t\u0103: 09:00-17:00 Duminic\u0103: 10:00-14:00 Luni: \u00cenchis Muzeul Jude\u021bean Satu Mare Facebook Instagram Contact muzeusm@gmail.com Informa\u021bii\/Secretariat: 0261735116 Program\u0103ri vizite\/evenimente ghidate\/ghidaj de specialitate: +40735513342 Adres\u0103 Bulevardul Vasile Lucaciu nr. 21 Satu MareRomania {:}{:hu}\u2026","rel":"","context":"Similar post","block_context":{"text":"Similar post","link":""},"img":{"alt_text":"","src":"https:\/\/i0.wp.com\/muzeusm.ro\/wp-content\/uploads\/2026\/03\/WhatsApp-Image-2026-03-18-at-10.44.49.jpeg?resize=350%2C200&ssl=1","width":350,"height":200,"srcset":"https:\/\/i0.wp.com\/muzeusm.ro\/wp-content\/uploads\/2026\/03\/WhatsApp-Image-2026-03-18-at-10.44.49.jpeg?resize=350%2C200&ssl=1 1x, https:\/\/i0.wp.com\/muzeusm.ro\/wp-content\/uploads\/2026\/03\/WhatsApp-Image-2026-03-18-at-10.44.49.jpeg?resize=525%2C300&ssl=1 1.5x, https:\/\/i0.wp.com\/muzeusm.ro\/wp-content\/uploads\/2026\/03\/WhatsApp-Image-2026-03-18-at-10.44.49.jpeg?resize=700%2C400&ssl=1 2x, https:\/\/i0.wp.com\/muzeusm.ro\/wp-content\/uploads\/2026\/03\/WhatsApp-Image-2026-03-18-at-10.44.49.jpeg?resize=1050%2C600&ssl=1 3x"},"classes":[]},{"id":295,"url":"https:\/\/muzeusm.ro\/en\/expozitii-temporare\/","url_meta":{"origin":257,"position":3},"title":"Expozi\u021bii temporare","author":"andreeaionetecu","date":"2 November 2021","format":false,"excerpt":"Bilete EXPOZI\u021aIA \u201eECOURI DIN SACRALITATE\u201d MUZEUL DE ART\u0102 SATU MARE, P-\u021aA LIBERT\u0102\u021aII 21 Muzeul Jude\u021bean Satu Mare Facebook Instagram Contact muzeusm@gmail.com +40261737526 Adresa Vasile Lucaciu, 21 Satu MareRomania","rel":"","context":"Similar post","block_context":{"text":"Similar post","link":""},"img":{"alt_text":"","src":"https:\/\/i0.wp.com\/muzeusm.ro\/wp-content\/uploads\/2024\/07\/451333191_1027870519340750_5015109541349650022_n-576x1024.jpg?resize=350%2C200&ssl=1","width":350,"height":200,"srcset":"https:\/\/i0.wp.com\/muzeusm.ro\/wp-content\/uploads\/2024\/07\/451333191_1027870519340750_5015109541349650022_n-576x1024.jpg?resize=350%2C200&ssl=1 1x, https:\/\/i0.wp.com\/muzeusm.ro\/wp-content\/uploads\/2024\/07\/451333191_1027870519340750_5015109541349650022_n-576x1024.jpg?resize=525%2C300&ssl=1 1.5x"},"classes":[]},{"id":62,"url":"https:\/\/muzeusm.ro\/en\/evenimente\/","url_meta":{"origin":257,"position":4},"title":"Evenimente","author":"andreeaionetecu","date":"19 October 2021","format":false,"excerpt":"Lansare carte: \u201eDe la munte pe h\u0103moac\u0103. 100 de ani de la colonizarea mo\u021bilor\u201d Deschiderea festiv\u0103 a noilor expozi\u021bii de baz\u0103 Noaptea Muzeelor la Sate 2024 23 August 1944 - 80 de ani - Reper istoric Noblesse oblige! Muzee de la Sat - 30 Mai 2024 MUZEUL JUDE\u021aEAN SATU MARE\u2026","rel":"","context":"Similar post","block_context":{"text":"Similar post","link":""},"img":{"alt_text":"","src":"","width":0,"height":0},"classes":[]},{"id":106,"url":"https:\/\/muzeusm.ro\/en\/arta\/","url_meta":{"origin":257,"position":5},"title":"Art\u0103","author":"andreeaionetecu","date":"19 October 2021","format":false,"excerpt":"Muzeul Jude\u021bean Satu Mare Facebook Instagram Contact muzeusm@gmail.com +40261737526 Adresa Vasile Lucaciu, 21 Satu MareRomania","rel":"","context":"Similar post","block_context":{"text":"Similar post","link":""},"img":{"alt_text":"","src":"","width":0,"height":0},"classes":[]}],"jetpack_sharing_enabled":true,"jetpack_shortlink":"https:\/\/wp.me\/PfvnyQ-49","_links":{"self":[{"href":"https:\/\/muzeusm.ro\/en\/wp-json\/wp\/v2\/pages\/257","targetHints":{"allow":["GET"]}}],"collection":[{"href":"https:\/\/muzeusm.ro\/en\/wp-json\/wp\/v2\/pages"}],"about":[{"href":"https:\/\/muzeusm.ro\/en\/wp-json\/wp\/v2\/types\/page"}],"author":[{"embeddable":true,"href":"https:\/\/muzeusm.ro\/en\/wp-json\/wp\/v2\/users\/183061330"}],"replies":[{"embeddable":true,"href":"https:\/\/muzeusm.ro\/en\/wp-json\/wp\/v2\/comments?post=257"}],"version-history":[{"count":0,"href":"https:\/\/muzeusm.ro\/en\/wp-json\/wp\/v2\/pages\/257\/revisions"}],"wp:attachment":[{"href":"https:\/\/muzeusm.ro\/en\/wp-json\/wp\/v2\/media?parent=257"}],"curies":[{"name":"wp","href":"https:\/\/api.w.org\/{rel}","templated":true}]}}