{"id":245,"date":"2014-01-21T08:46:37","date_gmt":"2014-01-21T08:46:37","guid":{"rendered":"http:\/\/www.muzeusm.ro\/?page_id=245"},"modified":"2024-05-08T10:39:18","modified_gmt":"2024-05-08T07:39:18","slug":"proiecteeuropene","status":"publish","type":"page","link":"https:\/\/muzeusm.ro\/en\/proiecteeuropene\/","title":{"rendered":"Project"},"content":{"rendered":"<h1 class=\"page-title\">1.\u00a0<a href=\"http:\/\/www.muzeusm.ro\/proiecteeuropene\/proiecte-europene-actuale\/\">Proiecte Europene \u00een derulare<\/a>.<\/h1>\n<h1 class=\"page-title\">2. <a href=\"http:\/\/www.muzeusm.ro\/proiecteeuropene\/proiecte-europene\/\">Proiecte Europene finalizate<\/a>.<\/h1>\n<h1>3. <a href=\"http:\/\/www.muzeusm.ro\/proiecteeuropene\/proiecte-nationale-in-derulare\/\">Proiecte Na\u021bionale \u00een derulare<\/a>.<\/h1>\n","protected":false},"excerpt":{"rendered":"<p>1.\u00a0Proiecte Europene \u00een derulare. 2. Proiecte Europene finalizate. 3. Proiecte Na\u021bionale \u00een derulare.<\/p>\n","protected":false},"author":245723487,"featured_media":0,"parent":0,"menu_order":9,"comment_status":"open","ping_status":"open","template":"","meta":{"_coblocks_attr":"","_coblocks_dimensions":"","_coblocks_responsive_height":"","_coblocks_accordion_ie_support":"","advanced_seo_description":"","jetpack_seo_html_title":"","jetpack_seo_noindex":false,"jetpack_post_was_ever_published":false,"footnotes":""},"class_list":["post-245","page","type-page","status-publish","hentry","entry"],"translation":{"provider":"WPGlobus","version":"3.0.1","language":"en","enabled_languages":["ro","hu","en"],"languages":{"ro":{"title":true,"content":true,"excerpt":false},"hu":{"title":true,"content":false,"excerpt":false},"en":{"title":true,"content":false,"excerpt":false}}},"jetpack_likes_enabled":true,"jetpack-related-posts":[{"id":14438,"url":"https:\/\/muzeusm.ro\/en\/proiecte\/easydoor-easing-access-to-systemic-discovery-of-our-origins-and-resources\/","url_meta":{"origin":245,"position":0},"title":"EASYDOOR \u2013 EASING ACCESS TO SYSTEMIC DISCOVERY OF OUR ORIGINS AND RESOURCES","author":"norbertlorincz","date":"3 July 2024","format":false,"excerpt":"Unitatea Administrativ-Teritorial\u0103 Jude\u0163ul Satu Mare implementeaz\u0103 proiectul\u00a0Easing Access to Systemic Discovery of Our Origins and Resources \u2013 Easydoor,\u00a0Cod proiect ROHU-456, finan\u0163at \u00een cadrul PROGRAMULUI INTERREG V-A ROM\u00c2NIA \u2013 UNGARIA. Proiectul Easydoor este implementat \u00eentr-un cerc partenerial transfrontalier format din: \u2013 Autoguvernarea Jude\u0163ului Szabolcs-Szatm\u00e1r-Bereg (Szabolcs-Szatm\u00e1r-Bereg Megyei \u00d6nkorm\u00e1nyzat) \u2013 partener lider de\u2026","rel":"","context":"Similar post","block_context":{"text":"Similar post","link":""},"img":{"alt_text":"","src":"","width":0,"height":0},"classes":[]},{"id":87,"url":"https:\/\/muzeusm.ro\/en\/proiecte\/","url_meta":{"origin":245,"position":1},"title":"Proiecte","author":"andreeaionetecu","date":"19 October 2021","format":false,"excerpt":"Muzeul Jude?ean Satu Mare Facebook Instagram Contact muzeusm@gmail.com 0261735116 Adresa Vasile Lucaciu, 21 Satu MareRomania","rel":"","context":"Similar post","block_context":{"text":"Similar post","link":""},"img":{"alt_text":"","src":"","width":0,"height":0},"classes":[]},{"id":261,"url":"https:\/\/muzeusm.ro\/en\/rezervatia-arheologica-mediesu-aurit\/","url_meta":{"origin":245,"position":2},"title":"Rezerva\u021bia Arheologic\u0103, Medie\u0219u Aurit","author":"andreeaionetecu","date":"20 October 2021","format":false,"excerpt":"{:ro} Situl arheologic de la Medie\u0219u Aurit\u2013\u015euculeu se \u00eentinde pe o suprafa\u021b\u0103 de cca. 12-15 ha, fiind situat pe terasa sudic\u0103 a p\u00e2r\u00e2ului Racta. Pe parcursul secolelor I-IV d.Hr., \u00een acest loc s-a format o a\u0219ezare care a devenit un centru regional de produc\u021bie a ceramicii, specializat \u00een fabricarea vaselor\u2026","rel":"","context":"Similar post","block_context":{"text":"Similar post","link":""},"img":{"alt_text":"","src":"https:\/\/i0.wp.com\/muzeusm.ro\/wp-content\/uploads\/2022\/03\/58.cuptoarele_dacice_de_la_medie_u_aurit_1.jpg?resize=350%2C200&ssl=1","width":350,"height":200,"srcset":"https:\/\/i0.wp.com\/muzeusm.ro\/wp-content\/uploads\/2022\/03\/58.cuptoarele_dacice_de_la_medie_u_aurit_1.jpg?resize=350%2C200&ssl=1 1x, https:\/\/i0.wp.com\/muzeusm.ro\/wp-content\/uploads\/2022\/03\/58.cuptoarele_dacice_de_la_medie_u_aurit_1.jpg?resize=525%2C300&ssl=1 1.5x, https:\/\/i0.wp.com\/muzeusm.ro\/wp-content\/uploads\/2022\/03\/58.cuptoarele_dacice_de_la_medie_u_aurit_1.jpg?resize=700%2C400&ssl=1 2x, https:\/\/i0.wp.com\/muzeusm.ro\/wp-content\/uploads\/2022\/03\/58.cuptoarele_dacice_de_la_medie_u_aurit_1.jpg?resize=1050%2C600&ssl=1 3x, https:\/\/i0.wp.com\/muzeusm.ro\/wp-content\/uploads\/2022\/03\/58.cuptoarele_dacice_de_la_medie_u_aurit_1.jpg?resize=1400%2C800&ssl=1 4x"},"classes":[]},{"id":191,"url":"https:\/\/muzeusm.ro\/en\/muzeul-memorial-dr-vasile-lucaciu-apa\/","url_meta":{"origin":245,"position":3},"title":"Muzeul Memorial Dr. Vasile Lucaciu, Apa","author":"andreeaionetecu","date":"20 October 2021","format":false,"excerpt":"{:ro} Casa Memorial\u0103 \u201eDr. Vasile Lucaciu\u201d din Apa, jude\u021bul Satu Mare. Muzee de la satCasa Memorial\u0103 \u201eDr. Vasile Lucaciu\u201d din Apa, jude\u021bul Satu Mare. Muzee de la satCasa Memorial\u0103 \u201eDr. Vasile Lucaciu\u201d din Apa, jude\u021bul Satu Mare. Muzee de la satCasa Memorial\u0103 \u201eDr. Vasile Lucaciu\u201d din Apa, jude\u021bul Satu Mare.\u2026","rel":"","context":"Similar post","block_context":{"text":"Similar post","link":""},"img":{"alt_text":"","src":"https:\/\/i0.wp.com\/muzeusm.ro\/wp-content\/uploads\/2021\/12\/whatsapp-image-2021-12-13-at-09.27.50.jpeg?resize=350%2C200&ssl=1","width":350,"height":200,"srcset":"https:\/\/i0.wp.com\/muzeusm.ro\/wp-content\/uploads\/2021\/12\/whatsapp-image-2021-12-13-at-09.27.50.jpeg?resize=350%2C200&ssl=1 1x, https:\/\/i0.wp.com\/muzeusm.ro\/wp-content\/uploads\/2021\/12\/whatsapp-image-2021-12-13-at-09.27.50.jpeg?resize=525%2C300&ssl=1 1.5x, https:\/\/i0.wp.com\/muzeusm.ro\/wp-content\/uploads\/2021\/12\/whatsapp-image-2021-12-13-at-09.27.50.jpeg?resize=700%2C400&ssl=1 2x, https:\/\/i0.wp.com\/muzeusm.ro\/wp-content\/uploads\/2021\/12\/whatsapp-image-2021-12-13-at-09.27.50.jpeg?resize=1050%2C600&ssl=1 3x, https:\/\/i0.wp.com\/muzeusm.ro\/wp-content\/uploads\/2021\/12\/whatsapp-image-2021-12-13-at-09.27.50.jpeg?resize=1400%2C800&ssl=1 4x"},"classes":[]},{"id":16325,"url":"https:\/\/muzeusm.ro\/en\/activitati-de-educatie-muzeala-la-mjsm-muzeul-de-arta-si-la-sediul-institutiilor-de-invatamant\/","url_meta":{"origin":245,"position":4},"title":"Activit\u0103\u021bi de educa\u021bie muzeal\u0103 la MJSM, Muzeul de Art\u0103 \u0219i la sediul institu\u021biilor de \u00eenv\u0103\u021b\u0103m\u00e2nt","author":"Kov\u00e1cs Zsolt","date":"24 February 2025","format":false,"excerpt":"Lutul, form\u0103 \u0219i culoare Proiectul \u201eLutul, form\u0103 \u0219i culoare\u201d, cuprinde ateliere de modelaj vase din lut \u0219i vizit\u0103 ghidat\u0103 \u00eentr-una dintre expozi\u021biile muzeului: Sec\u021bia de arheologie \/\u00a0 Sec\u021bia de etnografie. Durata activit\u0103\u021bii: 2 h Locul de desf\u0103\u0219urare: sediul MJSM \u0219i sediul institu\u021biilor de \u00eenv\u0103\u021b\u0103m\u00e2nt Activitatea se adreseaz\u0103 elevilor de nivel\u2026","rel":"","context":"Similar post","block_context":{"text":"Similar post","link":""},"img":{"alt_text":"","src":"https:\/\/i0.wp.com\/muzeusm.ro\/wp-content\/uploads\/2025\/02\/uEFsC0ItKrrI_9RLeSHjKEOGQXMx64lQ6F_zCIjYnbU.webp?resize=350%2C200&ssl=1","width":350,"height":200,"srcset":"https:\/\/i0.wp.com\/muzeusm.ro\/wp-content\/uploads\/2025\/02\/uEFsC0ItKrrI_9RLeSHjKEOGQXMx64lQ6F_zCIjYnbU.webp?resize=350%2C200&ssl=1 1x, https:\/\/i0.wp.com\/muzeusm.ro\/wp-content\/uploads\/2025\/02\/uEFsC0ItKrrI_9RLeSHjKEOGQXMx64lQ6F_zCIjYnbU.webp?resize=525%2C300&ssl=1 1.5x, https:\/\/i0.wp.com\/muzeusm.ro\/wp-content\/uploads\/2025\/02\/uEFsC0ItKrrI_9RLeSHjKEOGQXMx64lQ6F_zCIjYnbU.webp?resize=700%2C400&ssl=1 2x"},"classes":[]},{"id":232,"url":"https:\/\/muzeusm.ro\/en\/casa-taraneasca-chilia\/","url_meta":{"origin":245,"position":5},"title":"Casa \u021a\u0103r\u0103neasc\u0103, Chilia","author":"andreeaionetecu","date":"20 October 2021","format":false,"excerpt":"{:ro} Casa \u021a\u0103r\u0103neasc\u0103 din Chilia, jude\u021bul Satu Mare. Muzee de la satCasa \u021a\u0103r\u0103neasc\u0103 din Chilia, jude\u021bul Satu Mare. Muzee de la satCasa \u021a\u0103r\u0103neasc\u0103 din Chilia, jude\u021bul Satu Mare. Muzee de la satCasa \u021a\u0103r\u0103neasc\u0103 din Chilia, jude\u021bul Satu Mare. Muzee de la satCasa \u021a\u0103r\u0103neasc\u0103 din Chilia, jude\u021bul Satu Mare. Muzee de\u2026","rel":"","context":"Similar post","block_context":{"text":"Similar post","link":""},"img":{"alt_text":"","src":"https:\/\/i0.wp.com\/muzeusm.ro\/wp-content\/uploads\/2022\/03\/img_7607.jpeg?resize=350%2C200&ssl=1","width":350,"height":200,"srcset":"https:\/\/i0.wp.com\/muzeusm.ro\/wp-content\/uploads\/2022\/03\/img_7607.jpeg?resize=350%2C200&ssl=1 1x, https:\/\/i0.wp.com\/muzeusm.ro\/wp-content\/uploads\/2022\/03\/img_7607.jpeg?resize=525%2C300&ssl=1 1.5x, https:\/\/i0.wp.com\/muzeusm.ro\/wp-content\/uploads\/2022\/03\/img_7607.jpeg?resize=700%2C400&ssl=1 2x, https:\/\/i0.wp.com\/muzeusm.ro\/wp-content\/uploads\/2022\/03\/img_7607.jpeg?resize=1050%2C600&ssl=1 3x, https:\/\/i0.wp.com\/muzeusm.ro\/wp-content\/uploads\/2022\/03\/img_7607.jpeg?resize=1400%2C800&ssl=1 4x"},"classes":[]}],"jetpack_sharing_enabled":true,"jetpack_shortlink":"https:\/\/wp.me\/PfvnyQ-3X","_links":{"self":[{"href":"https:\/\/muzeusm.ro\/en\/wp-json\/wp\/v2\/pages\/245","targetHints":{"allow":["GET"]}}],"collection":[{"href":"https:\/\/muzeusm.ro\/en\/wp-json\/wp\/v2\/pages"}],"about":[{"href":"https:\/\/muzeusm.ro\/en\/wp-json\/wp\/v2\/types\/page"}],"author":[{"embeddable":true,"href":"https:\/\/muzeusm.ro\/en\/wp-json\/wp\/v2\/users\/245723487"}],"replies":[{"embeddable":true,"href":"https:\/\/muzeusm.ro\/en\/wp-json\/wp\/v2\/comments?post=245"}],"version-history":[{"count":1,"href":"https:\/\/muzeusm.ro\/en\/wp-json\/wp\/v2\/pages\/245\/revisions"}],"predecessor-version":[{"id":13744,"href":"https:\/\/muzeusm.ro\/en\/wp-json\/wp\/v2\/pages\/245\/revisions\/13744"}],"wp:attachment":[{"href":"https:\/\/muzeusm.ro\/en\/wp-json\/wp\/v2\/media?parent=245"}],"curies":[{"name":"wp","href":"https:\/\/api.w.org\/{rel}","templated":true}]}}