{"id":18,"date":"2021-10-12T13:05:02","date_gmt":"2021-10-12T10:05:02","guid":{"rendered":"https:\/\/netsysacad.ro?page_id=18"},"modified":"2026-03-18T10:46:20","modified_gmt":"2026-03-18T08:46:20","slug":"acasa","status":"publish","type":"page","link":"https:\/\/muzeusm.ro\/en\/","title":{"rendered":"Acas\u0103"},"content":{"rendered":"\n<div class=\"wp-block-cover alignfull is-light\"><video class=\"wp-block-cover__video-background intrinsic-ignore\" autoplay muted loop playsinline src=\"https:\/\/videos.files.wordpress.com\/YuAaT9N5\/prezentare-arheologie-mjsm-1.mp4\" data-object-fit=\"cover\"><\/video><span aria-hidden=\"true\" class=\"wp-block-cover__background has-primary-background-color has-background-dim-0 has-background-dim\"><\/span><div class=\"wp-block-cover__inner-container is-layout-flow wp-block-cover-is-layout-flow\">\n<h2 class=\"wp-block-heading has-text-align-center\">Bun venit!<\/h2>\n\n\n\n<p class=\"has-text-align-center\"><strong>Afl\u0103 mai mult despre:<\/strong><\/p>\n\n\n\n<div class=\"wp-block-button aligncenter\"><a class=\"wp-block-button__link has-background-color has-secondary-background-color has-text-color has-background wp-element-button\" href=\"https:\/\/muzeusm.ro\/category\/evenimente\/\">Evenimente \u0219i activit\u0103\u021bi<\/a><\/div>\n\n\n\n<div class=\"wp-block-buttons is-content-justification-right is-layout-flex wp-container-core-buttons-is-layout-d445cf74 wp-block-buttons-is-layout-flex\">\n<div class=\"wp-block-button\"><a class=\"wp-block-button__link has-text-align-center wp-element-button\" href=\"https:\/\/muzeusm.ro\/expozitii-permanente\/\"> expozi\u021bia de baz\u0103:<br> Oameni \u2013 Destine \u2013 Istorie<\/a><\/div>\n<\/div>\n<\/div><\/div>\n\n\n\n<div class=\"wp-block-jetpack-slideshow aligncenter\" data-autoplay=\"true\" data-delay=\"5\" data-effect=\"slide\" style=\"--aspect-ratio:calc(724 \/ 1024)\"><div class=\"wp-block-jetpack-slideshow_container swiper\"><ul class=\"wp-block-jetpack-slideshow_swiper-wrapper swiper-wrapper\"><li class=\"wp-block-jetpack-slideshow_slide swiper-slide\"><figure><img loading=\"lazy\" decoding=\"async\" width=\"724\" height=\"1024\" alt=\"\" class=\"wp-block-jetpack-slideshow_image wp-image-17309\" data-id=\"17309\" data-aspect-ratio=\"724 \/ 1024\" src=\"https:\/\/muzeusm.ro\/wp-content\/uploads\/2026\/03\/WhatsApp-Image-2026-03-18-at-10.44.49-724x1024.jpeg\" srcset=\"https:\/\/muzeusm.ro\/wp-content\/uploads\/2026\/03\/WhatsApp-Image-2026-03-18-at-10.44.49-724x1024.jpeg 724w, https:\/\/muzeusm.ro\/wp-content\/uploads\/2026\/03\/WhatsApp-Image-2026-03-18-at-10.44.49-212x300.jpeg 212w, https:\/\/muzeusm.ro\/wp-content\/uploads\/2026\/03\/WhatsApp-Image-2026-03-18-at-10.44.49-768x1086.jpeg 768w, https:\/\/muzeusm.ro\/wp-content\/uploads\/2026\/03\/WhatsApp-Image-2026-03-18-at-10.44.49-1086x1536.jpeg 1086w, https:\/\/muzeusm.ro\/wp-content\/uploads\/2026\/03\/WhatsApp-Image-2026-03-18-at-10.44.49.jpeg 1131w\" sizes=\"(max-width: 724px) 100vw, 724px\" \/><\/figure><\/li><li class=\"wp-block-jetpack-slideshow_slide swiper-slide\"><figure><img loading=\"lazy\" decoding=\"async\" width=\"1024\" height=\"1024\" alt=\"\" class=\"wp-block-jetpack-slideshow_image wp-image-17130\" data-id=\"17130\" data-aspect-ratio=\"750 \/ 750\" src=\"https:\/\/muzeusm.ro\/wp-content\/uploads\/2025\/11\/Book-now@3x-1024x1024.png\" srcset=\"https:\/\/muzeusm.ro\/wp-content\/uploads\/2025\/11\/Book-now@3x-1024x1024.png 1024w, https:\/\/muzeusm.ro\/wp-content\/uploads\/2025\/11\/Book-now@3x-300x300.png 300w, https:\/\/muzeusm.ro\/wp-content\/uploads\/2025\/11\/Book-now@3x-150x150.png 150w, https:\/\/muzeusm.ro\/wp-content\/uploads\/2025\/11\/Book-now@3x-768x768.png 768w, https:\/\/muzeusm.ro\/wp-content\/uploads\/2025\/11\/Book-now@3x-1536x1536.png 1536w, https:\/\/muzeusm.ro\/wp-content\/uploads\/2025\/11\/Book-now@3x-2048x2048.png 2048w, https:\/\/muzeusm.ro\/wp-content\/uploads\/2025\/11\/Book-now@3x-1568x1568.png 1568w\" sizes=\"(max-width: 1024px) 100vw, 1024px\" \/><\/figure><\/li><li class=\"wp-block-jetpack-slideshow_slide swiper-slide\"><figure><img loading=\"lazy\" decoding=\"async\" width=\"576\" height=\"1024\" alt=\"\" class=\"wp-block-jetpack-slideshow_image wp-image-17238\" data-id=\"17238\" data-aspect-ratio=\"576 \/ 1024\" src=\"https:\/\/muzeusm.ro\/wp-content\/uploads\/2026\/01\/Ady-online-9.16-576x1024.png\" srcset=\"https:\/\/muzeusm.ro\/wp-content\/uploads\/2026\/01\/Ady-online-9.16-576x1024.png 576w, https:\/\/muzeusm.ro\/wp-content\/uploads\/2026\/01\/Ady-online-9.16-169x300.png 169w, https:\/\/muzeusm.ro\/wp-content\/uploads\/2026\/01\/Ady-online-9.16-768x1365.png 768w, https:\/\/muzeusm.ro\/wp-content\/uploads\/2026\/01\/Ady-online-9.16-864x1536.png 864w, https:\/\/muzeusm.ro\/wp-content\/uploads\/2026\/01\/Ady-online-9.16-1152x2048.png 1152w, https:\/\/muzeusm.ro\/wp-content\/uploads\/2026\/01\/Ady-online-9.16-scaled.png 1440w\" sizes=\"(max-width: 576px) 100vw, 576px\" \/><\/figure><\/li><li class=\"wp-block-jetpack-slideshow_slide swiper-slide\"><figure><img loading=\"lazy\" decoding=\"async\" width=\"724\" height=\"1024\" alt=\"\" class=\"wp-block-jetpack-slideshow_image wp-image-16689\" data-id=\"16689\" data-aspect-ratio=\"724 \/ 1024\" src=\"https:\/\/muzeusm.ro\/wp-content\/uploads\/2025\/06\/Pret-bilete-cu-legea-2025@3x-724x1024.png\" srcset=\"https:\/\/muzeusm.ro\/wp-content\/uploads\/2025\/06\/Pret-bilete-cu-legea-2025@3x-724x1024.png 724w, https:\/\/muzeusm.ro\/wp-content\/uploads\/2025\/06\/Pret-bilete-cu-legea-2025@3x-212x300.png 212w, https:\/\/muzeusm.ro\/wp-content\/uploads\/2025\/06\/Pret-bilete-cu-legea-2025@3x-768x1086.png 768w, https:\/\/muzeusm.ro\/wp-content\/uploads\/2025\/06\/Pret-bilete-cu-legea-2025@3x-1086x1536.png 1086w, https:\/\/muzeusm.ro\/wp-content\/uploads\/2025\/06\/Pret-bilete-cu-legea-2025@3x.png 1786w\" sizes=\"(max-width: 724px) 100vw, 724px\" \/><\/figure><\/li><li class=\"wp-block-jetpack-slideshow_slide swiper-slide\"><figure><img loading=\"lazy\" decoding=\"async\" width=\"724\" height=\"1024\" alt=\"\" class=\"wp-block-jetpack-slideshow_image wp-image-16615\" data-id=\"16615\" data-aspect-ratio=\"724 \/ 1024\" src=\"https:\/\/muzeusm.ro\/wp-content\/uploads\/2025\/05\/tururi-ghidate-a4-online@3x-724x1024.png\" srcset=\"https:\/\/muzeusm.ro\/wp-content\/uploads\/2025\/05\/tururi-ghidate-a4-online@3x-724x1024.png 724w, https:\/\/muzeusm.ro\/wp-content\/uploads\/2025\/05\/tururi-ghidate-a4-online@3x-212x300.png 212w, https:\/\/muzeusm.ro\/wp-content\/uploads\/2025\/05\/tururi-ghidate-a4-online@3x-768x1086.png 768w, https:\/\/muzeusm.ro\/wp-content\/uploads\/2025\/05\/tururi-ghidate-a4-online@3x-1086x1536.png 1086w, https:\/\/muzeusm.ro\/wp-content\/uploads\/2025\/05\/tururi-ghidate-a4-online@3x-1448x2048.png 1448w, https:\/\/muzeusm.ro\/wp-content\/uploads\/2025\/05\/tururi-ghidate-a4-online@3x-1568x2218.png 1568w, https:\/\/muzeusm.ro\/wp-content\/uploads\/2025\/05\/tururi-ghidate-a4-online@3x.png 1786w\" sizes=\"(max-width: 724px) 100vw, 724px\" \/><\/figure><\/li><li class=\"wp-block-jetpack-slideshow_slide swiper-slide\"><figure><img loading=\"lazy\" decoding=\"async\" width=\"621\" height=\"877\" alt=\"\" class=\"wp-block-jetpack-slideshow_image wp-image-15371\" data-id=\"15371\" data-aspect-ratio=\"621 \/ 877\" src=\"https:\/\/muzeusm.ro\/wp-content\/uploads\/2024\/10\/1-1.jpg\" srcset=\"https:\/\/muzeusm.ro\/wp-content\/uploads\/2024\/10\/1-1.jpg 621w, https:\/\/muzeusm.ro\/wp-content\/uploads\/2024\/10\/1-1-212x300.jpg 212w\" sizes=\"(max-width: 621px) 100vw, 621px\" \/><\/figure><\/li><li class=\"wp-block-jetpack-slideshow_slide swiper-slide\"><figure><img loading=\"lazy\" decoding=\"async\" width=\"724\" height=\"1024\" alt=\"\" class=\"wp-block-jetpack-slideshow_image wp-image-15373\" data-id=\"15373\" data-aspect-ratio=\"724 \/ 1024\" src=\"https:\/\/muzeusm.ro\/wp-content\/uploads\/2024\/10\/3-724x1024.png\" srcset=\"https:\/\/muzeusm.ro\/wp-content\/uploads\/2024\/10\/3-724x1024.png 724w, https:\/\/muzeusm.ro\/wp-content\/uploads\/2024\/10\/3-212x300.png 212w, https:\/\/muzeusm.ro\/wp-content\/uploads\/2024\/10\/3-768x1086.png 768w, https:\/\/muzeusm.ro\/wp-content\/uploads\/2024\/10\/3-1086x1536.png 1086w, https:\/\/muzeusm.ro\/wp-content\/uploads\/2024\/10\/3.png 1241w\" sizes=\"(max-width: 724px) 100vw, 724px\" \/><\/figure><\/li><li class=\"wp-block-jetpack-slideshow_slide swiper-slide\"><figure><img loading=\"lazy\" decoding=\"async\" width=\"621\" height=\"877\" alt=\"\" class=\"wp-block-jetpack-slideshow_image wp-image-15372\" data-id=\"15372\" data-aspect-ratio=\"621 \/ 877\" src=\"https:\/\/muzeusm.ro\/wp-content\/uploads\/2024\/10\/2-2.jpg\" srcset=\"https:\/\/muzeusm.ro\/wp-content\/uploads\/2024\/10\/2-2.jpg 621w, https:\/\/muzeusm.ro\/wp-content\/uploads\/2024\/10\/2-2-212x300.jpg 212w\" sizes=\"(max-width: 621px) 100vw, 621px\" \/><\/figure><\/li><li class=\"wp-block-jetpack-slideshow_slide swiper-slide\"><figure><img loading=\"lazy\" decoding=\"async\" width=\"1241\" height=\"1755\" alt=\"\" class=\"wp-block-jetpack-slideshow_image wp-image-15374\" data-id=\"15374\" data-aspect-ratio=\"724 \/ 1024\" src=\"https:\/\/muzeusm.ro\/wp-content\/uploads\/2024\/10\/4-724x1024.png\" srcset=\"https:\/\/muzeusm.ro\/wp-content\/uploads\/2024\/10\/4-724x1024.png 724w, https:\/\/muzeusm.ro\/wp-content\/uploads\/2024\/10\/4-212x300.png 212w, https:\/\/muzeusm.ro\/wp-content\/uploads\/2024\/10\/4-768x1086.png 768w, https:\/\/muzeusm.ro\/wp-content\/uploads\/2024\/10\/4-1086x1536.png 1086w, https:\/\/muzeusm.ro\/wp-content\/uploads\/2024\/10\/4.png 1241w\" sizes=\"(max-width: 1241px) 100vw, 1241px\" \/><\/figure><\/li><\/ul><a class=\"wp-block-jetpack-slideshow_button-prev swiper-button-prev swiper-button-white\" role=\"button\"><\/a><a class=\"wp-block-jetpack-slideshow_button-next swiper-button-next swiper-button-white\" role=\"button\"><\/a><a aria-label=\"Pause Slideshow\" class=\"wp-block-jetpack-slideshow_button-pause\" role=\"button\"><\/a><div class=\"wp-block-jetpack-slideshow_pagination swiper-pagination swiper-pagination-white\"><\/div><\/div><\/div>\n\n\n<div class=\"wp-block-coblocks-post-carousel external\"><div class=\"coblocks-swiper swiper-container pb-8\" data-swiper=\"{&quot;slidesToScroll&quot;:1,&quot;arrow&quot;:true,&quot;slidesToShow&quot;:4,&quot;infinite&quot;:true,&quot;adaptiveHeight&quot;:false,&quot;draggable&quot;:true,&quot;rtl&quot;:false,&quot;responsive&quot;:[{&quot;breakpoint&quot;:1024,&quot;settings&quot;:{&quot;slidesToShow&quot;:3}},{&quot;breakpoint&quot;:600,&quot;settings&quot;:{&quot;slidesToShow&quot;:2}},{&quot;breakpoint&quot;:480,&quot;settings&quot;:{&quot;slidesToShow&quot;:1}}]}\"><div class=\"swiper-wrapper\" ><div class=\"wp-block-coblocks-post-carousel__item swiper-slide\"><div class=\"wp-block-coblocks-post-carousel__content\"><time datetime=\"2026-01-22T09:02:00+02:00\" class=\"wp-block-coblocks-post-carousel__date\">22 January 2026<\/time><a href=\"https:\/\/muzeusm.ro\/en\/rezultate-finale-examen-gestionar-custode-mia\/\" alt=\"Rezultate finale examen gestionar custode MIA\">Rezultate finale examen gestionar custode MIA<\/a><div class=\"wp-block-coblocks-post-carousel__excerpt\">20260122082914239Descarc\u0103<\/div><\/div><\/div><div class=\"wp-block-coblocks-post-carousel__item swiper-slide\"><div class=\"wp-block-coblocks-post-carousel__content\"><time datetime=\"2026-01-19T10:40:14+02:00\" class=\"wp-block-coblocks-post-carousel__date\">19 January 2026<\/time><a href=\"https:\/\/muzeusm.ro\/en\/rezultat-proba-scrisa-gestionar-custode-mia\/\" alt=\"Rezultat proba scrisa- gestionar custode MIA\">Rezultat proba scrisa- gestionar custode MIA<\/a><div class=\"wp-block-coblocks-post-carousel__excerpt\">20260119105547414Descarc\u0103<\/div><\/div><\/div><div class=\"wp-block-coblocks-post-carousel__item swiper-slide\"><div class=\"wp-block-coblocks-post-carousel__content\"><time datetime=\"2026-01-09T13:36:45+02:00\" class=\"wp-block-coblocks-post-carousel__date\">9 January 2026<\/time><a href=\"https:\/\/muzeusm.ro\/en\/miros-de-paine-calda-painea-in-dacia\/\" alt=\"\u201e Miros de p\u00e2ine cald\u0103 \u2013 P\u00e2inea \u00een Dacia\u201d\">\u201e Miros de p\u00e2ine cald\u0103 \u2013 P\u00e2inea \u00een Dacia\u201d<\/a><div class=\"wp-block-coblocks-post-carousel__excerpt\">Pentru mul\u021bi dintre noi, p\u00e2inea este ast\u0103zi alimentul pe care \u00eel &hellip; <\/div><\/div><\/div><div class=\"wp-block-coblocks-post-carousel__item swiper-slide\"><div class=\"wp-block-coblocks-post-carousel__content\"><time datetime=\"2026-01-08T12:19:09+02:00\" class=\"wp-block-coblocks-post-carousel__date\">8 January 2026<\/time><a href=\"https:\/\/muzeusm.ro\/en\/proces-verbal-selectie-dosare-concurs-gestionar-custode-mia\/\" alt=\"Proces verbal selec\u021bie dosare concurs gestionar custode MIA\">Proces verbal selec\u021bie dosare concurs gestionar custode MIA<\/a><div class=\"wp-block-coblocks-post-carousel__excerpt\">Proces verbal selec\u021bie de dosare pentru ocuparea postului de gestionar custode &hellip; <\/div><\/div><\/div><\/div><\/div><button class=\"wp-coblocks-post-carousel-nav-button__prev\" id=\"wp-coblocks-post-carousel-swiper-prev\" style=\"visibility:hidden\" aria-label=\"Previous post\" \/><button class=\"wp-coblocks-post-carousel-nav-button__next\" id=\"wp-coblocks-post-carousel-swiper-next\" style=\"visibility:hidden\" aria-label=\"Next post\" \/><\/div>\n\n\n<div class=\"wp-block-columns alignwide has-2-columns is-layout-flex wp-container-core-columns-is-layout-28f84493 wp-block-columns-is-layout-flex\">\n<div class=\"wp-block-column is-vertically-aligned-center is-layout-flow wp-block-column-is-layout-flow\">\n<figure class=\"wp-block-image size-large\"><img loading=\"lazy\" decoding=\"async\" width=\"1772\" height=\"1772\" data-attachment-id=\"619\" data-permalink=\"https:\/\/muzeusm.ro\/en\/acasa\/cjsm_alb_psd-2-1\/\" data-orig-file=\"https:\/\/muzeusm.ro\/wp-content\/uploads\/2022\/06\/cjsm_alb_psd-2-1.png\" data-orig-size=\"1772,1772\" data-comments-opened=\"1\" data-image-meta=\"{&quot;aperture&quot;:&quot;0&quot;,&quot;credit&quot;:&quot;&quot;,&quot;camera&quot;:&quot;&quot;,&quot;caption&quot;:&quot;&quot;,&quot;created_timestamp&quot;:&quot;0&quot;,&quot;copyright&quot;:&quot;&quot;,&quot;focal_length&quot;:&quot;0&quot;,&quot;iso&quot;:&quot;0&quot;,&quot;shutter_speed&quot;:&quot;0&quot;,&quot;title&quot;:&quot;&quot;,&quot;orientation&quot;:&quot;0&quot;}\" data-image-title=\"cjsm_alb_psd-2-1\" data-image-description=\"\" data-image-caption=\"\" data-medium-file=\"https:\/\/muzeusm.ro\/wp-content\/uploads\/2022\/06\/cjsm_alb_psd-2-1.png\" data-large-file=\"https:\/\/muzeusm.ro\/wp-content\/uploads\/2022\/06\/cjsm_alb_psd-2-1.png\" src=\"https:\/\/muzeusm.ro\/wp-content\/uploads\/2022\/06\/cjsm_alb_psd-2-1.png?w=750\" alt=\"\" class=\"wp-image-619\"\/><\/figure>\n<\/div>\n\n\n\n<div class=\"wp-block-column is-vertically-aligned-center is-layout-flow wp-block-column-is-layout-flow\">\n<div class=\"wp-block-group\"><div class=\"wp-block-group__inner-container is-layout-constrained wp-block-group-is-layout-constrained\">\n<p class=\"has-small-font-size\">Orar<\/p>\n\n\n\n<p class=\"has-small-font-size\">Mar\u021bi-S\u00e2mb\u0103t\u0103: 09:00-17:00<\/p>\n\n\n\n<p class=\"has-small-font-size\">Duminic\u0103: 10:00-14:00<\/p>\n\n\n\n<p class=\"has-small-font-size\">Luni: \u00cenchis<\/p>\n<\/div><\/div>\n<\/div>\n<\/div>\n\n\n\n<div class=\"wp-block-group alignfull has-background\" style=\"background-color:#91918dc4\"><div class=\"wp-block-group__inner-container is-layout-constrained wp-block-group-is-layout-constrained\">\n<div class=\"wp-block-columns alignwide is-layout-flex wp-container-core-columns-is-layout-28f84493 wp-block-columns-is-layout-flex\">\n<div class=\"wp-block-column is-vertically-aligned-top is-layout-flow wp-block-column-is-layout-flow\">\n<h4 class=\"wp-block-heading\">Muzeul Jude\u021bean Satu Mare<\/h4>\n\n\n\n<p class=\"has-text-align-left\"><a href=\"https:\/\/www.facebook.com\/Muzeul-Judetean-Satu-Mare-1050838434978303\">Facebook<\/a><\/p>\n\n\n\n<p><a href=\"https:\/\/www.instagram.com\/mjsatumare\/\">Instagram<\/a><\/p>\n<\/div>\n\n\n\n<div class=\"wp-block-column is-vertically-aligned-top is-layout-flow wp-block-column-is-layout-flow\">\n<h4 class=\"wp-block-heading\">Contact<\/h4>\n\n\n\n<ul class=\"wp-block-list\">\n<li>muzeusm@gmail.com<\/li>\n\n\n\n<li><strong>Informa\u021bii<\/strong>\/<strong>Secretariat<\/strong>: <strong>0261735116<\/strong><\/li>\n\n\n\n<li><strong>Program\u0103ri vizite\/evenimente ghidate\/<br>ghidaj de specialitate: +40735513342<\/strong><\/li>\n<\/ul>\n<\/div>\n\n\n\n<div class=\"wp-block-column is-vertically-aligned-top is-layout-flow wp-block-column-is-layout-flow\">\n<h4 class=\"wp-block-heading\">Adres\u0103<\/h4>\n\n\n\n<p>Bulevardul Vasile Lucaciu nr. 21 <br>Satu Mare<br>Romania<\/p>\n<\/div>\n<\/div>\n<\/div><\/div>\n\n\n\n<div style=\"min-height:400px\" data-map-attr=\"\/qaddress\/q:\/qMuzeul Jude\u021bean Satu Mare\/q||\/qlat\/q:\/qundefined\/q||\/qlng\/q:\/qundefined\/q||\/qskin\/q:\/qstandard\/q||\/qzoom\/q:\/q12\/q||\/qiconSize\/q:\/q36\/q||\/qmapTypeControl\/q:\/qtrue\/q||\/qzoomControl\/q:\/qtrue\/q||\/qstreetViewControl\/q:\/qtrue\/q||\/qfullscreenControl\/q:\/qtrue\/q\" class=\"wp-block-coblocks-map\"><iframe title=\"Google Map\" frameborder=\"0\" style=\"width:100%;min-height:400px\" src=\"https:\/\/www.google.com\/maps?q=Muzeul%20Jude%C8%9Bean%20Satu%20Mare&amp;output=embed&amp;hl=ro-RO&amp;z=12\"><\/iframe><\/div>\n","protected":false},"excerpt":{"rendered":"<p>Orar Mar\u021bi-S\u00e2mb\u0103t\u0103: 09:00-17:00 Duminic\u0103: 10:00-14:00 Luni: \u00cenchis Muzeul Jude\u021bean Satu Mare Facebook Instagram Contact Adres\u0103 Bulevardul Vasile Lucaciu nr. 21 Satu MareRomania<\/p>\n","protected":false},"author":245723483,"featured_media":0,"parent":0,"menu_order":0,"comment_status":"closed","ping_status":"closed","template":"","meta":{"_coblocks_attr":"","_coblocks_dimensions":"","_coblocks_responsive_height":"","_coblocks_accordion_ie_support":"","advanced_seo_description":"","jetpack_seo_html_title":"","jetpack_seo_noindex":false,"jetpack_post_was_ever_published":false,"footnotes":""},"class_list":["post-18","page","type-page","status-publish","hentry","entry"],"translation":{"provider":"WPGlobus","version":"3.0.1","language":"en","enabled_languages":["ro","hu","en"],"languages":{"ro":{"title":true,"content":true,"excerpt":false},"hu":{"title":true,"content":true,"excerpt":false},"en":{"title":false,"content":false,"excerpt":false}}},"jetpack_likes_enabled":true,"jetpack-related-posts":[{"id":639,"url":"https:\/\/muzeusm.ro\/en\/acasa-2\/","url_meta":{"origin":18,"position":0},"title":"Acas\u0103","author":"netsystech","date":"8 February 2024","format":false,"excerpt":"{:ro} BINE A\u021aI VENIT! Afla\u021bi mai multe despre activit\u0103\u021bile \u0219i evenimentele noastre. Apas\u00e2nd aici \u00a0 Orar Mar\u021bi-S\u00e2mb\u0103t\u0103 09:00-17:00 Duminic\u0103 10:00-14:00 Luni \u00cenchis Muzeul Jude\u021bean Satu Mare Facebook Instagram Contact muzeusm@gmail.com +4 0261 737526 Adresa Vasile Lucaciu, 21 Satu MareRomania Harta {:}{:hu} BINE A\u021aI VENIT! Afla\u021bi mai multe despre activit\u0103\u021bile \u0219i\u2026","rel":"","context":"Similar post","block_context":{"text":"Similar post","link":""},"img":{"alt_text":"","src":"https:\/\/i0.wp.com\/muzeusm.ro\/wp-content\/uploads\/2021\/10\/afis-ro-01.png?resize=350%2C200&ssl=1","width":350,"height":200,"srcset":"https:\/\/i0.wp.com\/muzeusm.ro\/wp-content\/uploads\/2021\/10\/afis-ro-01.png?resize=350%2C200&ssl=1 1x, https:\/\/i0.wp.com\/muzeusm.ro\/wp-content\/uploads\/2021\/10\/afis-ro-01.png?resize=525%2C300&ssl=1 1.5x, https:\/\/i0.wp.com\/muzeusm.ro\/wp-content\/uploads\/2021\/10\/afis-ro-01.png?resize=700%2C400&ssl=1 2x, https:\/\/i0.wp.com\/muzeusm.ro\/wp-content\/uploads\/2021\/10\/afis-ro-01.png?resize=1050%2C600&ssl=1 3x, https:\/\/i0.wp.com\/muzeusm.ro\/wp-content\/uploads\/2021\/10\/afis-ro-01.png?resize=1400%2C800&ssl=1 4x"},"classes":[]},{"id":177,"url":"https:\/\/muzeusm.ro\/en\/muzeul-de-arta-satu-mare\/","url_meta":{"origin":18,"position":1},"title":"Muzeul de Art\u0103 Satu Mare","author":"andreeaionetecu","date":"20 October 2021","format":false,"excerpt":"{:ro} Cl\u0103direa a fost construit\u0103 la mijlocuk secolului al XIX-lea, \u00een stilneogotic, fiind declarat\u0103 monument istoric \u0219i arhitectural, \u0219icunoscut\u0103 sub numele de Casa V\u00e9csey. Pe acest teren se afla \u00een secolul al XVIII-lea o cl\u0103dire ce servea ca depozit Cet\u0103\u021bii Satu Mare, cl\u0103dire unde, dup\u0103 tradi\u021bia a fost \u00eencheiat\u0103 pacea\u2026","rel":"","context":"Similar post","block_context":{"text":"Similar post","link":""},"img":{"alt_text":"","src":"https:\/\/i0.wp.com\/muzeusm.ro\/wp-content\/uploads\/2025\/01\/5afecbd553209_family-1-150x150.jpg?resize=350%2C200&ssl=1","width":350,"height":200,"srcset":"https:\/\/i0.wp.com\/muzeusm.ro\/wp-content\/uploads\/2025\/01\/5afecbd553209_family-1-150x150.jpg?resize=350%2C200&ssl=1 1x, https:\/\/i0.wp.com\/muzeusm.ro\/wp-content\/uploads\/2025\/01\/5afecbd553209_family-1-150x150.jpg?resize=525%2C300&ssl=1 1.5x"},"classes":[]},{"id":232,"url":"https:\/\/muzeusm.ro\/en\/casa-taraneasca-chilia\/","url_meta":{"origin":18,"position":2},"title":"Casa \u021a\u0103r\u0103neasc\u0103, Chilia","author":"andreeaionetecu","date":"20 October 2021","format":false,"excerpt":"{:ro} Casa \u021a\u0103r\u0103neasc\u0103 din Chilia, jude\u021bul Satu Mare. Muzee de la satCasa \u021a\u0103r\u0103neasc\u0103 din Chilia, jude\u021bul Satu Mare. Muzee de la satCasa \u021a\u0103r\u0103neasc\u0103 din Chilia, jude\u021bul Satu Mare. Muzee de la satCasa \u021a\u0103r\u0103neasc\u0103 din Chilia, jude\u021bul Satu Mare. Muzee de la satCasa \u021a\u0103r\u0103neasc\u0103 din Chilia, jude\u021bul Satu Mare. Muzee de\u2026","rel":"","context":"Similar post","block_context":{"text":"Similar post","link":""},"img":{"alt_text":"","src":"https:\/\/i0.wp.com\/muzeusm.ro\/wp-content\/uploads\/2022\/03\/img_7607.jpeg?resize=350%2C200&ssl=1","width":350,"height":200,"srcset":"https:\/\/i0.wp.com\/muzeusm.ro\/wp-content\/uploads\/2022\/03\/img_7607.jpeg?resize=350%2C200&ssl=1 1x, https:\/\/i0.wp.com\/muzeusm.ro\/wp-content\/uploads\/2022\/03\/img_7607.jpeg?resize=525%2C300&ssl=1 1.5x, https:\/\/i0.wp.com\/muzeusm.ro\/wp-content\/uploads\/2022\/03\/img_7607.jpeg?resize=700%2C400&ssl=1 2x, https:\/\/i0.wp.com\/muzeusm.ro\/wp-content\/uploads\/2022\/03\/img_7607.jpeg?resize=1050%2C600&ssl=1 3x, https:\/\/i0.wp.com\/muzeusm.ro\/wp-content\/uploads\/2022\/03\/img_7607.jpeg?resize=1400%2C800&ssl=1 4x"},"classes":[]},{"id":15991,"url":"https:\/\/muzeusm.ro\/en\/expozitii-virtuale\/","url_meta":{"origin":18,"position":3},"title":"Expozi\u021bii Virtuale","author":"norbertlorincz","date":"21 January 2025","format":false,"excerpt":"{:ro} Expozi\u021bia Virtual\u0103 - Grigore Maior 310 14 Mai 1970, 55 de ani de la tragedie {:}{:hu} Grigor Maior 310 - Virtu\u00e1lis Ki\u00e1ll\u00edt\u00e1s {:}","rel":"","context":"Similar post","block_context":{"text":"Similar post","link":""},"img":{"alt_text":"","src":"https:\/\/i0.wp.com\/muzeusm.ro\/wp-content\/uploads\/2025\/01\/Grigore_Major-1.jpg?resize=350%2C200&ssl=1","width":350,"height":200},"classes":[]},{"id":204,"url":"https:\/\/muzeusm.ro\/en\/atelierul-memorial-aurel-popp-satu-mare\/","url_meta":{"origin":18,"position":4},"title":"Atelierul Memorial Aurel Popp, Satu Mare","author":"andreeaionetecu","date":"20 October 2021","format":false,"excerpt":"{:ro} Atelierul se afl\u0103 \u00eentr-o cl\u0103dire construit\u0103 de artist \u00eentre 1934\u20131935 \u0219i a func\u021bionat ca atelier de crea\u021bie p\u00e2n\u0103 la moartea artistului \u00een 1960. Dup\u0103 aceast\u0103 dat\u0103, cl\u0103direa a fost folosit\u0103 ca depozit de materiale de construc\u021bii.\u00centre 1998\u20132000 cl\u0103direa a fost restaurat\u0103, \u0219i a fost \u00eenfiin\u021bat\u0103 Atelierul Memorial \u201eAurel Popp\u201d,\u2026","rel":"","context":"Similar post","block_context":{"text":"Similar post","link":""},"img":{"alt_text":"","src":"https:\/\/i0.wp.com\/muzeusm.ro\/wp-content\/uploads\/2024\/11\/image-1.png?resize=350%2C200&ssl=1","width":350,"height":200,"srcset":"https:\/\/i0.wp.com\/muzeusm.ro\/wp-content\/uploads\/2024\/11\/image-1.png?resize=350%2C200&ssl=1 1x, https:\/\/i0.wp.com\/muzeusm.ro\/wp-content\/uploads\/2024\/11\/image-1.png?resize=525%2C300&ssl=1 1.5x"},"classes":[]},{"id":15750,"url":"https:\/\/muzeusm.ro\/en\/biblioteca\/","url_meta":{"origin":18,"position":5},"title":"Bibliotec\u0103","author":"norbertlorincz","date":"6 November 2024","format":false,"excerpt":"{:ro} Despre bibliotec\u0103 \u00cen cadrul Muzeului Jude\u021bean Satu Mare func\u0163ioneaz\u0103 \u00eenc\u0103 de la \u00eenceputuri o bibliotec\u0103 documentar\u0103 \u015fi de specialitate num\u0103r\u00e2nd \u00een jur de 50.000 de volume. Partea documentar\u0103 cuprinde c\u0103r\u0163ile transferate muzeului din colec\u0163ia prefecturii vechiului comitat al S\u0103tmarului, o dona\u0163ie primit\u0103 din Fondul de Dublete ale Bibliotecii Academiei\u2026","rel":"","context":"Similar post","block_context":{"text":"Similar post","link":""},"img":{"alt_text":"","src":"","width":0,"height":0},"classes":[]}],"jetpack_sharing_enabled":true,"jetpack_shortlink":"https:\/\/wp.me\/PfvnyQ-i","_links":{"self":[{"href":"https:\/\/muzeusm.ro\/en\/wp-json\/wp\/v2\/pages\/18","targetHints":{"allow":["GET"]}}],"collection":[{"href":"https:\/\/muzeusm.ro\/en\/wp-json\/wp\/v2\/pages"}],"about":[{"href":"https:\/\/muzeusm.ro\/en\/wp-json\/wp\/v2\/types\/page"}],"author":[{"embeddable":true,"href":"https:\/\/muzeusm.ro\/en\/wp-json\/wp\/v2\/users\/245723483"}],"replies":[{"embeddable":true,"href":"https:\/\/muzeusm.ro\/en\/wp-json\/wp\/v2\/comments?post=18"}],"version-history":[{"count":105,"href":"https:\/\/muzeusm.ro\/en\/wp-json\/wp\/v2\/pages\/18\/revisions"}],"predecessor-version":[{"id":17310,"href":"https:\/\/muzeusm.ro\/en\/wp-json\/wp\/v2\/pages\/18\/revisions\/17310"}],"wp:attachment":[{"href":"https:\/\/muzeusm.ro\/en\/wp-json\/wp\/v2\/media?parent=18"}],"curies":[{"name":"wp","href":"https:\/\/api.w.org\/{rel}","templated":true}]}}