{"id":17194,"date":"2026-01-19T11:37:51","date_gmt":"2026-01-19T09:37:51","guid":{"rendered":"https:\/\/muzeusm.ro\/?page_id=17194"},"modified":"2026-01-20T12:55:44","modified_gmt":"2026-01-20T10:55:44","slug":"turist-in-satu-mare","status":"publish","type":"page","link":"https:\/\/muzeusm.ro\/en\/turist-in-satu-mare\/","title":{"rendered":"Turist \u00een Satu Mare"},"content":{"rendered":"\n<p class=\"has-text-align-center\"><strong>Oferta noastr\u0103 turistic\u0103 pentru c\u0103l\u0103torii pline de istorie \u0219i aventur\u0103! <\/strong><\/p>\n\n\n\n<div class=\"wp-block-buttons is-layout-flex wp-block-buttons-is-layout-flex\">\n<div class=\"wp-block-button has-custom-width wp-block-button__width-100\"><a class=\"wp-block-button__link wp-element-button\" href=\"https:\/\/muzeusm.ro\/history-escape-room\/\">History Escape Room &#8211; CAMER\u0103 de evadare<\/a><\/div>\n\n\n\n<div class=\"wp-block-button has-custom-width wp-block-button__width-100\"><a class=\"wp-block-button__link wp-element-button\" href=\"https:\/\/muzeusm.ro\/tururi-ghidate-in-satu-mare-si-carei\/\">Tururi istorice<\/a><\/div>\n\n\n\n<div class=\"wp-block-button has-custom-width wp-block-button__width-100\"><a class=\"wp-block-button__link wp-element-button\" href=\"https:\/\/muzeusm.ro\/expozitii-permanente\/\">Expozi\u021biile de Baz\u0103 ale Muzeului Jude\u021bean Satu mare <\/a><\/div>\n\n\n\n<div class=\"wp-block-button has-custom-width wp-block-button__width-100\"><a class=\"wp-block-button__link wp-element-button\" href=\"https:\/\/muzeusm.ro\/expozitia-muzeul-jocurilor-pe-calculator\/\">Muzeul Jocurilor pe Calculator<\/a><\/div>\n<\/div>\n\n\n\n<p><\/p>\n","protected":false},"excerpt":{"rendered":"<p>Oferta noastr\u0103 turistic\u0103 pentru c\u0103l\u0103torii pline de istorie \u0219i aventur\u0103!<\/p>\n","protected":false},"author":243833644,"featured_media":0,"parent":0,"menu_order":0,"comment_status":"closed","ping_status":"closed","template":"","meta":{"_coblocks_attr":"","_coblocks_dimensions":"","_coblocks_responsive_height":"","_coblocks_accordion_ie_support":"","advanced_seo_description":"","jetpack_seo_html_title":"","jetpack_seo_noindex":false,"jetpack_post_was_ever_published":false,"footnotes":""},"class_list":["post-17194","page","type-page","status-publish","hentry","entry"],"translation":{"provider":"WPGlobus","version":"3.0.1","language":"en","enabled_languages":["ro","hu","en"],"languages":{"ro":{"title":true,"content":true,"excerpt":false},"hu":{"title":false,"content":false,"excerpt":false},"en":{"title":false,"content":false,"excerpt":false}}},"jetpack_likes_enabled":true,"jetpack-related-posts":[{"id":16347,"url":"https:\/\/muzeusm.ro\/en\/activitati-la-obiective-turistice-din-judet\/","url_meta":{"origin":17194,"position":0},"title":"Activit\u0103\u021bi la obiective turistice din jude\u021b","author":"Kov\u00e1cs Zsolt","date":"24 February 2025","format":false,"excerpt":"16. Tir cu arcul la cuptoarele daciceDurata activit\u0103\u021bii: 2-3 oreLocul de desf\u0103\u0219urare: Cuptoarele dacice de la Medie\u0219u AuritPerioad\u0103: 01.04 \u2013 30.04.2025Activitatea este dedicat\u0103 grupurilor de elevi aflate \u00een excursie, organizate, care s\u0103 vin\u0103 la cuptoarele dacice din zon\u0103. Vom oferi tir cu arcul la cuptoarele dacice, vom sus\u021bine o scurt\u0103\u2026","rel":"","context":"Similar post","block_context":{"text":"Similar post","link":""},"img":{"alt_text":"","src":"","width":0,"height":0},"classes":[]},{"id":16356,"url":"https:\/\/muzeusm.ro\/en\/drumetii-excursii-tabere-de-vacanta\/","url_meta":{"origin":17194,"position":1},"title":"Drume\u021bii, excursii, tabere de vacan\u021b\u0103","author":"Kov\u00e1cs Zsolt","date":"24 February 2025","format":false,"excerpt":"20. Excursie de o zi \u201ePe urmele istoriei\u201d Excursia \u201ePe urmele istoriei\u201d cuprinde o vizit\u0103 ghidat\u0103 la Castelul K\u00e1rolyi din Carei \u0219i Situl Arheologic Bobald, activitate interactiv\u0103: tir cu arcul, s\u0103p\u0103turi arheologice, demonstra\u021bie cu detector de metale, jocuri \u00een aer liber.Durata activit\u0103\u021bii: aprox 4-6 hLocul de desf\u0103\u0219urare: Castelul K\u00e1rolyi Carei\u2026","rel":"","context":"Similar post","block_context":{"text":"Similar post","link":""},"img":{"alt_text":"","src":"https:\/\/i0.wp.com\/muzeusm.ro\/wp-content\/uploads\/2025\/02\/20-Pe-urmele-istoriei-plakat.jpg?resize=350%2C200&ssl=1","width":350,"height":200,"srcset":"https:\/\/i0.wp.com\/muzeusm.ro\/wp-content\/uploads\/2025\/02\/20-Pe-urmele-istoriei-plakat.jpg?resize=350%2C200&ssl=1 1x, https:\/\/i0.wp.com\/muzeusm.ro\/wp-content\/uploads\/2025\/02\/20-Pe-urmele-istoriei-plakat.jpg?resize=525%2C300&ssl=1 1.5x, https:\/\/i0.wp.com\/muzeusm.ro\/wp-content\/uploads\/2025\/02\/20-Pe-urmele-istoriei-plakat.jpg?resize=700%2C400&ssl=1 2x, https:\/\/i0.wp.com\/muzeusm.ro\/wp-content\/uploads\/2025\/02\/20-Pe-urmele-istoriei-plakat.jpg?resize=1050%2C600&ssl=1 3x"},"classes":[]},{"id":107,"url":"https:\/\/muzeusm.ro\/en\/biroul-de-turism-cultural\/","url_meta":{"origin":17194,"position":2},"title":"Biroul de Turism Cultural","author":"andreeaionetecu","date":"19 October 2021","format":false,"excerpt":"Biroul de Turism Cultural a fost \u00eenfiin\u021bat \u00een noiembrie 2020 \u00een cadrul Muzeului Jude\u021bean Satu Mare. Necesitatea era una foarte mare, deoarece poten\u021bialul cultural-turistic al jude\u021bului este unul foarte mare, fiind necesar\u0103 promovarea lui \u00eentr-un mod profesionist. Echipa Biroului de Turism Cultural Satu Mare Mihaela Grigorean - \u0219ef birou Andreea\u2026","rel":"","context":"Similar post","block_context":{"text":"Similar post","link":""},"img":{"alt_text":"","src":"https:\/\/i0.wp.com\/muzeusm.ro\/wp-content\/uploads\/2021\/10\/loggo-edit-01.png?resize=350%2C200&ssl=1","width":350,"height":200,"srcset":"https:\/\/i0.wp.com\/muzeusm.ro\/wp-content\/uploads\/2021\/10\/loggo-edit-01.png?resize=350%2C200&ssl=1 1x, https:\/\/i0.wp.com\/muzeusm.ro\/wp-content\/uploads\/2021\/10\/loggo-edit-01.png?resize=525%2C300&ssl=1 1.5x, https:\/\/i0.wp.com\/muzeusm.ro\/wp-content\/uploads\/2021\/10\/loggo-edit-01.png?resize=700%2C400&ssl=1 2x, https:\/\/i0.wp.com\/muzeusm.ro\/wp-content\/uploads\/2021\/10\/loggo-edit-01.png?resize=1050%2C600&ssl=1 3x, https:\/\/i0.wp.com\/muzeusm.ro\/wp-content\/uploads\/2021\/10\/loggo-edit-01.png?resize=1400%2C800&ssl=1 4x"},"classes":[]},{"id":552,"url":"https:\/\/muzeusm.ro\/en\/studii-si-comunicari\/","url_meta":{"origin":17194,"position":3},"title":"\u201eSatu Mare. Studii \u015fi Comunic\u0103ri\u201d","author":"norbertlorincz","date":"6 June 2022","format":false,"excerpt":"{:ro} Scurt Istoric \u201eSatu Mare. Studii \u0219i comunic\u0103ri\u201d Norme de redactare pentru revista \u201eSatu Mare. Studii \u0219i comunic\u0103ri\u201d Volume, ordine cronologic\u0103: 2012 Muzeul Jude\u021bean Satu Mare Facebook Instagram Contact muzeusm@gmail.com 0261735116 Adresa Vasile Lucaciu, 21 Satu MareRomania {:}{:en} Short Historic Overview \u201eSatu Mare. Studii \u0219i comunic\u0103ri\u201d Guidelines for authors (journal\u2026","rel":"","context":"Similar post","block_context":{"text":"Similar post","link":""},"img":{"alt_text":"","src":"https:\/\/i0.wp.com\/muzeusm.ro\/wp-content\/uploads\/2024\/04\/Studii-si-Comunicari-1969-scaled.jpg?resize=350%2C200&ssl=1","width":350,"height":200,"srcset":"https:\/\/i0.wp.com\/muzeusm.ro\/wp-content\/uploads\/2024\/04\/Studii-si-Comunicari-1969-scaled.jpg?resize=350%2C200&ssl=1 1x, https:\/\/i0.wp.com\/muzeusm.ro\/wp-content\/uploads\/2024\/04\/Studii-si-Comunicari-1969-scaled.jpg?resize=525%2C300&ssl=1 1.5x, https:\/\/i0.wp.com\/muzeusm.ro\/wp-content\/uploads\/2024\/04\/Studii-si-Comunicari-1969-scaled.jpg?resize=700%2C400&ssl=1 2x, https:\/\/i0.wp.com\/muzeusm.ro\/wp-content\/uploads\/2024\/04\/Studii-si-Comunicari-1969-scaled.jpg?resize=1050%2C600&ssl=1 3x, https:\/\/i0.wp.com\/muzeusm.ro\/wp-content\/uploads\/2024\/04\/Studii-si-Comunicari-1969-scaled.jpg?resize=1400%2C800&ssl=1 4x"},"classes":[]},{"id":62,"url":"https:\/\/muzeusm.ro\/en\/evenimente\/","url_meta":{"origin":17194,"position":4},"title":"Evenimente","author":"andreeaionetecu","date":"19 October 2021","format":false,"excerpt":"Lansare carte: \u201eDe la munte pe h\u0103moac\u0103. 100 de ani de la colonizarea mo\u021bilor\u201d Deschiderea festiv\u0103 a noilor expozi\u021bii de baz\u0103 Noaptea Muzeelor la Sate 2024 23 August 1944 - 80 de ani - Reper istoric Noblesse oblige! Muzee de la Sat - 30 Mai 2024 MUZEUL JUDE\u021aEAN SATU MARE\u2026","rel":"","context":"Similar post","block_context":{"text":"Similar post","link":""},"img":{"alt_text":"","src":"","width":0,"height":0},"classes":[]},{"id":16476,"url":"https:\/\/muzeusm.ro\/en\/14-mai-1970-55-de-ani-de-la-tragedie\/","url_meta":{"origin":17194,"position":5},"title":"14 Mai 1970 &#8211; 55 de ani de la tragedie","author":"norbertlorincz","date":"18 March 2025","format":false,"excerpt":"Tragedie \u0219i rena\u0219tere. Fe\u021be ale unei calamit\u0103\u021bi - inunda\u021bia din 14 mai 1970 \u00een Satu Mare Pusztul\u00e1s \u00e9s \u00fajj\u00e1sz\u00fclet\u00e9s. Egy csap\u00e1s t\u00f6bb arca \u2013 az 1970. m\u00e1jus 14-i szatm\u00e1ri \u00e1rv\u00edz Pentru a comemora 55 de ani de la evenimentele catastrofale din mai 1970, Sec\u021bia de Istorie a Muzeului Jude\u021bean Satu\u2026","rel":"","context":"Similar post","block_context":{"text":"Similar post","link":""},"img":{"alt_text":"","src":"https:\/\/i0.wp.com\/muzeusm.ro\/wp-content\/uploads\/2025\/05\/foto-3-e1588525706618.jpg?resize=350%2C200&ssl=1","width":350,"height":200,"srcset":"https:\/\/i0.wp.com\/muzeusm.ro\/wp-content\/uploads\/2025\/05\/foto-3-e1588525706618.jpg?resize=350%2C200&ssl=1 1x, https:\/\/i0.wp.com\/muzeusm.ro\/wp-content\/uploads\/2025\/05\/foto-3-e1588525706618.jpg?resize=525%2C300&ssl=1 1.5x, https:\/\/i0.wp.com\/muzeusm.ro\/wp-content\/uploads\/2025\/05\/foto-3-e1588525706618.jpg?resize=700%2C400&ssl=1 2x"},"classes":[]}],"jetpack_sharing_enabled":true,"jetpack_shortlink":"https:\/\/wp.me\/PfvnyQ-4tk","_links":{"self":[{"href":"https:\/\/muzeusm.ro\/en\/wp-json\/wp\/v2\/pages\/17194","targetHints":{"allow":["GET"]}}],"collection":[{"href":"https:\/\/muzeusm.ro\/en\/wp-json\/wp\/v2\/pages"}],"about":[{"href":"https:\/\/muzeusm.ro\/en\/wp-json\/wp\/v2\/types\/page"}],"author":[{"embeddable":true,"href":"https:\/\/muzeusm.ro\/en\/wp-json\/wp\/v2\/users\/243833644"}],"replies":[{"embeddable":true,"href":"https:\/\/muzeusm.ro\/en\/wp-json\/wp\/v2\/comments?post=17194"}],"version-history":[{"count":7,"href":"https:\/\/muzeusm.ro\/en\/wp-json\/wp\/v2\/pages\/17194\/revisions"}],"predecessor-version":[{"id":17225,"href":"https:\/\/muzeusm.ro\/en\/wp-json\/wp\/v2\/pages\/17194\/revisions\/17225"}],"wp:attachment":[{"href":"https:\/\/muzeusm.ro\/en\/wp-json\/wp\/v2\/media?parent=17194"}],"curies":[{"name":"wp","href":"https:\/\/api.w.org\/{rel}","templated":true}]}}