{"id":17090,"date":"2025-11-15T17:01:05","date_gmt":"2025-11-15T15:01:05","guid":{"rendered":"https:\/\/muzeusm.ro\/?page_id=17090"},"modified":"2025-11-24T11:44:13","modified_gmt":"2025-11-24T09:44:13","slug":"history-escape-room","status":"publish","type":"page","link":"https:\/\/muzeusm.ro\/en\/history-escape-room\/","title":{"rendered":"History Escape Room"},"content":{"rendered":"\n<p><strong><strong>The first romaniai escape room in a museum!\/Primul joc de evadare din Rom\u00e2nia \u00eentr-un muzeu!\/ Rom\u00e1nia els\u0151 m\u00fazeumi szabadul\u00f3szob\u00e1ja!<\/strong><\/strong><\/p>\n\n\n\n<figure class=\"wp-block-image size-large\"><img loading=\"lazy\" decoding=\"async\" width=\"1024\" height=\"576\" data-attachment-id=\"17085\" data-permalink=\"https:\/\/muzeusm.ro\/en\/469627961_907345558255516_2698275486756624331_n-2\/\" data-orig-file=\"https:\/\/muzeusm.ro\/wp-content\/uploads\/2025\/11\/469627961_907345558255516_2698275486756624331_n-edited.jpg\" data-orig-size=\"1625,914\" data-comments-opened=\"1\" data-image-meta=\"{&quot;aperture&quot;:&quot;0&quot;,&quot;credit&quot;:&quot;&quot;,&quot;camera&quot;:&quot;&quot;,&quot;caption&quot;:&quot;&quot;,&quot;created_timestamp&quot;:&quot;0&quot;,&quot;copyright&quot;:&quot;&quot;,&quot;focal_length&quot;:&quot;0&quot;,&quot;iso&quot;:&quot;0&quot;,&quot;shutter_speed&quot;:&quot;0&quot;,&quot;title&quot;:&quot;&quot;,&quot;orientation&quot;:&quot;0&quot;}\" data-image-title=\"469627961_907345558255516_2698275486756624331_n\" data-image-description=\"\" data-image-caption=\"\" data-medium-file=\"https:\/\/muzeusm.ro\/wp-content\/uploads\/2025\/11\/469627961_907345558255516_2698275486756624331_n-edited-300x169.jpg\" data-large-file=\"https:\/\/muzeusm.ro\/wp-content\/uploads\/2025\/11\/469627961_907345558255516_2698275486756624331_n-edited-1024x576.jpg\" src=\"https:\/\/muzeusm.ro\/wp-content\/uploads\/2025\/11\/469627961_907345558255516_2698275486756624331_n-edited-1024x576.jpg\" alt=\"\" class=\"wp-image-17085\" srcset=\"https:\/\/muzeusm.ro\/wp-content\/uploads\/2025\/11\/469627961_907345558255516_2698275486756624331_n-edited-1024x576.jpg 1024w, https:\/\/muzeusm.ro\/wp-content\/uploads\/2025\/11\/469627961_907345558255516_2698275486756624331_n-edited-300x169.jpg 300w, https:\/\/muzeusm.ro\/wp-content\/uploads\/2025\/11\/469627961_907345558255516_2698275486756624331_n-edited-768x432.jpg 768w, https:\/\/muzeusm.ro\/wp-content\/uploads\/2025\/11\/469627961_907345558255516_2698275486756624331_n-edited-1536x864.jpg 1536w, https:\/\/muzeusm.ro\/wp-content\/uploads\/2025\/11\/469627961_907345558255516_2698275486756624331_n-edited-1568x882.jpg 1568w, https:\/\/muzeusm.ro\/wp-content\/uploads\/2025\/11\/469627961_907345558255516_2698275486756624331_n-edited.jpg 1625w\" sizes=\"auto, (max-width: 1024px) 100vw, 1024px\" \/><\/figure>\n\n\n\n<p><strong>Camera de evadare e deschis\u0103 de luni p\u00e2n\u0103 vineri \u00een intervalul orar 9.00-18.00, ultima echip\u0103 \u00eentr\u00e2nd la ora 17.00! <\/strong>Pentru rezervare completa\u021bi formularul de mai jos! <\/p>\n\n\n\n<p>RO: Biroul P.C.R: Recomand\u0103m jocul peste 14 ani. Accept\u0103m grupuri de min. 3, max. 6 persoane, cel mai indicat este 4-5. Pre\u021bul biletelor este de 50 de RON adul\u021bi, 40 RON sub 18. ani.<br>HU: Biroul P.C.R: A j\u00e1t\u00e9kot 14 \u00e9v f\u00f6l\u00f6tt aj\u00e1nljuk. Min. 3, max. 6 szem\u00e9lyes csoportokat tudunk fogadni, javasoljuk a minimum 4 embert. Jegy\u00e1rak: Feln\u0151tteknek 50 RON, 18 \u00e9v alatt 40 RON.<br>EN: Biroul P.C.R: We recommend the game above the age of 15. We accept groups of min. 3, max. 6 people, the most suitable is 5. The ticket price is 50 RON for adults, 40 RON under 18 years.<\/p>\n\n\n\n<p><strong><em>Pentru informa\u021bii mai multe, promo\u021bii \u0219i rezervare accesa\u021bi pagina de Facebook a camerei de evadare:<\/em><\/strong> <a href=\"https:\/\/www.facebook.com\/historyescaperoom\"><em>https:\/\/www.facebook.com\/historyescaperoom<\/em><\/a><strong><em> <\/em><\/strong><\/p>\n\n\n\n<p><strong>\ud83d\udc49 <em>Tov\u00e1bbi inform\u00e1ci\u00f3k\u00e9rt, prom\u00f3ci\u00f3k\u00e9rt \u00e9s foglal\u00e1s\u00e9rt l\u00e1togasson el a szabadul\u00f3szoba Facebook-oldal\u00e1ra:<\/em> <a href=\"https:\/\/www.facebook.com\/historyescaperoom\">https:\/\/www.facebook.com\/historyescaperoom<\/a><\/strong><\/p>\n\n\n\n<p><strong>For more information, promotions, and reservations, visit the escape room\u2019s Facebook page:<br><\/strong>\ud83d\udc49 <a href=\"https:\/\/www.facebook.com\/historyescaperoom\">https:\/\/www.facebook.com\/historyescaperoom<\/a><\/p>\n\n\n\n<p><\/p>\n","protected":false},"excerpt":{"rendered":"<p>The first romaniai escape room in a museum!\/Primul joc de evadare din Rom\u00e2nia \u00eentr-un muzeu!\/ Rom\u00e1nia els\u0151 m\u00fazeumi szabadul\u00f3szob\u00e1ja! Camera de evadare e deschis\u0103 de luni p\u00e2n\u0103 vineri \u00een intervalul orar 9.00-18.00, ultima echip\u0103 \u00eentr\u00e2nd la ora 17.00! Pentru rezervare completa\u021bi formularul de mai jos! RO: Biroul P.C.R: Recomand\u0103m jocul peste 14 ani. Accept\u0103m grupuri<a class=\"more-link\" href=\"https:\/\/muzeusm.ro\/en\/history-escape-room\/\">Continue reading <span class=\"screen-reader-text\">&#8220;History Escape Room&#8221;<\/span><\/a><\/p>\n","protected":false},"author":245723488,"featured_media":0,"parent":0,"menu_order":0,"comment_status":"closed","ping_status":"closed","template":"","meta":{"_coblocks_attr":"","_coblocks_dimensions":"","_coblocks_responsive_height":"","_coblocks_accordion_ie_support":"","advanced_seo_description":"","jetpack_seo_html_title":"","jetpack_seo_noindex":false,"jetpack_post_was_ever_published":false,"footnotes":""},"class_list":["post-17090","page","type-page","status-publish","hentry","entry"],"translation":{"provider":"WPGlobus","version":"3.0.1","language":"en","enabled_languages":["ro","hu","en"],"languages":{"ro":{"title":true,"content":true,"excerpt":false},"hu":{"title":false,"content":false,"excerpt":false},"en":{"title":false,"content":false,"excerpt":false}}},"jetpack_likes_enabled":true,"jetpack-related-posts":[{"id":17083,"url":"https:\/\/muzeusm.ro\/en\/history-escape-room-muzeul-jud-satu-mare-szatmar-megyei-muzeum\/","url_meta":{"origin":17090,"position":0},"title":"History Escape Room","author":"Kov\u00e1cs Zsolt","date":"15 November 2025","format":false,"excerpt":"The first romaniai escape room in a museum!\/Primul joc de evadare din Rom\u00e2nia \u00eentr-un muzeu!\/ Rom\u00e1nia els\u0151 m\u00fazeumi szabadul\u00f3szob\u00e1ja! Camera de evadare e deschis\u0103 de luni p\u00e2n\u0103 vineri \u00een intervalul orar 9.00-18.00, ultima echip\u0103 \u00eentr\u00e2nd la ora 17.00! Pentru rezervare completa\u021bi formularul de mai jos! RO: Biroul P.C.R: Recomand\u0103m jocul\u2026","rel":"","context":"Similar post","block_context":{"text":"Similar post","link":""},"img":{"alt_text":"","src":"https:\/\/i0.wp.com\/muzeusm.ro\/wp-content\/uploads\/2025\/11\/469627961_907345558255516_2698275486756624331_n-edited.jpg?resize=350%2C200&ssl=1","width":350,"height":200,"srcset":"https:\/\/i0.wp.com\/muzeusm.ro\/wp-content\/uploads\/2025\/11\/469627961_907345558255516_2698275486756624331_n-edited.jpg?resize=350%2C200&ssl=1 1x, https:\/\/i0.wp.com\/muzeusm.ro\/wp-content\/uploads\/2025\/11\/469627961_907345558255516_2698275486756624331_n-edited.jpg?resize=525%2C300&ssl=1 1.5x, https:\/\/i0.wp.com\/muzeusm.ro\/wp-content\/uploads\/2025\/11\/469627961_907345558255516_2698275486756624331_n-edited.jpg?resize=700%2C400&ssl=1 2x, https:\/\/i0.wp.com\/muzeusm.ro\/wp-content\/uploads\/2025\/11\/469627961_907345558255516_2698275486756624331_n-edited.jpg?resize=1050%2C600&ssl=1 3x, https:\/\/i0.wp.com\/muzeusm.ro\/wp-content\/uploads\/2025\/11\/469627961_907345558255516_2698275486756624331_n-edited.jpg?resize=1400%2C800&ssl=1 4x"},"classes":[]},{"id":17194,"url":"https:\/\/muzeusm.ro\/en\/turist-in-satu-mare\/","url_meta":{"origin":17090,"position":1},"title":"Turist \u00een Satu Mare","author":"norbertlorincz","date":"19 January 2026","format":false,"excerpt":"Oferta noastr\u0103 turistic\u0103 pentru c\u0103l\u0103torii pline de istorie \u0219i aventur\u0103! History Escape Room - CAMER\u0103 de evadare Tururi istorice Expozi\u021biile de Baz\u0103 ale Muzeului Jude\u021bean Satu mare Muzeul Jocurilor pe Calculator","rel":"","context":"Similar post","block_context":{"text":"Similar post","link":""},"img":{"alt_text":"","src":"","width":0,"height":0},"classes":[]},{"id":16242,"url":"https:\/\/muzeusm.ro\/en\/educatie-muzeala\/","url_meta":{"origin":17090,"position":2},"title":"Educa\u021bie Muzeal\u0103","author":"Kov\u00e1cs Zsolt","date":"30 January 2025","format":false,"excerpt":"Activit\u0103\u021bi de educa\u021bie muzeal\u0103 pentru programul \u201e\u0218coala Altfel\u201d Activit\u0103\u021bi de educa\u021bie muzeal\u0103 pentru programul \u201eS\u0103pt\u0103m\u00e2na verde\u201d Activit\u0103\u021bi la Muzeul de Art\u0103 \u00a0Activit\u0103\u021bi la Muzeul Municipal Carei \u0219i Muzeul Or\u0103\u0219enesc T\u0103\u0219nad History Escape Room","rel":"","context":"Similar post","block_context":{"text":"Similar post","link":""},"img":{"alt_text":"","src":"","width":0,"height":0},"classes":[]},{"id":196,"url":"https:\/\/muzeusm.ro\/en\/casa-muzeu-tasnad\/","url_meta":{"origin":17090,"position":3},"title":"Casa Muzeu T\u0103\u0219nad","author":"andreeaionetecu","date":"20 October 2021","format":false,"excerpt":"{:ro} Casa \u021b\u0103r\u0103neasc\u0103 specific\u0103 zonei s\u0103tm\u0103rene de c\u00e2mpie este compus\u0103 din tind\u0103, camera din f\u00e2\u021b\u0103 (sau camera curat\u0103) \u0219i camera de locuit, urmat\u0103 de camer\u0103 \u0219i buc\u0103t\u0103ria de var\u0103. Casa a fost str\u0103mutat\u0103 din localitatea S\u00e2nmicl\u0103u\u0219 \u0219i se din 1903. \u00cen prima \u00eenc\u0103pere este amenajat\u0103 un interior tradi\u021bional, majoritatea obiectelor\u2026","rel":"","context":"Similar post","block_context":{"text":"Similar post","link":""},"img":{"alt_text":"","src":"https:\/\/i0.wp.com\/muzeusm.ro\/wp-content\/uploads\/2022\/03\/tasnad-casa-muzeu-2.jpg?resize=350%2C200&ssl=1","width":350,"height":200,"srcset":"https:\/\/i0.wp.com\/muzeusm.ro\/wp-content\/uploads\/2022\/03\/tasnad-casa-muzeu-2.jpg?resize=350%2C200&ssl=1 1x, https:\/\/i0.wp.com\/muzeusm.ro\/wp-content\/uploads\/2022\/03\/tasnad-casa-muzeu-2.jpg?resize=525%2C300&ssl=1 1.5x, https:\/\/i0.wp.com\/muzeusm.ro\/wp-content\/uploads\/2022\/03\/tasnad-casa-muzeu-2.jpg?resize=700%2C400&ssl=1 2x, https:\/\/i0.wp.com\/muzeusm.ro\/wp-content\/uploads\/2022\/03\/tasnad-casa-muzeu-2.jpg?resize=1050%2C600&ssl=1 3x, https:\/\/i0.wp.com\/muzeusm.ro\/wp-content\/uploads\/2022\/03\/tasnad-casa-muzeu-2.jpg?resize=1400%2C800&ssl=1 4x"},"classes":[]},{"id":181,"url":"https:\/\/muzeusm.ro\/en\/muzeul-orasenesc-tasnad\/","url_meta":{"origin":17090,"position":4},"title":"Muzeul Or\u0103\u0219enesc T\u0103\u0219nad","author":"andreeaionetecu","date":"20 October 2021","format":false,"excerpt":"{:ro} Este g\u0103zduit de conacul nobiliar Cserey-Fischer, aflat \u00een parcul din centrul localit\u0103\u021bii \u0219i dat\u00e2nd din anul 1771. Expozi\u021bia permanent\u0103 prezint\u0103 vestigii arheologice descoperite pe raza localit\u0103\u021bii, obiectecare ilustreaz\u0103 istoria \u0219i arta popular\u0103 local\u0103. Expozi\u021bia se remarc\u0103 \u00eendeosebi prin bogata colec\u021bie ce ilustreaz\u0103 activitatea breslelor \u0219i ame\u0219te\u0219ugarilor din localitate. Program:\u2026","rel":"","context":"Similar post","block_context":{"text":"Similar post","link":""},"img":{"alt_text":"","src":"https:\/\/i0.wp.com\/muzeusm.ro\/wp-content\/uploads\/2025\/01\/Screenshot-2025-01-27-084622.png?resize=350%2C200&ssl=1","width":350,"height":200,"srcset":"https:\/\/i0.wp.com\/muzeusm.ro\/wp-content\/uploads\/2025\/01\/Screenshot-2025-01-27-084622.png?resize=350%2C200&ssl=1 1x, https:\/\/i0.wp.com\/muzeusm.ro\/wp-content\/uploads\/2025\/01\/Screenshot-2025-01-27-084622.png?resize=525%2C300&ssl=1 1.5x, https:\/\/i0.wp.com\/muzeusm.ro\/wp-content\/uploads\/2025\/01\/Screenshot-2025-01-27-084622.png?resize=700%2C400&ssl=1 2x, https:\/\/i0.wp.com\/muzeusm.ro\/wp-content\/uploads\/2025\/01\/Screenshot-2025-01-27-084622.png?resize=1050%2C600&ssl=1 3x, https:\/\/i0.wp.com\/muzeusm.ro\/wp-content\/uploads\/2025\/01\/Screenshot-2025-01-27-084622.png?resize=1400%2C800&ssl=1 4x"},"classes":[]},{"id":200,"url":"https:\/\/muzeusm.ro\/en\/atelierul-memorial-paul-i-erdos-satu-mare\/","url_meta":{"origin":17090,"position":5},"title":"Atelierul Memorial Paul I. Erd\u0151s, Satu Mare","author":"andreeaionetecu","date":"20 October 2021","format":false,"excerpt":"{:ro} Atelierul-galerie ce g\u0103zduie\u0219te dona\u021bia graficianului Paul Erd\u0151s (1916-1987) a fost \u00eenfiin\u021bat \u00een anul 1986, din anul 1996 func\u021bion\u00e2nd \u00een cadrul re\u021belei muzeale. \u00cen atelierul de la etaj sunt expuse lucr\u0103ri depictur\u0103, plastic\u0103, grafic\u0103, fotografii, c\u0103r\u021bi, documente, obiecte personale, mobilier apar\u021bin\u00e2nd artistului, iar la parter este amenajat\u0103 un spa\u021biu pentru\u2026","rel":"","context":"Similar post","block_context":{"text":"Similar post","link":""},"img":{"alt_text":"","src":"https:\/\/i0.wp.com\/muzeusm.ro\/wp-content\/uploads\/2024\/11\/image.png?resize=350%2C200&ssl=1","width":350,"height":200},"classes":[]}],"jetpack_sharing_enabled":true,"jetpack_shortlink":"https:\/\/wp.me\/PfvnyQ-4rE","_links":{"self":[{"href":"https:\/\/muzeusm.ro\/en\/wp-json\/wp\/v2\/pages\/17090","targetHints":{"allow":["GET"]}}],"collection":[{"href":"https:\/\/muzeusm.ro\/en\/wp-json\/wp\/v2\/pages"}],"about":[{"href":"https:\/\/muzeusm.ro\/en\/wp-json\/wp\/v2\/types\/page"}],"author":[{"embeddable":true,"href":"https:\/\/muzeusm.ro\/en\/wp-json\/wp\/v2\/users\/245723488"}],"replies":[{"embeddable":true,"href":"https:\/\/muzeusm.ro\/en\/wp-json\/wp\/v2\/comments?post=17090"}],"version-history":[{"count":5,"href":"https:\/\/muzeusm.ro\/en\/wp-json\/wp\/v2\/pages\/17090\/revisions"}],"predecessor-version":[{"id":17122,"href":"https:\/\/muzeusm.ro\/en\/wp-json\/wp\/v2\/pages\/17090\/revisions\/17122"}],"wp:attachment":[{"href":"https:\/\/muzeusm.ro\/en\/wp-json\/wp\/v2\/media?parent=17090"}],"curies":[{"name":"wp","href":"https:\/\/api.w.org\/{rel}","templated":true}]}}