{"id":16437,"date":"2025-03-07T09:42:47","date_gmt":"2025-03-07T07:42:47","guid":{"rendered":"https:\/\/muzeusm.ro\/?page_id=16437"},"modified":"2025-03-07T09:51:06","modified_gmt":"2025-03-07T07:51:06","slug":"buget-si-documente-financiare","status":"publish","type":"page","link":"https:\/\/muzeusm.ro\/en\/buget-si-documente-financiare\/","title":{"rendered":"Buget \u0219i documente financiare"},"content":{"rendered":"\n<ul style=\"font-weight:normal;text-transform:capitalize;letter-spacing:3px;font-size:25px\" class=\"wp-block-list is-style-checkbox coblocks-animate has-custom-weight has-custom-transform has-custom-letterspacing\" data-coblocks-animation=\"slideInLeft\">\n<li><a href=\"https:\/\/muzeusm.ro\/buget\/\">Buget<\/a> <\/li>\n\n\n\n<li><a href=\"https:\/\/muzeusm.ro\/documente-de-finantare\/\">Documente de finan\u021bare<\/a> <\/li>\n<\/ul>\n\n\n\n<p><\/p>\n","protected":false},"excerpt":{"rendered":"","protected":false},"author":243833644,"featured_media":0,"parent":0,"menu_order":0,"comment_status":"closed","ping_status":"closed","template":"","meta":{"_coblocks_attr":"YrsaArial,","_coblocks_dimensions":"","_coblocks_responsive_height":"","_coblocks_accordion_ie_support":"","advanced_seo_description":"","jetpack_seo_html_title":"","jetpack_seo_noindex":false,"jetpack_post_was_ever_published":false,"footnotes":""},"class_list":["post-16437","page","type-page","status-publish","hentry","entry"],"translation":{"provider":"WPGlobus","version":"3.0.1","language":"en","enabled_languages":["ro","hu","en"],"languages":{"ro":{"title":true,"content":true,"excerpt":false},"hu":{"title":false,"content":false,"excerpt":false},"en":{"title":false,"content":false,"excerpt":false}}},"jetpack_likes_enabled":true,"jetpack-related-posts":[{"id":16430,"url":"https:\/\/muzeusm.ro\/en\/buget-documente-financiare\/","url_meta":{"origin":16437,"position":0},"title":"BUGET &amp; DOCUMENTE FINANCIARE","author":"Pop Daniela","date":"6 March 2025","format":false,"excerpt":"","rel":"","context":"Similar post","block_context":{"text":"Similar post","link":""},"img":{"alt_text":"","src":"","width":0,"height":0},"classes":[]},{"id":89,"url":"https:\/\/muzeusm.ro\/en\/informatii-de-interes-public\/","url_meta":{"origin":16437,"position":1},"title":"Informa\u021bii de interes public","author":"andreeaionetecu","date":"19 October 2021","format":false,"excerpt":"{:ro} Anun\u021buri Achizi\u021bii publice Buget & Documente financiare Concursuri Declara\u021bii de avere \u0218I INTERESE peti\u021bii online Muzeul Jude\u021bean Satu Mare Facebook Instagram Contact muzeusm@gmail.com 0261735116 Adresa Vasile Lucaciu, 21 Satu MareRomania Anunt selectie dosare concurs ingrijitor Anunt selectie dosare concurs ingrijitorDescarc\u0103 {:}{:hu} K\u00f6zbeszerz\u00e9s Karrier lehet\u0151s\u00e9g Vagyon \u00e9s felel\u0151s\u00e9g nyilatkozatok K\u00f6zlem\u00e9nyek\u2026","rel":"","context":"Similar post","block_context":{"text":"Similar post","link":""},"img":{"alt_text":"","src":"","width":0,"height":0},"classes":[]},{"id":14438,"url":"https:\/\/muzeusm.ro\/en\/proiecte\/easydoor-easing-access-to-systemic-discovery-of-our-origins-and-resources\/","url_meta":{"origin":16437,"position":2},"title":"EASYDOOR \u2013 EASING ACCESS TO SYSTEMIC DISCOVERY OF OUR ORIGINS AND RESOURCES","author":"norbertlorincz","date":"3 July 2024","format":false,"excerpt":"Unitatea Administrativ-Teritorial\u0103 Jude\u0163ul Satu Mare implementeaz\u0103 proiectul\u00a0Easing Access to Systemic Discovery of Our Origins and Resources \u2013 Easydoor,\u00a0Cod proiect ROHU-456, finan\u0163at \u00een cadrul PROGRAMULUI INTERREG V-A ROM\u00c2NIA \u2013 UNGARIA. Proiectul Easydoor este implementat \u00eentr-un cerc partenerial transfrontalier format din: \u2013 Autoguvernarea Jude\u0163ului Szabolcs-Szatm\u00e1r-Bereg (Szabolcs-Szatm\u00e1r-Bereg Megyei \u00d6nkorm\u00e1nyzat) \u2013 partener lider de\u2026","rel":"","context":"Similar post","block_context":{"text":"Similar post","link":""},"img":{"alt_text":"","src":"","width":0,"height":0},"classes":[]},{"id":16447,"url":"https:\/\/muzeusm.ro\/en\/documente-de-finantare\/","url_meta":{"origin":16437,"position":3},"title":"Documente de finan\u021bare","author":"norbertlorincz","date":"7 March 2025","format":false,"excerpt":"","rel":"","context":"Similar post","block_context":{"text":"Similar post","link":""},"img":{"alt_text":"","src":"","width":0,"height":0},"classes":[]},{"id":16445,"url":"https:\/\/muzeusm.ro\/en\/buget\/","url_meta":{"origin":16437,"position":4},"title":"Buget","author":"norbertlorincz","date":"7 March 2025","format":false,"excerpt":"BUGET INITIAL 2025 MUZEUL JUDETEAN SATU MARE: Bugetul initial 2025Descarc\u0103 EXECUTIE BUGET SI ANGAJAMENTE BUGETARE TRIM I 2025 Executie-angajamente bugetare Trim I 2025Descarc\u0103 Raport executie bugetara -plati Trim I 2025Descarc\u0103 Exexcutie bugetara Trim.I.2025 Executie-angajamente bugetare Trim I 2025Descarc\u0103 Plan de achizitii muzeu 2025 buget initial Plan de achizitii publice 2025Descarc\u0103\u2026","rel":"","context":"Similar post","block_context":{"text":"Similar post","link":""},"img":{"alt_text":"","src":"","width":0,"height":0},"classes":[]},{"id":184,"url":"https:\/\/muzeusm.ro\/en\/complex-memorial-ady-endre\/","url_meta":{"origin":16437,"position":5},"title":"Complex Memorial Ady Endre","author":"andreeaionetecu","date":"20 October 2021","format":false,"excerpt":"{:ro} Complexul Memorial Ady Endre din Satu Mare. Muzee de la satComplexul Memorial Ady Endre din Satu Mare. Muzee de la satComplexul Memorial Ady Endre din Satu Mare. Muzee de la satComplexul Memorial Ady Endre din Satu Mare. Muzee de la satComplexul Memorial Ady Endre din Satu Mare. Muzee de\u2026","rel":"","context":"Similar post","block_context":{"text":"Similar post","link":""},"img":{"alt_text":"","src":"https:\/\/i0.wp.com\/muzeusm.ro\/wp-content\/uploads\/2021\/12\/img_5513.jpeg?resize=350%2C200&ssl=1","width":350,"height":200,"srcset":"https:\/\/i0.wp.com\/muzeusm.ro\/wp-content\/uploads\/2021\/12\/img_5513.jpeg?resize=350%2C200&ssl=1 1x, https:\/\/i0.wp.com\/muzeusm.ro\/wp-content\/uploads\/2021\/12\/img_5513.jpeg?resize=525%2C300&ssl=1 1.5x, https:\/\/i0.wp.com\/muzeusm.ro\/wp-content\/uploads\/2021\/12\/img_5513.jpeg?resize=700%2C400&ssl=1 2x, https:\/\/i0.wp.com\/muzeusm.ro\/wp-content\/uploads\/2021\/12\/img_5513.jpeg?resize=1050%2C600&ssl=1 3x, https:\/\/i0.wp.com\/muzeusm.ro\/wp-content\/uploads\/2021\/12\/img_5513.jpeg?resize=1400%2C800&ssl=1 4x"},"classes":[]}],"jetpack_sharing_enabled":true,"jetpack_shortlink":"https:\/\/wp.me\/PfvnyQ-4h7","_links":{"self":[{"href":"https:\/\/muzeusm.ro\/en\/wp-json\/wp\/v2\/pages\/16437","targetHints":{"allow":["GET"]}}],"collection":[{"href":"https:\/\/muzeusm.ro\/en\/wp-json\/wp\/v2\/pages"}],"about":[{"href":"https:\/\/muzeusm.ro\/en\/wp-json\/wp\/v2\/types\/page"}],"author":[{"embeddable":true,"href":"https:\/\/muzeusm.ro\/en\/wp-json\/wp\/v2\/users\/243833644"}],"replies":[{"embeddable":true,"href":"https:\/\/muzeusm.ro\/en\/wp-json\/wp\/v2\/comments?post=16437"}],"version-history":[{"count":5,"href":"https:\/\/muzeusm.ro\/en\/wp-json\/wp\/v2\/pages\/16437\/revisions"}],"predecessor-version":[{"id":16450,"href":"https:\/\/muzeusm.ro\/en\/wp-json\/wp\/v2\/pages\/16437\/revisions\/16450"}],"wp:attachment":[{"href":"https:\/\/muzeusm.ro\/en\/wp-json\/wp\/v2\/media?parent=16437"}],"curies":[{"name":"wp","href":"https:\/\/api.w.org\/{rel}","templated":true}]}}