{"id":16364,"date":"2025-02-24T09:48:05","date_gmt":"2025-02-24T07:48:05","guid":{"rendered":"https:\/\/muzeusm.ro\/?page_id=16364"},"modified":"2025-10-08T12:10:10","modified_gmt":"2025-10-08T09:10:10","slug":"activitati-la-muzeul-de-arta","status":"publish","type":"page","link":"https:\/\/muzeusm.ro\/en\/activitati-la-muzeul-de-arta\/","title":{"rendered":"Activit\u0103\u021bi la Muzeul de Art\u0103"},"content":{"rendered":"\n<ol class=\"wp-block-list\">\n<li><strong>Tablou construit cu tehnica puzzle.<\/strong><\/li>\n<\/ol>\n\n\n\n<p>Durata activit\u0103\u021bii: 1 h<br>Locul desf\u0103\u0219ur\u0103rii: Muzeul de Art\u0103 (Pia\u021ba Libert\u0103\u021bii 21).<br>Vom alege c\u00e2teva lucr\u0103ri din patrimoniul Muzeului, care la r\u00e2ndul&nbsp;lor vor fi printate \u0219i t\u0103iate \u00een diferite forme, iar elevii vor construi un puzzle.<br>Nivel de v\u00e2rst\u0103: I-IV.<br>Obiective specifice:<\/p>\n\n\n\n<ul class=\"wp-block-list\">\n<li>Dezvoltarea spiritului de observa\u021bie \u0219i a abilit\u0103\u021bilor practice<\/li>\n<\/ul>\n\n\n\n<p><a>Perioada &#8211; Octombrie 2025<\/a>.<br><a>Coordonatori: Elisabeta Talpos, Andrea D\u0103nu\u021b Her\u021beg, Cr\u0103\u021b Otilia<\/a><br>Telefon 0770369783.<br>Pre\u021b bilet 10 lei<\/p>\n\n\n\n<p><strong>2. Felicit\u0103ri din lucr\u0103rile marilor arti\u0219ti plastici.<\/strong><\/p>\n\n\n\n<p>Durata activit\u0103\u021bii 1h<br>Pentru cunoa\u0219terea \u0219i promovarea arti\u0219tilor plastici s\u0103tm\u0103reni, vom alege \u0219i vom crea felicit\u0103ri.&nbsp;<br>Nivel de v\u00e2rst\u0103: clasele 0-VIII.<br>Obiective specifice:<\/p>\n\n\n\n<ul class=\"wp-block-list\">\n<li>Cunoa\u0219terea \u0219i aprecierea lucr\u0103rilor marilor arti\u0219ti plastici s\u0103tm\u0103reni<\/li>\n\n\n\n<li>Dezvoltarea creativit\u0103\u021bii \u0219i a exprim\u0103rii artistice personale prin realizarea de felicit\u0103ri inspirate din aceste lucr\u0103ri.<\/li>\n\n\n\n<li>Coordonatori: Elisabeta Talpos, Andrea D\u0103nu\u021b Her\u021beg- telefon 0770369783. Perioada: Octombrie 2025.<\/li>\n<\/ul>\n\n\n\n<p>Pre\u021b bilet 10 lei.<\/p>\n\n\n\n<p><strong>3.Mini curs de grafic\u0103.<\/strong><\/p>\n\n\n\n<p>Durata activit\u0103\u021bii 2 h x 3 zile.<br>Locul desf\u0103\u0219ur\u0103rii: Muzeul de Art\u0103 (Pia\u021ba Libert\u0103\u021bii 21).<br>Mini curs de grafic\u0103. Maxim 15 elevi.&nbsp;Prezentarea marelui artist grafician Paul Erd\u0151s.&nbsp;<br>Nivel de v\u00e2rst\u0103: clasele V-VIII.<br>Obiective specifice:<\/p>\n\n\n\n<ul class=\"wp-block-list\">\n<li>Dezvoltarea abilit\u0103\u021bilor artistice prin ini\u021bierea elevilor \u00een tehnica graficii cu creion \u0219i c\u0103rbune pe \u0219evalet.<\/li>\n<\/ul>\n\n\n\n<p>Perioada &#8211; Noiembrie 2025.<br>Pre\u021b bilet: 50 lei.<\/p>\n\n\n\n<ul class=\"wp-block-list\">\n<li><strong>4. \u201eCurcubeul vessel\u201d<\/strong><\/li>\n<\/ul>\n\n\n\n<p>Durata activit\u0103\u021bii: 2 ore<br>Locul desf\u0103\u0219ur\u0103rii: Muzeul de Art\u0103 (Pia\u021ba Libert\u0103\u021bii 21).<br>Copii vor picta curcubeul \u0219i vor explica semnifica\u021bia lui.<br>Nivel de v\u00e2rst\u0103: clasele I-IV<br>Obiective specifice:<\/p>\n\n\n\n<ul class=\"wp-block-list\">\n<li>Dezvoltarea abilit\u0103\u021bilor artistice prin ini\u021bierea elevilor \u00een tehnica picturii \u0219i semnifica\u021bia \u0219i importan\u021ba curcubeului<\/li>\n\n\n\n<li>Coordonatori: Elisabeta Talpos, Andrea D\u0103nu\u021b Her\u021beg- telefon 0770369783.<\/li>\n<\/ul>\n\n\n\n<p>Pre\u021b bilet: 10 lei pe persoan\u0103.<\/p>\n\n\n\n<ul class=\"wp-block-list\">\n<li><strong>5. \u201eImpresionismul \u00een peisaje s\u0103tm\u0103rene\u201d<\/strong><\/li>\n<\/ul>\n\n\n\n<p>Locul de desf\u0103\u0219urare: Muzeul de Art\u0103 &#8211; Expozi\u021bia permanent\u0103 Aurel Popp<br>Durata activit\u0103\u021bii: 1 h<br>Activitate de educa\u021bie muzeal\u0103 pentru ambele programe \u0219colare const\u00e2nd \u00eentr-o activitate interactiv\u0103 \u00een care se prezint\u0103 impresionismul ca tendin\u021b\u0103 \u00een arta s\u0103tm\u0103rean\u0103.<br>Nivel de v\u00e2rst\u0103: clasele VI \u2013 XII<\/p>\n\n\n\n<p>Obiective specifice:<\/p>\n\n\n\n<ul class=\"wp-block-list\">\n<li>cunoa\u0219terea arti\u0219tilor plastici s\u0103tm\u0103reni;<\/li>\n\n\n\n<li>\u00eenv\u0103\u021barea elementelor ce definesc peisajul s\u0103tm\u0103rean;<\/li>\n<\/ul>\n\n\n\n<p>Coordonatori: Fetyk\u00f3 Erika, Polg\u00e1r Alexandru<br>Persoan\u0103 de contact: Fetyk\u00f3 Erika: 0741422056<br>Pre\u021b bilet: 10 ron<\/p>\n\n\n\n<p><strong>Impresszionizmus a szatm<\/strong><strong>\u00e1ri t\u00e1jk\u00e9pfest\u00e9szetben.<\/strong><\/p>\n\n\n\n<p>Helysz\u00edn: M\u0171v\u00e9szeti M\u00fazeum, Popp Aur\u00e9l \u00e1lland\u00f3 ki\u00e1ll\u00edt\u00e1s<br>Id\u0151tartam: 1h<br>M\u00fazeumpedag\u00f3giai tev\u00e9kenys\u00e9g, amelyben az impresszionizmus ker\u00fcl bemutat\u00e1sra a szatm\u00e1ri m\u0171v\u00e9szet t\u00fckr\u00e9ben.<br>C\u00e9lcsoport: VI-XII. oszt\u00e1lyos tanul\u00f3knak<br>Koordin\u00e1tor: Fetyk\u00f3 Erika, Polg\u00e1r Alexandru<br>Kapcsolattart\u00f3: Fetyk\u00f3 Erika : 0741422056<br>Jegy\u00e1r: 10 RON<\/p>\n\n\n\n<p><strong>6. <a>\u00cen lumea artistului Aurel Popp \u0219i a picturii moderne<\/a><\/strong> &nbsp;<\/p>\n\n\n\n<p>Locul de desf\u0103\u0219urare: Muzeul de Art\u0103 &#8211; Expozi\u021bia permanent\u0103 Aurel Popp<br>Durata activit\u0103\u021bii: 1,5 h<br>Vizit\u0103 \u0219i activitate cu jocuri interactive pe echipe \u00een expozi\u021bia permanent\u0103 Aurel Popp<br>Nivel de v\u00e2rst\u0103: clasele VI-XII<\/p>\n\n\n\n<p>Obiective specifice:<\/p>\n\n\n\n<ul class=\"wp-block-list\">\n<li>Stimularea colabor\u0103rii \u0219i a \u00eenv\u0103\u021b\u0103rii \u00een cadrul educa\u021biei non-formale<\/li>\n<\/ul>\n\n\n\n<p>Coordonatori: \u00c1gota M\u00e1rk-Nagy, educator muzeal, Fetyk\u00f3 Erika, istoric de art\u0103<br>Persoan\u0103 de contact: \u00c1gota M\u00e1rk-Nagy : 0723617126&nbsp;<br>Pre\u021b bilet: 10 ron<\/p>\n\n\n\n<p><strong>Barangol\u00e1s Popp Aur\u00e9l fest\u0151m\u0171v\u00e9sz \u00e9s&nbsp; a modern fest\u00e9szet vil\u00e1g\u00e1ban<\/strong><\/p>\n\n\n\n<p>L\u00e1togat\u00e1s \u00e9s interakt\u00edv csoportmunka Popp Aur\u00e9l fest\u0151m\u0171v\u00e9sz ki\u00e1ll\u00edt\u00e1s\u00e1ban<br>Aj\u00e1nlott koroszt\u00e1ly: &nbsp;VI-XII oszt\u00e1ly<br>Id\u0151tartam: 1, 5 h<br>Id\u0151pontfoglal\u00e1s:&nbsp; M\u00e1rk-Nagy \u00c1gota, m\u00fazeumpedag\u00f3gus, 0723617126<br>Fetyk\u00f3 Erika, m\u0171v\u00e9szett\u00f6rt\u00e9n\u00e9sz, 0741422056<br>Jegy\u00e1r: 10 lei<\/p>\n\n\n\n<p><strong>7<\/strong>.<a><strong> \u00cent\u00e2lnire cu \u201cMonstrul de culori\u201d<\/strong><\/a><\/p>\n\n\n\n<p>Atelier creativ despre semnifica\u021bia culorilor \u00een art\u0103<br>Recomandat elevilor cls. II-VI<br>Durata: 1, 5 h<br>Nivel de v\u00e2rst\u0103: clasele V-XII<br>Obiective specifice:<\/p>\n\n\n\n<ul class=\"wp-block-list\">\n<li>Stimularea colabor\u0103rii \u0219i a \u00eenv\u0103\u021b\u0103rii \u00een cadrul educa\u021biei non-formale<\/li>\n<\/ul>\n\n\n\n<p>Program\u0103ri: \u00c1gota M\u00e1rk-Nagy, educator muzeal, 0723617126,<br>Erika Fetyk\u00f3, istoric de art\u0103, 0741422056.<br>Pre\u021b: 10 lei<\/p>\n\n\n\n<p><a><strong>Tal\u00e1lkoz\u00e1s a \u201eSz\u00ednsz\u00f6rnnyel\u201d<\/strong><\/a><\/p>\n\n\n\n<p>Kreat\u00edv m\u0171helymunka a sz\u00ednek jelent\u00e9s\u00e9r\u0151l a m\u0171v\u00e9szetben<br>Aj\u00e1nlott koroszt\u00e1ly: II-VI oszt\u00e1ly<br>Id\u0151tartam: 1, 5 h<br>Id\u0151pontfoglal\u00e1s:&nbsp; M\u00e1rk-Nagy \u00c1gota, m\u00fazeumpedag\u00f3gus, 0723617126<br>Fetyk\u00f3 Erika, m\u0171v\u00e9szett\u00f6rt\u00e9n\u00e9sz, 0741422056<br>Jegy\u00e1r: 10 lei<\/p>\n\n\n\n<p><strong>8.<\/strong><a><strong> Prin Centrul S\u0103tmarului: Patrimoniu povestit<\/strong><\/a><\/p>\n\n\n\n<p>Tur ghidat prin care vom cunoa\u0219te cl\u0103dirile cele mai frumoase \u0219i mai importante din Centrul vechi al ora\u0219ului, \u00eempreun\u0103 cu via\u021ba de fiecare zi&nbsp; a locuitorilor pe timp de pace sau r\u0103zboi.<br>Nivel de v\u00e2rst\u0103: clasele V-XII<br>Obiective specifice:<\/p>\n\n\n\n<ul class=\"wp-block-list\">\n<li>Stimularea colabor\u0103rii \u0219i a \u00eenv\u0103\u021b\u0103rii \u00een cadrul educa\u021biei non-formale<\/li>\n<\/ul>\n\n\n\n<p>Durata: 1, 5 h<br>Program\u0103ri: \u00c1gota M\u00e1rk-Nagy, educator muzeal, 0723617126.<br>Pre\u021b: 10 lei<\/p>\n\n\n\n<p><strong>Mes\u00e9l\u0151 \u00f6r\u00f6ks\u00e9g Szatm\u00e1r belv\u00e1ros\u00e1ban<\/strong><\/p>\n\n\n\n<p>Vezetett s\u00e9ta Szatm\u00e1r r\u00e9gi k\u00f6zpontj\u00e1ban a legszebb \u00e9s legfontosabb \u00e9p\u00fcletek k\u00f6z\u00f6tt, melyek a v\u00e1ros lak\u00f3inak t\u00f6rt\u00e9net\u00e9t hordozz\u00e1k b\u00e9k\u00e9s \u00e9s h\u00e1bor\u00fas id\u0151kb\u0151l egyar\u00e1nt.<\/p>\n\n\n\n<p><br>Aj\u00e1nlott koroszt\u00e1ly: V-XII oszt\u00e1ly<br>Id\u0151tartam: 1, 5 h<br>Id\u0151pontfoglal\u00e1s:&nbsp; M\u00e1rk-Nagy \u00c1gota, m\u00fazeumpedag\u00f3gus, 0723617126.<br>Jegy\u00e1r: 10 lei<\/p>\n\n\n\n<p>9. <strong>Natura \u00een lucr\u0103rile marilor arti\u0219ti plastici afla\u021bi \u00een Colec\u021bia de Art\u0103 a Muzeului Jude\u021bean Satu Mare \u2013 Prezentare power point<br><\/strong>Durata activit\u0103\u021bii: 1 h<br>Locul desf\u0103\u0219ur\u0103rii: Muzeul de Art\u0103 (Pia\u021ba Libert\u0103\u021bii nr. 21)<br>Activitatea este dedicat\u0103 acelor arti\u0219ti plastici, care surprind in lucr\u0103rile lor natura \u0219i trec prin filtrul personal ipostazele prin care aceasta se relev\u0103 privitorului.<br>Nivel de v\u00e2rst\u0103: clasele V-VIII.<br>Obiective specifice:<br>cuno\u0219terea unora dintre cele mai valoroase lucr\u0103ri ale pictorilor s\u0103tm\u0103reni \u0219i nu numai, \u00eentr-un exercitiu interactiv<a><br>Coordonatori: Elisabeta Talpo\u0219 &#8211; 0770369783 \u0219i Andrea D\u0103nu\u021b &#8211; Her\u021beg.<\/a><br>Pre\u021b bilet =: 10lei<br><br><strong>10. \u201eCopacul prietenul meu\u201d<br><\/strong>Durata activit\u0103\u021bii: 1 h<br>Locul desf\u0103\u0219ur\u0103rii: Muzeul de Art\u0103(Pia\u021ba Libert\u0103\u021bii nr.21<br>Fiecare copil picteaz\u0103 un copac imaginar sau real, cu flori, frunze, p\u0103s\u0103ri, fluturi.<br>Nivel de v\u00e2rst\u0103: clasele V-VIII.<br>Obiective specifice:<br>ini\u021biere \u00een tehnica acuarelei \u0219i \u00een acela\u0219i timp importan\u021ba protej\u0103rii naturii.<br>Coordonatori: Coordonatori: D\u0103nu\u021b Andrea, Talpo\u0219 Elisabeta-0770369783 , Cr\u0103\u021b\u00a0 Otilia\u00a0\u00a0\u00a0\u00a0\u00a0\u00a0<br>Pre\u021b bilet: 10 lei pe persoan\u0103.<br><br><strong>11. \u201ePlaneta mea verde, natura prin ochii mei\u201d<br><\/strong>Durata activit\u0103\u021bii: 1 h<br>Libertate \u00een exprimare artistic\u0103 .<br>Elevii pot picta peisaje, p\u0103duri, ape curate, cerul. Tehnica de lucru: P\u00e2nze, dimensiuni: 20\/20, culori acrylice, sau acuarele, pensule, bloc de desen pentru tehnica acuarelei.<br>Nivel de v\u00e2rst\u0103: clasele V-VIII<br>Obiective specifice:<br>importan\u021ba protej\u0103rii mediului \u00eenconjur\u0103tor dar \u0219i dezvoltarea abilit\u0103\u021bilor plastice.<br>Coordonatori: D\u0103nu\u021b Andrea, Talpo\u0219 Elisabeta-0770369783, Cr\u0103\u021b Otilia.<br>Pre\u021b bilet: 10 lei pe persoan\u0103.<br><br><\/p>\n\n\n\n<p><\/p>\n\n\n\n<div class=\"wp-block-group alignwide has-tertiary-background-color has-background has-small-font-size\"><div class=\"wp-block-group__inner-container is-layout-constrained wp-block-group-is-layout-constrained\">\n<div class=\"wp-block-columns is-layout-flex wp-container-core-columns-is-layout-28f84493 wp-block-columns-is-layout-flex\">\n<div class=\"wp-block-column is-layout-flow wp-block-column-is-layout-flow\">\n<h5 class=\"wp-block-heading has-secondary-color has-text-color has-normal-font-size\">Muzeul Jude\u021bean Satu Mare<\/h5>\n\n\n\n<p class=\"has-text-align-left has-black-color has-text-color\"><a href=\"https:\/\/www.facebook.com\/Muzeul-Judetean-Satu-Mare-1050838434978303\">Facebook<\/a><\/p>\n\n\n\n<p><a style=\"color:#000000\" href=\"https:\/\/www.instagram.com\/mjsatumare\/\">Instagram<\/a><\/p>\n<\/div>\n\n\n\n<div class=\"wp-block-column is-layout-flow wp-block-column-is-layout-flow\">\n<h4 class=\"wp-block-heading has-text-align-left has-secondary-color has-text-color has-normal-font-size\">Contact<\/h4>\n\n\n\n<ul>\n<li>muzeusm@gmail.com<\/li>\n<li>+40261737526<\/li>\n<\/ul>\n<\/div>\n\n\n\n<div class=\"wp-block-column is-layout-flow wp-block-column-is-layout-flow\">\n<h4 class=\"wp-block-heading has-secondary-color has-text-color has-normal-font-size\">Adresa<\/h4>\n\n\n\n<p class=\"has-black-color has-text-color\">Vasile Lucaciu, 21 <br>Satu Mare<br>Romania<\/p>\n<\/div>\n<\/div>\n\n\n\n<div class=\"googlemaps\">\n\t\t\t\t<iframe loading=\"lazy\" width=\"600\" height=\"450\" frameborder=\"0\" scrolling=\"no\" marginheight=\"0\" marginwidth=\"0\"  src=\"https:\/\/www.google.com\/maps\/embed?pb=!1m18!1m12!1m3!1d2680.408030650319!2d22.880271215825633!3d47.79292568308074!2m3!1f0!2f0!3f0!3m2!1i1024!2i768!4f13.1!3m3!1m2!1s0x47380434cc726a85:0x3409a9787eec9fb1!2sCounty%20Museum!5e0!3m2!1sen!2sro!4v1680001990076!5m2!1sen!2sro\"><\/iframe>\n\t\t\t<\/div>\n<\/div><\/div>\n","protected":false},"excerpt":{"rendered":"<p>Durata activit\u0103\u021bii: 1 hLocul desf\u0103\u0219ur\u0103rii: Muzeul de Art\u0103 (Pia\u021ba Libert\u0103\u021bii 21).Vom alege c\u00e2teva lucr\u0103ri din patrimoniul Muzeului, care la r\u00e2ndul&nbsp;lor vor fi printate \u0219i t\u0103iate \u00een diferite forme, iar elevii vor construi un puzzle.Nivel de v\u00e2rst\u0103: I-IV.Obiective specifice: Perioada &#8211; Octombrie 2025.Coordonatori: Elisabeta Talpos, Andrea D\u0103nu\u021b Her\u021beg, Cr\u0103\u021b OtiliaTelefon 0770369783.Pre\u021b bilet 10 lei 2. Felicit\u0103ri<a class=\"more-link\" href=\"https:\/\/muzeusm.ro\/en\/activitati-la-muzeul-de-arta\/\">Continue reading <span class=\"screen-reader-text\">&#8220;Activit\u0103\u021bi la Muzeul de Art\u0103&#8221;<\/span><\/a><\/p>\n","protected":false},"author":245723488,"featured_media":0,"parent":0,"menu_order":0,"comment_status":"closed","ping_status":"closed","template":"","meta":{"_coblocks_attr":"","_coblocks_dimensions":"","_coblocks_responsive_height":"","_coblocks_accordion_ie_support":"","advanced_seo_description":"","jetpack_seo_html_title":"","jetpack_seo_noindex":false,"jetpack_post_was_ever_published":false,"footnotes":""},"class_list":["post-16364","page","type-page","status-publish","hentry","entry"],"translation":{"provider":"WPGlobus","version":"3.0.1","language":"en","enabled_languages":["ro","hu","en"],"languages":{"ro":{"title":true,"content":true,"excerpt":false},"hu":{"title":false,"content":false,"excerpt":false},"en":{"title":false,"content":false,"excerpt":false}}},"jetpack_likes_enabled":true,"jetpack-related-posts":[{"id":14438,"url":"https:\/\/muzeusm.ro\/en\/proiecte\/easydoor-easing-access-to-systemic-discovery-of-our-origins-and-resources\/","url_meta":{"origin":16364,"position":0},"title":"EASYDOOR \u2013 EASING ACCESS TO SYSTEMIC DISCOVERY OF OUR ORIGINS AND RESOURCES","author":"norbertlorincz","date":"3 July 2024","format":false,"excerpt":"Unitatea Administrativ-Teritorial\u0103 Jude\u0163ul Satu Mare implementeaz\u0103 proiectul\u00a0Easing Access to Systemic Discovery of Our Origins and Resources \u2013 Easydoor,\u00a0Cod proiect ROHU-456, finan\u0163at \u00een cadrul PROGRAMULUI INTERREG V-A ROM\u00c2NIA \u2013 UNGARIA. Proiectul Easydoor este implementat \u00eentr-un cerc partenerial transfrontalier format din: \u2013 Autoguvernarea Jude\u0163ului Szabolcs-Szatm\u00e1r-Bereg (Szabolcs-Szatm\u00e1r-Bereg Megyei \u00d6nkorm\u00e1nyzat) \u2013 partener lider de\u2026","rel":"","context":"Similar post","block_context":{"text":"Similar post","link":""},"img":{"alt_text":"","src":"","width":0,"height":0},"classes":[]},{"id":16242,"url":"https:\/\/muzeusm.ro\/en\/educatie-muzeala\/","url_meta":{"origin":16364,"position":1},"title":"Educa\u021bie Muzeal\u0103","author":"Kov\u00e1cs Zsolt","date":"30 January 2025","format":false,"excerpt":"Activit\u0103\u021bi de educa\u021bie muzeal\u0103 pentru programul \u201e\u0218coala Altfel\u201d Activit\u0103\u021bi de educa\u021bie muzeal\u0103 pentru programul \u201eS\u0103pt\u0103m\u00e2na verde\u201d Activit\u0103\u021bi la Muzeul de Art\u0103 \u00a0Activit\u0103\u021bi la Muzeul Municipal Carei \u0219i Muzeul Or\u0103\u0219enesc T\u0103\u0219nad History Escape Room","rel":"","context":"Similar post","block_context":{"text":"Similar post","link":""},"img":{"alt_text":"","src":"","width":0,"height":0},"classes":[]},{"id":17021,"url":"https:\/\/muzeusm.ro\/en\/activitati-de-educatie-muzeala-pentru-programul-saptamana-verde\/","url_meta":{"origin":16364,"position":2},"title":"Activit\u0103\u021bi de educa\u021bie muzeal\u0103 pentru programul \u201eS\u0103pt\u0103m\u00e2na verde\u201d","author":"Kov\u00e1cs Zsolt","date":"8 October 2025","format":false,"excerpt":"\u201eLutul, form\u0103 \u0219i culoare\u201dDurata activit\u0103\u021bii: 2 oreLocul desf\u0103\u0219ur\u0103rii: MJSM sau unit\u0103\u021bile de \u00eenv\u0103\u021b\u0103m\u00e2ntNivel de v\u00e2rst\u0103: \u00eenv\u0103\u021b\u0103m\u00e2ntul pre\u0219colar, primar, gimnazial \u0219i liceal.Obiective specifice:\u00a0Identificarea \u0219i descrierea obiectelor tradi\u021bionale din lut \u0219i a utiliz\u0103rii lor istorice.\u00a0\u00a0Aplicarea unor tehnici simple de modelaj pentru realizarea unui obiect ceramic propriu.\u00a0\u00a0Exprimarea creativit\u0103\u021bii prin decorarea cu forme \u0219i\u2026","rel":"","context":"Similar post","block_context":{"text":"Similar post","link":""},"img":{"alt_text":"","src":"https:\/\/i0.wp.com\/muzeusm.ro\/wp-content\/uploads\/2025\/10\/WhatsApp-Image-2025-10-08-at-10.47.38-2-724x1024.jpeg?resize=350%2C200&ssl=1","width":350,"height":200,"srcset":"https:\/\/i0.wp.com\/muzeusm.ro\/wp-content\/uploads\/2025\/10\/WhatsApp-Image-2025-10-08-at-10.47.38-2-724x1024.jpeg?resize=350%2C200&ssl=1 1x, https:\/\/i0.wp.com\/muzeusm.ro\/wp-content\/uploads\/2025\/10\/WhatsApp-Image-2025-10-08-at-10.47.38-2-724x1024.jpeg?resize=525%2C300&ssl=1 1.5x, https:\/\/i0.wp.com\/muzeusm.ro\/wp-content\/uploads\/2025\/10\/WhatsApp-Image-2025-10-08-at-10.47.38-2-724x1024.jpeg?resize=700%2C400&ssl=1 2x"},"classes":[]},{"id":16325,"url":"https:\/\/muzeusm.ro\/en\/activitati-de-educatie-muzeala-la-mjsm-muzeul-de-arta-si-la-sediul-institutiilor-de-invatamant\/","url_meta":{"origin":16364,"position":3},"title":"Activit\u0103\u021bi de educa\u021bie muzeal\u0103 la MJSM, Muzeul de Art\u0103 \u0219i la sediul institu\u021biilor de \u00eenv\u0103\u021b\u0103m\u00e2nt","author":"Kov\u00e1cs Zsolt","date":"24 February 2025","format":false,"excerpt":"Lutul, form\u0103 \u0219i culoare Proiectul \u201eLutul, form\u0103 \u0219i culoare\u201d, cuprinde ateliere de modelaj vase din lut \u0219i vizit\u0103 ghidat\u0103 \u00eentr-una dintre expozi\u021biile muzeului: Sec\u021bia de arheologie \/\u00a0 Sec\u021bia de etnografie. Durata activit\u0103\u021bii: 2 h Locul de desf\u0103\u0219urare: sediul MJSM \u0219i sediul institu\u021biilor de \u00eenv\u0103\u021b\u0103m\u00e2nt Activitatea se adreseaz\u0103 elevilor de nivel\u2026","rel":"","context":"Similar post","block_context":{"text":"Similar post","link":""},"img":{"alt_text":"","src":"https:\/\/i0.wp.com\/muzeusm.ro\/wp-content\/uploads\/2025\/02\/uEFsC0ItKrrI_9RLeSHjKEOGQXMx64lQ6F_zCIjYnbU.webp?resize=350%2C200&ssl=1","width":350,"height":200,"srcset":"https:\/\/i0.wp.com\/muzeusm.ro\/wp-content\/uploads\/2025\/02\/uEFsC0ItKrrI_9RLeSHjKEOGQXMx64lQ6F_zCIjYnbU.webp?resize=350%2C200&ssl=1 1x, https:\/\/i0.wp.com\/muzeusm.ro\/wp-content\/uploads\/2025\/02\/uEFsC0ItKrrI_9RLeSHjKEOGQXMx64lQ6F_zCIjYnbU.webp?resize=525%2C300&ssl=1 1.5x, https:\/\/i0.wp.com\/muzeusm.ro\/wp-content\/uploads\/2025\/02\/uEFsC0ItKrrI_9RLeSHjKEOGQXMx64lQ6F_zCIjYnbU.webp?resize=700%2C400&ssl=1 2x"},"classes":[]},{"id":16998,"url":"https:\/\/muzeusm.ro\/en\/activitati-de-educatie-muzeala-pentru-programul-scoala-altfel\/","url_meta":{"origin":16364,"position":4},"title":"Activit\u0103\u021bi de educa\u021bie muzeal\u0103 pentru programul \u201e\u0218coala Altfel\u201d","author":"Kov\u00e1cs Zsolt","date":"8 October 2025","format":false,"excerpt":"\u00a0 1 \u201eLutul, form\u0103 \u0219i culoare\u201dDurata activit\u0103\u021bii: 2 oreLocul desf\u0103\u0219ur\u0103rii: MJSM sau unit\u0103\u021bile de \u00eenv\u0103\u021b\u0103m\u00e2ntNivel de v\u00e2rst\u0103: \u00eenv\u0103\u021b\u0103m\u00e2ntul pre\u0219colar, primar, gimnazial \u0219i liceal.Obiective specifice:\u00a0Identificarea \u0219i descrierea obiectelor tradi\u021bionale din lut \u0219i a utiliz\u0103rii lor istorice.\u00a0\u00a0Aplicarea unor tehnici simple de modelaj pentru realizarea unui obiect ceramic propriu.\u00a0\u00a0Exprimarea creativit\u0103\u021bii prin decorarea cu\u2026","rel":"","context":"Similar post","block_context":{"text":"Similar post","link":""},"img":{"alt_text":"","src":"https:\/\/i0.wp.com\/muzeusm.ro\/wp-content\/uploads\/2025\/10\/WhatsApp-Image-2025-10-08-at-10.47.38-2-724x1024.jpeg?resize=350%2C200&ssl=1","width":350,"height":200,"srcset":"https:\/\/i0.wp.com\/muzeusm.ro\/wp-content\/uploads\/2025\/10\/WhatsApp-Image-2025-10-08-at-10.47.38-2-724x1024.jpeg?resize=350%2C200&ssl=1 1x, https:\/\/i0.wp.com\/muzeusm.ro\/wp-content\/uploads\/2025\/10\/WhatsApp-Image-2025-10-08-at-10.47.38-2-724x1024.jpeg?resize=525%2C300&ssl=1 1.5x, https:\/\/i0.wp.com\/muzeusm.ro\/wp-content\/uploads\/2025\/10\/WhatsApp-Image-2025-10-08-at-10.47.38-2-724x1024.jpeg?resize=700%2C400&ssl=1 2x"},"classes":[]},{"id":16356,"url":"https:\/\/muzeusm.ro\/en\/drumetii-excursii-tabere-de-vacanta\/","url_meta":{"origin":16364,"position":5},"title":"Drume\u021bii, excursii, tabere de vacan\u021b\u0103","author":"Kov\u00e1cs Zsolt","date":"24 February 2025","format":false,"excerpt":"20. Excursie de o zi \u201ePe urmele istoriei\u201d Excursia \u201ePe urmele istoriei\u201d cuprinde o vizit\u0103 ghidat\u0103 la Castelul K\u00e1rolyi din Carei \u0219i Situl Arheologic Bobald, activitate interactiv\u0103: tir cu arcul, s\u0103p\u0103turi arheologice, demonstra\u021bie cu detector de metale, jocuri \u00een aer liber.Durata activit\u0103\u021bii: aprox 4-6 hLocul de desf\u0103\u0219urare: Castelul K\u00e1rolyi Carei\u2026","rel":"","context":"Similar post","block_context":{"text":"Similar post","link":""},"img":{"alt_text":"","src":"https:\/\/i0.wp.com\/muzeusm.ro\/wp-content\/uploads\/2025\/02\/20-Pe-urmele-istoriei-plakat.jpg?resize=350%2C200&ssl=1","width":350,"height":200,"srcset":"https:\/\/i0.wp.com\/muzeusm.ro\/wp-content\/uploads\/2025\/02\/20-Pe-urmele-istoriei-plakat.jpg?resize=350%2C200&ssl=1 1x, https:\/\/i0.wp.com\/muzeusm.ro\/wp-content\/uploads\/2025\/02\/20-Pe-urmele-istoriei-plakat.jpg?resize=525%2C300&ssl=1 1.5x, https:\/\/i0.wp.com\/muzeusm.ro\/wp-content\/uploads\/2025\/02\/20-Pe-urmele-istoriei-plakat.jpg?resize=700%2C400&ssl=1 2x, https:\/\/i0.wp.com\/muzeusm.ro\/wp-content\/uploads\/2025\/02\/20-Pe-urmele-istoriei-plakat.jpg?resize=1050%2C600&ssl=1 3x"},"classes":[]}],"jetpack_sharing_enabled":true,"jetpack_shortlink":"https:\/\/wp.me\/PfvnyQ-4fW","_links":{"self":[{"href":"https:\/\/muzeusm.ro\/en\/wp-json\/wp\/v2\/pages\/16364","targetHints":{"allow":["GET"]}}],"collection":[{"href":"https:\/\/muzeusm.ro\/en\/wp-json\/wp\/v2\/pages"}],"about":[{"href":"https:\/\/muzeusm.ro\/en\/wp-json\/wp\/v2\/types\/page"}],"author":[{"embeddable":true,"href":"https:\/\/muzeusm.ro\/en\/wp-json\/wp\/v2\/users\/245723488"}],"replies":[{"embeddable":true,"href":"https:\/\/muzeusm.ro\/en\/wp-json\/wp\/v2\/comments?post=16364"}],"version-history":[{"count":4,"href":"https:\/\/muzeusm.ro\/en\/wp-json\/wp\/v2\/pages\/16364\/revisions"}],"predecessor-version":[{"id":17099,"href":"https:\/\/muzeusm.ro\/en\/wp-json\/wp\/v2\/pages\/16364\/revisions\/17099"}],"wp:attachment":[{"href":"https:\/\/muzeusm.ro\/en\/wp-json\/wp\/v2\/media?parent=16364"}],"curies":[{"name":"wp","href":"https:\/\/api.w.org\/{rel}","templated":true}]}}