{"id":15991,"date":"2025-01-21T22:56:21","date_gmt":"2025-01-21T20:56:21","guid":{"rendered":"https:\/\/muzeusm.ro\/?page_id=15991"},"modified":"2025-03-18T10:19:14","modified_gmt":"2025-03-18T08:19:14","slug":"expozitii-virtuale","status":"publish","type":"page","link":"https:\/\/muzeusm.ro\/en\/expozitii-virtuale\/","title":{"rendered":"Expozi\u021bii Virtuale"},"content":{"rendered":"\n<div class=\"wp-block-media-text is-stacked-on-mobile coblocks-animate\" style=\"grid-template-columns:27% auto\" data-coblocks-animation=\"fadeIn\"><figure class=\"wp-block-media-text__media\"><a href=\"https:\/\/muzeusm.ro\/grigore-maior\/\"><img loading=\"lazy\" decoding=\"async\" width=\"366\" height=\"366\" data-attachment-id=\"15999\" data-permalink=\"https:\/\/muzeusm.ro\/en\/expozitii-virtuale\/grigore_major-2\/\" data-orig-file=\"https:\/\/muzeusm.ro\/wp-content\/uploads\/2025\/01\/Grigore_Major-1.jpg\" data-orig-size=\"366,366\" data-comments-opened=\"1\" data-image-meta=\"{&quot;aperture&quot;:&quot;0&quot;,&quot;credit&quot;:&quot;&quot;,&quot;camera&quot;:&quot;&quot;,&quot;caption&quot;:&quot;&quot;,&quot;created_timestamp&quot;:&quot;0&quot;,&quot;copyright&quot;:&quot;&quot;,&quot;focal_length&quot;:&quot;0&quot;,&quot;iso&quot;:&quot;0&quot;,&quot;shutter_speed&quot;:&quot;0&quot;,&quot;title&quot;:&quot;&quot;,&quot;orientation&quot;:&quot;0&quot;}\" data-image-title=\"Grigore_Major\" data-image-description=\"\" data-image-caption=\"\" data-medium-file=\"https:\/\/muzeusm.ro\/wp-content\/uploads\/2025\/01\/Grigore_Major-1-300x300.jpg\" data-large-file=\"https:\/\/muzeusm.ro\/wp-content\/uploads\/2025\/01\/Grigore_Major-1.jpg\" src=\"https:\/\/muzeusm.ro\/wp-content\/uploads\/2025\/01\/Grigore_Major-1.jpg\" alt=\"\" class=\"wp-image-15999 size-full\" srcset=\"https:\/\/muzeusm.ro\/wp-content\/uploads\/2025\/01\/Grigore_Major-1.jpg 366w, https:\/\/muzeusm.ro\/wp-content\/uploads\/2025\/01\/Grigore_Major-1-300x300.jpg 300w, https:\/\/muzeusm.ro\/wp-content\/uploads\/2025\/01\/Grigore_Major-1-150x150.jpg 150w\" sizes=\"auto, (max-width: 366px) 100vw, 366px\" \/><\/a><\/figure><div class=\"wp-block-media-text__content\">\n<p class=\"coblocks-animate\" data-coblocks-animation=\"slideInLeft\"><strong><em>Expozi\u021bia Virtual\u0103 &#8211; Grigore Maior 310 <\/em><\/strong><\/p>\n<\/div><\/div>\n\n\n\n<div class=\"wp-block-media-text is-stacked-on-mobile coblocks-animate\" style=\"grid-template-columns:27% auto\" data-coblocks-animation=\"fadeIn\"><figure class=\"wp-block-media-text__media\"><a href=\"https:\/\/muzeusm.ro\/14-mai-1970-55-de-ani-de-la-tragedie\/\" target=\"_blank\" rel=\"noreferrer noopener\"><img loading=\"lazy\" decoding=\"async\" width=\"991\" height=\"1024\" data-attachment-id=\"16463\" data-permalink=\"https:\/\/muzeusm.ro\/en\/expozitii-virtuale\/inundatii-55-2\/\" data-orig-file=\"https:\/\/muzeusm.ro\/wp-content\/uploads\/2025\/03\/Inundatii-55-1.jpg\" data-orig-size=\"1982,2048\" data-comments-opened=\"1\" data-image-meta=\"{&quot;aperture&quot;:&quot;0&quot;,&quot;credit&quot;:&quot;&quot;,&quot;camera&quot;:&quot;&quot;,&quot;caption&quot;:&quot;&quot;,&quot;created_timestamp&quot;:&quot;0&quot;,&quot;copyright&quot;:&quot;&quot;,&quot;focal_length&quot;:&quot;0&quot;,&quot;iso&quot;:&quot;0&quot;,&quot;shutter_speed&quot;:&quot;0&quot;,&quot;title&quot;:&quot;&quot;,&quot;orientation&quot;:&quot;0&quot;}\" data-image-title=\"Inundatii 55\" data-image-description=\"\" data-image-caption=\"\" data-medium-file=\"https:\/\/muzeusm.ro\/wp-content\/uploads\/2025\/03\/Inundatii-55-1-290x300.jpg\" data-large-file=\"https:\/\/muzeusm.ro\/wp-content\/uploads\/2025\/03\/Inundatii-55-1-991x1024.jpg\" src=\"https:\/\/muzeusm.ro\/wp-content\/uploads\/2025\/03\/Inundatii-55-1-991x1024.jpg\" alt=\"\" class=\"wp-image-16463 size-full\" srcset=\"https:\/\/muzeusm.ro\/wp-content\/uploads\/2025\/03\/Inundatii-55-1-991x1024.jpg 991w, https:\/\/muzeusm.ro\/wp-content\/uploads\/2025\/03\/Inundatii-55-1-290x300.jpg 290w, https:\/\/muzeusm.ro\/wp-content\/uploads\/2025\/03\/Inundatii-55-1-768x794.jpg 768w, https:\/\/muzeusm.ro\/wp-content\/uploads\/2025\/03\/Inundatii-55-1-1487x1536.jpg 1487w, https:\/\/muzeusm.ro\/wp-content\/uploads\/2025\/03\/Inundatii-55-1-1568x1620.jpg 1568w, https:\/\/muzeusm.ro\/wp-content\/uploads\/2025\/03\/Inundatii-55-1.jpg 1982w\" sizes=\"auto, (max-width: 991px) 100vw, 991px\" \/><\/a><\/figure><div class=\"wp-block-media-text__content\">\n<p class=\"coblocks-animate\" data-coblocks-animation=\"slideInLeft\"><strong><em>14 Mai 1970, 55 de ani de la tragedie<\/em>  <\/strong><\/p>\n<\/div><\/div>\n\n\n\n<p><\/p>\n","protected":false},"excerpt":{"rendered":"<p>Expozi\u021bia Virtual\u0103 &#8211; Grigore Maior 310 14 Mai 1970, 55 de ani de la tragedie<\/p>\n","protected":false},"author":243833644,"featured_media":0,"parent":0,"menu_order":0,"comment_status":"closed","ping_status":"closed","template":"","meta":{"_coblocks_attr":"","_coblocks_dimensions":"","_coblocks_responsive_height":"","_coblocks_accordion_ie_support":"","advanced_seo_description":"","jetpack_seo_html_title":"","jetpack_seo_noindex":false,"jetpack_post_was_ever_published":false,"footnotes":""},"class_list":["post-15991","page","type-page","status-publish","hentry","entry"],"translation":{"provider":"WPGlobus","version":"3.0.1","language":"en","enabled_languages":["ro","hu","en"],"languages":{"ro":{"title":true,"content":true,"excerpt":false},"hu":{"title":true,"content":true,"excerpt":false},"en":{"title":false,"content":false,"excerpt":false}}},"jetpack_likes_enabled":true,"jetpack-related-posts":[{"id":293,"url":"https:\/\/muzeusm.ro\/en\/expozitii-permanente\/","url_meta":{"origin":15991,"position":0},"title":"Expozi\u021bia de baz\u0103","author":"Kov\u00e1cs Zsolt","date":"2 November 2021","format":false,"excerpt":"{:ro} Expozi\u021bia permanent\u0103 intitulat\u0103 Oameni \u2013 Destine \u2013 Istorie invit\u0103 vizitatorul la o c\u0103l\u0103torie \u00een timp, oferindo perspectiv\u0103 asupra activit\u0103\u021bii complexe desf\u0103\u0219urate de Muzeul Jude\u021bean Satu Mare. Aventura caremerge din preistorie p\u00e2n\u0103 la zilele noastre, de la etnografie la \u0219tiin\u021bele naturii, pune \u00eentr-o lumin\u0103 inedit\u0103trecutul \u0219i prezentul jude\u021bului nostru. Scopul\u2026","rel":"","context":"Similar post","block_context":{"text":"Similar post","link":""},"img":{"alt_text":"","src":"https:\/\/i0.wp.com\/muzeusm.ro\/wp-content\/uploads\/2024\/11\/dsc_0047.jpg?resize=350%2C200&ssl=1","width":350,"height":200,"srcset":"https:\/\/i0.wp.com\/muzeusm.ro\/wp-content\/uploads\/2024\/11\/dsc_0047.jpg?resize=350%2C200&ssl=1 1x, https:\/\/i0.wp.com\/muzeusm.ro\/wp-content\/uploads\/2024\/11\/dsc_0047.jpg?resize=525%2C300&ssl=1 1.5x, https:\/\/i0.wp.com\/muzeusm.ro\/wp-content\/uploads\/2024\/11\/dsc_0047.jpg?resize=700%2C400&ssl=1 2x"},"classes":[]},{"id":13454,"url":"https:\/\/muzeusm.ro\/en\/tur-virtual\/","url_meta":{"origin":15991,"position":1},"title":"Tur Virtual","author":"netsystech","date":"9 March 2024","format":false,"excerpt":"CASTELUL KAROLYI CAREI Muzeul satu mare (Expozi\u021bia Veche) muzeul satu mare sectia arta","rel":"","context":"Similar post","block_context":{"text":"Similar post","link":""},"img":{"alt_text":"","src":"","width":0,"height":0},"classes":[]},{"id":187,"url":"https:\/\/muzeusm.ro\/en\/muzeul-municipal-carei-castelul-kaolyi\/","url_meta":{"origin":15991,"position":2},"title":"Muzeul Municipal Carei &#8211; Castelul K\u00e1rolyi","author":"andreeaionetecu","date":"20 October 2021","format":false,"excerpt":"{:ro} Castelul K\u00e1rolyi Pe locul castelului de azi, a existat o reziden\u021b\u0103 nobiliar\u0103 fortificat\u0103,construit\u0103 din piatr\u0103 de Ladislau \u201dL\u00e1ncz\u201d K\u00e1rolyi cu \u00eenvoirea regeluiMatia Corvin. \u00cen anul 1592, \u00een fa\u021ba pericolului turcesc, reziden\u021ba estetransformat\u0103 de c\u0103tre Mihai K\u00e1rolyi \u00eentr-o cetate. Dup\u0103 \u00eencheierear\u0103zboaielor anti-otomane, cetatea a redevenit o reziden\u021b\u0103 propriuzis\u0103, fiind recl\u0103dit\u2026","rel":"","context":"Similar post","block_context":{"text":"Similar post","link":""},"img":{"alt_text":"","src":"https:\/\/i0.wp.com\/muzeusm.ro\/wp-content\/uploads\/2025\/01\/5afecbd553209_family-1-150x150.jpg?resize=350%2C200&ssl=1","width":350,"height":200,"srcset":"https:\/\/i0.wp.com\/muzeusm.ro\/wp-content\/uploads\/2025\/01\/5afecbd553209_family-1-150x150.jpg?resize=350%2C200&ssl=1 1x, https:\/\/i0.wp.com\/muzeusm.ro\/wp-content\/uploads\/2025\/01\/5afecbd553209_family-1-150x150.jpg?resize=525%2C300&ssl=1 1.5x"},"classes":[]},{"id":16476,"url":"https:\/\/muzeusm.ro\/en\/14-mai-1970-55-de-ani-de-la-tragedie\/","url_meta":{"origin":15991,"position":3},"title":"14 Mai 1970 &#8211; 55 de ani de la tragedie","author":"norbertlorincz","date":"18 March 2025","format":false,"excerpt":"Tragedie \u0219i rena\u0219tere. Fe\u021be ale unei calamit\u0103\u021bi - inunda\u021bia din 14 mai 1970 \u00een Satu Mare Pusztul\u00e1s \u00e9s \u00fajj\u00e1sz\u00fclet\u00e9s. Egy csap\u00e1s t\u00f6bb arca \u2013 az 1970. m\u00e1jus 14-i szatm\u00e1ri \u00e1rv\u00edz Pentru a comemora 55 de ani de la evenimentele catastrofale din mai 1970, Sec\u021bia de Istorie a Muzeului Jude\u021bean Satu\u2026","rel":"","context":"Similar post","block_context":{"text":"Similar post","link":""},"img":{"alt_text":"","src":"https:\/\/i0.wp.com\/muzeusm.ro\/wp-content\/uploads\/2025\/05\/foto-3-e1588525706618.jpg?resize=350%2C200&ssl=1","width":350,"height":200,"srcset":"https:\/\/i0.wp.com\/muzeusm.ro\/wp-content\/uploads\/2025\/05\/foto-3-e1588525706618.jpg?resize=350%2C200&ssl=1 1x, https:\/\/i0.wp.com\/muzeusm.ro\/wp-content\/uploads\/2025\/05\/foto-3-e1588525706618.jpg?resize=525%2C300&ssl=1 1.5x, https:\/\/i0.wp.com\/muzeusm.ro\/wp-content\/uploads\/2025\/05\/foto-3-e1588525706618.jpg?resize=700%2C400&ssl=1 2x"},"classes":[]},{"id":174,"url":"https:\/\/muzeusm.ro\/en\/muzeul-judetean-satu-mare\/","url_meta":{"origin":15991,"position":4},"title":"Muzeul Jude\u021bean Satu Mare","author":"andreeaionetecu","date":"20 October 2021","format":false,"excerpt":"{:ro} Cl\u0103direa actual\u0103 a sediului central al Muzeului Jude\u021bean Satu Mare a fost construit\u0103 \u00een anul 1936, dup\u0103 planurile arhitectului G. P. Liteanu.A avut ini\u021bial destina\u021bii administrative prefectura jude\u021bului \u00een perioada interbelic\u0103, iar dup\u0103 r\u0103zboi a fost sediul Consiliului PopularJude\u021bean \u0219i al Comitetului Jude\u021bean Satu Mare al P.C.R. Muzeul func\u021bioneaz\u0103\u2026","rel":"","context":"Similar post","block_context":{"text":"Similar post","link":""},"img":{"alt_text":"","src":"https:\/\/i0.wp.com\/muzeusm.ro\/wp-content\/uploads\/2025\/01\/5afecbd553209_family-150x150.jpg?resize=350%2C200&ssl=1","width":350,"height":200,"srcset":"https:\/\/i0.wp.com\/muzeusm.ro\/wp-content\/uploads\/2025\/01\/5afecbd553209_family-150x150.jpg?resize=350%2C200&ssl=1 1x, https:\/\/i0.wp.com\/muzeusm.ro\/wp-content\/uploads\/2025\/01\/5afecbd553209_family-150x150.jpg?resize=525%2C300&ssl=1 1.5x"},"classes":[]},{"id":177,"url":"https:\/\/muzeusm.ro\/en\/muzeul-de-arta-satu-mare\/","url_meta":{"origin":15991,"position":5},"title":"Muzeul de Art\u0103 Satu Mare","author":"andreeaionetecu","date":"20 October 2021","format":false,"excerpt":"{:ro} Cl\u0103direa a fost construit\u0103 la mijlocuk secolului al XIX-lea, \u00een stilneogotic, fiind declarat\u0103 monument istoric \u0219i arhitectural, \u0219icunoscut\u0103 sub numele de Casa V\u00e9csey. Pe acest teren se afla \u00een secolul al XVIII-lea o cl\u0103dire ce servea ca depozit Cet\u0103\u021bii Satu Mare, cl\u0103dire unde, dup\u0103 tradi\u021bia a fost \u00eencheiat\u0103 pacea\u2026","rel":"","context":"Similar post","block_context":{"text":"Similar post","link":""},"img":{"alt_text":"","src":"https:\/\/i0.wp.com\/muzeusm.ro\/wp-content\/uploads\/2025\/01\/5afecbd553209_family-1-150x150.jpg?resize=350%2C200&ssl=1","width":350,"height":200,"srcset":"https:\/\/i0.wp.com\/muzeusm.ro\/wp-content\/uploads\/2025\/01\/5afecbd553209_family-1-150x150.jpg?resize=350%2C200&ssl=1 1x, https:\/\/i0.wp.com\/muzeusm.ro\/wp-content\/uploads\/2025\/01\/5afecbd553209_family-1-150x150.jpg?resize=525%2C300&ssl=1 1.5x"},"classes":[]}],"jetpack_sharing_enabled":true,"jetpack_shortlink":"https:\/\/wp.me\/PfvnyQ-49V","_links":{"self":[{"href":"https:\/\/muzeusm.ro\/en\/wp-json\/wp\/v2\/pages\/15991","targetHints":{"allow":["GET"]}}],"collection":[{"href":"https:\/\/muzeusm.ro\/en\/wp-json\/wp\/v2\/pages"}],"about":[{"href":"https:\/\/muzeusm.ro\/en\/wp-json\/wp\/v2\/types\/page"}],"author":[{"embeddable":true,"href":"https:\/\/muzeusm.ro\/en\/wp-json\/wp\/v2\/users\/243833644"}],"replies":[{"embeddable":true,"href":"https:\/\/muzeusm.ro\/en\/wp-json\/wp\/v2\/comments?post=15991"}],"version-history":[{"count":16,"href":"https:\/\/muzeusm.ro\/en\/wp-json\/wp\/v2\/pages\/15991\/revisions"}],"predecessor-version":[{"id":16478,"href":"https:\/\/muzeusm.ro\/en\/wp-json\/wp\/v2\/pages\/15991\/revisions\/16478"}],"wp:attachment":[{"href":"https:\/\/muzeusm.ro\/en\/wp-json\/wp\/v2\/media?parent=15991"}],"curies":[{"name":"wp","href":"https:\/\/api.w.org\/{rel}","templated":true}]}}