{"id":14438,"date":"2024-07-03T16:30:58","date_gmt":"2024-07-03T13:30:58","guid":{"rendered":"https:\/\/muzeusm.ro\/?page_id=14438"},"modified":"2024-07-03T16:31:00","modified_gmt":"2024-07-03T13:31:00","slug":"easydoor-easing-access-to-systemic-discovery-of-our-origins-and-resources","status":"publish","type":"page","link":"https:\/\/muzeusm.ro\/en\/proiecte\/easydoor-easing-access-to-systemic-discovery-of-our-origins-and-resources\/","title":{"rendered":"EASYDOOR \u2013 EASING ACCESS TO SYSTEMIC DISCOVERY OF OUR ORIGINS AND RESOURCES"},"content":{"rendered":"\n<figure class=\"wp-block-image\"><img decoding=\"async\" src=\"https:\/\/www.cjsm.ro\/storage\/ddr\/picture11-300x184-1140x641_png.webp\" alt=\"EASYDOOR \u2013 EASING ACCESS TO SYSTEMIC DISCOVERY OF OUR ORIGINS AND RESOURCES\"\/><\/figure>\n\n\n\n<figure class=\"wp-block-image\"><img decoding=\"async\" src=\"https:\/\/www.cjsm.ro\/storage\/ddr\/proiecte-in-implementare\/interreg-from-hell.jpg\" alt=\"\"\/><\/figure>\n\n\n\n<p>Unitatea Administrativ-Teritorial\u0103 Jude\u0163ul Satu Mare implementeaz\u0103 proiectul&nbsp;<strong>Easing Access to Systemic Discovery of Our Origins and Resources \u2013 Easydoor,<\/strong>&nbsp;Cod proiect ROHU-456, finan\u0163at \u00een cadrul PROGRAMULUI INTERREG V-A ROM\u00c2NIA \u2013 UNGARIA.<\/p>\n\n\n\n<p>Proiectul Easydoor este implementat \u00eentr-un cerc partenerial transfrontalier format din:<\/p>\n\n\n\n<p>\u2013 Autoguvernarea Jude\u0163ului Szabolcs-Szatm\u00e1r-Bereg (Szabolcs-Szatm\u00e1r-Bereg Megyei \u00d6nkorm\u00e1nyzat) \u2013 partener lider de proiect;<\/p>\n\n\n\n<p>\u2013 Agen\u021bia de dezvoltare a Jude\u021bului Szabolcs-Szatm\u00e1r-Bereg \u2013 partener;<\/p>\n\n\n\n<p>\u2013 Televiziunea \u201eK\u00f6lcsey\u201d \u2013 partener;<\/p>\n\n\n\n<p>\u2013 UAT Jude\u0163ul Satu Mare \u2013 partener \u015fi<\/p>\n\n\n\n<p>\u2013 Muzeul Jude\u0163ean Satu Mare \u2013 partener.<\/p>\n\n\n\n<p>Proiectul Easydoor propune dezvolt\u0103ri \u00een domeniul conserv\u0103rii, protej\u0103rii \u0219i promov\u0103rii patrimoniului natural \u0219i cultural din cele dou\u0103 jude\u021be vecine: Satu Mare \u015fi Szabolcs-Szatm\u00e1r-Bereg. \u00cen acest sens prin proiect vor fi reabilitate obiective de valoare patrimonial\u0103, vor fi create spa\u0163ii noi de prezentare a acestor valori (\u00een jude\u0163ul Szabolcs-Szatm\u00e1r-Bereg) \u0219i vor fi organizate expozi\u021bii \u00een centre de vizitare pentru prezentarea valorilor de patrimoniu natural \u0219i de patrimoniu cultural imaterial \u00een mai multe loca\u021bii.<\/p>\n\n\n\n<p>Pe teritoriul jude\u021bului Satu Mare proiectul vizeaz\u0103 reabilitarea general\u0103 a cl\u0103dirii principale a Muzeului Jude\u021bean Satu Mare \u0219i reorganizarea circuitelor de vizitare, respectiv a expozi\u021biilor de baz\u0103 ale muzeului. Acestor obiective specifice se leag\u0103 \u015fi principalele activit\u0103\u0163i ale proiectului:<\/p>\n\n\n\n<p>\u2013 elaborarea documenta\u0163iilor tehnico-economice \u00een faz\u0103 de proiect tehnic;<\/p>\n\n\n\n<p>\u2013 derularea achizi\u0163iei publice pentru atribuirea contractului de lucr\u0103ri;<\/p>\n\n\n\n<p>\u2013 derularea achizi\u0163iei publice pentru atribuirea contractului de supraveghere tehnic\u0103 a lucr\u0103rilor;<\/p>\n\n\n\n<p>\u2013 realizarea investi\u0163iei de reabilitare;<\/p>\n\n\n\n<p>\u2013 reorganizarea circuitelor de vizitatori \u015fi a expozi\u0163iilor de baz\u0103 \u00een interiorul Muzeului Jude\u0163ean Satu Mare.<\/p>\n\n\n\n<p>Finan\u021barea nerambursabil\u0103 ob\u0163inut\u0103 se compune din fonduri europene (FEDR) \u015fi cofinan\u021bare na\u021bional\u0103, la care se adaug\u0103 contribu\u0163ia proprie a fiec\u0103rui partener. Fiecare partener are definit un buget separat, \u00een func\u0163ie de activit\u0103\u0163ile specifice, asumate.<\/p>\n\n\n\n<p>Valoarea total\u0103 a proiectului: 13.677.807,48 euro<br>Valoarea bugetului partenerilor rom\u00e2ni este de 3.292.270,02 euro.<br><strong>Bugetul aferent UAT Jude\u021bul Satu Mar<\/strong>e este de 3.261.770,02 Euro, din care:&nbsp;<br>&nbsp; &nbsp; &nbsp; &nbsp;&#8211; 2.664.866,10 Euro finan\u021bare din partea Uniunii Europene,&nbsp;<br>&nbsp; &nbsp; &nbsp; &nbsp;&#8211; 407.566,00 Euro cofinan\u021bare asigurat\u0103 de Guvernul Rom\u00e2niei \u015fi&nbsp;<br>&nbsp; &nbsp; &nbsp; &nbsp;&#8211; 189.337,92&nbsp;Euro contribu\u021bia proprie a UAT Jude\u021bul Satu Mare.<\/p>\n\n\n\n<p>Perioada de implementare a proiectului este: 01.10.2020 \u2013 31.08.2024.<\/p>\n\n\n\n<p><strong>Partnership for a better future<\/strong><\/p>\n\n\n\n<p><a href=\"http:\/\/www.interreg-rohu.eu\/\">www.interreg-rohu.eu<\/a><\/p>\n\n\n\n<p>Con\u021binutul acestui material nu reprezint\u0103 \u00een mod necesar pozi\u021bia oficial\u0103 a Uniunii Europene<\/p>\n\n\n\n<figure class=\"wp-block-image is-resized\"><a href=\"https:\/\/www.cjsm.ro\/storage\/ddr\/picture11-300x184.png\"><img decoding=\"async\" src=\"https:\/\/www.cjsm.ro\/storage\/ddr\/picture11-300x184-320x320_png.webp\" alt=\"Muzeul Judetean\" style=\"width:161px;height:auto\"\/><\/a><\/figure>\n","protected":false},"excerpt":{"rendered":"<p>Unitatea Administrativ-Teritorial\u0103 Jude\u0163ul Satu Mare implementeaz\u0103 proiectul&nbsp;Easing Access to Systemic Discovery of Our Origins and Resources \u2013 Easydoor,&nbsp;Cod proiect ROHU-456, finan\u0163at \u00een cadrul PROGRAMULUI INTERREG V-A ROM\u00c2NIA \u2013 UNGARIA. Proiectul Easydoor este implementat \u00eentr-un cerc partenerial transfrontalier format din: \u2013 Autoguvernarea Jude\u0163ului Szabolcs-Szatm\u00e1r-Bereg (Szabolcs-Szatm\u00e1r-Bereg Megyei \u00d6nkorm\u00e1nyzat) \u2013 partener lider de proiect; \u2013 Agen\u021bia de dezvoltare<a class=\"more-link\" href=\"https:\/\/muzeusm.ro\/en\/proiecte\/easydoor-easing-access-to-systemic-discovery-of-our-origins-and-resources\/\">Continue reading <span class=\"screen-reader-text\">&#8220;EASYDOOR \u2013 EASING ACCESS TO SYSTEMIC DISCOVERY OF OUR ORIGINS AND RESOURCES&#8221;<\/span><\/a><\/p>\n","protected":false},"author":243833644,"featured_media":0,"parent":87,"menu_order":0,"comment_status":"closed","ping_status":"closed","template":"","meta":{"_coblocks_attr":"","_coblocks_dimensions":"","_coblocks_responsive_height":"","_coblocks_accordion_ie_support":"","advanced_seo_description":"","jetpack_seo_html_title":"","jetpack_seo_noindex":false,"jetpack_post_was_ever_published":false,"footnotes":""},"class_list":["post-14438","page","type-page","status-publish","hentry","entry"],"translation":{"provider":"WPGlobus","version":"3.0.1","language":"en","enabled_languages":["ro","hu","en"],"languages":{"ro":{"title":true,"content":true,"excerpt":false},"hu":{"title":false,"content":false,"excerpt":false},"en":{"title":false,"content":false,"excerpt":false}}},"jetpack_likes_enabled":true,"jetpack-related-posts":[{"id":245,"url":"https:\/\/muzeusm.ro\/en\/proiecteeuropene\/","url_meta":{"origin":14438,"position":0},"title":"Project","author":"Gordan Csilla","date":"21 January 2014","format":false,"excerpt":"1.\u00a0Proiecte Europene \u00een derulare. 2. Proiecte Europene finalizate. 3. Proiecte Na\u021bionale \u00een derulare.","rel":"","context":"In &quot;Proiecte&quot;","block_context":{"text":"Proiecte","link":"https:\/\/muzeusm.ro\/en\/category\/proiecte\/"},"img":{"alt_text":"","src":"","width":0,"height":0},"classes":[]},{"id":191,"url":"https:\/\/muzeusm.ro\/en\/muzeul-memorial-dr-vasile-lucaciu-apa\/","url_meta":{"origin":14438,"position":1},"title":"Muzeul Memorial Dr. Vasile Lucaciu, Apa","author":"andreeaionetecu","date":"20 October 2021","format":false,"excerpt":"{:ro} Casa Memorial\u0103 \u201eDr. Vasile Lucaciu\u201d din Apa, jude\u021bul Satu Mare. Muzee de la satCasa Memorial\u0103 \u201eDr. Vasile Lucaciu\u201d din Apa, jude\u021bul Satu Mare. Muzee de la satCasa Memorial\u0103 \u201eDr. Vasile Lucaciu\u201d din Apa, jude\u021bul Satu Mare. Muzee de la satCasa Memorial\u0103 \u201eDr. Vasile Lucaciu\u201d din Apa, jude\u021bul Satu Mare.\u2026","rel":"","context":"Similar post","block_context":{"text":"Similar post","link":""},"img":{"alt_text":"","src":"https:\/\/i0.wp.com\/muzeusm.ro\/wp-content\/uploads\/2021\/12\/whatsapp-image-2021-12-13-at-09.27.50.jpeg?resize=350%2C200&ssl=1","width":350,"height":200,"srcset":"https:\/\/i0.wp.com\/muzeusm.ro\/wp-content\/uploads\/2021\/12\/whatsapp-image-2021-12-13-at-09.27.50.jpeg?resize=350%2C200&ssl=1 1x, https:\/\/i0.wp.com\/muzeusm.ro\/wp-content\/uploads\/2021\/12\/whatsapp-image-2021-12-13-at-09.27.50.jpeg?resize=525%2C300&ssl=1 1.5x, https:\/\/i0.wp.com\/muzeusm.ro\/wp-content\/uploads\/2021\/12\/whatsapp-image-2021-12-13-at-09.27.50.jpeg?resize=700%2C400&ssl=1 2x, https:\/\/i0.wp.com\/muzeusm.ro\/wp-content\/uploads\/2021\/12\/whatsapp-image-2021-12-13-at-09.27.50.jpeg?resize=1050%2C600&ssl=1 3x, https:\/\/i0.wp.com\/muzeusm.ro\/wp-content\/uploads\/2021\/12\/whatsapp-image-2021-12-13-at-09.27.50.jpeg?resize=1400%2C800&ssl=1 4x"},"classes":[]},{"id":236,"url":"https:\/\/muzeusm.ro\/en\/muzeul-local-orasu-nou\/","url_meta":{"origin":14438,"position":2},"title":"Muzeul Local, Ora\u0219u Nou","author":"andreeaionetecu","date":"20 October 2021","format":false,"excerpt":"{:ro} Muzeul Local Ora\u0219u Nou din jude\u021bul Satu Mare. Muzee de la satMuzeul Local Ora\u0219u Nou din jude\u021bul Satu Mare. Muzee de la satMuzeul Local Ora\u0219u Nou din jude\u021bul Satu Mare. Muzee de la satMuzeul Local Ora\u0219u Nou din jude\u021bul Satu Mare. Muzee de la satMuzeul Local Ora\u0219u Nou din\u2026","rel":"","context":"Similar post","block_context":{"text":"Similar post","link":""},"img":{"alt_text":"","src":"https:\/\/i0.wp.com\/muzeusm.ro\/wp-content\/uploads\/2022\/03\/orasu-nou-4.jpg?resize=350%2C200&ssl=1","width":350,"height":200,"srcset":"https:\/\/i0.wp.com\/muzeusm.ro\/wp-content\/uploads\/2022\/03\/orasu-nou-4.jpg?resize=350%2C200&ssl=1 1x, https:\/\/i0.wp.com\/muzeusm.ro\/wp-content\/uploads\/2022\/03\/orasu-nou-4.jpg?resize=525%2C300&ssl=1 1.5x, https:\/\/i0.wp.com\/muzeusm.ro\/wp-content\/uploads\/2022\/03\/orasu-nou-4.jpg?resize=700%2C400&ssl=1 2x, https:\/\/i0.wp.com\/muzeusm.ro\/wp-content\/uploads\/2022\/03\/orasu-nou-4.jpg?resize=1050%2C600&ssl=1 3x, https:\/\/i0.wp.com\/muzeusm.ro\/wp-content\/uploads\/2022\/03\/orasu-nou-4.jpg?resize=1400%2C800&ssl=1 4x"},"classes":[]},{"id":232,"url":"https:\/\/muzeusm.ro\/en\/casa-taraneasca-chilia\/","url_meta":{"origin":14438,"position":3},"title":"Casa \u021a\u0103r\u0103neasc\u0103, Chilia","author":"andreeaionetecu","date":"20 October 2021","format":false,"excerpt":"{:ro} Casa \u021a\u0103r\u0103neasc\u0103 din Chilia, jude\u021bul Satu Mare. Muzee de la satCasa \u021a\u0103r\u0103neasc\u0103 din Chilia, jude\u021bul Satu Mare. Muzee de la satCasa \u021a\u0103r\u0103neasc\u0103 din Chilia, jude\u021bul Satu Mare. Muzee de la satCasa \u021a\u0103r\u0103neasc\u0103 din Chilia, jude\u021bul Satu Mare. Muzee de la satCasa \u021a\u0103r\u0103neasc\u0103 din Chilia, jude\u021bul Satu Mare. Muzee de\u2026","rel":"","context":"Similar post","block_context":{"text":"Similar post","link":""},"img":{"alt_text":"","src":"https:\/\/i0.wp.com\/muzeusm.ro\/wp-content\/uploads\/2022\/03\/img_7607.jpeg?resize=350%2C200&ssl=1","width":350,"height":200,"srcset":"https:\/\/i0.wp.com\/muzeusm.ro\/wp-content\/uploads\/2022\/03\/img_7607.jpeg?resize=350%2C200&ssl=1 1x, https:\/\/i0.wp.com\/muzeusm.ro\/wp-content\/uploads\/2022\/03\/img_7607.jpeg?resize=525%2C300&ssl=1 1.5x, https:\/\/i0.wp.com\/muzeusm.ro\/wp-content\/uploads\/2022\/03\/img_7607.jpeg?resize=700%2C400&ssl=1 2x, https:\/\/i0.wp.com\/muzeusm.ro\/wp-content\/uploads\/2022\/03\/img_7607.jpeg?resize=1050%2C600&ssl=1 3x, https:\/\/i0.wp.com\/muzeusm.ro\/wp-content\/uploads\/2022\/03\/img_7607.jpeg?resize=1400%2C800&ssl=1 4x"},"classes":[]},{"id":212,"url":"https:\/\/muzeusm.ro\/en\/muzeul-maghiar-sipos-laszlo-bogdand\/","url_meta":{"origin":14438,"position":4},"title":"Muzeul Maghiar Sipos L\u00e1szl\u00f3, Bogdand","author":"andreeaionetecu","date":"20 October 2021","format":false,"excerpt":"{:ro} Muzeul Etnografic Maghiar \u201eSipos L\u00e1szlo\u201d din Bogdand, jude\u021bul Satu Mare. Muzee de la satMuzeul Etnografic Maghiar \u201eSipos L\u00e1szlo\u201d din Bogdand, jude\u021bul Satu Mare. Muzee de la satMuzeul Etnografic Maghiar \u201eSipos L\u00e1szlo\u201d din Bogdand, jude\u021bul Satu Mare. Muzee de la satMuzeul Etnografic Maghiar \u201eSipos L\u00e1szlo\u201d din Bogdand, jude\u021bul Satu Mare.\u2026","rel":"","context":"Similar post","block_context":{"text":"Similar post","link":""},"img":{"alt_text":"","src":"https:\/\/i0.wp.com\/muzeusm.ro\/wp-content\/uploads\/2022\/03\/bogdand-2.jpg?resize=350%2C200&ssl=1","width":350,"height":200,"srcset":"https:\/\/i0.wp.com\/muzeusm.ro\/wp-content\/uploads\/2022\/03\/bogdand-2.jpg?resize=350%2C200&ssl=1 1x, https:\/\/i0.wp.com\/muzeusm.ro\/wp-content\/uploads\/2022\/03\/bogdand-2.jpg?resize=525%2C300&ssl=1 1.5x, https:\/\/i0.wp.com\/muzeusm.ro\/wp-content\/uploads\/2022\/03\/bogdand-2.jpg?resize=700%2C400&ssl=1 2x, https:\/\/i0.wp.com\/muzeusm.ro\/wp-content\/uploads\/2022\/03\/bogdand-2.jpg?resize=1050%2C600&ssl=1 3x, https:\/\/i0.wp.com\/muzeusm.ro\/wp-content\/uploads\/2022\/03\/bogdand-2.jpg?resize=1400%2C800&ssl=1 4x"},"classes":[]},{"id":248,"url":"https:\/\/muzeusm.ro\/en\/casa-taraneasca-calinesti-oas\/","url_meta":{"origin":14438,"position":5},"title":"Casa \u021a\u0103r\u0103neasc\u0103, C\u0103line\u0219ti Oa\u0219","author":"andreeaionetecu","date":"20 October 2021","format":false,"excerpt":"{:ro} Casa \u021a\u0103\u0103neasc\u0103 C\u0103linesti Oa\u0219 din jude\u021bul Satu Mare. Muzee de la satCasa \u021a\u0103\u0103neasc\u0103 C\u0103linesti Oa\u0219 din jude\u021bul Satu Mare. Muzee de la satCasa \u021a\u0103\u0103neasc\u0103 C\u0103linesti Oa\u0219 din jude\u021bul Satu Mare. Muzee de la satCasa \u021a\u0103\u0103neasc\u0103 C\u0103linesti Oa\u0219 din jude\u021bul Satu Mare. Muzee de la satCasa \u021a\u0103\u0103neasc\u0103 C\u0103linesti Oa\u0219 din\u2026","rel":"","context":"Similar post","block_context":{"text":"Similar post","link":""},"img":{"alt_text":"","src":"https:\/\/i0.wp.com\/muzeusm.ro\/wp-content\/uploads\/2022\/03\/img_6047.jpeg?resize=350%2C200&ssl=1","width":350,"height":200,"srcset":"https:\/\/i0.wp.com\/muzeusm.ro\/wp-content\/uploads\/2022\/03\/img_6047.jpeg?resize=350%2C200&ssl=1 1x, https:\/\/i0.wp.com\/muzeusm.ro\/wp-content\/uploads\/2022\/03\/img_6047.jpeg?resize=525%2C300&ssl=1 1.5x, https:\/\/i0.wp.com\/muzeusm.ro\/wp-content\/uploads\/2022\/03\/img_6047.jpeg?resize=700%2C400&ssl=1 2x, https:\/\/i0.wp.com\/muzeusm.ro\/wp-content\/uploads\/2022\/03\/img_6047.jpeg?resize=1050%2C600&ssl=1 3x, https:\/\/i0.wp.com\/muzeusm.ro\/wp-content\/uploads\/2022\/03\/img_6047.jpeg?resize=1400%2C800&ssl=1 4x"},"classes":[]}],"jetpack_sharing_enabled":true,"jetpack_shortlink":"https:\/\/wp.me\/PfvnyQ-3KS","_links":{"self":[{"href":"https:\/\/muzeusm.ro\/en\/wp-json\/wp\/v2\/pages\/14438","targetHints":{"allow":["GET"]}}],"collection":[{"href":"https:\/\/muzeusm.ro\/en\/wp-json\/wp\/v2\/pages"}],"about":[{"href":"https:\/\/muzeusm.ro\/en\/wp-json\/wp\/v2\/types\/page"}],"author":[{"embeddable":true,"href":"https:\/\/muzeusm.ro\/en\/wp-json\/wp\/v2\/users\/243833644"}],"replies":[{"embeddable":true,"href":"https:\/\/muzeusm.ro\/en\/wp-json\/wp\/v2\/comments?post=14438"}],"version-history":[{"count":1,"href":"https:\/\/muzeusm.ro\/en\/wp-json\/wp\/v2\/pages\/14438\/revisions"}],"predecessor-version":[{"id":14439,"href":"https:\/\/muzeusm.ro\/en\/wp-json\/wp\/v2\/pages\/14438\/revisions\/14439"}],"up":[{"embeddable":true,"href":"https:\/\/muzeusm.ro\/en\/wp-json\/wp\/v2\/pages\/87"}],"wp:attachment":[{"href":"https:\/\/muzeusm.ro\/en\/wp-json\/wp\/v2\/media?parent=14438"}],"curies":[{"name":"wp","href":"https:\/\/api.w.org\/{rel}","templated":true}]}}