{"id":143,"date":"2021-10-20T08:32:46","date_gmt":"2021-10-20T05:32:46","guid":{"rendered":"https:\/\/netsysacad.ro?page_id=143"},"modified":"2024-03-10T01:19:27","modified_gmt":"2024-03-09T23:19:27","slug":"achizitii-publice","status":"publish","type":"page","link":"https:\/\/muzeusm.ro\/en\/achizitii-publice\/","title":{"rendered":"Achizi\u021bii publice"},"content":{"rendered":"<div class=\"wp-block-coblocks-posts is-style-stacked\"><div class=\"wp-block-coblocks-posts__inner has-columns has-2-columns has-responsive-columns has-square-image has-custom-gutter\"><div class=\"wp-block-coblocks-posts__item\"><div class=\"wp-block-coblocks-posts__content flex-start\"><time datetime=\"\" class=\"wp-block-coblocks-posts__date\">16 March 2026<\/time><a href=\"https:\/\/muzeusm.ro\/en\/lista-functiilor-din-cadrul-institutiei\/\" alt=\"Lista functiilor din cadrul institutiei\">Lista functiilor din cadrul institutiei<\/a><div class=\"wp-block-coblocks-posts__excerpt\">20260313101940908Descarc\u0103<\/div><\/div><\/div><div class=\"wp-block-coblocks-posts__item\"><div class=\"wp-block-coblocks-posts__content flex-start\"><time datetime=\"\" class=\"wp-block-coblocks-posts__date\">8 September 2025<\/time><a href=\"https:\/\/muzeusm.ro\/en\/solicitare-de-oferta-4\/\" alt=\"Solicitare de ofert\u0103\">Solicitare de ofert\u0103<\/a><div class=\"wp-block-coblocks-posts__excerpt\">C\u0103tre, operatorii economici interesa\u021bi&#8230; Documentul ata\u0219at o ave\u021bi aici: Solicitare oferte proiect_2025Descarc\u0103<\/div><\/div><\/div><div class=\"wp-block-coblocks-posts__item\"><div class=\"wp-block-coblocks-posts__content flex-start\"><time datetime=\"\" class=\"wp-block-coblocks-posts__date\">21 August 2025<\/time><a href=\"https:\/\/muzeusm.ro\/en\/centralizatorul-achizitiilor-publice-situatia-executarii-contractelor-de-achizitii-publice-in-anul-2025\/\" alt=\"Centralizatorul achizitiilor publice-situatia executarii contractelor de achizitii publice in anul 2025\">Centralizatorul achizitiilor publice-situatia executarii contractelor de achizitii publice in anul 2025<\/a><div class=\"wp-block-coblocks-posts__excerpt\">Centralizatorul achizitiilor publice-situatia executarii contractelor de achizitii publice in anul 2025: Documentul &hellip; <\/div><\/div><\/div><div class=\"wp-block-coblocks-posts__item\"><div class=\"wp-block-coblocks-posts__content flex-start\"><time datetime=\"\" class=\"wp-block-coblocks-posts__date\">29 October 2024<\/time><a href=\"https:\/\/muzeusm.ro\/en\/solicitare-de-oferta-2\/\" alt=\"Solicitare de ofert\u0103\">Solicitare de ofert\u0103<\/a><div class=\"wp-block-coblocks-posts__excerpt\">Lucr\u0103ri de repara\u021bii curente \u0219i asfaltare la c\u0103ile de acces, curte \u0219i &hellip; <\/div><\/div><\/div><div class=\"wp-block-coblocks-posts__item\"><div class=\"wp-block-coblocks-posts__content flex-start\"><time datetime=\"\" class=\"wp-block-coblocks-posts__date\">1 November 2017<\/time><a href=\"https:\/\/muzeusm.ro\/en\/caiet-de-sarcini-lucrari-de-reparatii-la-acoperisul-mjsm\/\" alt=\"Caiet de sarcini-Lucr\u0103ri de repara\u021bii la acoperi\u0219ul MJSM\">Caiet de sarcini-Lucr\u0103ri de repara\u021bii la acoperi\u0219ul MJSM<\/a><div class=\"wp-block-coblocks-posts__excerpt\">CAIET DE SARCINI Denumirea autoritatii contractante: MUZEUL JUDETEAN SATU MARE Obiectul achizitiei: &hellip; <\/div><\/div><\/div><\/div><\/div>\n\n\n<div class=\"wp-block-group alignfull has-tertiary-background-color has-background has-small-font-size\"><div class=\"wp-block-group__inner-container is-layout-constrained wp-block-group-is-layout-constrained\">\n<div class=\"wp-block-columns is-layout-flex wp-container-core-columns-is-layout-28f84493 wp-block-columns-is-layout-flex\">\n<div class=\"wp-block-column is-layout-flow wp-block-column-is-layout-flow\">\n<h5 class=\"wp-block-heading has-secondary-color has-text-color has-normal-font-size\">Muzeul Jude\u021bean Satu Mare<\/h5>\n\n\n\n<p class=\"has-text-align-left has-black-color has-text-color\"><a style=\"color: #000000;\" href=\"https:\/\/www.facebook.com\/Muzeul-Judetean-Satu-Mare-1050838434978303\">Facebook<\/a><\/p>\n\n\n\n<p><a style=\"color: #000000;\" href=\"https:\/\/www.instagram.com\/mjsatumare\/\">Instagram<\/a><\/p>\n<\/div>\n\n\n\n<div class=\"wp-block-column is-layout-flow wp-block-column-is-layout-flow\">\n<h4 class=\"wp-block-heading has-text-align-left has-secondary-color has-text-color has-normal-font-size\">Contact<\/h4>\n\n\n\n<ul>\n<li>muzeusm@gmail.com<\/li>\n<li>+40261737526<\/li>\n<\/ul>\n<\/div>\n\n\n\n<div class=\"wp-block-column is-layout-flow wp-block-column-is-layout-flow\">\n<h4 class=\"wp-block-heading has-secondary-color has-text-color has-normal-font-size\">Adresa<\/h4>\n\n\n\n<p class=\"has-black-color has-text-color\">Vasile Lucaciu, 21 <br>Satu Mare<br>Romania<\/p>\n<\/div>\n<\/div>\n<\/div><\/div>\n","protected":false},"excerpt":{"rendered":"<p>Muzeul Jude\u021bean Satu Mare Facebook Instagram Contact muzeusm@gmail.com +40261737526 Adresa Vasile Lucaciu, 21 Satu MareRomania<\/p>\n","protected":false},"author":183061330,"featured_media":0,"parent":0,"menu_order":0,"comment_status":"closed","ping_status":"closed","template":"","meta":{"_coblocks_attr":"","_coblocks_dimensions":"","_coblocks_responsive_height":"","_coblocks_accordion_ie_support":"","advanced_seo_description":"","jetpack_seo_html_title":"","jetpack_seo_noindex":false,"jetpack_post_was_ever_published":false,"footnotes":""},"class_list":["post-143","page","type-page","status-publish","hentry","entry"],"translation":{"provider":"WPGlobus","version":"3.0.1","language":"en","enabled_languages":["ro","hu","en"],"languages":{"ro":{"title":true,"content":true,"excerpt":false},"hu":{"title":false,"content":false,"excerpt":false},"en":{"title":false,"content":false,"excerpt":false}}},"jetpack_likes_enabled":true,"jetpack-related-posts":[{"id":16445,"url":"https:\/\/muzeusm.ro\/en\/buget\/","url_meta":{"origin":143,"position":0},"title":"Buget","author":"norbertlorincz","date":"7 March 2025","format":false,"excerpt":"BUGET INITIAL 2025 MUZEUL JUDETEAN SATU MARE: Bugetul initial 2025Descarc\u0103 EXECUTIE BUGET SI ANGAJAMENTE BUGETARE TRIM I 2025 Executie-angajamente bugetare Trim I 2025Descarc\u0103 Raport executie bugetara -plati Trim I 2025Descarc\u0103 Exexcutie bugetara Trim.I.2025 Executie-angajamente bugetare Trim I 2025Descarc\u0103 Plan de achizitii muzeu 2025 buget initial Plan de achizitii publice 2025Descarc\u0103\u2026","rel":"","context":"Similar post","block_context":{"text":"Similar post","link":""},"img":{"alt_text":"","src":"","width":0,"height":0},"classes":[]},{"id":89,"url":"https:\/\/muzeusm.ro\/en\/informatii-de-interes-public\/","url_meta":{"origin":143,"position":1},"title":"Informa\u021bii de interes public","author":"andreeaionetecu","date":"19 October 2021","format":false,"excerpt":"{:ro} Anun\u021buri Achizi\u021bii publice Buget & Documente financiare Concursuri Declara\u021bii de avere \u0218I INTERESE peti\u021bii online Muzeul Jude\u021bean Satu Mare Facebook Instagram Contact muzeusm@gmail.com 0261735116 Adresa Vasile Lucaciu, 21 Satu MareRomania Anunt selectie dosare concurs ingrijitor Anunt selectie dosare concurs ingrijitorDescarc\u0103 {:}{:hu} K\u00f6zbeszerz\u00e9s Karrier lehet\u0151s\u00e9g Vagyon \u00e9s felel\u0151s\u00e9g nyilatkozatok K\u00f6zlem\u00e9nyek\u2026","rel":"","context":"Similar post","block_context":{"text":"Similar post","link":""},"img":{"alt_text":"","src":"","width":0,"height":0},"classes":[]},{"id":14043,"url":"https:\/\/muzeusm.ro\/en\/sectii\/serviciul-financiar-contabil-2\/","url_meta":{"origin":143,"position":2},"title":"Serviciul Financiar Contabil","author":"Kov\u00e1cs Zsolt","date":"7 June 2024","format":false,"excerpt":"Deruleaz\u0103 activit\u0103\u021bile func\u021bionale ale Muzeului Jude\u021bean se realizeaz\u0103 prin patru compartimente: contabilitate, salarizare-personal, achizi\u021bii publice \u0219i administrativ-paz\u0103. Angaja\u021bii serviciului:POP DANIELA FLORENTINA CONTABIL \u0218EF II FAGE CRINA DIANA ECONOMIST\u00a0\u00a0 IA CAPOTESCU M\u0102RIOARA GESTIONAR CUSTODE\u00a0\u00a0 IA VANCEA CARMEN REFERENT DE SPECIALITATE\u00a0 I P\u0102\u0218TEAN DORINA ANA INSPECTOR DE SPECIALITATE I LASZLO SILVIA MARIANA\u2026","rel":"","context":"Similar post","block_context":{"text":"Similar post","link":""},"img":{"alt_text":"","src":"","width":0,"height":0},"classes":[]},{"id":14438,"url":"https:\/\/muzeusm.ro\/en\/proiecte\/easydoor-easing-access-to-systemic-discovery-of-our-origins-and-resources\/","url_meta":{"origin":143,"position":3},"title":"EASYDOOR \u2013 EASING ACCESS TO SYSTEMIC DISCOVERY OF OUR ORIGINS AND RESOURCES","author":"norbertlorincz","date":"3 July 2024","format":false,"excerpt":"Unitatea Administrativ-Teritorial\u0103 Jude\u0163ul Satu Mare implementeaz\u0103 proiectul\u00a0Easing Access to Systemic Discovery of Our Origins and Resources \u2013 Easydoor,\u00a0Cod proiect ROHU-456, finan\u0163at \u00een cadrul PROGRAMULUI INTERREG V-A ROM\u00c2NIA \u2013 UNGARIA. Proiectul Easydoor este implementat \u00eentr-un cerc partenerial transfrontalier format din: \u2013 Autoguvernarea Jude\u0163ului Szabolcs-Szatm\u00e1r-Bereg (Szabolcs-Szatm\u00e1r-Bereg Megyei \u00d6nkorm\u00e1nyzat) \u2013 partener lider de\u2026","rel":"","context":"Similar post","block_context":{"text":"Similar post","link":""},"img":{"alt_text":"","src":"","width":0,"height":0},"classes":[]},{"id":14046,"url":"https:\/\/muzeusm.ro\/en\/sectii\/serviciul-financiar-contabil\/","url_meta":{"origin":143,"position":4},"title":"Serviciul Financiar Contabil","author":"norbertlorincz","date":"7 June 2024","format":false,"excerpt":"{:ro} Deruleaz\u0103 activit\u0103\u021bile func\u021bionale ale Muzeului Jude\u021bean se realizeaz\u0103 prin patru compartimente: contabilitate, salarizare-personal, achizi\u021bii publice \u0219i administrativ-paz\u0103. Angaja\u021bii serviciului:POP DANIELA FLORENTINA CONTABIL SEF II FAGE CRINA DIANA ECONOMIST\u00a0\u00a0 IA VANCEA CARMEN REFERENT DE SPECIALITATE\u00a0 I NISTOR DENISA BIANCA - FUNCTIONAR P\u0102\u0218TEAN DORINA ANA INSPECTOR DE SPECIALITATE I LASZLO SILVIA\u2026","rel":"","context":"Similar post","block_context":{"text":"Similar post","link":""},"img":{"alt_text":"","src":"","width":0,"height":0},"classes":[]},{"id":15750,"url":"https:\/\/muzeusm.ro\/en\/biblioteca\/","url_meta":{"origin":143,"position":5},"title":"Bibliotec\u0103","author":"norbertlorincz","date":"6 November 2024","format":false,"excerpt":"{:ro} Despre bibliotec\u0103 \u00cen cadrul Muzeului Jude\u021bean Satu Mare func\u0163ioneaz\u0103 \u00eenc\u0103 de la \u00eenceputuri o bibliotec\u0103 documentar\u0103 \u015fi de specialitate num\u0103r\u00e2nd \u00een jur de 50.000 de volume. Partea documentar\u0103 cuprinde c\u0103r\u0163ile transferate muzeului din colec\u0163ia prefecturii vechiului comitat al S\u0103tmarului, o dona\u0163ie primit\u0103 din Fondul de Dublete ale Bibliotecii Academiei\u2026","rel":"","context":"Similar post","block_context":{"text":"Similar post","link":""},"img":{"alt_text":"","src":"","width":0,"height":0},"classes":[]}],"jetpack_sharing_enabled":true,"jetpack_shortlink":"https:\/\/wp.me\/PfvnyQ-2j","_links":{"self":[{"href":"https:\/\/muzeusm.ro\/en\/wp-json\/wp\/v2\/pages\/143","targetHints":{"allow":["GET"]}}],"collection":[{"href":"https:\/\/muzeusm.ro\/en\/wp-json\/wp\/v2\/pages"}],"about":[{"href":"https:\/\/muzeusm.ro\/en\/wp-json\/wp\/v2\/types\/page"}],"author":[{"embeddable":true,"href":"https:\/\/muzeusm.ro\/en\/wp-json\/wp\/v2\/users\/183061330"}],"replies":[{"embeddable":true,"href":"https:\/\/muzeusm.ro\/en\/wp-json\/wp\/v2\/comments?post=143"}],"version-history":[{"count":1,"href":"https:\/\/muzeusm.ro\/en\/wp-json\/wp\/v2\/pages\/143\/revisions"}],"predecessor-version":[{"id":16954,"href":"https:\/\/muzeusm.ro\/en\/wp-json\/wp\/v2\/pages\/143\/revisions\/16954"}],"wp:attachment":[{"href":"https:\/\/muzeusm.ro\/en\/wp-json\/wp\/v2\/media?parent=143"}],"curies":[{"name":"wp","href":"https:\/\/api.w.org\/{rel}","templated":true}]}}