{"id":14101,"date":"2024-06-13T09:57:48","date_gmt":"2024-06-13T06:57:48","guid":{"rendered":"https:\/\/muzeusm.ro\/?page_id=14101"},"modified":"2024-06-14T00:57:20","modified_gmt":"2024-06-13T21:57:20","slug":"declaratii-de-avere-si-interese-2017","status":"publish","type":"page","link":"https:\/\/muzeusm.ro\/en\/declaratii-de-avere\/declaratii-de-avere-si-interese-2017\/","title":{"rendered":"Declara\u021bii de Avere \u0219i Interese 2017"},"content":{"rendered":"\n<ul class=\"wp-block-list\">\n<li><a href=\"https:\/\/muzeusm.ro\/wp-content\/uploads\/2017\/05\/ARDELEAN-RADU.pdf\">ARDELEAN RADU &#8211; Declaratie de avere<\/a><\/li>\n\n\n\n<li><a href=\"https:\/\/muzeusm.ro\/wp-content\/uploads\/2017\/05\/ARDELEAN-RADU-INTERESE.pdf\">ARDELEAN RADU &#8211; Declaratie de interese<\/a><\/li>\n\n\n\n<li><a href=\"https:\/\/muzeusm.ro\/wp-content\/uploads\/2017\/05\/BALU-DANIELA.pdf\">BALU DANIELA &#8211; Declaratie de avere<\/a><\/li>\n\n\n\n<li><a href=\"https:\/\/muzeusm.ro\/wp-content\/uploads\/2017\/05\/BALU-DANIELA-INTERESE.pdf\">BALU DANIELA &#8211; Declaratie de interese<\/a><\/li>\n<\/ul>\n\n\n\n<ul class=\"wp-block-list\">\n<li><a href=\"https:\/\/muzeusm.ro\/wp-content\/uploads\/2017\/05\/GINDELE-ROBERT.pdf\">GINDELE ROBERT &#8211; Declaratie de avere<\/a><\/li>\n\n\n\n<li><a href=\"https:\/\/muzeusm.ro\/wp-content\/uploads\/2017\/05\/GINDELE-ROBERT-INTERESE.pdf\">GINDELE ROBERT &#8211; Declaratie de interese<\/a><\/li>\n<\/ul>\n\n\n\n<ul class=\"wp-block-list\">\n<li><a href=\"https:\/\/muzeusm.ro\/wp-content\/uploads\/2017\/05\/HAGO-ATTILA.pdf\">HAGO ATTILA &#8211; Declaratie de avere<\/a><\/li>\n\n\n\n<li><a href=\"https:\/\/muzeusm.ro\/wp-content\/uploads\/2017\/05\/HAGO-ATTILA-1.pdf\">HAGO ATTILA &#8211; Declaratie de interese<\/a><\/li>\n<\/ul>\n\n\n\n<ul class=\"wp-block-list\">\n<li><a href=\"https:\/\/muzeusm.ro\/wp-content\/uploads\/2017\/05\/HORVAT-IRINA-LIUBA-.pdf\">HORVAT IRINA LIUBA &#8211; Declaratie de avere<\/a><\/li>\n\n\n\n<li><a href=\"https:\/\/muzeusm.ro\/wp-content\/uploads\/2017\/05\/HORVAT-IRINA-LIUBA-INTERESE.pdf\">HORVAT IRINA LIUBA &#8211; Declaratie de interese<\/a><\/li>\n<\/ul>\n\n\n\n<ul class=\"wp-block-list\">\n<li><a href=\"https:\/\/muzeusm.ro\/wp-content\/uploads\/2017\/05\/LOBONT-PUSCAS-MARIA-.pdf\">LOBONT PUSCAS MARIA &#8211; Declaratie de avere<\/a><\/li>\n\n\n\n<li><a href=\"https:\/\/muzeusm.ro\/wp-content\/uploads\/2017\/05\/LOBONT-PUSCAS-MARIA-INTERESE.pdf\">LOBONT PUSCAS MARIA &#8211; Declaratie de interese<\/a><\/li>\n<\/ul>\n\n\n\n<ul class=\"wp-block-list\">\n<li><a href=\"https:\/\/muzeusm.ro\/wp-content\/uploads\/2017\/05\/olariu-gheorghina.pdf\">OLARIU GHEORGHINA &#8211; Declaratie de avere<\/a><\/li>\n\n\n\n<li><a href=\"https:\/\/muzeusm.ro\/wp-content\/uploads\/2017\/05\/OLARIU-GHEORGHINA-INTERESE.pdf\">OLARIU GHEORGHINA &#8211; Declaratie de interese<\/a><\/li>\n<\/ul>\n\n\n\n<ul class=\"wp-block-list\">\n<li><a href=\"https:\/\/muzeusm.ro\/wp-content\/uploads\/2017\/05\/POP-DANIELA-FLORENTINA-.pdf\">POP DANIELA FLORENTINA &#8211; Declaratie de avere<\/a><\/li>\n\n\n\n<li><a href=\"https:\/\/muzeusm.ro\/wp-content\/uploads\/2017\/05\/POP-DANIELA-FLORENTINA-INTERESE.pdf\">POP DANIELA FLORENTINA &#8211; Declaratie de interese<\/a><\/li>\n<\/ul>\n\n\n\n<ul class=\"wp-block-list\">\n<li><a href=\"https:\/\/muzeusm.ro\/wp-content\/uploads\/2017\/05\/POP-FELICIAN.pdf\">POP FELICIAN &#8211; Declaratie de avere<\/a><\/li>\n\n\n\n<li><a href=\"https:\/\/muzeusm.ro\/wp-content\/uploads\/2017\/05\/POP-FELICIAN-INTERESE.pdf\">POP FELICIAN &#8211; Declaratie de interese<\/a><\/li>\n<\/ul>\n\n\n\n<ul class=\"wp-block-list\">\n<li><a href=\"https:\/\/muzeusm.ro\/wp-content\/uploads\/2017\/05\/POPDAN-BRADUT-.pdf\">POPDAN BRADUT &#8211; Declaratie de avere<\/a><\/li>\n\n\n\n<li><a href=\"https:\/\/muzeusm.ro\/wp-content\/uploads\/2017\/05\/POPDAN-BRADUT-ION-INTERESE.pdf\">POPDAN BRADUT ION &#8211; Declaratie de interese<\/a><\/li>\n<\/ul>\n\n\n\n<ul class=\"wp-block-list\">\n<li><a href=\"https:\/\/muzeusm.ro\/wp-content\/uploads\/2017\/05\/PORUMBACEAN-CLAUDIU-.pdf\">PORUMBACEAN CLAUDIU &#8211; Declaratie de avere<\/a><\/li>\n\n\n\n<li><a href=\"https:\/\/muzeusm.ro\/wp-content\/uploads\/2017\/05\/POPRUMBACEAN-CLAUDIU-INTERESE.pdf\">POPRUMBACEAN CLAUDIU &#8211; Declaratie de interese<\/a><\/li>\n<\/ul>\n\n\n\n<ul class=\"wp-block-list\">\n<li><a href=\"https:\/\/muzeusm.ro\/wp-content\/uploads\/2017\/05\/SZOCS-PETER-.pdf\">SZOCS PETER &#8211; Declaratie de avere<\/a><\/li>\n\n\n\n<li><a href=\"https:\/\/muzeusm.ro\/wp-content\/uploads\/2017\/05\/SZOCS-PETER-INTERES.pdf\">SZOCS PETER &#8211; Declaratie de interese<\/a><\/li>\n<\/ul>\n\n\n\n<ul class=\"wp-block-list\">\n<li><a href=\"https:\/\/muzeusm.ro\/wp-content\/uploads\/2017\/05\/vikk-tiberiu.pdf\">VIKK TIBERIU &#8211; Declaratie de avere<\/a><\/li>\n\n\n\n<li><a href=\"https:\/\/muzeusm.ro\/wp-content\/uploads\/2017\/05\/vikk-tiberiu-1.pdf\">VIKK TIBERIU &#8211; Declaratie de interese<\/a><\/li>\n<\/ul>\n","protected":false},"excerpt":{"rendered":"","protected":false},"author":243833644,"featured_media":0,"parent":144,"menu_order":0,"comment_status":"closed","ping_status":"closed","template":"","meta":{"_coblocks_attr":"","_coblocks_dimensions":"","_coblocks_responsive_height":"","_coblocks_accordion_ie_support":"","advanced_seo_description":"","jetpack_seo_html_title":"","jetpack_seo_noindex":false,"jetpack_post_was_ever_published":false,"footnotes":""},"class_list":["post-14101","page","type-page","status-publish","hentry","entry"],"translation":{"provider":"WPGlobus","version":"3.0.1","language":"en","enabled_languages":["ro","hu","en"],"languages":{"ro":{"title":true,"content":true,"excerpt":false},"hu":{"title":false,"content":false,"excerpt":false},"en":{"title":false,"content":false,"excerpt":false}}},"jetpack_likes_enabled":true,"jetpack-related-posts":[{"id":14098,"url":"https:\/\/muzeusm.ro\/en\/declaratii-de-avere\/declaratii-de-avere-si-interese-2018\/","url_meta":{"origin":14101,"position":0},"title":"Declara\u021bii de Avere \u0219i Interese 2018","author":"norbertlorincz","date":"13 June 2024","format":false,"excerpt":"Ardelean Radu - Declara\u021bie de avere Ardelean Radu - Declara\u021bie de interese Balu Daniela - Declara\u021bie de avere Balu Daniela - Declara\u021bie de interese Gindele Robert - Declara\u021bie de avere Gindele Robert - Declara\u021bie de interese Hago Attila - Declara\u021bie de avere Hago Attila - Declara\u021bie de interese Horvat Liuba\u2026","rel":"","context":"Similar post","block_context":{"text":"Similar post","link":""},"img":{"alt_text":"","src":"","width":0,"height":0},"classes":[]},{"id":14095,"url":"https:\/\/muzeusm.ro\/en\/declaratii-de-avere\/declaratii-de-avere-si-interese-2019\/","url_meta":{"origin":14101,"position":1},"title":"Declara\u021bii de Avere \u0219i Interese 2019","author":"norbertlorincz","date":"13 June 2024","format":false,"excerpt":"Ardelean Radu - Declara\u0163ie de avere Ardelean Radu - Declara\u0163ie de interese B\u0103lu Daniela - Declara\u0163ie de avere B\u0103lu Daniela - Declara\u0163ie de interese Gindele Robert - Declara\u0163ie de avere Gindele Robert - Declara\u0163ie de interese Hago Attila - Declara\u0163ie de avere Hago Attila - Declara\u0163ie de interese Horvat Liuba\u2026","rel":"","context":"Similar post","block_context":{"text":"Similar post","link":""},"img":{"alt_text":"","src":"","width":0,"height":0},"classes":[]},{"id":14080,"url":"https:\/\/muzeusm.ro\/en\/declaratii-de-avere\/declaratii-de-avere-si-interese-2024\/","url_meta":{"origin":14101,"position":2},"title":"Declara\u021bii de Avere \u0219i interese 2024","author":"norbertlorincz","date":"12 June 2024","format":false,"excerpt":"B\u0103lu Daniela declara\u021bie de avere B\u0103lu Daniela declara\u021bie de interese Belbe Sebastian declara\u021bie de avere Belbe Sebastian declara\u021bie de interese Capotescu M\u0103rioara declara\u021bie de avere Capotescu M\u0103rioara declara\u021bie de interese Dobrescu Adela declara\u021bie de avere Dobrescu Adela declara\u021bie de interese Fage Diana declara\u021bie de avere Fage Diana declara\u021bie de interese\u2026","rel":"","context":"Similar post","block_context":{"text":"Similar post","link":""},"img":{"alt_text":"","src":"","width":0,"height":0},"classes":[]},{"id":16756,"url":"https:\/\/muzeusm.ro\/en\/declaratii-de-avere\/declaratii-de-avere-si-interese-2025\/","url_meta":{"origin":14101,"position":3},"title":"Declara\u021bii de Avere \u0219i interese 2025","author":"norbertlorincz","date":"16 June 2025","format":false,"excerpt":"B\u0103lu Daniela declara\u021bie de avere B\u0103lu Daniela declara\u021bie de interese Belbe Sebastian declara\u021bie de avere Belbe Sebastian declara\u021bie de interese Capotescu M\u0103rioara declara\u021bie de avere Capotescu M\u0103rioara declara\u021bie de interese Grigorean Mihaela declara\u021bie de avere Grigorean Mihaela declara\u021bie de interese Fage Diana declara\u021bie de avere Fage Diana declara\u021bie de interese\u2026","rel":"","context":"Similar post","block_context":{"text":"Similar post","link":""},"img":{"alt_text":"","src":"","width":0,"height":0},"classes":[]},{"id":14086,"url":"https:\/\/muzeusm.ro\/en\/declaratii-de-avere\/declaratii-de-avere-si-interese-2022\/","url_meta":{"origin":14101,"position":4},"title":"Declara\u021bii de Avere \u0219i Interese 2022","author":"norbertlorincz","date":"13 June 2024","format":false,"excerpt":"B\u0103lu Daniela -Declara\u021bie de avere B\u0103lu Daniela -Declara\u021bie interese Belbe Sebastian -Declaratie de avere Belbe Sebastian -Declaratie interese Dobrescu Adela -Declaratie de avere Dobrescu Adela -Declara\u021bie\u00a0 interese Gindele Robert -Declaratie de avere Gindele Robert -Declaratie interese Grigorean Mihaela -Declaratie de avere Grigorean Mihaela -Declaratie interese Hago Attila -Declaratie avere Hago\u2026","rel":"","context":"Similar post","block_context":{"text":"Similar post","link":""},"img":{"alt_text":"","src":"","width":0,"height":0},"classes":[]},{"id":14083,"url":"https:\/\/muzeusm.ro\/en\/declaratii-de-avere\/declaratii-de-avere-si-interese-2023\/","url_meta":{"origin":14101,"position":5},"title":"Declara\u021bii de Avere \u0219i Interese 2023","author":"norbertlorincz","date":"13 June 2024","format":false,"excerpt":"B\u0103lu Daniela declara\u021bie de avere B\u0103lu Daniela declara\u021bie de interese Belbe Sebastian declara\u021bie de avere Belbe Sebastian declara\u021bie de interese Capotescu M\u0103rioara declara\u021bie de avere Capotescu M\u0103rioara declara\u021bie de interese Dobrecu Adela declara\u021bie de interese Dobrescu Adela declara\u021bie de avere Fage Diana declara\u021bie de avere Fage Diana declara\u021bie de interese\u2026","rel":"","context":"Similar post","block_context":{"text":"Similar post","link":""},"img":{"alt_text":"","src":"","width":0,"height":0},"classes":[]}],"jetpack_sharing_enabled":true,"jetpack_shortlink":"https:\/\/wp.me\/PfvnyQ-3Fr","_links":{"self":[{"href":"https:\/\/muzeusm.ro\/en\/wp-json\/wp\/v2\/pages\/14101","targetHints":{"allow":["GET"]}}],"collection":[{"href":"https:\/\/muzeusm.ro\/en\/wp-json\/wp\/v2\/pages"}],"about":[{"href":"https:\/\/muzeusm.ro\/en\/wp-json\/wp\/v2\/types\/page"}],"author":[{"embeddable":true,"href":"https:\/\/muzeusm.ro\/en\/wp-json\/wp\/v2\/users\/243833644"}],"replies":[{"embeddable":true,"href":"https:\/\/muzeusm.ro\/en\/wp-json\/wp\/v2\/comments?post=14101"}],"version-history":[{"count":15,"href":"https:\/\/muzeusm.ro\/en\/wp-json\/wp\/v2\/pages\/14101\/revisions"}],"predecessor-version":[{"id":14207,"href":"https:\/\/muzeusm.ro\/en\/wp-json\/wp\/v2\/pages\/14101\/revisions\/14207"}],"up":[{"embeddable":true,"href":"https:\/\/muzeusm.ro\/en\/wp-json\/wp\/v2\/pages\/144"}],"wp:attachment":[{"href":"https:\/\/muzeusm.ro\/en\/wp-json\/wp\/v2\/media?parent=14101"}],"curies":[{"name":"wp","href":"https:\/\/api.w.org\/{rel}","templated":true}]}}