{"id":14095,"date":"2024-06-13T09:55:22","date_gmt":"2024-06-13T06:55:22","guid":{"rendered":"https:\/\/muzeusm.ro\/?page_id=14095"},"modified":"2024-06-16T11:52:34","modified_gmt":"2024-06-16T08:52:34","slug":"declaratii-de-avere-si-interese-2019","status":"publish","type":"page","link":"https:\/\/muzeusm.ro\/en\/declaratii-de-avere\/declaratii-de-avere-si-interese-2019\/","title":{"rendered":"Declara\u021bii de Avere \u0219i Interese 2019"},"content":{"rendered":"\n<ul class=\"wp-block-list\">\n<li><a href=\"https:\/\/muzeusm.ro\/wp-content\/uploads\/2017\/05\/ARDELEAN-RADU-DECL-AVERE-1.pdf\">Ardelean Radu &#8211; Declara\u0163ie de avere<\/a><\/li>\n\n\n\n<li><a href=\"https:\/\/muzeusm.ro\/wp-content\/uploads\/2017\/05\/ARDELEAN-RADU-DECL-INTERESE.pdf\">Ardelean Radu &#8211; Declara\u0163ie de interese <\/a><\/li>\n\n\n\n<li><a href=\"https:\/\/muzeusm.ro\/wp-content\/uploads\/2017\/05\/BALU-DANIELA-DECL-AVERE2019.pdf\">B\u0103lu Daniela &#8211; Declara\u0163ie de avere<\/a><\/li>\n\n\n\n<li><a href=\"https:\/\/muzeusm.ro\/wp-content\/uploads\/2017\/05\/BALU-DANIELA-DECL-INTERESE.pdf\">B\u0103lu Daniela &#8211; Declara\u0163ie de interese<\/a><\/li>\n\n\n\n<li><a href=\"https:\/\/muzeusm.ro\/wp-content\/uploads\/2017\/05\/GINDELE-ROBERT-DECL-AVERE.pdf\">Gindele Robert &#8211; Declara\u0163ie de avere<\/a><\/li>\n\n\n\n<li><a href=\"https:\/\/muzeusm.ro\/wp-content\/uploads\/2017\/05\/GINDELE-ROBERT-DECL-INTERESE2019.pdf\">Gindele Robert &#8211; Declara\u0163ie de interese<\/a><\/li>\n\n\n\n<li><a href=\"https:\/\/muzeusm.ro\/wp-content\/uploads\/2017\/05\/HAGO-ATTILA-DECL-AVERE2019.pdf\">Hago Attila &#8211; Declara\u0163ie de avere<\/a><\/li>\n\n\n\n<li><a href=\"https:\/\/muzeusm.ro\/wp-content\/uploads\/2017\/05\/HAGO-ATTILA-DECL-INTERESE.pdf\">Hago Attila &#8211; Declara\u0163ie de interese<\/a><\/li>\n\n\n\n<li><a href=\"https:\/\/muzeusm.ro\/wp-content\/uploads\/2017\/05\/HORVAT-LIUBA-DECL-AVERE.pdf\">Horvat Liuba &#8211; Declara\u0163ie de avere<\/a><\/li>\n\n\n\n<li><a href=\"https:\/\/muzeusm.ro\/wp-content\/uploads\/2017\/05\/HORVAT-LIUBA-DECL-INTERESE.pdf\">Horvat Liuba &#8211; Declara\u0163ie de interese<\/a><\/li>\n\n\n\n<li><a href=\"https:\/\/muzeusm.ro\/wp-content\/uploads\/2017\/05\/LOBONT-PUSCAS-DECL-AVERE.pdf\">Lobon\u0163 Pu\u015fca\u015f &#8211; Declara\u0163ie de avere<\/a><\/li>\n\n\n\n<li><a href=\"https:\/\/muzeusm.ro\/wp-content\/uploads\/2017\/05\/Lobont-Puscas-decl-interese.pdf\">Lobon\u0163 Pu\u015fca\u015f &#8211; Declara\u0163ie de interese<\/a><\/li>\n\n\n\n<li><a href=\"https:\/\/muzeusm.ro\/wp-content\/uploads\/2017\/05\/MARTA-LIVIU-DECL-AVERE2019.pdf\">Marta Liviu &#8211; Declara\u0163ie de avere<\/a><\/li>\n\n\n\n<li><a href=\"https:\/\/muzeusm.ro\/wp-content\/uploads\/2017\/05\/MARTA-LIVIU-DECL-INTERESE2019.pdf\">Marta Liviu &#8211; Declara\u0163ie deinterese<\/a><\/li>\n\n\n\n<li><a href=\"https:\/\/muzeusm.ro\/wp-content\/uploads\/2017\/05\/OLARIU-GHEORGHINA-DECL-AVERE.pdf\">Olariu Gheorghina &#8211; Declara\u0163ie de avere<\/a><\/li>\n\n\n\n<li><a href=\"https:\/\/muzeusm.ro\/wp-content\/uploads\/2017\/05\/OLARIU-GHEORGHINA-DECL-INTERESE.pdf\">Olariu Gheorghina &#8211; Declara\u0163ie de interese<\/a><\/li>\n\n\n\n<li><a href=\"https:\/\/muzeusm.ro\/wp-content\/uploads\/2017\/05\/POP-DANIELA-DECL-AVERE2019.pdf\">Pop Daniela &#8211; Declara\u0163ie de avere<\/a><\/li>\n\n\n\n<li><a href=\"https:\/\/muzeusm.ro\/wp-content\/uploads\/2017\/05\/POP-DANIELA-DECL-INTERESE2019.pdf\">Pop Daniela &#8211; Declara\u0163ie de interese<\/a><\/li>\n\n\n\n<li><a href=\"https:\/\/muzeusm.ro\/wp-content\/uploads\/2017\/05\/POPDAN-BRADUT-DECL-AVERE.pdf\">Popdan Br\u0103du\u0163 &#8211; Declara\u0163ie de avere<\/a><\/li>\n\n\n\n<li><a href=\"https:\/\/muzeusm.ro\/wp-content\/uploads\/2017\/05\/POPDAN-BRADUT-DECL-INTERESE2019.pdf\">Popdan Br\u0103du\u0163 &#8211; Declara\u0163ie de interese<\/a><\/li>\n\n\n\n<li><a href=\"https:\/\/muzeusm.ro\/wp-content\/uploads\/2017\/05\/PORUMBACEAN-CLAUDIU-DECL-AVERE.pdf\">Porumb\u0103cean Claudiu &#8211; Declara\u0163ie&nbsp; de avere<\/a><\/li>\n\n\n\n<li><a href=\"https:\/\/muzeusm.ro\/wp-content\/uploads\/2017\/05\/PORUMBACEAN-CLAUDIU-DECL-INTERESE.pdf\">Porumb\u0103cean Claudiu &#8211; Declara\u0163ie de interese<\/a><\/li>\n\n\n\n<li><a href=\"https:\/\/muzeusm.ro\/wp-content\/uploads\/2017\/05\/SZOCS-PETER-DECLARATIE-DE-AVERE.pdf\">Szocs Peter &#8211; Declara\u0163ie de avere<\/a><\/li>\n\n\n\n<li><a href=\"https:\/\/muzeusm.ro\/wp-content\/uploads\/2017\/05\/SZOCS-PETER-DECL-INTERESE.pdf\">Szocs Peter &#8211; Declara\u0163ie<\/a><a href=\"https:\/\/muzeusm.ro\/wp-content\/uploads\/2017\/05\/SZOCS-PETER-DECL-INTERESE2019.pdf\"> <\/a><a href=\"https:\/\/muzeusm.ro\/wp-content\/uploads\/2017\/05\/SZOCS-PETER-DECL-INTERESE.pdf\">de interese<\/a><\/li>\n\n\n\n<li><a href=\"https:\/\/muzeusm.ro\/wp-content\/uploads\/2017\/05\/VIKK-TIBERIU-DECL-AVERE2019.pdf\">Vikk Tiberiu &#8211; Declara\u0163ie de avere<\/a><\/li>\n\n\n\n<li><a href=\"https:\/\/muzeusm.ro\/wp-content\/uploads\/2017\/05\/VIKK-TIBERIU-DECLA-INTERESE.pdf\">Vikk Tiberiu &#8211; Declara\u0163ie de interese<\/a><\/li>\n<\/ul>\n","protected":false},"excerpt":{"rendered":"","protected":false},"author":243833644,"featured_media":0,"parent":144,"menu_order":0,"comment_status":"closed","ping_status":"closed","template":"","meta":{"_coblocks_attr":"","_coblocks_dimensions":"","_coblocks_responsive_height":"","_coblocks_accordion_ie_support":"","advanced_seo_description":"","jetpack_seo_html_title":"","jetpack_seo_noindex":false,"jetpack_post_was_ever_published":false,"footnotes":""},"class_list":["post-14095","page","type-page","status-publish","hentry","entry"],"translation":{"provider":"WPGlobus","version":"3.0.1","language":"en","enabled_languages":["ro","hu","en"],"languages":{"ro":{"title":true,"content":true,"excerpt":false},"hu":{"title":false,"content":false,"excerpt":false},"en":{"title":false,"content":false,"excerpt":false}}},"jetpack_likes_enabled":true,"jetpack-related-posts":[{"id":14098,"url":"https:\/\/muzeusm.ro\/en\/declaratii-de-avere\/declaratii-de-avere-si-interese-2018\/","url_meta":{"origin":14095,"position":0},"title":"Declara\u021bii de Avere \u0219i Interese 2018","author":"norbertlorincz","date":"13 June 2024","format":false,"excerpt":"Ardelean Radu - Declara\u021bie de avere Ardelean Radu - Declara\u021bie de interese Balu Daniela - Declara\u021bie de avere Balu Daniela - Declara\u021bie de interese Gindele Robert - Declara\u021bie de avere Gindele Robert - Declara\u021bie de interese Hago Attila - Declara\u021bie de avere Hago Attila - Declara\u021bie de interese Horvat Liuba\u2026","rel":"","context":"Similar post","block_context":{"text":"Similar post","link":""},"img":{"alt_text":"","src":"","width":0,"height":0},"classes":[]},{"id":14101,"url":"https:\/\/muzeusm.ro\/en\/declaratii-de-avere\/declaratii-de-avere-si-interese-2017\/","url_meta":{"origin":14095,"position":1},"title":"Declara\u021bii de Avere \u0219i Interese 2017","author":"norbertlorincz","date":"13 June 2024","format":false,"excerpt":"ARDELEAN RADU - Declaratie de avere ARDELEAN RADU - Declaratie de interese BALU DANIELA - Declaratie de avere BALU DANIELA - Declaratie de interese GINDELE ROBERT - Declaratie de avere GINDELE ROBERT - Declaratie de interese HAGO ATTILA - Declaratie de avere HAGO ATTILA - Declaratie de interese HORVAT IRINA\u2026","rel":"","context":"Similar post","block_context":{"text":"Similar post","link":""},"img":{"alt_text":"","src":"","width":0,"height":0},"classes":[]},{"id":14080,"url":"https:\/\/muzeusm.ro\/en\/declaratii-de-avere\/declaratii-de-avere-si-interese-2024\/","url_meta":{"origin":14095,"position":2},"title":"Declara\u021bii de Avere \u0219i interese 2024","author":"norbertlorincz","date":"12 June 2024","format":false,"excerpt":"B\u0103lu Daniela declara\u021bie de avere B\u0103lu Daniela declara\u021bie de interese Belbe Sebastian declara\u021bie de avere Belbe Sebastian declara\u021bie de interese Capotescu M\u0103rioara declara\u021bie de avere Capotescu M\u0103rioara declara\u021bie de interese Dobrescu Adela declara\u021bie de avere Dobrescu Adela declara\u021bie de interese Fage Diana declara\u021bie de avere Fage Diana declara\u021bie de interese\u2026","rel":"","context":"Similar post","block_context":{"text":"Similar post","link":""},"img":{"alt_text":"","src":"","width":0,"height":0},"classes":[]},{"id":16756,"url":"https:\/\/muzeusm.ro\/en\/declaratii-de-avere\/declaratii-de-avere-si-interese-2025\/","url_meta":{"origin":14095,"position":3},"title":"Declara\u021bii de Avere \u0219i interese 2025","author":"norbertlorincz","date":"16 June 2025","format":false,"excerpt":"B\u0103lu Daniela declara\u021bie de avere B\u0103lu Daniela declara\u021bie de interese Belbe Sebastian declara\u021bie de avere Belbe Sebastian declara\u021bie de interese Capotescu M\u0103rioara declara\u021bie de avere Capotescu M\u0103rioara declara\u021bie de interese Grigorean Mihaela declara\u021bie de avere Grigorean Mihaela declara\u021bie de interese Fage Diana declara\u021bie de avere Fage Diana declara\u021bie de interese\u2026","rel":"","context":"Similar post","block_context":{"text":"Similar post","link":""},"img":{"alt_text":"","src":"","width":0,"height":0},"classes":[]},{"id":14086,"url":"https:\/\/muzeusm.ro\/en\/declaratii-de-avere\/declaratii-de-avere-si-interese-2022\/","url_meta":{"origin":14095,"position":4},"title":"Declara\u021bii de Avere \u0219i Interese 2022","author":"norbertlorincz","date":"13 June 2024","format":false,"excerpt":"B\u0103lu Daniela -Declara\u021bie de avere B\u0103lu Daniela -Declara\u021bie interese Belbe Sebastian -Declaratie de avere Belbe Sebastian -Declaratie interese Dobrescu Adela -Declaratie de avere Dobrescu Adela -Declara\u021bie\u00a0 interese Gindele Robert -Declaratie de avere Gindele Robert -Declaratie interese Grigorean Mihaela -Declaratie de avere Grigorean Mihaela -Declaratie interese Hago Attila -Declaratie avere Hago\u2026","rel":"","context":"Similar post","block_context":{"text":"Similar post","link":""},"img":{"alt_text":"","src":"","width":0,"height":0},"classes":[]},{"id":14083,"url":"https:\/\/muzeusm.ro\/en\/declaratii-de-avere\/declaratii-de-avere-si-interese-2023\/","url_meta":{"origin":14095,"position":5},"title":"Declara\u021bii de Avere \u0219i Interese 2023","author":"norbertlorincz","date":"13 June 2024","format":false,"excerpt":"B\u0103lu Daniela declara\u021bie de avere B\u0103lu Daniela declara\u021bie de interese Belbe Sebastian declara\u021bie de avere Belbe Sebastian declara\u021bie de interese Capotescu M\u0103rioara declara\u021bie de avere Capotescu M\u0103rioara declara\u021bie de interese Dobrecu Adela declara\u021bie de interese Dobrescu Adela declara\u021bie de avere Fage Diana declara\u021bie de avere Fage Diana declara\u021bie de interese\u2026","rel":"","context":"Similar post","block_context":{"text":"Similar post","link":""},"img":{"alt_text":"","src":"","width":0,"height":0},"classes":[]}],"jetpack_sharing_enabled":true,"jetpack_shortlink":"https:\/\/wp.me\/PfvnyQ-3Fl","_links":{"self":[{"href":"https:\/\/muzeusm.ro\/en\/wp-json\/wp\/v2\/pages\/14095","targetHints":{"allow":["GET"]}}],"collection":[{"href":"https:\/\/muzeusm.ro\/en\/wp-json\/wp\/v2\/pages"}],"about":[{"href":"https:\/\/muzeusm.ro\/en\/wp-json\/wp\/v2\/types\/page"}],"author":[{"embeddable":true,"href":"https:\/\/muzeusm.ro\/en\/wp-json\/wp\/v2\/users\/243833644"}],"replies":[{"embeddable":true,"href":"https:\/\/muzeusm.ro\/en\/wp-json\/wp\/v2\/comments?post=14095"}],"version-history":[{"count":17,"href":"https:\/\/muzeusm.ro\/en\/wp-json\/wp\/v2\/pages\/14095\/revisions"}],"predecessor-version":[{"id":14322,"href":"https:\/\/muzeusm.ro\/en\/wp-json\/wp\/v2\/pages\/14095\/revisions\/14322"}],"up":[{"embeddable":true,"href":"https:\/\/muzeusm.ro\/en\/wp-json\/wp\/v2\/pages\/144"}],"wp:attachment":[{"href":"https:\/\/muzeusm.ro\/en\/wp-json\/wp\/v2\/media?parent=14095"}],"curies":[{"name":"wp","href":"https:\/\/api.w.org\/{rel}","templated":true}]}}