{"id":14050,"date":"2024-06-07T12:31:22","date_gmt":"2024-06-07T09:31:22","guid":{"rendered":"https:\/\/muzeusm.ro\/?page_id=14050"},"modified":"2026-03-18T11:14:25","modified_gmt":"2026-03-18T09:14:25","slug":"serviciul-muzee-carei-tasnad","status":"publish","type":"page","link":"https:\/\/muzeusm.ro\/en\/sectii\/serviciul-muzee-carei-tasnad\/","title":{"rendered":"Serviciul Muzee Carei \u2013 T\u0103\u0219nad"},"content":{"rendered":"\n<p>Atribu\u021biile \u0219i responsabilit\u0103\u021bile vizeaz\u0103 coordonarea activit\u0103\u021bii de la unit\u0103\u021bile muzeale: Muzeul Municipal Carei, Muzeul Or\u0103\u0219enesc T\u0103\u0219nad, Complexul Memorial Ady Endre, Muzeul Maghiar Sipos Laszlo Bogdand, Muzeul \u0218v\u0103besc Petre\u0219ti, Casa \u021a\u0103r\u0103neasc\u0103 de la Andrid.<\/p>\n\n\n\n<p>Angaja\u021bii serviciului:<br><strong>GINDELE SIMONA CARMEN<\/strong> MUZEOGRAF\u00a0\u00a0 IA<br><strong>ILIES AURELIAN<\/strong> GESTIONAR CUSTODE IA<br><strong>IOJA ERICA VALENTINA<\/strong> CURATOR SII<br><strong>CSAT\u00c1RI ISTV\u00c1N GERG\u0150<\/strong> ISTORIC DEBUTANT \u00a0 <br><strong>LUCACI BUJOR<\/strong> REFERENT DE SPECIALITATE\u00a0 I <br><strong>IGNA MARIUS C\u0102T\u0102LIN<\/strong> EDUCATOR\u00a0 MUZEAL IA<br><strong>BEDE EVA ADELA\u00a0<\/strong>SUPRAVEGHETOR <br><strong>MOISA REMUS VASILE<\/strong> SOFER<\/p>\n","protected":false},"excerpt":{"rendered":"<p>Atribu\u021biile \u0219i responsabilit\u0103\u021bile vizeaz\u0103 coordonarea activit\u0103\u021bii de la unit\u0103\u021bile muzeale: Muzeul Municipal Carei, Muzeul Or\u0103\u0219enesc T\u0103\u0219nad, Complexul Memorial Ady Endre, Muzeul Maghiar Sipos Laszlo Bogdand, Muzeul \u0218v\u0103besc Petre\u0219ti, Casa \u021a\u0103r\u0103neasc\u0103 de la Andrid. Angaja\u021bii serviciului:GINDELE SIMONA CARMEN MUZEOGRAF\u00a0\u00a0 IAILIES AURELIAN GESTIONAR CUSTODE IAIOJA ERICA VALENTINA CURATOR SIICSAT\u00c1RI ISTV\u00c1N GERG\u0150 ISTORIC DEBUTANT \u00a0 LUCACI BUJOR REFERENT<a class=\"more-link\" href=\"https:\/\/muzeusm.ro\/en\/sectii\/serviciul-muzee-carei-tasnad\/\">Continue reading <span class=\"screen-reader-text\">&#8220;Serviciul Muzee Carei \u2013 T\u0103\u0219nad&#8221;<\/span><\/a><\/p>\n","protected":false},"author":243833644,"featured_media":0,"parent":83,"menu_order":0,"comment_status":"closed","ping_status":"closed","template":"","meta":{"_coblocks_attr":"","_coblocks_dimensions":"","_coblocks_responsive_height":"","_coblocks_accordion_ie_support":"","advanced_seo_description":"","jetpack_seo_html_title":"","jetpack_seo_noindex":false,"jetpack_post_was_ever_published":false,"footnotes":""},"class_list":["post-14050","page","type-page","status-publish","hentry","entry"],"translation":{"provider":"WPGlobus","version":"3.0.1","language":"en","enabled_languages":["ro","hu","en"],"languages":{"ro":{"title":true,"content":true,"excerpt":false},"hu":{"title":true,"content":true,"excerpt":false},"en":{"title":false,"content":false,"excerpt":false}}},"jetpack_likes_enabled":true,"jetpack-related-posts":[{"id":58,"url":"https:\/\/muzeusm.ro\/en\/reteaua-muzeala\/","url_meta":{"origin":14050,"position":0},"title":"Re\u021beaua Muzeal\u0103","author":"andreeaionetecu","date":"19 October 2021","format":false,"excerpt":"{:ro} Muzeul Jude\u021bean Satu Mare Muzeul de Art\u0103 Satu Mare Muzeul Municipal Carei - Castelul K\u00e1rolyi Muzeul Memorial Dr. Vasile Lucaciu, Apa Complex Memorial Ady Endre Muzeul Or\u0103\u0219enesc T\u0103\u0219nad Casa Muzeu T\u0103\u0219nad Atelierul Memorial Paul I. Erd\u0151s, Satu Mare Atelierul Memorial Aurel Popp, Satu Mare Muzeul \u0218v\u0103besc, Petre\u0219ti Muzeul Maghiar\u2026","rel":"","context":"Similar post","block_context":{"text":"Similar post","link":""},"img":{"alt_text":"","src":"https:\/\/i0.wp.com\/muzeusm.ro\/wp-content\/uploads\/2021\/10\/image-2012-07-27-12889443-56-situl-arheologic-bobald.jpg?resize=350%2C200&ssl=1","width":350,"height":200,"srcset":"https:\/\/i0.wp.com\/muzeusm.ro\/wp-content\/uploads\/2021\/10\/image-2012-07-27-12889443-56-situl-arheologic-bobald.jpg?resize=350%2C200&ssl=1 1x, https:\/\/i0.wp.com\/muzeusm.ro\/wp-content\/uploads\/2021\/10\/image-2012-07-27-12889443-56-situl-arheologic-bobald.jpg?resize=525%2C300&ssl=1 1.5x"},"classes":[]},{"id":212,"url":"https:\/\/muzeusm.ro\/en\/muzeul-maghiar-sipos-laszlo-bogdand\/","url_meta":{"origin":14050,"position":1},"title":"Muzeul Maghiar Sipos L\u00e1szl\u00f3, Bogdand","author":"andreeaionetecu","date":"20 October 2021","format":false,"excerpt":"{:ro} Muzeul Etnografic Maghiar \u201eSipos L\u00e1szlo\u201d din Bogdand, jude\u021bul Satu Mare. Muzee de la satMuzeul Etnografic Maghiar \u201eSipos L\u00e1szlo\u201d din Bogdand, jude\u021bul Satu Mare. Muzee de la satMuzeul Etnografic Maghiar \u201eSipos L\u00e1szlo\u201d din Bogdand, jude\u021bul Satu Mare. Muzee de la satMuzeul Etnografic Maghiar \u201eSipos L\u00e1szlo\u201d din Bogdand, jude\u021bul Satu Mare.\u2026","rel":"","context":"Similar post","block_context":{"text":"Similar post","link":""},"img":{"alt_text":"","src":"https:\/\/i0.wp.com\/muzeusm.ro\/wp-content\/uploads\/2022\/03\/bogdand-2.jpg?resize=350%2C200&ssl=1","width":350,"height":200,"srcset":"https:\/\/i0.wp.com\/muzeusm.ro\/wp-content\/uploads\/2022\/03\/bogdand-2.jpg?resize=350%2C200&ssl=1 1x, https:\/\/i0.wp.com\/muzeusm.ro\/wp-content\/uploads\/2022\/03\/bogdand-2.jpg?resize=525%2C300&ssl=1 1.5x, https:\/\/i0.wp.com\/muzeusm.ro\/wp-content\/uploads\/2022\/03\/bogdand-2.jpg?resize=700%2C400&ssl=1 2x, https:\/\/i0.wp.com\/muzeusm.ro\/wp-content\/uploads\/2022\/03\/bogdand-2.jpg?resize=1050%2C600&ssl=1 3x, https:\/\/i0.wp.com\/muzeusm.ro\/wp-content\/uploads\/2022\/03\/bogdand-2.jpg?resize=1400%2C800&ssl=1 4x"},"classes":[]},{"id":83,"url":"https:\/\/muzeusm.ro\/en\/sectii\/","url_meta":{"origin":14050,"position":2},"title":"Servicii","author":"andreeaionetecu","date":"19 October 2021","format":false,"excerpt":"{:ro} Direc\u021biune Serviciul Cercetare \u2013 Patrimoniu Serviciul Financiar Contabil Serviciul de Eviden\u021b\u0103 Conservare - Restaurare a Patrimoniului Serviciul Muzee Carei \u2013 T\u0103\u0219nad Serviciul Promovarea Patrimoniului \u0219i Educa\u021bie Muzeal\u0103 Muzeul Jude\u021bean Satu Mare Facebook Instagram Contact muzeusm@gmail.com 0261735116 Adresa Vasile Lucaciu, 21 Satu MareRomania \u00a0 {:}{:hu} Igazgat\u00f3s\u00e1g Kultur\u00e1lis \u00f6r\u00f6ks\u00e9g kutat\u00e1sa oszt\u00e1ly\u2026","rel":"","context":"Similar post","block_context":{"text":"Similar post","link":""},"img":{"alt_text":"","src":"https:\/\/i0.wp.com\/muzeusm.ro\/wp-content\/uploads\/2024\/10\/castel-iarna-scaled.jpg?resize=350%2C200&ssl=1","width":350,"height":200,"srcset":"https:\/\/i0.wp.com\/muzeusm.ro\/wp-content\/uploads\/2024\/10\/castel-iarna-scaled.jpg?resize=350%2C200&ssl=1 1x, https:\/\/i0.wp.com\/muzeusm.ro\/wp-content\/uploads\/2024\/10\/castel-iarna-scaled.jpg?resize=525%2C300&ssl=1 1.5x, https:\/\/i0.wp.com\/muzeusm.ro\/wp-content\/uploads\/2024\/10\/castel-iarna-scaled.jpg?resize=700%2C400&ssl=1 2x, https:\/\/i0.wp.com\/muzeusm.ro\/wp-content\/uploads\/2024\/10\/castel-iarna-scaled.jpg?resize=1050%2C600&ssl=1 3x, https:\/\/i0.wp.com\/muzeusm.ro\/wp-content\/uploads\/2024\/10\/castel-iarna-scaled.jpg?resize=1400%2C800&ssl=1 4x"},"classes":[]},{"id":181,"url":"https:\/\/muzeusm.ro\/en\/muzeul-orasenesc-tasnad\/","url_meta":{"origin":14050,"position":3},"title":"Muzeul Or\u0103\u0219enesc T\u0103\u0219nad","author":"andreeaionetecu","date":"20 October 2021","format":false,"excerpt":"{:ro} Este g\u0103zduit de conacul nobiliar Cserey-Fischer, aflat \u00een parcul din centrul localit\u0103\u021bii \u0219i dat\u00e2nd din anul 1771. Expozi\u021bia permanent\u0103 prezint\u0103 vestigii arheologice descoperite pe raza localit\u0103\u021bii, obiectecare ilustreaz\u0103 istoria \u0219i arta popular\u0103 local\u0103. Expozi\u021bia se remarc\u0103 \u00eendeosebi prin bogata colec\u021bie ce ilustreaz\u0103 activitatea breslelor \u0219i ame\u0219te\u0219ugarilor din localitate. Program:\u2026","rel":"","context":"Similar post","block_context":{"text":"Similar post","link":""},"img":{"alt_text":"","src":"https:\/\/i0.wp.com\/muzeusm.ro\/wp-content\/uploads\/2025\/01\/Screenshot-2025-01-27-084622.png?resize=350%2C200&ssl=1","width":350,"height":200,"srcset":"https:\/\/i0.wp.com\/muzeusm.ro\/wp-content\/uploads\/2025\/01\/Screenshot-2025-01-27-084622.png?resize=350%2C200&ssl=1 1x, https:\/\/i0.wp.com\/muzeusm.ro\/wp-content\/uploads\/2025\/01\/Screenshot-2025-01-27-084622.png?resize=525%2C300&ssl=1 1.5x, https:\/\/i0.wp.com\/muzeusm.ro\/wp-content\/uploads\/2025\/01\/Screenshot-2025-01-27-084622.png?resize=700%2C400&ssl=1 2x, https:\/\/i0.wp.com\/muzeusm.ro\/wp-content\/uploads\/2025\/01\/Screenshot-2025-01-27-084622.png?resize=1050%2C600&ssl=1 3x, https:\/\/i0.wp.com\/muzeusm.ro\/wp-content\/uploads\/2025\/01\/Screenshot-2025-01-27-084622.png?resize=1400%2C800&ssl=1 4x"},"classes":[]},{"id":187,"url":"https:\/\/muzeusm.ro\/en\/muzeul-municipal-carei-castelul-kaolyi\/","url_meta":{"origin":14050,"position":4},"title":"Muzeul Municipal Carei &#8211; Castelul K\u00e1rolyi","author":"andreeaionetecu","date":"20 October 2021","format":false,"excerpt":"{:ro} Castelul K\u00e1rolyi Pe locul castelului de azi, a existat o reziden\u021b\u0103 nobiliar\u0103 fortificat\u0103,construit\u0103 din piatr\u0103 de Ladislau \u201dL\u00e1ncz\u201d K\u00e1rolyi cu \u00eenvoirea regeluiMatia Corvin. \u00cen anul 1592, \u00een fa\u021ba pericolului turcesc, reziden\u021ba estetransformat\u0103 de c\u0103tre Mihai K\u00e1rolyi \u00eentr-o cetate. Dup\u0103 \u00eencheierear\u0103zboaielor anti-otomane, cetatea a redevenit o reziden\u021b\u0103 propriuzis\u0103, fiind recl\u0103dit\u2026","rel":"","context":"Similar post","block_context":{"text":"Similar post","link":""},"img":{"alt_text":"","src":"https:\/\/i0.wp.com\/muzeusm.ro\/wp-content\/uploads\/2025\/01\/5afecbd553209_family-1-150x150.jpg?resize=350%2C200&ssl=1","width":350,"height":200,"srcset":"https:\/\/i0.wp.com\/muzeusm.ro\/wp-content\/uploads\/2025\/01\/5afecbd553209_family-1-150x150.jpg?resize=350%2C200&ssl=1 1x, https:\/\/i0.wp.com\/muzeusm.ro\/wp-content\/uploads\/2025\/01\/5afecbd553209_family-1-150x150.jpg?resize=525%2C300&ssl=1 1.5x"},"classes":[]},{"id":196,"url":"https:\/\/muzeusm.ro\/en\/casa-muzeu-tasnad\/","url_meta":{"origin":14050,"position":5},"title":"Casa Muzeu T\u0103\u0219nad","author":"andreeaionetecu","date":"20 October 2021","format":false,"excerpt":"{:ro} Casa \u021b\u0103r\u0103neasc\u0103 specific\u0103 zonei s\u0103tm\u0103rene de c\u00e2mpie este compus\u0103 din tind\u0103, camera din f\u00e2\u021b\u0103 (sau camera curat\u0103) \u0219i camera de locuit, urmat\u0103 de camer\u0103 \u0219i buc\u0103t\u0103ria de var\u0103. Casa a fost str\u0103mutat\u0103 din localitatea S\u00e2nmicl\u0103u\u0219 \u0219i se din 1903. \u00cen prima \u00eenc\u0103pere este amenajat\u0103 un interior tradi\u021bional, majoritatea obiectelor\u2026","rel":"","context":"Similar post","block_context":{"text":"Similar post","link":""},"img":{"alt_text":"","src":"https:\/\/i0.wp.com\/muzeusm.ro\/wp-content\/uploads\/2022\/03\/tasnad-casa-muzeu-2.jpg?resize=350%2C200&ssl=1","width":350,"height":200,"srcset":"https:\/\/i0.wp.com\/muzeusm.ro\/wp-content\/uploads\/2022\/03\/tasnad-casa-muzeu-2.jpg?resize=350%2C200&ssl=1 1x, https:\/\/i0.wp.com\/muzeusm.ro\/wp-content\/uploads\/2022\/03\/tasnad-casa-muzeu-2.jpg?resize=525%2C300&ssl=1 1.5x, https:\/\/i0.wp.com\/muzeusm.ro\/wp-content\/uploads\/2022\/03\/tasnad-casa-muzeu-2.jpg?resize=700%2C400&ssl=1 2x, https:\/\/i0.wp.com\/muzeusm.ro\/wp-content\/uploads\/2022\/03\/tasnad-casa-muzeu-2.jpg?resize=1050%2C600&ssl=1 3x, https:\/\/i0.wp.com\/muzeusm.ro\/wp-content\/uploads\/2022\/03\/tasnad-casa-muzeu-2.jpg?resize=1400%2C800&ssl=1 4x"},"classes":[]}],"jetpack_sharing_enabled":true,"jetpack_shortlink":"https:\/\/wp.me\/PfvnyQ-3EC","_links":{"self":[{"href":"https:\/\/muzeusm.ro\/en\/wp-json\/wp\/v2\/pages\/14050","targetHints":{"allow":["GET"]}}],"collection":[{"href":"https:\/\/muzeusm.ro\/en\/wp-json\/wp\/v2\/pages"}],"about":[{"href":"https:\/\/muzeusm.ro\/en\/wp-json\/wp\/v2\/types\/page"}],"author":[{"embeddable":true,"href":"https:\/\/muzeusm.ro\/en\/wp-json\/wp\/v2\/users\/243833644"}],"replies":[{"embeddable":true,"href":"https:\/\/muzeusm.ro\/en\/wp-json\/wp\/v2\/comments?post=14050"}],"version-history":[{"count":11,"href":"https:\/\/muzeusm.ro\/en\/wp-json\/wp\/v2\/pages\/14050\/revisions"}],"predecessor-version":[{"id":17324,"href":"https:\/\/muzeusm.ro\/en\/wp-json\/wp\/v2\/pages\/14050\/revisions\/17324"}],"up":[{"embeddable":true,"href":"https:\/\/muzeusm.ro\/en\/wp-json\/wp\/v2\/pages\/83"}],"wp:attachment":[{"href":"https:\/\/muzeusm.ro\/en\/wp-json\/wp\/v2\/media?parent=14050"}],"curies":[{"name":"wp","href":"https:\/\/api.w.org\/{rel}","templated":true}]}}