{"id":107,"date":"2021-10-19T08:40:46","date_gmt":"2021-10-19T05:40:46","guid":{"rendered":"https:\/\/netsysacad.ro?page_id=107"},"modified":"2024-03-09T01:05:38","modified_gmt":"2024-03-08T23:05:38","slug":"biroul-de-turism-cultural","status":"publish","type":"page","link":"https:\/\/muzeusm.ro\/en\/biroul-de-turism-cultural\/","title":{"rendered":"Biroul de Turism Cultural"},"content":{"rendered":"\r\n<div class=\"wp-block-coblocks-gallery-offset\" aria-label=\"Offset Gallery\">\r\n<ul class=\"coblocks-gallery has-no-alignment has-caption-style-dark has-small-images has-medium-gutter\">\r\n<li class=\"coblocks-gallery--item\">\r\n<figure class=\"wp-block-coblocks-gallery-offset__figure\"><img loading=\"lazy\" decoding=\"async\" width=\"4961\" height=\"4961\" data-attachment-id=\"41\" data-permalink=\"https:\/\/muzeusm.ro\/en\/acasa\/loggo-edit-01\/\" data-orig-file=\"https:\/\/muzeusm.ro\/wp-content\/uploads\/2021\/10\/loggo-edit-01.png\" data-orig-size=\"4961,4961\" data-comments-opened=\"1\" data-image-meta=\"{&quot;aperture&quot;:&quot;0&quot;,&quot;credit&quot;:&quot;&quot;,&quot;camera&quot;:&quot;&quot;,&quot;caption&quot;:&quot;&quot;,&quot;created_timestamp&quot;:&quot;0&quot;,&quot;copyright&quot;:&quot;&quot;,&quot;focal_length&quot;:&quot;0&quot;,&quot;iso&quot;:&quot;0&quot;,&quot;shutter_speed&quot;:&quot;0&quot;,&quot;title&quot;:&quot;&quot;,&quot;orientation&quot;:&quot;0&quot;}\" data-image-title=\"loggo edit-01\" data-image-description=\"\" data-image-caption=\"\" data-medium-file=\"https:\/\/muzeusm.ro\/wp-content\/uploads\/2021\/10\/loggo-edit-01.png\" data-large-file=\"https:\/\/muzeusm.ro\/wp-content\/uploads\/2021\/10\/loggo-edit-01.png\" class=\"wp-image-41\" src=\"https:\/\/muzeusm.ro\/wp-content\/uploads\/2021\/10\/loggo-edit-01.png?w=750\" alt=\"\" data-id=\"41\" \/><\/figure>\r\n<\/li>\r\n<\/ul>\r\n<\/div>\r\n\r\n\r\n\r\n<p class=\"has-background-color has-foreground-background-color has-text-color has-background\">Biroul de Turism Cultural a fost \u00eenfiin\u021bat \u00een noiembrie 2020 \u00een cadrul Muzeului Jude\u021bean Satu Mare. Necesitatea era una foarte mare, deoarece poten\u021bialul cultural-turistic al jude\u021bului este unul foarte mare, fiind necesar\u0103 promovarea lui \u00eentr-un mod profesionist.<\/p>\r\n\r\n\r\n\r\n<p class=\"has-secondary-color has-text-color\">Echipa Biroului de Turism Cultural Satu Mare<\/p>\r\n\r\n\r\n\r\n<ul class=\"wp-block-list\">\r\n<li>Mihaela Grigorean &#8211; \u0219ef birou<\/li>\r\n\r\n\r\n\r\n<li>Andreea Ionetecu &#8211; referent de specialitate &#8211; promovare vizual\u0103 \u0219i online<\/li>\r\n\r\n\r\n\r\n<li>Amalia Erika Fetyko &#8211; muzeograf &#8211; istoria artei<\/li>\r\n\r\n\r\n\r\n<li>\u00c1gota M\u00e1rk-Nagy &#8211; animator cultural<\/li>\r\n\r\n\r\n\r\n<li>Zsolt Kov\u00e1cs &#8211; referent de specialitate &#8211; mass media<\/li>\r\n<\/ul>\r\n\r\n\r\n\r\n<div class=\"wp-block-group alignfull has-tertiary-background-color has-background has-small-font-size\"><div class=\"wp-block-group__inner-container is-layout-constrained wp-block-group-is-layout-constrained\">\r\n<div class=\"wp-block-columns is-layout-flex wp-container-core-columns-is-layout-28f84493 wp-block-columns-is-layout-flex\">\r\n<div class=\"wp-block-column is-layout-flow wp-block-column-is-layout-flow\">\r\n<h5 class=\"wp-block-heading has-secondary-color has-text-color has-normal-font-size\">Muzeul Jude\u021bean Satu Mare<\/h5>\r\n\r\n\r\n\r\n<p class=\"has-text-align-left has-black-color has-text-color\"><a style=\"color: #000000;\" href=\"https:\/\/www.facebook.com\/Muzeul-Judetean-Satu-Mare-1050838434978303\">Facebook<\/a><\/p>\r\n\r\n\r\n\r\n<p><a style=\"color: #000000;\" href=\"https:\/\/www.instagram.com\/mjsatumare\/\">Instagram<\/a><\/p>\r\n<\/div>\r\n\r\n\r\n\r\n<div class=\"wp-block-column is-layout-flow wp-block-column-is-layout-flow\">\r\n<h4 class=\"wp-block-heading has-text-align-left has-secondary-color has-text-color has-normal-font-size\">Contact<\/h4>\r\n\r\n\r\n\r\n<ul>\r\n<li>muzeusm@gmail.com<\/li>\r\n<li>+40261737526<\/li>\r\n<\/ul>\r\n<\/div>\r\n\r\n\r\n\r\n<div class=\"wp-block-column is-layout-flow wp-block-column-is-layout-flow\">\r\n<h4 class=\"wp-block-heading has-secondary-color has-text-color has-normal-font-size\">Adresa<\/h4>\r\n\r\n\r\n\r\n<p class=\"has-black-color has-text-color\">Vasile Lucaciu, 21 <br \/>Satu Mare<br \/>Romania<\/p>\r\n<\/div>\r\n<\/div>\r\n<\/div><\/div>\r\n","protected":false},"excerpt":{"rendered":"<p>Biroul de Turism Cultural a fost \u00eenfiin\u021bat \u00een noiembrie 2020 \u00een cadrul Muzeului Jude\u021bean Satu Mare. Necesitatea era una foarte mare, deoarece poten\u021bialul cultural-turistic al jude\u021bului este unul foarte mare, fiind necesar\u0103 promovarea lui \u00eentr-un mod profesionist. Echipa Biroului de Turism Cultural Satu Mare Muzeul Jude\u021bean Satu Mare Facebook Instagram Contact muzeusm@gmail.com +40261737526 Adresa Vasile<a class=\"more-link\" href=\"https:\/\/muzeusm.ro\/en\/biroul-de-turism-cultural\/\">Continue reading <span class=\"screen-reader-text\">&#8220;Biroul de Turism Cultural&#8221;<\/span><\/a><\/p>\n","protected":false},"author":183061330,"featured_media":0,"parent":0,"menu_order":0,"comment_status":"closed","ping_status":"closed","template":"","meta":{"_coblocks_attr":"","_coblocks_dimensions":"","_coblocks_responsive_height":"","_coblocks_accordion_ie_support":"","advanced_seo_description":"","jetpack_seo_html_title":"","jetpack_seo_noindex":false,"jetpack_post_was_ever_published":false,"footnotes":""},"class_list":["post-107","page","type-page","status-publish","hentry","entry"],"translation":{"provider":"WPGlobus","version":"3.0.1","language":"en","enabled_languages":["ro","hu","en"],"languages":{"ro":{"title":true,"content":true,"excerpt":false},"hu":{"title":false,"content":false,"excerpt":false},"en":{"title":false,"content":false,"excerpt":false}}},"jetpack_likes_enabled":true,"jetpack-related-posts":[{"id":17083,"url":"https:\/\/muzeusm.ro\/en\/history-escape-room-muzeul-jud-satu-mare-szatmar-megyei-muzeum\/","url_meta":{"origin":107,"position":0},"title":"History Escape Room","author":"Kov\u00e1cs Zsolt","date":"15 November 2025","format":false,"excerpt":"The first romaniai escape room in a museum!\/Primul joc de evadare din Rom\u00e2nia \u00eentr-un muzeu!\/ Rom\u00e1nia els\u0151 m\u00fazeumi szabadul\u00f3szob\u00e1ja! Camera de evadare e deschis\u0103 de luni p\u00e2n\u0103 vineri \u00een intervalul orar 9.00-18.00, ultima echip\u0103 \u00eentr\u00e2nd la ora 17.00! Pentru rezervare completa\u021bi formularul de mai jos! RO: Biroul P.C.R: Recomand\u0103m jocul\u2026","rel":"","context":"Similar post","block_context":{"text":"Similar post","link":""},"img":{"alt_text":"","src":"https:\/\/i0.wp.com\/muzeusm.ro\/wp-content\/uploads\/2025\/11\/469627961_907345558255516_2698275486756624331_n-edited.jpg?resize=350%2C200&ssl=1","width":350,"height":200,"srcset":"https:\/\/i0.wp.com\/muzeusm.ro\/wp-content\/uploads\/2025\/11\/469627961_907345558255516_2698275486756624331_n-edited.jpg?resize=350%2C200&ssl=1 1x, https:\/\/i0.wp.com\/muzeusm.ro\/wp-content\/uploads\/2025\/11\/469627961_907345558255516_2698275486756624331_n-edited.jpg?resize=525%2C300&ssl=1 1.5x, https:\/\/i0.wp.com\/muzeusm.ro\/wp-content\/uploads\/2025\/11\/469627961_907345558255516_2698275486756624331_n-edited.jpg?resize=700%2C400&ssl=1 2x, https:\/\/i0.wp.com\/muzeusm.ro\/wp-content\/uploads\/2025\/11\/469627961_907345558255516_2698275486756624331_n-edited.jpg?resize=1050%2C600&ssl=1 3x, https:\/\/i0.wp.com\/muzeusm.ro\/wp-content\/uploads\/2025\/11\/469627961_907345558255516_2698275486756624331_n-edited.jpg?resize=1400%2C800&ssl=1 4x"},"classes":[]},{"id":14438,"url":"https:\/\/muzeusm.ro\/en\/proiecte\/easydoor-easing-access-to-systemic-discovery-of-our-origins-and-resources\/","url_meta":{"origin":107,"position":1},"title":"EASYDOOR \u2013 EASING ACCESS TO SYSTEMIC DISCOVERY OF OUR ORIGINS AND RESOURCES","author":"norbertlorincz","date":"3 July 2024","format":false,"excerpt":"Unitatea Administrativ-Teritorial\u0103 Jude\u0163ul Satu Mare implementeaz\u0103 proiectul\u00a0Easing Access to Systemic Discovery of Our Origins and Resources \u2013 Easydoor,\u00a0Cod proiect ROHU-456, finan\u0163at \u00een cadrul PROGRAMULUI INTERREG V-A ROM\u00c2NIA \u2013 UNGARIA. Proiectul Easydoor este implementat \u00eentr-un cerc partenerial transfrontalier format din: \u2013 Autoguvernarea Jude\u0163ului Szabolcs-Szatm\u00e1r-Bereg (Szabolcs-Szatm\u00e1r-Bereg Megyei \u00d6nkorm\u00e1nyzat) \u2013 partener lider de\u2026","rel":"","context":"Similar post","block_context":{"text":"Similar post","link":""},"img":{"alt_text":"","src":"","width":0,"height":0},"classes":[]},{"id":16998,"url":"https:\/\/muzeusm.ro\/en\/activitati-de-educatie-muzeala-pentru-programul-scoala-altfel\/","url_meta":{"origin":107,"position":2},"title":"Activit\u0103\u021bi de educa\u021bie muzeal\u0103 pentru programul \u201e\u0218coala Altfel\u201d","author":"Kov\u00e1cs Zsolt","date":"8 October 2025","format":false,"excerpt":"\u00a0 1 \u201eLutul, form\u0103 \u0219i culoare\u201dDurata activit\u0103\u021bii: 2 oreLocul desf\u0103\u0219ur\u0103rii: MJSM sau unit\u0103\u021bile de \u00eenv\u0103\u021b\u0103m\u00e2ntNivel de v\u00e2rst\u0103: \u00eenv\u0103\u021b\u0103m\u00e2ntul pre\u0219colar, primar, gimnazial \u0219i liceal.Obiective specifice:\u00a0Identificarea \u0219i descrierea obiectelor tradi\u021bionale din lut \u0219i a utiliz\u0103rii lor istorice.\u00a0\u00a0Aplicarea unor tehnici simple de modelaj pentru realizarea unui obiect ceramic propriu.\u00a0\u00a0Exprimarea creativit\u0103\u021bii prin decorarea cu\u2026","rel":"","context":"Similar post","block_context":{"text":"Similar post","link":""},"img":{"alt_text":"","src":"https:\/\/i0.wp.com\/muzeusm.ro\/wp-content\/uploads\/2025\/10\/WhatsApp-Image-2025-10-08-at-10.47.38-2-724x1024.jpeg?resize=350%2C200&ssl=1","width":350,"height":200,"srcset":"https:\/\/i0.wp.com\/muzeusm.ro\/wp-content\/uploads\/2025\/10\/WhatsApp-Image-2025-10-08-at-10.47.38-2-724x1024.jpeg?resize=350%2C200&ssl=1 1x, https:\/\/i0.wp.com\/muzeusm.ro\/wp-content\/uploads\/2025\/10\/WhatsApp-Image-2025-10-08-at-10.47.38-2-724x1024.jpeg?resize=525%2C300&ssl=1 1.5x, https:\/\/i0.wp.com\/muzeusm.ro\/wp-content\/uploads\/2025\/10\/WhatsApp-Image-2025-10-08-at-10.47.38-2-724x1024.jpeg?resize=700%2C400&ssl=1 2x"},"classes":[]},{"id":17021,"url":"https:\/\/muzeusm.ro\/en\/activitati-de-educatie-muzeala-pentru-programul-saptamana-verde\/","url_meta":{"origin":107,"position":3},"title":"Activit\u0103\u021bi de educa\u021bie muzeal\u0103 pentru programul \u201eS\u0103pt\u0103m\u00e2na verde\u201d","author":"Kov\u00e1cs Zsolt","date":"8 October 2025","format":false,"excerpt":"\u201eLutul, form\u0103 \u0219i culoare\u201dDurata activit\u0103\u021bii: 2 oreLocul desf\u0103\u0219ur\u0103rii: MJSM sau unit\u0103\u021bile de \u00eenv\u0103\u021b\u0103m\u00e2ntNivel de v\u00e2rst\u0103: \u00eenv\u0103\u021b\u0103m\u00e2ntul pre\u0219colar, primar, gimnazial \u0219i liceal.Obiective specifice:\u00a0Identificarea \u0219i descrierea obiectelor tradi\u021bionale din lut \u0219i a utiliz\u0103rii lor istorice.\u00a0\u00a0Aplicarea unor tehnici simple de modelaj pentru realizarea unui obiect ceramic propriu.\u00a0\u00a0Exprimarea creativit\u0103\u021bii prin decorarea cu forme \u0219i\u2026","rel":"","context":"Similar post","block_context":{"text":"Similar post","link":""},"img":{"alt_text":"","src":"https:\/\/i0.wp.com\/muzeusm.ro\/wp-content\/uploads\/2025\/10\/WhatsApp-Image-2025-10-08-at-10.47.38-2-724x1024.jpeg?resize=350%2C200&ssl=1","width":350,"height":200,"srcset":"https:\/\/i0.wp.com\/muzeusm.ro\/wp-content\/uploads\/2025\/10\/WhatsApp-Image-2025-10-08-at-10.47.38-2-724x1024.jpeg?resize=350%2C200&ssl=1 1x, https:\/\/i0.wp.com\/muzeusm.ro\/wp-content\/uploads\/2025\/10\/WhatsApp-Image-2025-10-08-at-10.47.38-2-724x1024.jpeg?resize=525%2C300&ssl=1 1.5x, https:\/\/i0.wp.com\/muzeusm.ro\/wp-content\/uploads\/2025\/10\/WhatsApp-Image-2025-10-08-at-10.47.38-2-724x1024.jpeg?resize=700%2C400&ssl=1 2x"},"classes":[]},{"id":15750,"url":"https:\/\/muzeusm.ro\/en\/biblioteca\/","url_meta":{"origin":107,"position":4},"title":"Bibliotec\u0103","author":"norbertlorincz","date":"6 November 2024","format":false,"excerpt":"{:ro} Despre bibliotec\u0103 \u00cen cadrul Muzeului Jude\u021bean Satu Mare func\u0163ioneaz\u0103 \u00eenc\u0103 de la \u00eenceputuri o bibliotec\u0103 documentar\u0103 \u015fi de specialitate num\u0103r\u00e2nd \u00een jur de 50.000 de volume. Partea documentar\u0103 cuprinde c\u0103r\u0163ile transferate muzeului din colec\u0163ia prefecturii vechiului comitat al S\u0103tmarului, o dona\u0163ie primit\u0103 din Fondul de Dublete ale Bibliotecii Academiei\u2026","rel":"","context":"Similar post","block_context":{"text":"Similar post","link":""},"img":{"alt_text":"","src":"","width":0,"height":0},"classes":[]},{"id":78,"url":"https:\/\/muzeusm.ro\/en\/editura\/","url_meta":{"origin":107,"position":5},"title":"Editura Muzeului S\u0103tm\u0103rean","author":"andreeaionetecu","date":"19 October 2021","format":false,"excerpt":"Patriot sau tr\u0103d\u0103tor? Procesul de tr\u0103dare de \u021bar\u0103 al c\u0103lug\u0103rului \u00c1rk\u00e1d P\u00e1sztory - HONCA, Ciprian Emanuel (Editor), 2022 Monografia Catedralei Ortodoxe \"Adormirea Maicii Domnului\" din municipiul Satu Mare - B\u0102LU, Daniela\u00a0(autor)\u00a0,\u00a0BOLOS, Cristian\u00a0(autor)\u00a0,\u00a0C\u00c2MPEAN, Viorel\u00a0(autor), 2022 Obiecte de uz casnic \u00een colec\u021bia etnografic\u0103 a Muzeului Jude\u021bean Satu Mare - LOBON\u021a PU\u0218CA\u0218, Maria\u00a0(autor),\u2026","rel":"","context":"Similar post","block_context":{"text":"Similar post","link":""},"img":{"alt_text":"","src":"","width":0,"height":0},"classes":[]}],"jetpack_sharing_enabled":true,"jetpack_shortlink":"https:\/\/wp.me\/PfvnyQ-1J","_links":{"self":[{"href":"https:\/\/muzeusm.ro\/en\/wp-json\/wp\/v2\/pages\/107","targetHints":{"allow":["GET"]}}],"collection":[{"href":"https:\/\/muzeusm.ro\/en\/wp-json\/wp\/v2\/pages"}],"about":[{"href":"https:\/\/muzeusm.ro\/en\/wp-json\/wp\/v2\/types\/page"}],"author":[{"embeddable":true,"href":"https:\/\/muzeusm.ro\/en\/wp-json\/wp\/v2\/users\/183061330"}],"replies":[{"embeddable":true,"href":"https:\/\/muzeusm.ro\/en\/wp-json\/wp\/v2\/comments?post=107"}],"version-history":[{"count":0,"href":"https:\/\/muzeusm.ro\/en\/wp-json\/wp\/v2\/pages\/107\/revisions"}],"wp:attachment":[{"href":"https:\/\/muzeusm.ro\/en\/wp-json\/wp\/v2\/media?parent=107"}],"curies":[{"name":"wp","href":"https:\/\/api.w.org\/{rel}","templated":true}]}}