{"id":105,"date":"2021-10-19T08:40:46","date_gmt":"2021-10-19T05:40:46","guid":{"rendered":"https:\/\/netsysacad.ro?page_id=105"},"modified":"2026-03-18T11:10:16","modified_gmt":"2026-03-18T09:10:16","slug":"etnografie","status":"publish","type":"page","link":"https:\/\/muzeusm.ro\/en\/etnografie\/","title":{"rendered":"Serviciul de Eviden\u021b\u0103 Conservare \u2013 Restaurare a Patrimoniului"},"content":{"rendered":"\n<p>Coordoneaz\u0103 activit\u0103\u021bile compartimentului Conservare -restaurare \u0219i a compartimentului de Etnografie. Gestioneaz\u0103 patrimoniul Colec\u021biei de etnografie, a Muzeului Memorial dr. Vasile Lucaciu-Apa, a Bisericii de lemn-dr. Vasile Lucaciu-Apa, a Casei \u021a\u0103r\u0103ne\u0219ti C\u0103line\u0219ti Oa\u0219, a Casei \u021a\u0103r\u0103ne\u0219ti Certeze, a Muzeului local Ora\u0219u Nou, a Muzeului local C\u0103m\u0103rzana, a Muzeului local Tur\u021b, Muzeul Mo\u021bilor Sc\u0103ri\u0219oara. Compartimentul de conservare-restaurare include: Laboratorul restaurare textile, Laboratorul restaurare carte, Laborator restaurare pictur\u0103, Laborator restaurare lemn, Laborator restaurare metal-ceramic\u0103 \u0219i Laboratorul de conservare \u2013 investiga\u021bii.<\/p>\n\n\n\n<p>Angaja\u021bii serviciului:<br>Dr. <strong>LOBONT PU\u0218CA\u0218 MARIA MAGDALENA<\/strong>, SEF SERVICIU II<br><strong>HERTEG ANDREA T\u00dcNDE<\/strong> CONSERVATOR\u00a0\u00a0 IA <br><strong>ACHIM ADRIANA MAGDALENA<\/strong> MUZEOGRAF\u00a0 IA<br><strong>T\u0102T\u0102RAN LAURA MELINDA<\/strong> MUZEOGRAF\u00a0 II \u00a0 <br><strong>ZELE IOAN<\/strong> MUZEOGRAF D<br><strong>ROT\u0102RENU ANGELICA DORINA <\/strong>CONSERVATOR\u00a0\u00a0 IA<br><strong>BODNAR LUDOVIC CSABA\u00a0<\/strong>SUPRAVEGHETOR \u00a0<br><strong>FILE T\u00dcNDE ELISABETA<\/strong>\u00a0 SUPRAVEGHETOR \u00a0 \u00a0\u00a0\u00a0\u00a0 <br><strong>BELBE DIANA MARIA<\/strong> SUPRAVEGHETOR \u00a0<br><strong>DOBRESCU ADELA C\u0102T\u0102LINA<\/strong> RESTAURATOR\u00a0IA <br><strong>VARGA EMESE <\/strong>RESTAURATOR IA <br><strong>PAUL GABRIELA ZORICA <\/strong>RESTAURATOR\u00a0\u00a0IA <br><strong>BUSUIOC CRISTINA OANA<\/strong> RESTAURATOR IA<br><strong>VARGA M\u0102D\u0102LINA DANA<\/strong> RESTAURATOR\u00a0II <br><strong>COBUSCEANU ROXANA MARIA <\/strong>RESTAURATOR\u00a0I <br><strong>ROCA-ADRIAN-LUCIAN<\/strong> RESTAURATOR II<br><strong>BONDREA EMANUEL MIHAI<\/strong> RESTAURATOR\u00a0 II <br><strong>OLARIU GHEORGHINA<\/strong> CONSERVATOR INVESTIGA\u021aII IA <br><strong>KINCES DIANA MARIA IOANA<\/strong> CONSERVATOR\u00a0 IA<\/p>\n\n\n\n<div class=\"wp-block-group alignfull has-tertiary-background-color has-background has-small-font-size\"><div class=\"wp-block-group__inner-container is-layout-constrained wp-block-group-is-layout-constrained\">\n<div class=\"wp-block-columns is-layout-flex wp-container-core-columns-is-layout-28f84493 wp-block-columns-is-layout-flex\">\n<div class=\"wp-block-column is-layout-flow wp-block-column-is-layout-flow\">\n<h5 class=\"wp-block-heading has-secondary-color has-text-color has-normal-font-size\">Muzeul Jude\u021bean Satu Mare<\/h5>\n\n\n\n<p class=\"has-text-align-left has-black-color has-text-color\"><a style=\"color: #000000;\" href=\"https:\/\/www.facebook.com\/Muzeul-Judetean-Satu-Mare-1050838434978303\">Facebook<\/a><\/p>\n\n\n\n<p><a style=\"color: #000000;\" href=\"https:\/\/www.instagram.com\/mjsatumare\/\">Instagram<\/a><\/p>\n<\/div>\n\n\n\n<div class=\"wp-block-column is-layout-flow wp-block-column-is-layout-flow\">\n<h4 class=\"wp-block-heading has-text-align-left has-secondary-color has-text-color has-normal-font-size\">Contact<\/h4>\n\n\n\n<ul>\n<li>muzeusm@gmail.com<\/li>\n<li>+40261737526<\/li>\n<\/ul>\n<\/div>\n\n\n\n<div class=\"wp-block-column is-layout-flow wp-block-column-is-layout-flow\">\n<h4 class=\"wp-block-heading has-secondary-color has-text-color has-normal-font-size\">Adresa<\/h4>\n\n\n\n<p class=\"has-black-color has-text-color\">Vasile Lucaciu, 21 <br>Satu Mare<br>Romania<\/p>\n<\/div>\n<\/div>\n<\/div><\/div>\n","protected":false},"excerpt":{"rendered":"<p>Coordoneaz\u0103 activit\u0103\u021bile compartimentului Conservare -restaurare \u0219i a compartimentului de Etnografie. Gestioneaz\u0103 patrimoniul Colec\u021biei de etnografie, a Muzeului Memorial dr. Vasile Lucaciu-Apa, a Bisericii de lemn-dr. Vasile Lucaciu-Apa, a Casei \u021a\u0103r\u0103ne\u0219ti C\u0103line\u0219ti Oa\u0219, a Casei \u021a\u0103r\u0103ne\u0219ti Certeze, a Muzeului local Ora\u0219u Nou, a Muzeului local C\u0103m\u0103rzana, a Muzeului local Tur\u021b, Muzeul Mo\u021bilor Sc\u0103ri\u0219oara. Compartimentul de conservare-restaurare<a class=\"more-link\" href=\"https:\/\/muzeusm.ro\/en\/etnografie\/\">Continue reading <span class=\"screen-reader-text\">&#8220;Serviciul de Eviden\u021b\u0103 Conservare \u2013 Restaurare a Patrimoniului&#8221;<\/span><\/a><\/p>\n","protected":false},"author":183061330,"featured_media":0,"parent":0,"menu_order":0,"comment_status":"closed","ping_status":"closed","template":"","meta":{"_coblocks_attr":"","_coblocks_dimensions":"","_coblocks_responsive_height":"","_coblocks_accordion_ie_support":"","advanced_seo_description":"","jetpack_seo_html_title":"","jetpack_seo_noindex":false,"jetpack_post_was_ever_published":false,"footnotes":""},"class_list":["post-105","page","type-page","status-publish","hentry","entry"],"translation":{"provider":"WPGlobus","version":"3.0.1","language":"en","enabled_languages":["ro","hu","en"],"languages":{"ro":{"title":true,"content":true,"excerpt":false},"hu":{"title":true,"content":true,"excerpt":false},"en":{"title":false,"content":false,"excerpt":false}}},"jetpack_likes_enabled":true,"jetpack-related-posts":[{"id":83,"url":"https:\/\/muzeusm.ro\/en\/sectii\/","url_meta":{"origin":105,"position":0},"title":"Servicii","author":"andreeaionetecu","date":"19 October 2021","format":false,"excerpt":"{:ro} Direc\u021biune Serviciul Cercetare \u2013 Patrimoniu Serviciul Financiar Contabil Serviciul de Eviden\u021b\u0103 Conservare - Restaurare a Patrimoniului Serviciul Muzee Carei \u2013 T\u0103\u0219nad Serviciul Promovarea Patrimoniului \u0219i Educa\u021bie Muzeal\u0103 Muzeul Jude\u021bean Satu Mare Facebook Instagram Contact muzeusm@gmail.com 0261735116 Adresa Vasile Lucaciu, 21 Satu MareRomania \u00a0 {:}{:hu} Igazgat\u00f3s\u00e1g Kultur\u00e1lis \u00f6r\u00f6ks\u00e9g kutat\u00e1sa oszt\u00e1ly\u2026","rel":"","context":"Similar post","block_context":{"text":"Similar post","link":""},"img":{"alt_text":"","src":"https:\/\/i0.wp.com\/muzeusm.ro\/wp-content\/uploads\/2024\/10\/castel-iarna-scaled.jpg?resize=350%2C200&ssl=1","width":350,"height":200,"srcset":"https:\/\/i0.wp.com\/muzeusm.ro\/wp-content\/uploads\/2024\/10\/castel-iarna-scaled.jpg?resize=350%2C200&ssl=1 1x, https:\/\/i0.wp.com\/muzeusm.ro\/wp-content\/uploads\/2024\/10\/castel-iarna-scaled.jpg?resize=525%2C300&ssl=1 1.5x, https:\/\/i0.wp.com\/muzeusm.ro\/wp-content\/uploads\/2024\/10\/castel-iarna-scaled.jpg?resize=700%2C400&ssl=1 2x, https:\/\/i0.wp.com\/muzeusm.ro\/wp-content\/uploads\/2024\/10\/castel-iarna-scaled.jpg?resize=1050%2C600&ssl=1 3x, https:\/\/i0.wp.com\/muzeusm.ro\/wp-content\/uploads\/2024\/10\/castel-iarna-scaled.jpg?resize=1400%2C800&ssl=1 4x"},"classes":[]},{"id":191,"url":"https:\/\/muzeusm.ro\/en\/muzeul-memorial-dr-vasile-lucaciu-apa\/","url_meta":{"origin":105,"position":1},"title":"Muzeul Memorial Dr. Vasile Lucaciu, Apa","author":"andreeaionetecu","date":"20 October 2021","format":false,"excerpt":"{:ro} Casa Memorial\u0103 \u201eDr. Vasile Lucaciu\u201d din Apa, jude\u021bul Satu Mare. Muzee de la satCasa Memorial\u0103 \u201eDr. Vasile Lucaciu\u201d din Apa, jude\u021bul Satu Mare. Muzee de la satCasa Memorial\u0103 \u201eDr. Vasile Lucaciu\u201d din Apa, jude\u021bul Satu Mare. Muzee de la satCasa Memorial\u0103 \u201eDr. Vasile Lucaciu\u201d din Apa, jude\u021bul Satu Mare.\u2026","rel":"","context":"Similar post","block_context":{"text":"Similar post","link":""},"img":{"alt_text":"","src":"https:\/\/i0.wp.com\/muzeusm.ro\/wp-content\/uploads\/2021\/12\/whatsapp-image-2021-12-13-at-09.27.50.jpeg?resize=350%2C200&ssl=1","width":350,"height":200,"srcset":"https:\/\/i0.wp.com\/muzeusm.ro\/wp-content\/uploads\/2021\/12\/whatsapp-image-2021-12-13-at-09.27.50.jpeg?resize=350%2C200&ssl=1 1x, https:\/\/i0.wp.com\/muzeusm.ro\/wp-content\/uploads\/2021\/12\/whatsapp-image-2021-12-13-at-09.27.50.jpeg?resize=525%2C300&ssl=1 1.5x, https:\/\/i0.wp.com\/muzeusm.ro\/wp-content\/uploads\/2021\/12\/whatsapp-image-2021-12-13-at-09.27.50.jpeg?resize=700%2C400&ssl=1 2x, https:\/\/i0.wp.com\/muzeusm.ro\/wp-content\/uploads\/2021\/12\/whatsapp-image-2021-12-13-at-09.27.50.jpeg?resize=1050%2C600&ssl=1 3x, https:\/\/i0.wp.com\/muzeusm.ro\/wp-content\/uploads\/2021\/12\/whatsapp-image-2021-12-13-at-09.27.50.jpeg?resize=1400%2C800&ssl=1 4x"},"classes":[]},{"id":102,"url":"https:\/\/muzeusm.ro\/en\/istorie\/","url_meta":{"origin":105,"position":2},"title":"Serviciul Promovarea Patrimoniului \u0219i Educa\u021bie Muzeal\u0103","author":"andreeaionetecu","date":"19 October 2021","format":false,"excerpt":"{:ro} Atribu\u021biile \u0219i responsabilit\u0103\u021bile principale sunt legate de coordonarea activit\u0103\u021bilor ce implic\u0103 patrimoniul Colec\u021biei de Art\u0103, a activit\u0103\u021bilor de la Muzeul de Art\u0103, Atelierul Memorial Aurel Popp Satu Mare, Atelierul Memorial Paul Erd\u0151s Satu Mare, Biblioteca de specialitate, Muzeul \u00een aer liber M\u0103riu\u0219, Casa \u021a\u0103r\u0103neasc\u0103 Chilia, Muzeul Ugocea - Oa\u0219\u2026","rel":"","context":"Similar post","block_context":{"text":"Similar post","link":""},"img":{"alt_text":"","src":"","width":0,"height":0},"classes":[]},{"id":103,"url":"https:\/\/muzeusm.ro\/en\/cercetare-arheologie\/","url_meta":{"origin":105,"position":3},"title":"Serviciul Cercetare &#8211; Patrimoniu","author":"Kov\u00e1cs Zsolt","date":"19 October 2021","format":false,"excerpt":"{:ro} Are atribu\u021bii de cercetare \u0219i coordonare a colec\u021biilor de Arheologie, \u0218tiin\u021bele Naturii, Istorie \u0219i Numismatic\u0103. Gestioneaz\u0103 derularea \u0219antierelor arheologice, \u00eentocmirea documenta\u021biei referitoare la arheologia de salvare \u0219i asigur\u0103 func\u021bionarea optim\u0103 a Arhivei \u0218tiin\u021bifice.Angaja\u021bii serviciului:Dr. GINDELE R\u00d3BERT SEF SERVICIU IIDr. VIR\u00c1G CRISTIAN CERCETATOR STIINTIFIC\u00a0\u00a0 III ASTALOS CIPRIAN TEODOR CERCETATOR STIINTIFIC\u00a0\u00a0\u2026","rel":"","context":"Similar post","block_context":{"text":"Similar post","link":""},"img":{"alt_text":"","src":"","width":0,"height":0},"classes":[]},{"id":58,"url":"https:\/\/muzeusm.ro\/en\/reteaua-muzeala\/","url_meta":{"origin":105,"position":4},"title":"Re\u021beaua Muzeal\u0103","author":"andreeaionetecu","date":"19 October 2021","format":false,"excerpt":"{:ro} Muzeul Jude\u021bean Satu Mare Muzeul de Art\u0103 Satu Mare Muzeul Municipal Carei - Castelul K\u00e1rolyi Muzeul Memorial Dr. Vasile Lucaciu, Apa Complex Memorial Ady Endre Muzeul Or\u0103\u0219enesc T\u0103\u0219nad Casa Muzeu T\u0103\u0219nad Atelierul Memorial Paul I. Erd\u0151s, Satu Mare Atelierul Memorial Aurel Popp, Satu Mare Muzeul \u0218v\u0103besc, Petre\u0219ti Muzeul Maghiar\u2026","rel":"","context":"Similar post","block_context":{"text":"Similar post","link":""},"img":{"alt_text":"","src":"https:\/\/i0.wp.com\/muzeusm.ro\/wp-content\/uploads\/2021\/10\/image-2012-07-27-12889443-56-situl-arheologic-bobald.jpg?resize=350%2C200&ssl=1","width":350,"height":200,"srcset":"https:\/\/i0.wp.com\/muzeusm.ro\/wp-content\/uploads\/2021\/10\/image-2012-07-27-12889443-56-situl-arheologic-bobald.jpg?resize=350%2C200&ssl=1 1x, https:\/\/i0.wp.com\/muzeusm.ro\/wp-content\/uploads\/2021\/10\/image-2012-07-27-12889443-56-situl-arheologic-bobald.jpg?resize=525%2C300&ssl=1 1.5x"},"classes":[]},{"id":15750,"url":"https:\/\/muzeusm.ro\/en\/biblioteca\/","url_meta":{"origin":105,"position":5},"title":"Bibliotec\u0103","author":"norbertlorincz","date":"6 November 2024","format":false,"excerpt":"{:ro} Despre bibliotec\u0103 \u00cen cadrul Muzeului Jude\u021bean Satu Mare func\u0163ioneaz\u0103 \u00eenc\u0103 de la \u00eenceputuri o bibliotec\u0103 documentar\u0103 \u015fi de specialitate num\u0103r\u00e2nd \u00een jur de 50.000 de volume. Partea documentar\u0103 cuprinde c\u0103r\u0163ile transferate muzeului din colec\u0163ia prefecturii vechiului comitat al S\u0103tmarului, o dona\u0163ie primit\u0103 din Fondul de Dublete ale Bibliotecii Academiei\u2026","rel":"","context":"Similar post","block_context":{"text":"Similar post","link":""},"img":{"alt_text":"","src":"","width":0,"height":0},"classes":[]}],"jetpack_sharing_enabled":true,"jetpack_shortlink":"https:\/\/wp.me\/PfvnyQ-1H","_links":{"self":[{"href":"https:\/\/muzeusm.ro\/en\/wp-json\/wp\/v2\/pages\/105","targetHints":{"allow":["GET"]}}],"collection":[{"href":"https:\/\/muzeusm.ro\/en\/wp-json\/wp\/v2\/pages"}],"about":[{"href":"https:\/\/muzeusm.ro\/en\/wp-json\/wp\/v2\/types\/page"}],"author":[{"embeddable":true,"href":"https:\/\/muzeusm.ro\/en\/wp-json\/wp\/v2\/users\/183061330"}],"replies":[{"embeddable":true,"href":"https:\/\/muzeusm.ro\/en\/wp-json\/wp\/v2\/comments?post=105"}],"version-history":[{"count":12,"href":"https:\/\/muzeusm.ro\/en\/wp-json\/wp\/v2\/pages\/105\/revisions"}],"predecessor-version":[{"id":17321,"href":"https:\/\/muzeusm.ro\/en\/wp-json\/wp\/v2\/pages\/105\/revisions\/17321"}],"wp:attachment":[{"href":"https:\/\/muzeusm.ro\/en\/wp-json\/wp\/v2\/media?parent=105"}],"curies":[{"name":"wp","href":"https:\/\/api.w.org\/{rel}","templated":true}]}}